{"id":24898,"date":"2022-03-30T11:30:07","date_gmt":"2022-03-30T09:30:07","guid":{"rendered":"https:\/\/premiumseeds.eu\/ueber-uns\/"},"modified":"2022-08-23T11:44:50","modified_gmt":"2022-08-23T09:44:50","slug":"ueber-uns","status":"publish","type":"page","link":"https:\/\/premiumseeds.eu\/de\/ueber-uns\/","title":{"rendered":"\u00dcber uns"},"content":{"rendered":"<p>[vc_row][vc_column][vc_column_text]<\/p>\r\n<p>Die Gartensamen-Marke \u2018Premium Seeds\u2019 ist f\u00fcr Eigent\u00fcmer vonSchreberg\u00e4rten, Garten, vor allem aber f\u00fcr professionelle Kunden aus dem Sektor Landwirtschaft bestimmt. <strong>Wir sind ein Produzent von Samen f\u00fcr Gem\u00fcse, Blumen, Kr\u00e4uter und Samen f\u00fcr Sprossen.<\/strong> Unser Team konzentriert sich darauf, Saatgut der h\u00f6chsten Qualit\u00e4t herzustellen, das auch die anspruchsvollsten Kunden zufriedenstellt. Dabei liegt unser Schwerpunkt auf alten, bew\u00e4hrten, traditionellen Sorten, aber auch auf Marktneuheiten.<\/p>\r\n\r\n<p>Wir sind ein Produzent von Samen, f\u00fcr den Verantwortung oberste Priorit\u00e4t hat. Darum arbeiten wir nur mit renommierten Samenfirmen zusammen. Unsere Gro\u00dfhandlung vertreibt Samen f\u00fcr Gem\u00fcse und Blumen in ganz Europa, vor allem aber in folgenden L\u00e4ndern: Deutschland, Frankreich, Italien, Niederlande, Belgien, Schweden, D\u00e4nemark, Finnland, Polen, Irland, Spanien, Ungarn, Tschechien, \u00d6sterreich, Slowakei, Rum\u00e4nien, Portugal, Gro\u00dfbritannien, Norwegen, Schweiz, Litauen, Lettland, Estland, T\u00fcrkei, Griechenland und Slowenien.<\/p>\r\n\r\n<p><strong>Der Produzent von Samen \u2018Premium Seeds\u2019<\/strong> kooperiert mit vielen anerkannten Forschungszentrum, um die Kundenzufriedenheit auf h\u00f6chsten Niveau zu halten. Wir erhalten zahlreiche Auszeichnungen und Worte der Anerkennung von Kunden aus ganz Europa. Der Hauptgrund f\u00fcr diesen Erfolg ist unsere Liebe zu Pflanzen, das gegenseitige Vertrauen und dass wir den Erwartungen unserer Kunden die h\u00f6chste Priorit\u00e4t einr\u00e4umen.<\/p>\r\n\r\n<p>Der Produzent von verpackten Samen der Marke \u2018Premium Seeds\u2019 betreibt seine Herstellung im Einklang mit der Natur, auf m\u00f6glichst \u00f6kologische Weise.<\/p>\r\n\r\n<p>Das Verfahren zur Kontrolle jeder Partie unserer Produkte umfasst viele Etappen. Zus\u00e4tzlich s\u00e4en wir unser Saatgut regelm\u00e4\u00dfig auf Versuchsgel\u00e4nde aus, wir \u00fcberpr\u00fcfen die Keimf\u00e4higkeit, die Reinheit und die Feuchtigkeit der Samen. Uns ist bewusst, dass hervorragend keimende und gesunde Samen die Basis auf dem Garten-Markt sind. Kein P\u00e4ckchen mit Gem\u00fcse- und Blumensamen verl\u00e4sst unsere Gro\u00dfhandlung, wenn es nicht sehr hohe Qualit\u00e4tsnormen erf\u00fcllt.<\/p>\r\n\r\n<p>Unsere Tests werden gem\u00e4\u00df den Kriterien der Internationalen Vereinigung f\u00fcr Saatgutpr\u00fcfung [engl. ISTA] durchgef\u00fchrt. Dar\u00fcber hinaus werden unsere Samen regelm\u00e4\u00dfig von der polnischen Staatlichen Inspektion f\u00fcr Pflanzenschutz und Saatgut \u00fcberpr\u00fcft und kontrolliert. Mit Sicherheit sind wir einer der besten Hersteller von Gem\u00fcsesamen in Europa. Firmen aus der Gartenbau-Branche, die an einem Gro\u00dfhandelsangebot f\u00fcr die interessantesten Samensorten zu attraktiven Preisen interessiert sind, laden wir zur Zusammenarbeit ein.<\/p>\r\n\r\n\r\n\r\n<p>Bitte kontaktieren Sie uns. Die Nummer der Genehmigung f\u00fcr den Handel mit Saatgut von der polnischen Staatlichen Inspektion f\u00fcr Pflanzenschutz und Saatgut lautet: 14\/65\/20859.<\/p>\r\n\r\n<p>&nbsp;<\/p>\r\n\r\n<p>&nbsp;<\/p>\r\n<h2>Kontaktdaten:<\/h2>\r\n<p>Telefonnummer: <strong>+48 22 299 38 48<\/strong><\/p>\r\n\r\n<p><strong>World Of Flowers Sp. z o.o.\u00a0<\/strong><br \/>ul. Sulejkowska 56\/58\/215,<br \/>04-157 Warszawa<br \/>Polen<\/p>\r\n<p>[\/vc_column_text][\/vc_column][\/vc_row]<\/p>","protected":false},"excerpt":{"rendered":"<p>[vc_row][vc_column][vc_column_text] Die Gartensamen-Marke \u2018Premium Seeds\u2019 ist f\u00fcr Eigent\u00fcmer vonSchreberg\u00e4rten, Garten, vor allem aber f\u00fcr professionelle Kunden aus dem Sektor Landwirtschaft bestimmt. Wir sind ein Produzent von Samen f\u00fcr Gem\u00fcse, Blumen, Kr\u00e4uter und Samen f\u00fcr Sprossen. Unser Team konzentriert sich darauf, Saatgut der h\u00f6chsten Qualit\u00e4t herzustellen, das auch die anspruchsvollsten Kunden zufriedenstellt. Dabei liegt unser Schwerpunkt [&hellip;]<\/p>\n","protected":false},"author":1,"featured_media":0,"parent":0,"menu_order":0,"comment_status":"closed","ping_status":"closed","template":"","meta":{"_monsterinsights_skip_tracking":false,"_monsterinsights_sitenote_active":false,"_monsterinsights_sitenote_note":"","_monsterinsights_sitenote_category":0,"footnotes":""},"class_list":["post-24898","page","type-page","status-publish","hentry"],"yoast_head":"<!-- This site is optimized with the Yoast SEO plugin v21.6 - https:\/\/yoast.com\/wordpress\/plugins\/seo\/ -->\n<title>\u00dcber uns - PremiumSeeds Produzent von Samen<\/title>\n<meta name=\"description\" content=\"Die Gartensamen-Marke \u2018Premium Seeds\u2019 ist f\u00fcr Eigent\u00fcmer von Schreberg\u00e4rten, Garten, vor allem aber f\u00fcr professionelle Kunden aus dem Sektor Landwirtschaft bestimmt. Wir sind ein Produzent von Samen f\u00fcr Gem\u00fcse, Blumen, Kr\u00e4uter und Samen f\u00fcr Sprossen.\" \/>\n<meta name=\"robots\" content=\"index, follow, max-snippet:-1, max-image-preview:large, max-video-preview:-1\" \/>\n<link rel=\"canonical\" href=\"https:\/\/premiumseeds.eu\/de\/ueber-uns\/\" \/>\n<meta property=\"og:locale\" content=\"de_DE\" \/>\n<meta property=\"og:type\" content=\"article\" \/>\n<meta property=\"og:title\" content=\"\u00dcber uns - PremiumSeeds Produzent von Samen\" \/>\n<meta property=\"og:description\" content=\"Die Gartensamen-Marke \u2018Premium Seeds\u2019 ist f\u00fcr Eigent\u00fcmer von Schreberg\u00e4rten, Garten, vor allem aber f\u00fcr professionelle Kunden aus dem Sektor Landwirtschaft bestimmt. Wir sind ein Produzent von Samen f\u00fcr Gem\u00fcse, Blumen, Kr\u00e4uter und Samen f\u00fcr Sprossen.\" \/>\n<meta property=\"og:url\" content=\"https:\/\/premiumseeds.eu\/de\/ueber-uns\/\" \/>\n<meta property=\"og:site_name\" content=\"PremiumSeeds\" \/>\n<meta property=\"article:modified_time\" content=\"2022-08-23T09:44:50+00:00\" \/>\n<meta name=\"twitter:card\" content=\"summary_large_image\" \/>\n<meta name=\"twitter:label1\" content=\"Gesch\u00e4tzte Lesezeit\" \/>\n\t<meta name=\"twitter:data1\" content=\"2\u00a0Minuten\" \/>\n<script type=\"application\/ld+json\" class=\"yoast-schema-graph\">{\"@context\":\"https:\/\/schema.org\",\"@graph\":[{\"@type\":\"WebPage\",\"@id\":\"https:\/\/premiumseeds.eu\/de\/ueber-uns\/\",\"url\":\"https:\/\/premiumseeds.eu\/de\/ueber-uns\/\",\"name\":\"\u00dcber uns - PremiumSeeds Produzent von Samen\",\"isPartOf\":{\"@id\":\"https:\/\/premiumseeds.eu\/de\/#website\"},\"datePublished\":\"2022-03-30T09:30:07+00:00\",\"dateModified\":\"2022-08-23T09:44:50+00:00\",\"description\":\"Die Gartensamen-Marke \u2018Premium Seeds\u2019 ist f\u00fcr Eigent\u00fcmer von Schreberg\u00e4rten, Garten, vor allem aber f\u00fcr professionelle Kunden aus dem Sektor Landwirtschaft bestimmt. Wir sind ein Produzent von Samen f\u00fcr Gem\u00fcse, Blumen, Kr\u00e4uter und Samen f\u00fcr Sprossen.\",\"breadcrumb\":{\"@id\":\"https:\/\/premiumseeds.eu\/de\/ueber-uns\/#breadcrumb\"},\"inLanguage\":\"de\",\"potentialAction\":[{\"@type\":\"ReadAction\",\"target\":[\"https:\/\/premiumseeds.eu\/de\/ueber-uns\/\"]}]},{\"@type\":\"BreadcrumbList\",\"@id\":\"https:\/\/premiumseeds.eu\/de\/ueber-uns\/#breadcrumb\",\"itemListElement\":[{\"@type\":\"ListItem\",\"position\":1,\"name\":\"Home\",\"item\":\"https:\/\/premiumseeds.eu\/de\/\"},{\"@type\":\"ListItem\",\"position\":2,\"name\":\"\u00dcber uns\"}]},{\"@type\":\"WebSite\",\"@id\":\"https:\/\/premiumseeds.eu\/de\/#website\",\"url\":\"https:\/\/premiumseeds.eu\/de\/\",\"name\":\"PremiumSeeds\",\"description\":\"Top seeds producer\",\"potentialAction\":[{\"@type\":\"SearchAction\",\"target\":{\"@type\":\"EntryPoint\",\"urlTemplate\":\"https:\/\/premiumseeds.eu\/de\/?s={search_term_string}\"},\"query-input\":\"required name=search_term_string\"}],\"inLanguage\":\"de\"}]}<\/script>\n<!-- \/ Yoast SEO plugin. -->","yoast_head_json":{"title":"\u00dcber uns - PremiumSeeds Produzent von Samen","description":"Die Gartensamen-Marke \u2018Premium Seeds\u2019 ist f\u00fcr Eigent\u00fcmer von Schreberg\u00e4rten, Garten, vor allem aber f\u00fcr professionelle Kunden aus dem Sektor Landwirtschaft bestimmt. Wir sind ein Produzent von Samen f\u00fcr Gem\u00fcse, Blumen, Kr\u00e4uter und Samen f\u00fcr Sprossen.","robots":{"index":"index","follow":"follow","max-snippet":"max-snippet:-1","max-image-preview":"max-image-preview:large","max-video-preview":"max-video-preview:-1"},"canonical":"https:\/\/premiumseeds.eu\/de\/ueber-uns\/","og_locale":"de_DE","og_type":"article","og_title":"\u00dcber uns - PremiumSeeds Produzent von Samen","og_description":"Die Gartensamen-Marke \u2018Premium Seeds\u2019 ist f\u00fcr Eigent\u00fcmer von Schreberg\u00e4rten, Garten, vor allem aber f\u00fcr professionelle Kunden aus dem Sektor Landwirtschaft bestimmt. Wir sind ein Produzent von Samen f\u00fcr Gem\u00fcse, Blumen, Kr\u00e4uter und Samen f\u00fcr Sprossen.","og_url":"https:\/\/premiumseeds.eu\/de\/ueber-uns\/","og_site_name":"PremiumSeeds","article_modified_time":"2022-08-23T09:44:50+00:00","twitter_card":"summary_large_image","twitter_misc":{"Gesch\u00e4tzte Lesezeit":"2\u00a0Minuten"},"schema":{"@context":"https:\/\/schema.org","@graph":[{"@type":"WebPage","@id":"https:\/\/premiumseeds.eu\/de\/ueber-uns\/","url":"https:\/\/premiumseeds.eu\/de\/ueber-uns\/","name":"\u00dcber uns - PremiumSeeds Produzent von Samen","isPartOf":{"@id":"https:\/\/premiumseeds.eu\/de\/#website"},"datePublished":"2022-03-30T09:30:07+00:00","dateModified":"2022-08-23T09:44:50+00:00","description":"Die Gartensamen-Marke \u2018Premium Seeds\u2019 ist f\u00fcr Eigent\u00fcmer von Schreberg\u00e4rten, Garten, vor allem aber f\u00fcr professionelle Kunden aus dem Sektor Landwirtschaft bestimmt. Wir sind ein Produzent von Samen f\u00fcr Gem\u00fcse, Blumen, Kr\u00e4uter und Samen f\u00fcr Sprossen.","breadcrumb":{"@id":"https:\/\/premiumseeds.eu\/de\/ueber-uns\/#breadcrumb"},"inLanguage":"de","potentialAction":[{"@type":"ReadAction","target":["https:\/\/premiumseeds.eu\/de\/ueber-uns\/"]}]},{"@type":"BreadcrumbList","@id":"https:\/\/premiumseeds.eu\/de\/ueber-uns\/#breadcrumb","itemListElement":[{"@type":"ListItem","position":1,"name":"Home","item":"https:\/\/premiumseeds.eu\/de\/"},{"@type":"ListItem","position":2,"name":"\u00dcber uns"}]},{"@type":"WebSite","@id":"https:\/\/premiumseeds.eu\/de\/#website","url":"https:\/\/premiumseeds.eu\/de\/","name":"PremiumSeeds","description":"Top seeds producer","potentialAction":[{"@type":"SearchAction","target":{"@type":"EntryPoint","urlTemplate":"https:\/\/premiumseeds.eu\/de\/?s={search_term_string}"},"query-input":"required name=search_term_string"}],"inLanguage":"de"}]}},"_links":{"self":[{"href":"https:\/\/premiumseeds.eu\/de\/wp-json\/wp\/v2\/pages\/24898","targetHints":{"allow":["GET"]}}],"collection":[{"href":"https:\/\/premiumseeds.eu\/de\/wp-json\/wp\/v2\/pages"}],"about":[{"href":"https:\/\/premiumseeds.eu\/de\/wp-json\/wp\/v2\/types\/page"}],"author":[{"embeddable":true,"href":"https:\/\/premiumseeds.eu\/de\/wp-json\/wp\/v2\/users\/1"}],"replies":[{"embeddable":true,"href":"https:\/\/premiumseeds.eu\/de\/wp-json\/wp\/v2\/comments?post=24898"}],"version-history":[{"count":10,"href":"https:\/\/premiumseeds.eu\/de\/wp-json\/wp\/v2\/pages\/24898\/revisions"}],"predecessor-version":[{"id":35912,"href":"https:\/\/premiumseeds.eu\/de\/wp-json\/wp\/v2\/pages\/24898\/revisions\/35912"}],"wp:attachment":[{"href":"https:\/\/premiumseeds.eu\/de\/wp-json\/wp\/v2\/media?parent=24898"}],"curies":[{"name":"wp","href":"https:\/\/api.w.org\/{rel}","templated":true}]}}