{"id":20088,"date":"2022-06-02T14:40:26","date_gmt":"2022-06-02T12:40:26","guid":{"rendered":"https:\/\/premiumseeds.eu\/?post_type=product&#038;p=20088"},"modified":"2025-12-19T12:06:18","modified_gmt":"2025-12-19T11:06:18","slug":"tomate-oxeheart-bawole-serce","status":"publish","type":"product","link":"https:\/\/premiumseeds.eu\/de\/produkt\/tomate-oxeheart-bawole-serce\/","title":{"rendered":"Tomate OXHEART &#8211; (&#8222;Bawole Serce&#8220;)"},"content":{"rendered":"","protected":false},"excerpt":{"rendered":"<p>Hohe Bodensorte mit starkem Wuchs, braucht St\u00fctze. Fr\u00fcchte rosarot, herzf\u00f6rmig, sehr gro\u00df, Gewicht sogar bis zu 600 g. Au\u00dferordentlich saftig, s\u00fc\u00df und aromatisch. Zum direkten Verzehr bei der Ernte, zum Einmachen.<br \/>\n<\/b><br \/>\n<strong>Tomate OXHEART &#8211; (&#8222;Bawole Serce&#8220;) \u2013 Samen <\/strong><br \/>\n<\/b><br \/>\n<strong>Saattiefe:<\/strong> 0,5 cm<br \/>\n<strong>Aussaat unter Glas \/ Vorkultur:<\/strong> M\u00e4rz &#8211; April<br \/>\n<strong>Auspflanzung: <\/strong>Mai &#8211; Juni<br \/>\n<strong>Spread:<\/strong> 60-70 x 50-60 cm<br \/>\n<strong>Erntezeit:<\/strong> August &#8211; September<br \/>\n<\/b><br \/>\nInhalt eines Pakets 0,1 g Samen.<\/p>\n","protected":false},"featured_media":70851,"template":"","meta":{"_monsterinsights_skip_tracking":false,"_monsterinsights_sitenote_active":false,"_monsterinsights_sitenote_note":"","_monsterinsights_sitenote_category":0},"product_cat":[927,957],"product_tag":[2899],"class_list":["post-20088","product","type-product","status-publish","has-post-thumbnail","hentry","product_cat-gemusesamen","product_cat-tomatensamen","product_tag-tomate-oxheart-bawole-serce-samen"],"yoast_head":"<!-- This site is optimized with the Yoast SEO plugin v21.6 - https:\/\/yoast.com\/wordpress\/plugins\/seo\/ -->\n<title>Tomate OXHEART - (&quot;Bawole Serce&quot;) - Produzent von Samen \u2013 PremiumSeeds<\/title>\n<meta name=\"description\" content=\"Tomate OXHEART - (&quot;Bawole Serce&quot;) Samen - direkt vom Produzenten der Marke PremiumSeeds. Gro\u00dfhandel und Vertrieb von Samen Tomate OXHEART - (&quot;Bawole Serce&quot;). Samen mit Garantie der perfekten Keimung. Bestellen Sie direkt beim Hersteller.\" \/>\n<meta name=\"robots\" content=\"index, follow, max-snippet:-1, max-image-preview:large, max-video-preview:-1\" \/>\n<link rel=\"canonical\" href=\"https:\/\/premiumseeds.eu\/de\/produkt\/tomate-oxeheart-bawole-serce\/\" \/>\n<meta property=\"og:locale\" content=\"de_DE\" \/>\n<meta property=\"og:type\" content=\"article\" \/>\n<meta property=\"og:title\" content=\"Tomate OXHEART - (&quot;Bawole Serce&quot;) - Produzent von Samen \u2013 PremiumSeeds\" \/>\n<meta property=\"og:description\" content=\"Tomate OXHEART - (&quot;Bawole Serce&quot;) Samen - direkt vom Produzenten der Marke PremiumSeeds. Gro\u00dfhandel und Vertrieb von Samen Tomate OXHEART - (&quot;Bawole Serce&quot;). Samen mit Garantie der perfekten Keimung. Bestellen Sie direkt beim Hersteller.\" \/>\n<meta property=\"og:url\" content=\"https:\/\/premiumseeds.eu\/de\/produkt\/tomate-oxeheart-bawole-serce\/\" \/>\n<meta property=\"og:site_name\" content=\"PremiumSeeds\" \/>\n<meta property=\"article:modified_time\" content=\"2025-12-19T11:06:18+00:00\" \/>\n<meta property=\"og:image\" content=\"https:\/\/premiumseeds.eu\/wp-content\/uploads\/2022\/05\/1SWIA-WO-GE-11134_VS.jpg\" \/>\n\t<meta property=\"og:image:width\" content=\"945\" \/>\n\t<meta property=\"og:image:height\" content=\"1772\" \/>\n\t<meta property=\"og:image:type\" content=\"image\/jpeg\" \/>\n<meta name=\"twitter:card\" content=\"summary_large_image\" \/>\n<script type=\"application\/ld+json\" class=\"yoast-schema-graph\">{\"@context\":\"https:\/\/schema.org\",\"@graph\":[{\"@type\":\"WebPage\",\"@id\":\"https:\/\/premiumseeds.eu\/de\/produkt\/tomate-oxeheart-bawole-serce\/\",\"url\":\"https:\/\/premiumseeds.eu\/de\/produkt\/tomate-oxeheart-bawole-serce\/\",\"name\":\"Tomate OXHEART - (\\\"Bawole Serce\\\") - Produzent von Samen \u2013 PremiumSeeds\",\"isPartOf\":{\"@id\":\"https:\/\/premiumseeds.eu\/de\/#website\"},\"datePublished\":\"2022-06-02T12:40:26+00:00\",\"dateModified\":\"2025-12-19T11:06:18+00:00\",\"description\":\"Tomate OXHEART - (\\\"Bawole Serce\\\") Samen - direkt vom Produzenten der Marke PremiumSeeds. Gro\u00dfhandel und Vertrieb von Samen Tomate OXHEART - (\\\"Bawole Serce\\\"). Samen mit Garantie der perfekten Keimung. Bestellen Sie direkt beim Hersteller.\",\"breadcrumb\":{\"@id\":\"https:\/\/premiumseeds.eu\/de\/produkt\/tomate-oxeheart-bawole-serce\/#breadcrumb\"},\"inLanguage\":\"de\",\"potentialAction\":[{\"@type\":\"ReadAction\",\"target\":[\"https:\/\/premiumseeds.eu\/de\/produkt\/tomate-oxeheart-bawole-serce\/\"]}]},{\"@type\":\"BreadcrumbList\",\"@id\":\"https:\/\/premiumseeds.eu\/de\/produkt\/tomate-oxeheart-bawole-serce\/#breadcrumb\",\"itemListElement\":[{\"@type\":\"ListItem\",\"position\":1,\"name\":\"Home\",\"item\":\"https:\/\/premiumseeds.eu\/de\/\"},{\"@type\":\"ListItem\",\"position\":2,\"name\":\"Samen\",\"item\":\"https:\/\/premiumseeds.eu\/de\/samen\/\"},{\"@type\":\"ListItem\",\"position\":3,\"name\":\"Tomate OXHEART &#8211; (&#8220;Bawole Serce&#8221;)\"}]},{\"@type\":\"WebSite\",\"@id\":\"https:\/\/premiumseeds.eu\/de\/#website\",\"url\":\"https:\/\/premiumseeds.eu\/de\/\",\"name\":\"PremiumSeeds\",\"description\":\"Top seeds producer\",\"potentialAction\":[{\"@type\":\"SearchAction\",\"target\":{\"@type\":\"EntryPoint\",\"urlTemplate\":\"https:\/\/premiumseeds.eu\/de\/?s={search_term_string}\"},\"query-input\":\"required name=search_term_string\"}],\"inLanguage\":\"de\"}]}<\/script>\n<!-- \/ Yoast SEO plugin. -->","yoast_head_json":{"title":"Tomate OXHEART - (\"Bawole Serce\") - Produzent von Samen \u2013 PremiumSeeds","description":"Tomate OXHEART - (\"Bawole Serce\") Samen - direkt vom Produzenten der Marke PremiumSeeds. Gro\u00dfhandel und Vertrieb von Samen Tomate OXHEART - (\"Bawole Serce\"). Samen mit Garantie der perfekten Keimung. Bestellen Sie direkt beim Hersteller.","robots":{"index":"index","follow":"follow","max-snippet":"max-snippet:-1","max-image-preview":"max-image-preview:large","max-video-preview":"max-video-preview:-1"},"canonical":"https:\/\/premiumseeds.eu\/de\/produkt\/tomate-oxeheart-bawole-serce\/","og_locale":"de_DE","og_type":"article","og_title":"Tomate OXHEART - (\"Bawole Serce\") - Produzent von Samen \u2013 PremiumSeeds","og_description":"Tomate OXHEART - (\"Bawole Serce\") Samen - direkt vom Produzenten der Marke PremiumSeeds. Gro\u00dfhandel und Vertrieb von Samen Tomate OXHEART - (\"Bawole Serce\"). Samen mit Garantie der perfekten Keimung. Bestellen Sie direkt beim Hersteller.","og_url":"https:\/\/premiumseeds.eu\/de\/produkt\/tomate-oxeheart-bawole-serce\/","og_site_name":"PremiumSeeds","article_modified_time":"2025-12-19T11:06:18+00:00","og_image":[{"width":945,"height":1772,"url":"https:\/\/premiumseeds.eu\/wp-content\/uploads\/2022\/05\/1SWIA-WO-GE-11134_VS.jpg","type":"image\/jpeg"}],"twitter_card":"summary_large_image","schema":{"@context":"https:\/\/schema.org","@graph":[{"@type":"WebPage","@id":"https:\/\/premiumseeds.eu\/de\/produkt\/tomate-oxeheart-bawole-serce\/","url":"https:\/\/premiumseeds.eu\/de\/produkt\/tomate-oxeheart-bawole-serce\/","name":"Tomate OXHEART - (\"Bawole Serce\") - Produzent von Samen \u2013 PremiumSeeds","isPartOf":{"@id":"https:\/\/premiumseeds.eu\/de\/#website"},"datePublished":"2022-06-02T12:40:26+00:00","dateModified":"2025-12-19T11:06:18+00:00","description":"Tomate OXHEART - (\"Bawole Serce\") Samen - direkt vom Produzenten der Marke PremiumSeeds. Gro\u00dfhandel und Vertrieb von Samen Tomate OXHEART - (\"Bawole Serce\"). Samen mit Garantie der perfekten Keimung. Bestellen Sie direkt beim Hersteller.","breadcrumb":{"@id":"https:\/\/premiumseeds.eu\/de\/produkt\/tomate-oxeheart-bawole-serce\/#breadcrumb"},"inLanguage":"de","potentialAction":[{"@type":"ReadAction","target":["https:\/\/premiumseeds.eu\/de\/produkt\/tomate-oxeheart-bawole-serce\/"]}]},{"@type":"BreadcrumbList","@id":"https:\/\/premiumseeds.eu\/de\/produkt\/tomate-oxeheart-bawole-serce\/#breadcrumb","itemListElement":[{"@type":"ListItem","position":1,"name":"Home","item":"https:\/\/premiumseeds.eu\/de\/"},{"@type":"ListItem","position":2,"name":"Samen","item":"https:\/\/premiumseeds.eu\/de\/samen\/"},{"@type":"ListItem","position":3,"name":"Tomate OXHEART &#8211; (&#8220;Bawole Serce&#8221;)"}]},{"@type":"WebSite","@id":"https:\/\/premiumseeds.eu\/de\/#website","url":"https:\/\/premiumseeds.eu\/de\/","name":"PremiumSeeds","description":"Top seeds producer","potentialAction":[{"@type":"SearchAction","target":{"@type":"EntryPoint","urlTemplate":"https:\/\/premiumseeds.eu\/de\/?s={search_term_string}"},"query-input":"required name=search_term_string"}],"inLanguage":"de"}]}},"_links":{"self":[{"href":"https:\/\/premiumseeds.eu\/de\/wp-json\/wp\/v2\/product\/20088","targetHints":{"allow":["GET"]}}],"collection":[{"href":"https:\/\/premiumseeds.eu\/de\/wp-json\/wp\/v2\/product"}],"about":[{"href":"https:\/\/premiumseeds.eu\/de\/wp-json\/wp\/v2\/types\/product"}],"wp:featuredmedia":[{"embeddable":true,"href":"https:\/\/premiumseeds.eu\/de\/wp-json\/wp\/v2\/media\/70851"}],"wp:attachment":[{"href":"https:\/\/premiumseeds.eu\/de\/wp-json\/wp\/v2\/media?parent=20088"}],"wp:term":[{"taxonomy":"product_cat","embeddable":true,"href":"https:\/\/premiumseeds.eu\/de\/wp-json\/wp\/v2\/product_cat?post=20088"},{"taxonomy":"product_tag","embeddable":true,"href":"https:\/\/premiumseeds.eu\/de\/wp-json\/wp\/v2\/product_tag?post=20088"}],"curies":[{"name":"wp","href":"https:\/\/api.w.org\/{rel}","templated":true}]}}