{"id":20166,"date":"2022-06-02T15:10:14","date_gmt":"2022-06-02T13:10:14","guid":{"rendered":"https:\/\/premiumseeds.eu\/?post_type=product&#038;p=20166"},"modified":"2022-07-04T14:59:14","modified_gmt":"2022-07-04T12:59:14","slug":"brunnenkresse","status":"publish","type":"product","link":"https:\/\/premiumseeds.eu\/de\/produkt\/brunnenkresse\/","title":{"rendered":"Brunnenkresse"},"content":{"rendered":"","protected":false},"excerpt":{"rendered":"<p>Mehrj\u00e4hrige Pflanzen mit langen, verzweigten Trieben.  Bl\u00e4tter dunkelgr\u00fcn, fleischig, saftig, sehr aromatisch und pikant im Geschmack. F\u00fcr Salate bzw. belegte Brote verwenden bzw. als Spinat zubereiten und zu Omeletts bzw. So\u00dfen hinzugeben.<br \/>\n<\/b><br \/>\n<strong>Brunnenkresse &#8211; Samen<\/strong><br \/>\n<\/b><br \/>\n<strong>Saattiefe:<\/strong> 0,5 cm<br \/>\n<strong>Aussaat unter Glas \/ Vorkultur:<\/strong> M\u00e4rz &#8211; April<br \/>\n<strong>Aussaat Freiland:<\/strong> Mai &#8211; August<br \/>\n<strong>Auspflanzung:<\/strong> Mai<br \/>\n<strong>Spread:<\/strong> 20 x 25 cm<br \/>\n<strong>Erntezeit:<\/strong> Juni &#8211; November<br \/>\n<\/b><br \/>\nInhalt eines Pakets 0,1 g Samen.<\/p>\n","protected":false},"featured_media":20173,"template":"","meta":{"_monsterinsights_skip_tracking":false,"_monsterinsights_sitenote_active":false,"_monsterinsights_sitenote_note":"","_monsterinsights_sitenote_category":0},"product_cat":[962,862,927],"product_tag":[1007],"class_list":["post-20166","product","type-product","status-publish","has-post-thumbnail","hentry","product_cat-andere-gemusesamen","product_cat-auffaellige-pflanzen-samen","product_cat-gemusesamen","product_tag-brunnenkresse-samen"],"yoast_head":"<!-- This site is optimized with the Yoast SEO plugin v21.6 - https:\/\/yoast.com\/wordpress\/plugins\/seo\/ -->\n<title>Brunnenkresse - Produzent von Samen \u2013 PremiumSeeds<\/title>\n<meta name=\"description\" content=\"Brunnenkresse Samen - direkt vom Produzenten der Marke PremiumSeeds. Gro\u00dfhandel und Vertrieb von Samen Brunnenkresse. Samen mit Garantie der perfekten Keimung. Bestellen Sie direkt beim Hersteller.\" \/>\n<meta name=\"robots\" content=\"index, follow, max-snippet:-1, max-image-preview:large, max-video-preview:-1\" \/>\n<link rel=\"canonical\" href=\"https:\/\/premiumseeds.eu\/de\/produkt\/brunnenkresse\/\" \/>\n<meta property=\"og:locale\" content=\"de_DE\" \/>\n<meta property=\"og:type\" content=\"article\" \/>\n<meta property=\"og:title\" content=\"Brunnenkresse - Produzent von Samen \u2013 PremiumSeeds\" \/>\n<meta property=\"og:description\" content=\"Brunnenkresse Samen - direkt vom Produzenten der Marke PremiumSeeds. Gro\u00dfhandel und Vertrieb von Samen Brunnenkresse. Samen mit Garantie der perfekten Keimung. Bestellen Sie direkt beim Hersteller.\" \/>\n<meta property=\"og:url\" content=\"https:\/\/premiumseeds.eu\/de\/produkt\/brunnenkresse\/\" \/>\n<meta property=\"og:site_name\" content=\"PremiumSeeds\" \/>\n<meta property=\"article:modified_time\" content=\"2022-07-04T12:59:14+00:00\" \/>\n<meta property=\"og:image\" content=\"https:\/\/premiumseeds.eu\/wp-content\/uploads\/2022\/06\/29_WORLD-14020010_RGB_VS.jpg\" \/>\n\t<meta property=\"og:image:width\" content=\"945\" \/>\n\t<meta property=\"og:image:height\" content=\"1770\" \/>\n\t<meta property=\"og:image:type\" content=\"image\/jpeg\" \/>\n<meta name=\"twitter:card\" content=\"summary_large_image\" \/>\n<script type=\"application\/ld+json\" class=\"yoast-schema-graph\">{\"@context\":\"https:\/\/schema.org\",\"@graph\":[{\"@type\":\"WebPage\",\"@id\":\"https:\/\/premiumseeds.eu\/de\/produkt\/brunnenkresse\/\",\"url\":\"https:\/\/premiumseeds.eu\/de\/produkt\/brunnenkresse\/\",\"name\":\"Brunnenkresse - Produzent von Samen \u2013 PremiumSeeds\",\"isPartOf\":{\"@id\":\"https:\/\/premiumseeds.eu\/de\/#website\"},\"datePublished\":\"2022-06-02T13:10:14+00:00\",\"dateModified\":\"2022-07-04T12:59:14+00:00\",\"description\":\"Brunnenkresse Samen - direkt vom Produzenten der Marke PremiumSeeds. Gro\u00dfhandel und Vertrieb von Samen Brunnenkresse. Samen mit Garantie der perfekten Keimung. Bestellen Sie direkt beim Hersteller.\",\"breadcrumb\":{\"@id\":\"https:\/\/premiumseeds.eu\/de\/produkt\/brunnenkresse\/#breadcrumb\"},\"inLanguage\":\"de\",\"potentialAction\":[{\"@type\":\"ReadAction\",\"target\":[\"https:\/\/premiumseeds.eu\/de\/produkt\/brunnenkresse\/\"]}]},{\"@type\":\"BreadcrumbList\",\"@id\":\"https:\/\/premiumseeds.eu\/de\/produkt\/brunnenkresse\/#breadcrumb\",\"itemListElement\":[{\"@type\":\"ListItem\",\"position\":1,\"name\":\"Home\",\"item\":\"https:\/\/premiumseeds.eu\/de\/\"},{\"@type\":\"ListItem\",\"position\":2,\"name\":\"Samen\",\"item\":\"https:\/\/premiumseeds.eu\/de\/samen\/\"},{\"@type\":\"ListItem\",\"position\":3,\"name\":\"Brunnenkresse\"}]},{\"@type\":\"WebSite\",\"@id\":\"https:\/\/premiumseeds.eu\/de\/#website\",\"url\":\"https:\/\/premiumseeds.eu\/de\/\",\"name\":\"PremiumSeeds\",\"description\":\"Top seeds producer\",\"potentialAction\":[{\"@type\":\"SearchAction\",\"target\":{\"@type\":\"EntryPoint\",\"urlTemplate\":\"https:\/\/premiumseeds.eu\/de\/?s={search_term_string}\"},\"query-input\":\"required name=search_term_string\"}],\"inLanguage\":\"de\"}]}<\/script>\n<!-- \/ Yoast SEO plugin. -->","yoast_head_json":{"title":"Brunnenkresse - Produzent von Samen \u2013 PremiumSeeds","description":"Brunnenkresse Samen - direkt vom Produzenten der Marke PremiumSeeds. Gro\u00dfhandel und Vertrieb von Samen Brunnenkresse. Samen mit Garantie der perfekten Keimung. Bestellen Sie direkt beim Hersteller.","robots":{"index":"index","follow":"follow","max-snippet":"max-snippet:-1","max-image-preview":"max-image-preview:large","max-video-preview":"max-video-preview:-1"},"canonical":"https:\/\/premiumseeds.eu\/de\/produkt\/brunnenkresse\/","og_locale":"de_DE","og_type":"article","og_title":"Brunnenkresse - Produzent von Samen \u2013 PremiumSeeds","og_description":"Brunnenkresse Samen - direkt vom Produzenten der Marke PremiumSeeds. Gro\u00dfhandel und Vertrieb von Samen Brunnenkresse. Samen mit Garantie der perfekten Keimung. Bestellen Sie direkt beim Hersteller.","og_url":"https:\/\/premiumseeds.eu\/de\/produkt\/brunnenkresse\/","og_site_name":"PremiumSeeds","article_modified_time":"2022-07-04T12:59:14+00:00","og_image":[{"width":945,"height":1770,"url":"https:\/\/premiumseeds.eu\/wp-content\/uploads\/2022\/06\/29_WORLD-14020010_RGB_VS.jpg","type":"image\/jpeg"}],"twitter_card":"summary_large_image","schema":{"@context":"https:\/\/schema.org","@graph":[{"@type":"WebPage","@id":"https:\/\/premiumseeds.eu\/de\/produkt\/brunnenkresse\/","url":"https:\/\/premiumseeds.eu\/de\/produkt\/brunnenkresse\/","name":"Brunnenkresse - Produzent von Samen \u2013 PremiumSeeds","isPartOf":{"@id":"https:\/\/premiumseeds.eu\/de\/#website"},"datePublished":"2022-06-02T13:10:14+00:00","dateModified":"2022-07-04T12:59:14+00:00","description":"Brunnenkresse Samen - direkt vom Produzenten der Marke PremiumSeeds. Gro\u00dfhandel und Vertrieb von Samen Brunnenkresse. Samen mit Garantie der perfekten Keimung. Bestellen Sie direkt beim Hersteller.","breadcrumb":{"@id":"https:\/\/premiumseeds.eu\/de\/produkt\/brunnenkresse\/#breadcrumb"},"inLanguage":"de","potentialAction":[{"@type":"ReadAction","target":["https:\/\/premiumseeds.eu\/de\/produkt\/brunnenkresse\/"]}]},{"@type":"BreadcrumbList","@id":"https:\/\/premiumseeds.eu\/de\/produkt\/brunnenkresse\/#breadcrumb","itemListElement":[{"@type":"ListItem","position":1,"name":"Home","item":"https:\/\/premiumseeds.eu\/de\/"},{"@type":"ListItem","position":2,"name":"Samen","item":"https:\/\/premiumseeds.eu\/de\/samen\/"},{"@type":"ListItem","position":3,"name":"Brunnenkresse"}]},{"@type":"WebSite","@id":"https:\/\/premiumseeds.eu\/de\/#website","url":"https:\/\/premiumseeds.eu\/de\/","name":"PremiumSeeds","description":"Top seeds producer","potentialAction":[{"@type":"SearchAction","target":{"@type":"EntryPoint","urlTemplate":"https:\/\/premiumseeds.eu\/de\/?s={search_term_string}"},"query-input":"required name=search_term_string"}],"inLanguage":"de"}]}},"_links":{"self":[{"href":"https:\/\/premiumseeds.eu\/de\/wp-json\/wp\/v2\/product\/20166","targetHints":{"allow":["GET"]}}],"collection":[{"href":"https:\/\/premiumseeds.eu\/de\/wp-json\/wp\/v2\/product"}],"about":[{"href":"https:\/\/premiumseeds.eu\/de\/wp-json\/wp\/v2\/types\/product"}],"wp:featuredmedia":[{"embeddable":true,"href":"https:\/\/premiumseeds.eu\/de\/wp-json\/wp\/v2\/media\/20173"}],"wp:attachment":[{"href":"https:\/\/premiumseeds.eu\/de\/wp-json\/wp\/v2\/media?parent=20166"}],"wp:term":[{"taxonomy":"product_cat","embeddable":true,"href":"https:\/\/premiumseeds.eu\/de\/wp-json\/wp\/v2\/product_cat?post=20166"},{"taxonomy":"product_tag","embeddable":true,"href":"https:\/\/premiumseeds.eu\/de\/wp-json\/wp\/v2\/product_tag?post=20166"}],"curies":[{"name":"wp","href":"https:\/\/api.w.org\/{rel}","templated":true}]}}