{"id":20375,"date":"2022-06-03T11:33:00","date_gmt":"2022-06-03T09:33:00","guid":{"rendered":"https:\/\/premiumseeds.eu\/?post_type=product&#038;p=20375"},"modified":"2022-07-06T15:34:01","modified_gmt":"2022-07-06T13:34:01","slug":"portulakroeschen-gefuellte-mischung","status":"publish","type":"product","link":"https:\/\/premiumseeds.eu\/de\/produkt\/portulakroeschen-gefuellte-mischung\/","title":{"rendered":"Portulakr\u00f6schen Gef\u00fcllte Mischung"},"content":{"rendered":"","protected":false},"excerpt":{"rendered":"<p>Einj\u00e4hrige Pflanze mit kriechenden Trieben, H\u00f6he: 15 cm. Kleine, fleischige, l\u00e4ngliche Bl\u00e4tter. Bl\u00fcten voll, in einer breiten Palette lebendiger Farben. F\u00fcr Rabatten, Streifen, Felseng\u00e4rten und zum Anpflanzen in T\u00f6pfen.<br \/>\n<\/b><br \/>\n<strong>Portulakr\u00f6schen Gef\u00fcllte Mischung &#8211; Samen<\/strong><br \/>\n<\/b><br \/>\n<strong>Saattiefe:<\/strong> 0,5 &#8211; 1 cm<br \/>\n<strong>Aussaat unter Glas \/ Vorkultur:<\/strong> April<br \/>\n<strong>Aussaat Freiland:<\/strong> April &#8211; Mai<br \/>\n<strong>Auspflanzung:<\/strong> Mai<br \/>\n<strong>Pflanzabstand:<\/strong> 15 x 25 cm<br \/>\n<strong>Bl\u00fctezeit:<\/strong> Juli &#8211; September<br \/>\n<\/b><br \/>\nInhalt eines Pakets 2 g Samen. <\/p>\n","protected":false},"featured_media":20382,"template":"","meta":{"_monsterinsights_skip_tracking":false,"_monsterinsights_sitenote_active":false,"_monsterinsights_sitenote_note":"","_monsterinsights_sitenote_category":0},"product_cat":[863,868,978,979],"product_tag":[1025],"class_list":["post-20375","product","type-product","status-publish","has-post-thumbnail","hentry","product_cat-blumensamen","product_cat-blumensamen-mischungen","product_cat-steingartenpflanzen-samen","product_cat-topfblumensamen","product_tag-portulakroeschen-gefuellte-mischung-samen"],"yoast_head":"<!-- This site is optimized with the Yoast SEO plugin v21.6 - https:\/\/yoast.com\/wordpress\/plugins\/seo\/ -->\n<title>Portulakr\u00f6schen Gef\u00fcllte Mischung - Produzent von Samen \u2013 PremiumSeeds<\/title>\n<meta name=\"description\" content=\"Portulakr\u00f6schen Gef\u00fcllte Mischung Samen - direkt vom Produzenten der Marke PremiumSeeds. Gro\u00dfhandel und Vertrieb von Samen Portulakr\u00f6schen Gef\u00fcllte Mischung. Samen mit Garantie der perfekten Keimung. Bestellen Sie direkt beim Hersteller.\" \/>\n<meta name=\"robots\" content=\"index, follow, max-snippet:-1, max-image-preview:large, max-video-preview:-1\" \/>\n<link rel=\"canonical\" href=\"https:\/\/premiumseeds.eu\/de\/produkt\/portulakroeschen-gefuellte-mischung\/\" \/>\n<meta property=\"og:locale\" content=\"de_DE\" \/>\n<meta property=\"og:type\" content=\"article\" \/>\n<meta property=\"og:title\" content=\"Portulakr\u00f6schen Gef\u00fcllte Mischung - Produzent von Samen \u2013 PremiumSeeds\" \/>\n<meta property=\"og:description\" content=\"Portulakr\u00f6schen Gef\u00fcllte Mischung Samen - direkt vom Produzenten der Marke PremiumSeeds. Gro\u00dfhandel und Vertrieb von Samen Portulakr\u00f6schen Gef\u00fcllte Mischung. Samen mit Garantie der perfekten Keimung. Bestellen Sie direkt beim Hersteller.\" \/>\n<meta property=\"og:url\" content=\"https:\/\/premiumseeds.eu\/de\/produkt\/portulakroeschen-gefuellte-mischung\/\" \/>\n<meta property=\"og:site_name\" content=\"PremiumSeeds\" \/>\n<meta property=\"article:modified_time\" content=\"2022-07-06T13:34:01+00:00\" \/>\n<meta property=\"og:image\" content=\"https:\/\/premiumseeds.eu\/wp-content\/uploads\/2022\/06\/46_WORLD-14005657_RGB_VS.jpg\" \/>\n\t<meta property=\"og:image:width\" content=\"945\" \/>\n\t<meta property=\"og:image:height\" content=\"1770\" \/>\n\t<meta property=\"og:image:type\" content=\"image\/jpeg\" \/>\n<meta name=\"twitter:card\" content=\"summary_large_image\" \/>\n<script type=\"application\/ld+json\" class=\"yoast-schema-graph\">{\"@context\":\"https:\/\/schema.org\",\"@graph\":[{\"@type\":\"WebPage\",\"@id\":\"https:\/\/premiumseeds.eu\/de\/produkt\/portulakroeschen-gefuellte-mischung\/\",\"url\":\"https:\/\/premiumseeds.eu\/de\/produkt\/portulakroeschen-gefuellte-mischung\/\",\"name\":\"Portulakr\u00f6schen Gef\u00fcllte Mischung - Produzent von Samen \u2013 PremiumSeeds\",\"isPartOf\":{\"@id\":\"https:\/\/premiumseeds.eu\/de\/#website\"},\"datePublished\":\"2022-06-03T09:33:00+00:00\",\"dateModified\":\"2022-07-06T13:34:01+00:00\",\"description\":\"Portulakr\u00f6schen Gef\u00fcllte Mischung Samen - direkt vom Produzenten der Marke PremiumSeeds. Gro\u00dfhandel und Vertrieb von Samen Portulakr\u00f6schen Gef\u00fcllte Mischung. Samen mit Garantie der perfekten Keimung. Bestellen Sie direkt beim Hersteller.\",\"breadcrumb\":{\"@id\":\"https:\/\/premiumseeds.eu\/de\/produkt\/portulakroeschen-gefuellte-mischung\/#breadcrumb\"},\"inLanguage\":\"de\",\"potentialAction\":[{\"@type\":\"ReadAction\",\"target\":[\"https:\/\/premiumseeds.eu\/de\/produkt\/portulakroeschen-gefuellte-mischung\/\"]}]},{\"@type\":\"BreadcrumbList\",\"@id\":\"https:\/\/premiumseeds.eu\/de\/produkt\/portulakroeschen-gefuellte-mischung\/#breadcrumb\",\"itemListElement\":[{\"@type\":\"ListItem\",\"position\":1,\"name\":\"Home\",\"item\":\"https:\/\/premiumseeds.eu\/de\/\"},{\"@type\":\"ListItem\",\"position\":2,\"name\":\"Samen\",\"item\":\"https:\/\/premiumseeds.eu\/de\/samen\/\"},{\"@type\":\"ListItem\",\"position\":3,\"name\":\"Portulakr\u00f6schen Gef\u00fcllte Mischung\"}]},{\"@type\":\"WebSite\",\"@id\":\"https:\/\/premiumseeds.eu\/de\/#website\",\"url\":\"https:\/\/premiumseeds.eu\/de\/\",\"name\":\"PremiumSeeds\",\"description\":\"Top seeds producer\",\"potentialAction\":[{\"@type\":\"SearchAction\",\"target\":{\"@type\":\"EntryPoint\",\"urlTemplate\":\"https:\/\/premiumseeds.eu\/de\/?s={search_term_string}\"},\"query-input\":\"required name=search_term_string\"}],\"inLanguage\":\"de\"}]}<\/script>\n<!-- \/ Yoast SEO plugin. -->","yoast_head_json":{"title":"Portulakr\u00f6schen Gef\u00fcllte Mischung - Produzent von Samen \u2013 PremiumSeeds","description":"Portulakr\u00f6schen Gef\u00fcllte Mischung Samen - direkt vom Produzenten der Marke PremiumSeeds. Gro\u00dfhandel und Vertrieb von Samen Portulakr\u00f6schen Gef\u00fcllte Mischung. Samen mit Garantie der perfekten Keimung. Bestellen Sie direkt beim Hersteller.","robots":{"index":"index","follow":"follow","max-snippet":"max-snippet:-1","max-image-preview":"max-image-preview:large","max-video-preview":"max-video-preview:-1"},"canonical":"https:\/\/premiumseeds.eu\/de\/produkt\/portulakroeschen-gefuellte-mischung\/","og_locale":"de_DE","og_type":"article","og_title":"Portulakr\u00f6schen Gef\u00fcllte Mischung - Produzent von Samen \u2013 PremiumSeeds","og_description":"Portulakr\u00f6schen Gef\u00fcllte Mischung Samen - direkt vom Produzenten der Marke PremiumSeeds. Gro\u00dfhandel und Vertrieb von Samen Portulakr\u00f6schen Gef\u00fcllte Mischung. Samen mit Garantie der perfekten Keimung. Bestellen Sie direkt beim Hersteller.","og_url":"https:\/\/premiumseeds.eu\/de\/produkt\/portulakroeschen-gefuellte-mischung\/","og_site_name":"PremiumSeeds","article_modified_time":"2022-07-06T13:34:01+00:00","og_image":[{"width":945,"height":1770,"url":"https:\/\/premiumseeds.eu\/wp-content\/uploads\/2022\/06\/46_WORLD-14005657_RGB_VS.jpg","type":"image\/jpeg"}],"twitter_card":"summary_large_image","schema":{"@context":"https:\/\/schema.org","@graph":[{"@type":"WebPage","@id":"https:\/\/premiumseeds.eu\/de\/produkt\/portulakroeschen-gefuellte-mischung\/","url":"https:\/\/premiumseeds.eu\/de\/produkt\/portulakroeschen-gefuellte-mischung\/","name":"Portulakr\u00f6schen Gef\u00fcllte Mischung - Produzent von Samen \u2013 PremiumSeeds","isPartOf":{"@id":"https:\/\/premiumseeds.eu\/de\/#website"},"datePublished":"2022-06-03T09:33:00+00:00","dateModified":"2022-07-06T13:34:01+00:00","description":"Portulakr\u00f6schen Gef\u00fcllte Mischung Samen - direkt vom Produzenten der Marke PremiumSeeds. Gro\u00dfhandel und Vertrieb von Samen Portulakr\u00f6schen Gef\u00fcllte Mischung. Samen mit Garantie der perfekten Keimung. Bestellen Sie direkt beim Hersteller.","breadcrumb":{"@id":"https:\/\/premiumseeds.eu\/de\/produkt\/portulakroeschen-gefuellte-mischung\/#breadcrumb"},"inLanguage":"de","potentialAction":[{"@type":"ReadAction","target":["https:\/\/premiumseeds.eu\/de\/produkt\/portulakroeschen-gefuellte-mischung\/"]}]},{"@type":"BreadcrumbList","@id":"https:\/\/premiumseeds.eu\/de\/produkt\/portulakroeschen-gefuellte-mischung\/#breadcrumb","itemListElement":[{"@type":"ListItem","position":1,"name":"Home","item":"https:\/\/premiumseeds.eu\/de\/"},{"@type":"ListItem","position":2,"name":"Samen","item":"https:\/\/premiumseeds.eu\/de\/samen\/"},{"@type":"ListItem","position":3,"name":"Portulakr\u00f6schen Gef\u00fcllte Mischung"}]},{"@type":"WebSite","@id":"https:\/\/premiumseeds.eu\/de\/#website","url":"https:\/\/premiumseeds.eu\/de\/","name":"PremiumSeeds","description":"Top seeds producer","potentialAction":[{"@type":"SearchAction","target":{"@type":"EntryPoint","urlTemplate":"https:\/\/premiumseeds.eu\/de\/?s={search_term_string}"},"query-input":"required name=search_term_string"}],"inLanguage":"de"}]}},"_links":{"self":[{"href":"https:\/\/premiumseeds.eu\/de\/wp-json\/wp\/v2\/product\/20375","targetHints":{"allow":["GET"]}}],"collection":[{"href":"https:\/\/premiumseeds.eu\/de\/wp-json\/wp\/v2\/product"}],"about":[{"href":"https:\/\/premiumseeds.eu\/de\/wp-json\/wp\/v2\/types\/product"}],"wp:featuredmedia":[{"embeddable":true,"href":"https:\/\/premiumseeds.eu\/de\/wp-json\/wp\/v2\/media\/20382"}],"wp:attachment":[{"href":"https:\/\/premiumseeds.eu\/de\/wp-json\/wp\/v2\/media?parent=20375"}],"wp:term":[{"taxonomy":"product_cat","embeddable":true,"href":"https:\/\/premiumseeds.eu\/de\/wp-json\/wp\/v2\/product_cat?post=20375"},{"taxonomy":"product_tag","embeddable":true,"href":"https:\/\/premiumseeds.eu\/de\/wp-json\/wp\/v2\/product_tag?post=20375"}],"curies":[{"name":"wp","href":"https:\/\/api.w.org\/{rel}","templated":true}]}}