{"id":20648,"date":"2022-06-03T13:27:45","date_gmt":"2022-06-03T11:27:45","guid":{"rendered":"https:\/\/premiumseeds.eu\/?post_type=product&#038;p=20648"},"modified":"2025-12-19T14:14:20","modified_gmt":"2025-12-19T13:14:20","slug":"vergissmeinnicht-mischung","status":"publish","type":"product","link":"https:\/\/premiumseeds.eu\/de\/produkt\/vergissmeinnicht-mischung\/","title":{"rendered":"Vergissmeinnicht Mischung"},"content":{"rendered":"","protected":false},"excerpt":{"rendered":"<p>Zweij\u00e4hrige Pflanze, H\u00f6he: 15-25 cm. Bildet lockere B\u00fcschel, die mit kleineren Bl\u00fcten verziert sind. Bl\u00fcten blau, rosafarben bzw. wei\u00df, zu \u00c4hren geb\u00fcndelt. F\u00fcr niedrige Rabatten, Streifen, Felseng\u00e4rten und zum Anpflanzen in T\u00f6pfen.<br \/>\n<\/b><br \/>\n<strong>Vergissmeinnicht Mischung &#8211; Samen<\/strong><br \/>\n<\/b><br \/>\n<strong>Saattiefe unter Glas \/ Vorkultur:<\/strong> 0,5 &#8211; 1 cm<br \/>\n<strong>Aussaat unter Glas \/ Vorkultur:<\/strong> Mai &#8211; Juli<br \/>\n<strong>Saattiefe Freiland:<\/strong> 2 &#8211; 3 cm<br \/>\n<strong>Aussaat Freiland:<\/strong> Mai &#8211; Juli<br \/>\n<strong>Auspflanzung:<\/strong> <\/strong>Juli &#8211; September<br \/>\n<strong>Pflanzabstand:<\/strong> 20 x 30 cm<br \/>\n<strong>Bl\u00fctezeit:<\/strong> Mai &#8211; Juli<br \/>\n<\/b><br \/>\nInhalt eines Pakets 0,5 g Samen.<\/p>\n","protected":false},"featured_media":70909,"template":"","meta":{"_monsterinsights_skip_tracking":false,"_monsterinsights_sitenote_active":false,"_monsterinsights_sitenote_note":"","_monsterinsights_sitenote_category":0},"product_cat":[863,868,975,978,979,915],"product_tag":[1047],"class_list":["post-20648","product","type-product","status-publish","has-post-thumbnail","hentry","product_cat-blumensamen","product_cat-blumensamen-mischungen","product_cat-samen-von-honigpflanzen","product_cat-steingartenpflanzen-samen","product_cat-topfblumensamen","product_cat-vergissmeinnichtsamen","product_tag-vergissmeinnicht-mischung-samen"],"yoast_head":"<!-- This site is optimized with the Yoast SEO plugin v21.6 - https:\/\/yoast.com\/wordpress\/plugins\/seo\/ -->\n<title>Vergissmeinnicht Mischung - Produzent von Samen \u2013 PremiumSeeds<\/title>\n<meta name=\"description\" content=\"Vergissmeinnicht Mischung Samen - direkt vom Produzenten der Marke PremiumSeeds. Gro\u00dfhandel und Vertrieb von Samen Vergissmeinnicht Mischung. Samen mit Garantie der perfekten Keimung. Bestellen Sie direkt beim Hersteller.\" \/>\n<meta name=\"robots\" content=\"index, follow, max-snippet:-1, max-image-preview:large, max-video-preview:-1\" \/>\n<link rel=\"canonical\" href=\"https:\/\/premiumseeds.eu\/de\/produkt\/vergissmeinnicht-mischung\/\" \/>\n<meta property=\"og:locale\" content=\"de_DE\" \/>\n<meta property=\"og:type\" content=\"article\" \/>\n<meta property=\"og:title\" content=\"Vergissmeinnicht Mischung - Produzent von Samen \u2013 PremiumSeeds\" \/>\n<meta property=\"og:description\" content=\"Vergissmeinnicht Mischung Samen - direkt vom Produzenten der Marke PremiumSeeds. Gro\u00dfhandel und Vertrieb von Samen Vergissmeinnicht Mischung. Samen mit Garantie der perfekten Keimung. Bestellen Sie direkt beim Hersteller.\" \/>\n<meta property=\"og:url\" content=\"https:\/\/premiumseeds.eu\/de\/produkt\/vergissmeinnicht-mischung\/\" \/>\n<meta property=\"og:site_name\" content=\"PremiumSeeds\" \/>\n<meta property=\"article:modified_time\" content=\"2025-12-19T13:14:20+00:00\" \/>\n<meta property=\"og:image\" content=\"https:\/\/premiumseeds.eu\/wp-content\/uploads\/2022\/05\/1SWIA-WO-BL-12046_VS.jpg\" \/>\n\t<meta property=\"og:image:width\" content=\"945\" \/>\n\t<meta property=\"og:image:height\" content=\"1772\" \/>\n\t<meta property=\"og:image:type\" content=\"image\/jpeg\" \/>\n<meta name=\"twitter:card\" content=\"summary_large_image\" \/>\n<script type=\"application\/ld+json\" class=\"yoast-schema-graph\">{\"@context\":\"https:\/\/schema.org\",\"@graph\":[{\"@type\":\"WebPage\",\"@id\":\"https:\/\/premiumseeds.eu\/de\/produkt\/vergissmeinnicht-mischung\/\",\"url\":\"https:\/\/premiumseeds.eu\/de\/produkt\/vergissmeinnicht-mischung\/\",\"name\":\"Vergissmeinnicht Mischung - Produzent von Samen \u2013 PremiumSeeds\",\"isPartOf\":{\"@id\":\"https:\/\/premiumseeds.eu\/de\/#website\"},\"datePublished\":\"2022-06-03T11:27:45+00:00\",\"dateModified\":\"2025-12-19T13:14:20+00:00\",\"description\":\"Vergissmeinnicht Mischung Samen - direkt vom Produzenten der Marke PremiumSeeds. Gro\u00dfhandel und Vertrieb von Samen Vergissmeinnicht Mischung. Samen mit Garantie der perfekten Keimung. Bestellen Sie direkt beim Hersteller.\",\"breadcrumb\":{\"@id\":\"https:\/\/premiumseeds.eu\/de\/produkt\/vergissmeinnicht-mischung\/#breadcrumb\"},\"inLanguage\":\"de\",\"potentialAction\":[{\"@type\":\"ReadAction\",\"target\":[\"https:\/\/premiumseeds.eu\/de\/produkt\/vergissmeinnicht-mischung\/\"]}]},{\"@type\":\"BreadcrumbList\",\"@id\":\"https:\/\/premiumseeds.eu\/de\/produkt\/vergissmeinnicht-mischung\/#breadcrumb\",\"itemListElement\":[{\"@type\":\"ListItem\",\"position\":1,\"name\":\"Home\",\"item\":\"https:\/\/premiumseeds.eu\/de\/\"},{\"@type\":\"ListItem\",\"position\":2,\"name\":\"Samen\",\"item\":\"https:\/\/premiumseeds.eu\/de\/samen\/\"},{\"@type\":\"ListItem\",\"position\":3,\"name\":\"Vergissmeinnicht Mischung\"}]},{\"@type\":\"WebSite\",\"@id\":\"https:\/\/premiumseeds.eu\/de\/#website\",\"url\":\"https:\/\/premiumseeds.eu\/de\/\",\"name\":\"PremiumSeeds\",\"description\":\"Top seeds producer\",\"potentialAction\":[{\"@type\":\"SearchAction\",\"target\":{\"@type\":\"EntryPoint\",\"urlTemplate\":\"https:\/\/premiumseeds.eu\/de\/?s={search_term_string}\"},\"query-input\":\"required name=search_term_string\"}],\"inLanguage\":\"de\"}]}<\/script>\n<!-- \/ Yoast SEO plugin. -->","yoast_head_json":{"title":"Vergissmeinnicht Mischung - Produzent von Samen \u2013 PremiumSeeds","description":"Vergissmeinnicht Mischung Samen - direkt vom Produzenten der Marke PremiumSeeds. Gro\u00dfhandel und Vertrieb von Samen Vergissmeinnicht Mischung. Samen mit Garantie der perfekten Keimung. Bestellen Sie direkt beim Hersteller.","robots":{"index":"index","follow":"follow","max-snippet":"max-snippet:-1","max-image-preview":"max-image-preview:large","max-video-preview":"max-video-preview:-1"},"canonical":"https:\/\/premiumseeds.eu\/de\/produkt\/vergissmeinnicht-mischung\/","og_locale":"de_DE","og_type":"article","og_title":"Vergissmeinnicht Mischung - Produzent von Samen \u2013 PremiumSeeds","og_description":"Vergissmeinnicht Mischung Samen - direkt vom Produzenten der Marke PremiumSeeds. Gro\u00dfhandel und Vertrieb von Samen Vergissmeinnicht Mischung. Samen mit Garantie der perfekten Keimung. Bestellen Sie direkt beim Hersteller.","og_url":"https:\/\/premiumseeds.eu\/de\/produkt\/vergissmeinnicht-mischung\/","og_site_name":"PremiumSeeds","article_modified_time":"2025-12-19T13:14:20+00:00","og_image":[{"width":945,"height":1772,"url":"https:\/\/premiumseeds.eu\/wp-content\/uploads\/2022\/05\/1SWIA-WO-BL-12046_VS.jpg","type":"image\/jpeg"}],"twitter_card":"summary_large_image","schema":{"@context":"https:\/\/schema.org","@graph":[{"@type":"WebPage","@id":"https:\/\/premiumseeds.eu\/de\/produkt\/vergissmeinnicht-mischung\/","url":"https:\/\/premiumseeds.eu\/de\/produkt\/vergissmeinnicht-mischung\/","name":"Vergissmeinnicht Mischung - Produzent von Samen \u2013 PremiumSeeds","isPartOf":{"@id":"https:\/\/premiumseeds.eu\/de\/#website"},"datePublished":"2022-06-03T11:27:45+00:00","dateModified":"2025-12-19T13:14:20+00:00","description":"Vergissmeinnicht Mischung Samen - direkt vom Produzenten der Marke PremiumSeeds. Gro\u00dfhandel und Vertrieb von Samen Vergissmeinnicht Mischung. Samen mit Garantie der perfekten Keimung. Bestellen Sie direkt beim Hersteller.","breadcrumb":{"@id":"https:\/\/premiumseeds.eu\/de\/produkt\/vergissmeinnicht-mischung\/#breadcrumb"},"inLanguage":"de","potentialAction":[{"@type":"ReadAction","target":["https:\/\/premiumseeds.eu\/de\/produkt\/vergissmeinnicht-mischung\/"]}]},{"@type":"BreadcrumbList","@id":"https:\/\/premiumseeds.eu\/de\/produkt\/vergissmeinnicht-mischung\/#breadcrumb","itemListElement":[{"@type":"ListItem","position":1,"name":"Home","item":"https:\/\/premiumseeds.eu\/de\/"},{"@type":"ListItem","position":2,"name":"Samen","item":"https:\/\/premiumseeds.eu\/de\/samen\/"},{"@type":"ListItem","position":3,"name":"Vergissmeinnicht Mischung"}]},{"@type":"WebSite","@id":"https:\/\/premiumseeds.eu\/de\/#website","url":"https:\/\/premiumseeds.eu\/de\/","name":"PremiumSeeds","description":"Top seeds producer","potentialAction":[{"@type":"SearchAction","target":{"@type":"EntryPoint","urlTemplate":"https:\/\/premiumseeds.eu\/de\/?s={search_term_string}"},"query-input":"required name=search_term_string"}],"inLanguage":"de"}]}},"_links":{"self":[{"href":"https:\/\/premiumseeds.eu\/de\/wp-json\/wp\/v2\/product\/20648","targetHints":{"allow":["GET"]}}],"collection":[{"href":"https:\/\/premiumseeds.eu\/de\/wp-json\/wp\/v2\/product"}],"about":[{"href":"https:\/\/premiumseeds.eu\/de\/wp-json\/wp\/v2\/types\/product"}],"wp:featuredmedia":[{"embeddable":true,"href":"https:\/\/premiumseeds.eu\/de\/wp-json\/wp\/v2\/media\/70909"}],"wp:attachment":[{"href":"https:\/\/premiumseeds.eu\/de\/wp-json\/wp\/v2\/media?parent=20648"}],"wp:term":[{"taxonomy":"product_cat","embeddable":true,"href":"https:\/\/premiumseeds.eu\/de\/wp-json\/wp\/v2\/product_cat?post=20648"},{"taxonomy":"product_tag","embeddable":true,"href":"https:\/\/premiumseeds.eu\/de\/wp-json\/wp\/v2\/product_tag?post=20648"}],"curies":[{"name":"wp","href":"https:\/\/api.w.org\/{rel}","templated":true}]}}