{"id":20853,"date":"2022-06-03T14:59:45","date_gmt":"2022-06-03T12:59:45","guid":{"rendered":"https:\/\/premiumseeds.eu\/?post_type=product&#038;p=20853"},"modified":"2022-07-06T14:57:55","modified_gmt":"2022-07-06T12:57:55","slug":"moehre-flakkese-2-pillitiertes-samen","status":"publish","type":"product","link":"https:\/\/premiumseeds.eu\/de\/produkt\/moehre-flakkese-2-pillitiertes-samen\/","title":{"rendered":"M\u00f6hre Flakkese 2- PILLITIERTES SAMEN"},"content":{"rendered":"","protected":false},"excerpt":{"rendered":"<p>Sp\u00e4te Sorte, sehr ertragreich. Wurzel leicht kegelf\u00f6rmig, sehr lang bis zu 30 cm, mit intensiver F\u00e4rbung und rissfest. Zum direkten Verzehr, f\u00fcr S\u00e4fte und zum Einfrosten. Sehr gut lagerf\u00e4hig. Pillierte Samen. Zusammensetzung der Pillierung: Torf, Dolomit, Ton.<br \/>\n<\/b><br \/>\n<strong>M\u00f6hre Flakkese 2 &#8211; PILLITIERTES SAMEN<\/strong><br \/>\n<\/b><br \/>\n<strong>Aussaattiefe:<\/strong> 1 &#8211; 2 cm<br \/>\n<strong>Aussaattermin:<\/strong> April &#8211; Mai<br \/>\n<strong>Abst\u00e4nde:<\/strong> 30-40 x 5 cm<br \/>\n<strong>Erntedatum: <\/strong>September &#8211; November<br \/>\n<\/b><br \/>\nDie Packung enth\u00e4lt 400 Samen.<\/p>\n","protected":false},"featured_media":20866,"template":"","meta":{"_monsterinsights_skip_tracking":false,"_monsterinsights_sitenote_active":false,"_monsterinsights_sitenote_note":"","_monsterinsights_sitenote_category":0},"product_cat":[927,945,961],"product_tag":[1075,1380,1374],"class_list":["post-20853","product","type-product","status-publish","has-post-thumbnail","hentry","product_cat-gemusesamen","product_cat-mohrensamen","product_cat-pillensaat","product_tag-moehre-flakkese-2","product_tag-moehre-flakkese-2-pillitiertes-samen","product_tag-pillitiertes-samen"],"yoast_head":"<!-- This site is optimized with the Yoast SEO plugin v21.6 - https:\/\/yoast.com\/wordpress\/plugins\/seo\/ -->\n<title>M\u00f6hre Flakkese 2- PILLITIERTES SAMEN - Produzent von Samen \u2013 PremiumSeeds<\/title>\n<meta name=\"description\" content=\"M\u00f6hre Flakkese 2- PILLITIERTES SAMEN Samen - direkt vom Produzenten der Marke PremiumSeeds. Gro\u00dfhandel und Vertrieb von Samen M\u00f6hre Flakkese 2- PILLITIERTES SAMEN. Samen mit Garantie der perfekten Keimung. Bestellen Sie direkt beim Hersteller.\" \/>\n<meta name=\"robots\" content=\"index, follow, max-snippet:-1, max-image-preview:large, max-video-preview:-1\" \/>\n<link rel=\"canonical\" href=\"https:\/\/premiumseeds.eu\/de\/produkt\/moehre-flakkese-2-pillitiertes-samen\/\" \/>\n<meta property=\"og:locale\" content=\"de_DE\" \/>\n<meta property=\"og:type\" content=\"article\" \/>\n<meta property=\"og:title\" content=\"M\u00f6hre Flakkese 2- PILLITIERTES SAMEN - Produzent von Samen \u2013 PremiumSeeds\" \/>\n<meta property=\"og:description\" content=\"M\u00f6hre Flakkese 2- PILLITIERTES SAMEN Samen - direkt vom Produzenten der Marke PremiumSeeds. Gro\u00dfhandel und Vertrieb von Samen M\u00f6hre Flakkese 2- PILLITIERTES SAMEN. Samen mit Garantie der perfekten Keimung. Bestellen Sie direkt beim Hersteller.\" \/>\n<meta property=\"og:url\" content=\"https:\/\/premiumseeds.eu\/de\/produkt\/moehre-flakkese-2-pillitiertes-samen\/\" \/>\n<meta property=\"og:site_name\" content=\"PremiumSeeds\" \/>\n<meta property=\"article:modified_time\" content=\"2022-07-06T12:57:55+00:00\" \/>\n<meta property=\"og:image\" content=\"https:\/\/premiumseeds.eu\/wp-content\/uploads\/2022\/06\/80_WORLD-14312460_RGB_VS.jpg\" \/>\n\t<meta property=\"og:image:width\" content=\"945\" \/>\n\t<meta property=\"og:image:height\" content=\"1770\" \/>\n\t<meta property=\"og:image:type\" content=\"image\/jpeg\" \/>\n<meta name=\"twitter:card\" content=\"summary_large_image\" \/>\n<script type=\"application\/ld+json\" class=\"yoast-schema-graph\">{\"@context\":\"https:\/\/schema.org\",\"@graph\":[{\"@type\":\"WebPage\",\"@id\":\"https:\/\/premiumseeds.eu\/de\/produkt\/moehre-flakkese-2-pillitiertes-samen\/\",\"url\":\"https:\/\/premiumseeds.eu\/de\/produkt\/moehre-flakkese-2-pillitiertes-samen\/\",\"name\":\"M\u00f6hre Flakkese 2- PILLITIERTES SAMEN - Produzent von Samen \u2013 PremiumSeeds\",\"isPartOf\":{\"@id\":\"https:\/\/premiumseeds.eu\/de\/#website\"},\"datePublished\":\"2022-06-03T12:59:45+00:00\",\"dateModified\":\"2022-07-06T12:57:55+00:00\",\"description\":\"M\u00f6hre Flakkese 2- PILLITIERTES SAMEN Samen - direkt vom Produzenten der Marke PremiumSeeds. Gro\u00dfhandel und Vertrieb von Samen M\u00f6hre Flakkese 2- PILLITIERTES SAMEN. Samen mit Garantie der perfekten Keimung. Bestellen Sie direkt beim Hersteller.\",\"breadcrumb\":{\"@id\":\"https:\/\/premiumseeds.eu\/de\/produkt\/moehre-flakkese-2-pillitiertes-samen\/#breadcrumb\"},\"inLanguage\":\"de\",\"potentialAction\":[{\"@type\":\"ReadAction\",\"target\":[\"https:\/\/premiumseeds.eu\/de\/produkt\/moehre-flakkese-2-pillitiertes-samen\/\"]}]},{\"@type\":\"BreadcrumbList\",\"@id\":\"https:\/\/premiumseeds.eu\/de\/produkt\/moehre-flakkese-2-pillitiertes-samen\/#breadcrumb\",\"itemListElement\":[{\"@type\":\"ListItem\",\"position\":1,\"name\":\"Home\",\"item\":\"https:\/\/premiumseeds.eu\/de\/\"},{\"@type\":\"ListItem\",\"position\":2,\"name\":\"Samen\",\"item\":\"https:\/\/premiumseeds.eu\/de\/samen\/\"},{\"@type\":\"ListItem\",\"position\":3,\"name\":\"M\u00f6hre Flakkese 2- PILLITIERTES SAMEN\"}]},{\"@type\":\"WebSite\",\"@id\":\"https:\/\/premiumseeds.eu\/de\/#website\",\"url\":\"https:\/\/premiumseeds.eu\/de\/\",\"name\":\"PremiumSeeds\",\"description\":\"Top seeds producer\",\"potentialAction\":[{\"@type\":\"SearchAction\",\"target\":{\"@type\":\"EntryPoint\",\"urlTemplate\":\"https:\/\/premiumseeds.eu\/de\/?s={search_term_string}\"},\"query-input\":\"required name=search_term_string\"}],\"inLanguage\":\"de\"}]}<\/script>\n<!-- \/ Yoast SEO plugin. -->","yoast_head_json":{"title":"M\u00f6hre Flakkese 2- PILLITIERTES SAMEN - Produzent von Samen \u2013 PremiumSeeds","description":"M\u00f6hre Flakkese 2- PILLITIERTES SAMEN Samen - direkt vom Produzenten der Marke PremiumSeeds. Gro\u00dfhandel und Vertrieb von Samen M\u00f6hre Flakkese 2- PILLITIERTES SAMEN. Samen mit Garantie der perfekten Keimung. Bestellen Sie direkt beim Hersteller.","robots":{"index":"index","follow":"follow","max-snippet":"max-snippet:-1","max-image-preview":"max-image-preview:large","max-video-preview":"max-video-preview:-1"},"canonical":"https:\/\/premiumseeds.eu\/de\/produkt\/moehre-flakkese-2-pillitiertes-samen\/","og_locale":"de_DE","og_type":"article","og_title":"M\u00f6hre Flakkese 2- PILLITIERTES SAMEN - Produzent von Samen \u2013 PremiumSeeds","og_description":"M\u00f6hre Flakkese 2- PILLITIERTES SAMEN Samen - direkt vom Produzenten der Marke PremiumSeeds. Gro\u00dfhandel und Vertrieb von Samen M\u00f6hre Flakkese 2- PILLITIERTES SAMEN. Samen mit Garantie der perfekten Keimung. Bestellen Sie direkt beim Hersteller.","og_url":"https:\/\/premiumseeds.eu\/de\/produkt\/moehre-flakkese-2-pillitiertes-samen\/","og_site_name":"PremiumSeeds","article_modified_time":"2022-07-06T12:57:55+00:00","og_image":[{"width":945,"height":1770,"url":"https:\/\/premiumseeds.eu\/wp-content\/uploads\/2022\/06\/80_WORLD-14312460_RGB_VS.jpg","type":"image\/jpeg"}],"twitter_card":"summary_large_image","schema":{"@context":"https:\/\/schema.org","@graph":[{"@type":"WebPage","@id":"https:\/\/premiumseeds.eu\/de\/produkt\/moehre-flakkese-2-pillitiertes-samen\/","url":"https:\/\/premiumseeds.eu\/de\/produkt\/moehre-flakkese-2-pillitiertes-samen\/","name":"M\u00f6hre Flakkese 2- PILLITIERTES SAMEN - Produzent von Samen \u2013 PremiumSeeds","isPartOf":{"@id":"https:\/\/premiumseeds.eu\/de\/#website"},"datePublished":"2022-06-03T12:59:45+00:00","dateModified":"2022-07-06T12:57:55+00:00","description":"M\u00f6hre Flakkese 2- PILLITIERTES SAMEN Samen - direkt vom Produzenten der Marke PremiumSeeds. Gro\u00dfhandel und Vertrieb von Samen M\u00f6hre Flakkese 2- PILLITIERTES SAMEN. Samen mit Garantie der perfekten Keimung. Bestellen Sie direkt beim Hersteller.","breadcrumb":{"@id":"https:\/\/premiumseeds.eu\/de\/produkt\/moehre-flakkese-2-pillitiertes-samen\/#breadcrumb"},"inLanguage":"de","potentialAction":[{"@type":"ReadAction","target":["https:\/\/premiumseeds.eu\/de\/produkt\/moehre-flakkese-2-pillitiertes-samen\/"]}]},{"@type":"BreadcrumbList","@id":"https:\/\/premiumseeds.eu\/de\/produkt\/moehre-flakkese-2-pillitiertes-samen\/#breadcrumb","itemListElement":[{"@type":"ListItem","position":1,"name":"Home","item":"https:\/\/premiumseeds.eu\/de\/"},{"@type":"ListItem","position":2,"name":"Samen","item":"https:\/\/premiumseeds.eu\/de\/samen\/"},{"@type":"ListItem","position":3,"name":"M\u00f6hre Flakkese 2- PILLITIERTES SAMEN"}]},{"@type":"WebSite","@id":"https:\/\/premiumseeds.eu\/de\/#website","url":"https:\/\/premiumseeds.eu\/de\/","name":"PremiumSeeds","description":"Top seeds producer","potentialAction":[{"@type":"SearchAction","target":{"@type":"EntryPoint","urlTemplate":"https:\/\/premiumseeds.eu\/de\/?s={search_term_string}"},"query-input":"required name=search_term_string"}],"inLanguage":"de"}]}},"_links":{"self":[{"href":"https:\/\/premiumseeds.eu\/de\/wp-json\/wp\/v2\/product\/20853","targetHints":{"allow":["GET"]}}],"collection":[{"href":"https:\/\/premiumseeds.eu\/de\/wp-json\/wp\/v2\/product"}],"about":[{"href":"https:\/\/premiumseeds.eu\/de\/wp-json\/wp\/v2\/types\/product"}],"wp:featuredmedia":[{"embeddable":true,"href":"https:\/\/premiumseeds.eu\/de\/wp-json\/wp\/v2\/media\/20866"}],"wp:attachment":[{"href":"https:\/\/premiumseeds.eu\/de\/wp-json\/wp\/v2\/media?parent=20853"}],"wp:term":[{"taxonomy":"product_cat","embeddable":true,"href":"https:\/\/premiumseeds.eu\/de\/wp-json\/wp\/v2\/product_cat?post=20853"},{"taxonomy":"product_tag","embeddable":true,"href":"https:\/\/premiumseeds.eu\/de\/wp-json\/wp\/v2\/product_tag?post=20853"}],"curies":[{"name":"wp","href":"https:\/\/api.w.org\/{rel}","templated":true}]}}