{"id":21191,"date":"2022-06-03T15:48:27","date_gmt":"2022-06-03T13:48:27","guid":{"rendered":"https:\/\/premiumseeds.eu\/?post_type=product&#038;p=21191"},"modified":"2022-06-13T12:58:03","modified_gmt":"2022-06-13T10:58:03","slug":"radieschen-tetra-ilowiecka","status":"publish","type":"product","link":"https:\/\/premiumseeds.eu\/de\/produkt\/radieschen-tetra-ilowiecka\/","title":{"rendered":"Radieschen Tetra Ilowiecka"},"content":{"rendered":"","protected":false},"excerpt":{"rendered":"<p>Mittelfr\u00fchreifende Sorte, krankheitsbest\u00e4ndig. Wurzelverdickungen sehr gro\u00df, bis 4 cm Durchmesser, kugelf\u00f6rmig, scharlachrot mit wei\u00dfem Ende. Fruchtfleisch wei\u00df, saftig, leicht scharf im Geschmack. Zum direkten Verzehr und Kochen.<br \/>\n<\/b><br \/>\n<strong>Radieschen Tetra Ilowiecka &#8211; Samen<\/strong><br \/>\n<\/b><br \/>\n<strong>Saattiefe:<\/strong> 1-2 cm<br \/>\n<strong>Aussaat: <\/strong> M\u00e4rz &#8211; Mai, August<br \/>\n<strong>Pflanzabstand:<\/strong> 10-20 x 2 cm<br \/>\n<strong>Erntezeit:<\/strong> April &#8211; Juni, September &#8211; November<br \/>\n<\/b><br \/>\nInhalt eines Pakets 5 g Samen.<\/p>\n","protected":false},"featured_media":21198,"template":"","meta":{"_monsterinsights_skip_tracking":false,"_monsterinsights_sitenote_active":false,"_monsterinsights_sitenote_note":"","_monsterinsights_sitenote_category":0},"product_cat":[927,950],"product_tag":[1112],"class_list":["post-21191","product","type-product","status-publish","has-post-thumbnail","hentry","product_cat-gemusesamen","product_cat-radieschen-und-rettichsamen","product_tag-radieschen-tetra-ilowiecka-samen"],"yoast_head":"<!-- This site is optimized with the Yoast SEO plugin v21.6 - https:\/\/yoast.com\/wordpress\/plugins\/seo\/ -->\n<title>Radieschen Tetra Ilowiecka - Produzent von Samen \u2013 PremiumSeeds<\/title>\n<meta name=\"description\" content=\"Radieschen Tetra Ilowiecka Samen - direkt vom Produzenten der Marke PremiumSeeds. Gro\u00dfhandel und Vertrieb von Samen Radieschen Tetra Ilowiecka. Samen mit Garantie der perfekten Keimung. Bestellen Sie direkt beim Hersteller.\" \/>\n<meta name=\"robots\" content=\"index, follow, max-snippet:-1, max-image-preview:large, max-video-preview:-1\" \/>\n<link rel=\"canonical\" href=\"https:\/\/premiumseeds.eu\/de\/produkt\/radieschen-tetra-ilowiecka\/\" \/>\n<meta property=\"og:locale\" content=\"de_DE\" \/>\n<meta property=\"og:type\" content=\"article\" \/>\n<meta property=\"og:title\" content=\"Radieschen Tetra Ilowiecka - Produzent von Samen \u2013 PremiumSeeds\" \/>\n<meta property=\"og:description\" content=\"Radieschen Tetra Ilowiecka Samen - direkt vom Produzenten der Marke PremiumSeeds. Gro\u00dfhandel und Vertrieb von Samen Radieschen Tetra Ilowiecka. Samen mit Garantie der perfekten Keimung. Bestellen Sie direkt beim Hersteller.\" \/>\n<meta property=\"og:url\" content=\"https:\/\/premiumseeds.eu\/de\/produkt\/radieschen-tetra-ilowiecka\/\" \/>\n<meta property=\"og:site_name\" content=\"PremiumSeeds\" \/>\n<meta property=\"article:modified_time\" content=\"2022-06-13T10:58:03+00:00\" \/>\n<meta property=\"og:image\" content=\"https:\/\/premiumseeds.eu\/wp-content\/uploads\/2022\/06\/94_WORLD-10047846_RGB_VS.jpg\" \/>\n\t<meta property=\"og:image:width\" content=\"945\" \/>\n\t<meta property=\"og:image:height\" content=\"1770\" \/>\n\t<meta property=\"og:image:type\" content=\"image\/jpeg\" \/>\n<meta name=\"twitter:card\" content=\"summary_large_image\" \/>\n<script type=\"application\/ld+json\" class=\"yoast-schema-graph\">{\"@context\":\"https:\/\/schema.org\",\"@graph\":[{\"@type\":\"WebPage\",\"@id\":\"https:\/\/premiumseeds.eu\/de\/produkt\/radieschen-tetra-ilowiecka\/\",\"url\":\"https:\/\/premiumseeds.eu\/de\/produkt\/radieschen-tetra-ilowiecka\/\",\"name\":\"Radieschen Tetra Ilowiecka - Produzent von Samen \u2013 PremiumSeeds\",\"isPartOf\":{\"@id\":\"https:\/\/premiumseeds.eu\/de\/#website\"},\"datePublished\":\"2022-06-03T13:48:27+00:00\",\"dateModified\":\"2022-06-13T10:58:03+00:00\",\"description\":\"Radieschen Tetra Ilowiecka Samen - direkt vom Produzenten der Marke PremiumSeeds. Gro\u00dfhandel und Vertrieb von Samen Radieschen Tetra Ilowiecka. Samen mit Garantie der perfekten Keimung. Bestellen Sie direkt beim Hersteller.\",\"breadcrumb\":{\"@id\":\"https:\/\/premiumseeds.eu\/de\/produkt\/radieschen-tetra-ilowiecka\/#breadcrumb\"},\"inLanguage\":\"de\",\"potentialAction\":[{\"@type\":\"ReadAction\",\"target\":[\"https:\/\/premiumseeds.eu\/de\/produkt\/radieschen-tetra-ilowiecka\/\"]}]},{\"@type\":\"BreadcrumbList\",\"@id\":\"https:\/\/premiumseeds.eu\/de\/produkt\/radieschen-tetra-ilowiecka\/#breadcrumb\",\"itemListElement\":[{\"@type\":\"ListItem\",\"position\":1,\"name\":\"Home\",\"item\":\"https:\/\/premiumseeds.eu\/de\/\"},{\"@type\":\"ListItem\",\"position\":2,\"name\":\"Samen\",\"item\":\"https:\/\/premiumseeds.eu\/de\/samen\/\"},{\"@type\":\"ListItem\",\"position\":3,\"name\":\"Radieschen Tetra Ilowiecka\"}]},{\"@type\":\"WebSite\",\"@id\":\"https:\/\/premiumseeds.eu\/de\/#website\",\"url\":\"https:\/\/premiumseeds.eu\/de\/\",\"name\":\"PremiumSeeds\",\"description\":\"Top seeds producer\",\"potentialAction\":[{\"@type\":\"SearchAction\",\"target\":{\"@type\":\"EntryPoint\",\"urlTemplate\":\"https:\/\/premiumseeds.eu\/de\/?s={search_term_string}\"},\"query-input\":\"required name=search_term_string\"}],\"inLanguage\":\"de\"}]}<\/script>\n<!-- \/ Yoast SEO plugin. -->","yoast_head_json":{"title":"Radieschen Tetra Ilowiecka - Produzent von Samen \u2013 PremiumSeeds","description":"Radieschen Tetra Ilowiecka Samen - direkt vom Produzenten der Marke PremiumSeeds. Gro\u00dfhandel und Vertrieb von Samen Radieschen Tetra Ilowiecka. Samen mit Garantie der perfekten Keimung. Bestellen Sie direkt beim Hersteller.","robots":{"index":"index","follow":"follow","max-snippet":"max-snippet:-1","max-image-preview":"max-image-preview:large","max-video-preview":"max-video-preview:-1"},"canonical":"https:\/\/premiumseeds.eu\/de\/produkt\/radieschen-tetra-ilowiecka\/","og_locale":"de_DE","og_type":"article","og_title":"Radieschen Tetra Ilowiecka - Produzent von Samen \u2013 PremiumSeeds","og_description":"Radieschen Tetra Ilowiecka Samen - direkt vom Produzenten der Marke PremiumSeeds. Gro\u00dfhandel und Vertrieb von Samen Radieschen Tetra Ilowiecka. Samen mit Garantie der perfekten Keimung. Bestellen Sie direkt beim Hersteller.","og_url":"https:\/\/premiumseeds.eu\/de\/produkt\/radieschen-tetra-ilowiecka\/","og_site_name":"PremiumSeeds","article_modified_time":"2022-06-13T10:58:03+00:00","og_image":[{"width":945,"height":1770,"url":"https:\/\/premiumseeds.eu\/wp-content\/uploads\/2022\/06\/94_WORLD-10047846_RGB_VS.jpg","type":"image\/jpeg"}],"twitter_card":"summary_large_image","schema":{"@context":"https:\/\/schema.org","@graph":[{"@type":"WebPage","@id":"https:\/\/premiumseeds.eu\/de\/produkt\/radieschen-tetra-ilowiecka\/","url":"https:\/\/premiumseeds.eu\/de\/produkt\/radieschen-tetra-ilowiecka\/","name":"Radieschen Tetra Ilowiecka - Produzent von Samen \u2013 PremiumSeeds","isPartOf":{"@id":"https:\/\/premiumseeds.eu\/de\/#website"},"datePublished":"2022-06-03T13:48:27+00:00","dateModified":"2022-06-13T10:58:03+00:00","description":"Radieschen Tetra Ilowiecka Samen - direkt vom Produzenten der Marke PremiumSeeds. Gro\u00dfhandel und Vertrieb von Samen Radieschen Tetra Ilowiecka. Samen mit Garantie der perfekten Keimung. Bestellen Sie direkt beim Hersteller.","breadcrumb":{"@id":"https:\/\/premiumseeds.eu\/de\/produkt\/radieschen-tetra-ilowiecka\/#breadcrumb"},"inLanguage":"de","potentialAction":[{"@type":"ReadAction","target":["https:\/\/premiumseeds.eu\/de\/produkt\/radieschen-tetra-ilowiecka\/"]}]},{"@type":"BreadcrumbList","@id":"https:\/\/premiumseeds.eu\/de\/produkt\/radieschen-tetra-ilowiecka\/#breadcrumb","itemListElement":[{"@type":"ListItem","position":1,"name":"Home","item":"https:\/\/premiumseeds.eu\/de\/"},{"@type":"ListItem","position":2,"name":"Samen","item":"https:\/\/premiumseeds.eu\/de\/samen\/"},{"@type":"ListItem","position":3,"name":"Radieschen Tetra Ilowiecka"}]},{"@type":"WebSite","@id":"https:\/\/premiumseeds.eu\/de\/#website","url":"https:\/\/premiumseeds.eu\/de\/","name":"PremiumSeeds","description":"Top seeds producer","potentialAction":[{"@type":"SearchAction","target":{"@type":"EntryPoint","urlTemplate":"https:\/\/premiumseeds.eu\/de\/?s={search_term_string}"},"query-input":"required name=search_term_string"}],"inLanguage":"de"}]}},"_links":{"self":[{"href":"https:\/\/premiumseeds.eu\/de\/wp-json\/wp\/v2\/product\/21191","targetHints":{"allow":["GET"]}}],"collection":[{"href":"https:\/\/premiumseeds.eu\/de\/wp-json\/wp\/v2\/product"}],"about":[{"href":"https:\/\/premiumseeds.eu\/de\/wp-json\/wp\/v2\/types\/product"}],"wp:featuredmedia":[{"embeddable":true,"href":"https:\/\/premiumseeds.eu\/de\/wp-json\/wp\/v2\/media\/21198"}],"wp:attachment":[{"href":"https:\/\/premiumseeds.eu\/de\/wp-json\/wp\/v2\/media?parent=21191"}],"wp:term":[{"taxonomy":"product_cat","embeddable":true,"href":"https:\/\/premiumseeds.eu\/de\/wp-json\/wp\/v2\/product_cat?post=21191"},{"taxonomy":"product_tag","embeddable":true,"href":"https:\/\/premiumseeds.eu\/de\/wp-json\/wp\/v2\/product_tag?post=21191"}],"curies":[{"name":"wp","href":"https:\/\/api.w.org\/{rel}","templated":true}]}}