{"id":21467,"date":"2022-06-06T10:10:16","date_gmt":"2022-06-06T08:10:16","guid":{"rendered":"https:\/\/premiumseeds.eu\/?post_type=product&#038;p=21467"},"modified":"2022-06-13T12:37:12","modified_gmt":"2022-06-13T10:37:12","slug":"blumenwiese-die-auswahl-ueber-40-arten-wiesenblumen","status":"publish","type":"product","link":"https:\/\/premiumseeds.eu\/de\/produkt\/blumenwiese-die-auswahl-ueber-40-arten-wiesenblumen\/","title":{"rendered":"Blumenwiese &#8211; die Auswahl \u00fcber 40 Arten Wiesenblumen"},"content":{"rendered":"","protected":false},"excerpt":{"rendered":"<p>Mischung von mehr als 40 Arten von einj\u00e4hrigen und mehrj\u00e4hrigen Feldblumen. H\u00f6he von 30 bis 100 cm. Mit Gr\u00e4sern ausges\u00e4t bildet sie eine Blumenwiese in unterschiedlichen Farben. Die Bl\u00fcten werden sich schrittweise vom Fr\u00fchsommer bis zum Sp\u00e4therbst entwickeln.<br \/>\n<\/b><br \/>\n<strong>Blumenwiese &#8211; die Auswahl \u00fcber 40 Arten Wiesenblumen &#8211; Samen<\/strong><br \/>\n<\/b><br \/>\n<strong>Saattiefe:<\/strong> 0,5 cm<br \/>\n<strong>Aussaat: <\/strong> M\u00e4rz &#8211; Mai<br \/>\n<strong>Pflanzabstand:<\/strong> 20 x 30 cm<br \/>\n<strong>Bl\u00fctezeit:<\/strong> Mai &#8211; Oktober<br \/>\n<\/b><br \/>\nInhalt eines Pakets 2 g Samen.<\/p>\n","protected":false},"featured_media":21474,"template":"","meta":{"_monsterinsights_skip_tracking":false,"_monsterinsights_sitenote_active":false,"_monsterinsights_sitenote_note":"","_monsterinsights_sitenote_category":0},"product_cat":[863,868,922],"product_tag":[1145],"class_list":["post-21467","product","type-product","status-publish","has-post-thumbnail","hentry","product_cat-blumensamen","product_cat-blumensamen-mischungen","product_cat-blumenwiesensamen","product_tag-blumenwiese-die-auswahl-ueber-40-arten-wiesenblumen-samen"],"yoast_head":"<!-- This site is optimized with the Yoast SEO plugin v21.6 - https:\/\/yoast.com\/wordpress\/plugins\/seo\/ -->\n<title>Blumenwiese - die Auswahl \u00fcber 40 Arten Wiesenblumen - Produzent von Samen \u2013 PremiumSeeds<\/title>\n<meta name=\"description\" content=\"Blumenwiese - die Auswahl \u00fcber 40 Arten Wiesenblumen Samen - direkt vom Produzenten der Marke PremiumSeeds. Gro\u00dfhandel und Vertrieb von Samen Blumenwiese - die Auswahl \u00fcber 40 Arten Wiesenblumen. Samen mit Garantie der perfekten Keimung. Bestellen Sie direkt beim Hersteller.\" \/>\n<meta name=\"robots\" content=\"index, follow, max-snippet:-1, max-image-preview:large, max-video-preview:-1\" \/>\n<link rel=\"canonical\" href=\"https:\/\/premiumseeds.eu\/de\/produkt\/blumenwiese-die-auswahl-ueber-40-arten-wiesenblumen\/\" \/>\n<meta property=\"og:locale\" content=\"de_DE\" \/>\n<meta property=\"og:type\" content=\"article\" \/>\n<meta property=\"og:title\" content=\"Blumenwiese - die Auswahl \u00fcber 40 Arten Wiesenblumen - Produzent von Samen \u2013 PremiumSeeds\" \/>\n<meta property=\"og:description\" content=\"Blumenwiese - die Auswahl \u00fcber 40 Arten Wiesenblumen Samen - direkt vom Produzenten der Marke PremiumSeeds. Gro\u00dfhandel und Vertrieb von Samen Blumenwiese - die Auswahl \u00fcber 40 Arten Wiesenblumen. Samen mit Garantie der perfekten Keimung. Bestellen Sie direkt beim Hersteller.\" \/>\n<meta property=\"og:url\" content=\"https:\/\/premiumseeds.eu\/de\/produkt\/blumenwiese-die-auswahl-ueber-40-arten-wiesenblumen\/\" \/>\n<meta property=\"og:site_name\" content=\"PremiumSeeds\" \/>\n<meta property=\"article:modified_time\" content=\"2022-06-13T10:37:12+00:00\" \/>\n<meta property=\"og:image\" content=\"https:\/\/premiumseeds.eu\/wp-content\/uploads\/2022\/06\/104_WORLD-N1522192_RGB_VS.jpg\" \/>\n\t<meta property=\"og:image:width\" content=\"945\" \/>\n\t<meta property=\"og:image:height\" content=\"1770\" \/>\n\t<meta property=\"og:image:type\" content=\"image\/jpeg\" \/>\n<meta name=\"twitter:card\" content=\"summary_large_image\" \/>\n<script type=\"application\/ld+json\" class=\"yoast-schema-graph\">{\"@context\":\"https:\/\/schema.org\",\"@graph\":[{\"@type\":\"WebPage\",\"@id\":\"https:\/\/premiumseeds.eu\/de\/produkt\/blumenwiese-die-auswahl-ueber-40-arten-wiesenblumen\/\",\"url\":\"https:\/\/premiumseeds.eu\/de\/produkt\/blumenwiese-die-auswahl-ueber-40-arten-wiesenblumen\/\",\"name\":\"Blumenwiese - die Auswahl \u00fcber 40 Arten Wiesenblumen - Produzent von Samen \u2013 PremiumSeeds\",\"isPartOf\":{\"@id\":\"https:\/\/premiumseeds.eu\/de\/#website\"},\"datePublished\":\"2022-06-06T08:10:16+00:00\",\"dateModified\":\"2022-06-13T10:37:12+00:00\",\"description\":\"Blumenwiese - die Auswahl \u00fcber 40 Arten Wiesenblumen Samen - direkt vom Produzenten der Marke PremiumSeeds. Gro\u00dfhandel und Vertrieb von Samen Blumenwiese - die Auswahl \u00fcber 40 Arten Wiesenblumen. Samen mit Garantie der perfekten Keimung. Bestellen Sie direkt beim Hersteller.\",\"breadcrumb\":{\"@id\":\"https:\/\/premiumseeds.eu\/de\/produkt\/blumenwiese-die-auswahl-ueber-40-arten-wiesenblumen\/#breadcrumb\"},\"inLanguage\":\"de\",\"potentialAction\":[{\"@type\":\"ReadAction\",\"target\":[\"https:\/\/premiumseeds.eu\/de\/produkt\/blumenwiese-die-auswahl-ueber-40-arten-wiesenblumen\/\"]}]},{\"@type\":\"BreadcrumbList\",\"@id\":\"https:\/\/premiumseeds.eu\/de\/produkt\/blumenwiese-die-auswahl-ueber-40-arten-wiesenblumen\/#breadcrumb\",\"itemListElement\":[{\"@type\":\"ListItem\",\"position\":1,\"name\":\"Home\",\"item\":\"https:\/\/premiumseeds.eu\/de\/\"},{\"@type\":\"ListItem\",\"position\":2,\"name\":\"Samen\",\"item\":\"https:\/\/premiumseeds.eu\/de\/samen\/\"},{\"@type\":\"ListItem\",\"position\":3,\"name\":\"Blumenwiese &#8211; die Auswahl \u00fcber 40 Arten Wiesenblumen\"}]},{\"@type\":\"WebSite\",\"@id\":\"https:\/\/premiumseeds.eu\/de\/#website\",\"url\":\"https:\/\/premiumseeds.eu\/de\/\",\"name\":\"PremiumSeeds\",\"description\":\"Top seeds producer\",\"potentialAction\":[{\"@type\":\"SearchAction\",\"target\":{\"@type\":\"EntryPoint\",\"urlTemplate\":\"https:\/\/premiumseeds.eu\/de\/?s={search_term_string}\"},\"query-input\":\"required name=search_term_string\"}],\"inLanguage\":\"de\"}]}<\/script>\n<!-- \/ Yoast SEO plugin. -->","yoast_head_json":{"title":"Blumenwiese - die Auswahl \u00fcber 40 Arten Wiesenblumen - Produzent von Samen \u2013 PremiumSeeds","description":"Blumenwiese - die Auswahl \u00fcber 40 Arten Wiesenblumen Samen - direkt vom Produzenten der Marke PremiumSeeds. Gro\u00dfhandel und Vertrieb von Samen Blumenwiese - die Auswahl \u00fcber 40 Arten Wiesenblumen. Samen mit Garantie der perfekten Keimung. Bestellen Sie direkt beim Hersteller.","robots":{"index":"index","follow":"follow","max-snippet":"max-snippet:-1","max-image-preview":"max-image-preview:large","max-video-preview":"max-video-preview:-1"},"canonical":"https:\/\/premiumseeds.eu\/de\/produkt\/blumenwiese-die-auswahl-ueber-40-arten-wiesenblumen\/","og_locale":"de_DE","og_type":"article","og_title":"Blumenwiese - die Auswahl \u00fcber 40 Arten Wiesenblumen - Produzent von Samen \u2013 PremiumSeeds","og_description":"Blumenwiese - die Auswahl \u00fcber 40 Arten Wiesenblumen Samen - direkt vom Produzenten der Marke PremiumSeeds. Gro\u00dfhandel und Vertrieb von Samen Blumenwiese - die Auswahl \u00fcber 40 Arten Wiesenblumen. Samen mit Garantie der perfekten Keimung. Bestellen Sie direkt beim Hersteller.","og_url":"https:\/\/premiumseeds.eu\/de\/produkt\/blumenwiese-die-auswahl-ueber-40-arten-wiesenblumen\/","og_site_name":"PremiumSeeds","article_modified_time":"2022-06-13T10:37:12+00:00","og_image":[{"width":945,"height":1770,"url":"https:\/\/premiumseeds.eu\/wp-content\/uploads\/2022\/06\/104_WORLD-N1522192_RGB_VS.jpg","type":"image\/jpeg"}],"twitter_card":"summary_large_image","schema":{"@context":"https:\/\/schema.org","@graph":[{"@type":"WebPage","@id":"https:\/\/premiumseeds.eu\/de\/produkt\/blumenwiese-die-auswahl-ueber-40-arten-wiesenblumen\/","url":"https:\/\/premiumseeds.eu\/de\/produkt\/blumenwiese-die-auswahl-ueber-40-arten-wiesenblumen\/","name":"Blumenwiese - die Auswahl \u00fcber 40 Arten Wiesenblumen - Produzent von Samen \u2013 PremiumSeeds","isPartOf":{"@id":"https:\/\/premiumseeds.eu\/de\/#website"},"datePublished":"2022-06-06T08:10:16+00:00","dateModified":"2022-06-13T10:37:12+00:00","description":"Blumenwiese - die Auswahl \u00fcber 40 Arten Wiesenblumen Samen - direkt vom Produzenten der Marke PremiumSeeds. Gro\u00dfhandel und Vertrieb von Samen Blumenwiese - die Auswahl \u00fcber 40 Arten Wiesenblumen. Samen mit Garantie der perfekten Keimung. Bestellen Sie direkt beim Hersteller.","breadcrumb":{"@id":"https:\/\/premiumseeds.eu\/de\/produkt\/blumenwiese-die-auswahl-ueber-40-arten-wiesenblumen\/#breadcrumb"},"inLanguage":"de","potentialAction":[{"@type":"ReadAction","target":["https:\/\/premiumseeds.eu\/de\/produkt\/blumenwiese-die-auswahl-ueber-40-arten-wiesenblumen\/"]}]},{"@type":"BreadcrumbList","@id":"https:\/\/premiumseeds.eu\/de\/produkt\/blumenwiese-die-auswahl-ueber-40-arten-wiesenblumen\/#breadcrumb","itemListElement":[{"@type":"ListItem","position":1,"name":"Home","item":"https:\/\/premiumseeds.eu\/de\/"},{"@type":"ListItem","position":2,"name":"Samen","item":"https:\/\/premiumseeds.eu\/de\/samen\/"},{"@type":"ListItem","position":3,"name":"Blumenwiese &#8211; die Auswahl \u00fcber 40 Arten Wiesenblumen"}]},{"@type":"WebSite","@id":"https:\/\/premiumseeds.eu\/de\/#website","url":"https:\/\/premiumseeds.eu\/de\/","name":"PremiumSeeds","description":"Top seeds producer","potentialAction":[{"@type":"SearchAction","target":{"@type":"EntryPoint","urlTemplate":"https:\/\/premiumseeds.eu\/de\/?s={search_term_string}"},"query-input":"required name=search_term_string"}],"inLanguage":"de"}]}},"_links":{"self":[{"href":"https:\/\/premiumseeds.eu\/de\/wp-json\/wp\/v2\/product\/21467","targetHints":{"allow":["GET"]}}],"collection":[{"href":"https:\/\/premiumseeds.eu\/de\/wp-json\/wp\/v2\/product"}],"about":[{"href":"https:\/\/premiumseeds.eu\/de\/wp-json\/wp\/v2\/types\/product"}],"wp:featuredmedia":[{"embeddable":true,"href":"https:\/\/premiumseeds.eu\/de\/wp-json\/wp\/v2\/media\/21474"}],"wp:attachment":[{"href":"https:\/\/premiumseeds.eu\/de\/wp-json\/wp\/v2\/media?parent=21467"}],"wp:term":[{"taxonomy":"product_cat","embeddable":true,"href":"https:\/\/premiumseeds.eu\/de\/wp-json\/wp\/v2\/product_cat?post=21467"},{"taxonomy":"product_tag","embeddable":true,"href":"https:\/\/premiumseeds.eu\/de\/wp-json\/wp\/v2\/product_tag?post=21467"}],"curies":[{"name":"wp","href":"https:\/\/api.w.org\/{rel}","templated":true}]}}