{"id":21677,"date":"2022-06-06T11:43:40","date_gmt":"2022-06-06T09:43:40","guid":{"rendered":"https:\/\/premiumseeds.eu\/?post_type=product&#038;p=21677"},"modified":"2022-07-08T13:47:21","modified_gmt":"2022-07-08T11:47:21","slug":"katzenminze-die-muecken-abschreckt","status":"publish","type":"product","link":"https:\/\/premiumseeds.eu\/de\/produkt\/katzenminze-die-muecken-abschreckt\/","title":{"rendered":"Katzenminze, die M\u00fccken abschreckt"},"content":{"rendered":"","protected":false},"excerpt":{"rendered":"<p>Mehrj\u00e4hrige Pflanze, H\u00f6he: ca. 40 cm. W\u00e4chst zu dichten, ausladenden B\u00fcscheln. Kleine, blauviolette Bl\u00fcten. Empfohlen zum Setzen an B\u00e4nken, auf Terrassen und Balkonen sowie an anderen Orten zur Erholung, da sie M\u00fccken abschreckt.<br \/>\n<\/b><br \/>\n<strong>Katzenminze, die M\u00fccken abschreckt &#8211; Samen<\/strong><br \/>\n<\/b><br \/>\n<strong>Saattiefe:<\/strong> 1 cm<br \/>\n<strong>Aussaat unter Glas \/ Vorkultur:<\/strong> M\u00e4rz &#8211; Mai<br \/>\n<strong>Aussaat Freiland:<\/strong> Mai &#8211; Juni<br \/>\n<strong>Auspflanzung<\/strong> August &#8211; September<br \/>\n<strong>Pflanzabstand:<\/strong> 20 x 30 cm<br \/>\n<strong>Bl\u00fctezeit:<\/strong> Mai &#8211; Oktober<br \/>\n<\/b><br \/>\nInhalt eines Pakets 0,1 g Samen.<\/p>\n","protected":false},"featured_media":21684,"template":"","meta":{"_monsterinsights_skip_tracking":false,"_monsterinsights_sitenote_active":false,"_monsterinsights_sitenote_note":"","_monsterinsights_sitenote_category":0},"product_cat":[863,883,963,974,975,978],"product_tag":[1168,1167,1169],"class_list":["post-21677","product","type-product","status-publish","has-post-thumbnail","hentry","product_cat-blumensamen","product_cat-katzenminzesamen","product_cat-krautersamen","product_cat-samen-anderer-krauter","product_cat-samen-von-honigpflanzen","product_cat-steingartenpflanzen-samen","product_tag-die-muecken-abschreckt-samen","product_tag-katzenminze","product_tag-katzenminze-die-muecken-abschreckt-samen"],"yoast_head":"<!-- This site is optimized with the Yoast SEO plugin v21.6 - https:\/\/yoast.com\/wordpress\/plugins\/seo\/ -->\n<title>Katzenminze, die M\u00fccken abschreckt - Produzent von Samen \u2013 PremiumSeeds<\/title>\n<meta name=\"description\" content=\"Katzenminze, die M\u00fccken abschreckt Samen - direkt vom Produzenten der Marke PremiumSeeds. Gro\u00dfhandel und Vertrieb von Samen Katzenminze, die M\u00fccken abschreckt. Samen mit Garantie der perfekten Keimung. Bestellen Sie direkt beim Hersteller.\" \/>\n<meta name=\"robots\" content=\"index, follow, max-snippet:-1, max-image-preview:large, max-video-preview:-1\" \/>\n<link rel=\"canonical\" href=\"https:\/\/premiumseeds.eu\/de\/produkt\/katzenminze-die-muecken-abschreckt\/\" \/>\n<meta property=\"og:locale\" content=\"de_DE\" \/>\n<meta property=\"og:type\" content=\"article\" \/>\n<meta property=\"og:title\" content=\"Katzenminze, die M\u00fccken abschreckt - Produzent von Samen \u2013 PremiumSeeds\" \/>\n<meta property=\"og:description\" content=\"Katzenminze, die M\u00fccken abschreckt Samen - direkt vom Produzenten der Marke PremiumSeeds. Gro\u00dfhandel und Vertrieb von Samen Katzenminze, die M\u00fccken abschreckt. Samen mit Garantie der perfekten Keimung. Bestellen Sie direkt beim Hersteller.\" \/>\n<meta property=\"og:url\" content=\"https:\/\/premiumseeds.eu\/de\/produkt\/katzenminze-die-muecken-abschreckt\/\" \/>\n<meta property=\"og:site_name\" content=\"PremiumSeeds\" \/>\n<meta property=\"article:modified_time\" content=\"2022-07-08T11:47:21+00:00\" \/>\n<meta property=\"og:image\" content=\"https:\/\/premiumseeds.eu\/wp-content\/uploads\/2022\/06\/121_WORLD-N0916461_RGB_VS.jpg\" \/>\n\t<meta property=\"og:image:width\" content=\"945\" \/>\n\t<meta property=\"og:image:height\" content=\"1770\" \/>\n\t<meta property=\"og:image:type\" content=\"image\/jpeg\" \/>\n<meta name=\"twitter:card\" content=\"summary_large_image\" \/>\n<script type=\"application\/ld+json\" class=\"yoast-schema-graph\">{\"@context\":\"https:\/\/schema.org\",\"@graph\":[{\"@type\":\"WebPage\",\"@id\":\"https:\/\/premiumseeds.eu\/de\/produkt\/katzenminze-die-muecken-abschreckt\/\",\"url\":\"https:\/\/premiumseeds.eu\/de\/produkt\/katzenminze-die-muecken-abschreckt\/\",\"name\":\"Katzenminze, die M\u00fccken abschreckt - Produzent von Samen \u2013 PremiumSeeds\",\"isPartOf\":{\"@id\":\"https:\/\/premiumseeds.eu\/de\/#website\"},\"datePublished\":\"2022-06-06T09:43:40+00:00\",\"dateModified\":\"2022-07-08T11:47:21+00:00\",\"description\":\"Katzenminze, die M\u00fccken abschreckt Samen - direkt vom Produzenten der Marke PremiumSeeds. Gro\u00dfhandel und Vertrieb von Samen Katzenminze, die M\u00fccken abschreckt. Samen mit Garantie der perfekten Keimung. Bestellen Sie direkt beim Hersteller.\",\"breadcrumb\":{\"@id\":\"https:\/\/premiumseeds.eu\/de\/produkt\/katzenminze-die-muecken-abschreckt\/#breadcrumb\"},\"inLanguage\":\"de\",\"potentialAction\":[{\"@type\":\"ReadAction\",\"target\":[\"https:\/\/premiumseeds.eu\/de\/produkt\/katzenminze-die-muecken-abschreckt\/\"]}]},{\"@type\":\"BreadcrumbList\",\"@id\":\"https:\/\/premiumseeds.eu\/de\/produkt\/katzenminze-die-muecken-abschreckt\/#breadcrumb\",\"itemListElement\":[{\"@type\":\"ListItem\",\"position\":1,\"name\":\"Home\",\"item\":\"https:\/\/premiumseeds.eu\/de\/\"},{\"@type\":\"ListItem\",\"position\":2,\"name\":\"Samen\",\"item\":\"https:\/\/premiumseeds.eu\/de\/samen\/\"},{\"@type\":\"ListItem\",\"position\":3,\"name\":\"Katzenminze, die M\u00fccken abschreckt\"}]},{\"@type\":\"WebSite\",\"@id\":\"https:\/\/premiumseeds.eu\/de\/#website\",\"url\":\"https:\/\/premiumseeds.eu\/de\/\",\"name\":\"PremiumSeeds\",\"description\":\"Top seeds producer\",\"potentialAction\":[{\"@type\":\"SearchAction\",\"target\":{\"@type\":\"EntryPoint\",\"urlTemplate\":\"https:\/\/premiumseeds.eu\/de\/?s={search_term_string}\"},\"query-input\":\"required name=search_term_string\"}],\"inLanguage\":\"de\"}]}<\/script>\n<!-- \/ Yoast SEO plugin. -->","yoast_head_json":{"title":"Katzenminze, die M\u00fccken abschreckt - Produzent von Samen \u2013 PremiumSeeds","description":"Katzenminze, die M\u00fccken abschreckt Samen - direkt vom Produzenten der Marke PremiumSeeds. Gro\u00dfhandel und Vertrieb von Samen Katzenminze, die M\u00fccken abschreckt. Samen mit Garantie der perfekten Keimung. Bestellen Sie direkt beim Hersteller.","robots":{"index":"index","follow":"follow","max-snippet":"max-snippet:-1","max-image-preview":"max-image-preview:large","max-video-preview":"max-video-preview:-1"},"canonical":"https:\/\/premiumseeds.eu\/de\/produkt\/katzenminze-die-muecken-abschreckt\/","og_locale":"de_DE","og_type":"article","og_title":"Katzenminze, die M\u00fccken abschreckt - Produzent von Samen \u2013 PremiumSeeds","og_description":"Katzenminze, die M\u00fccken abschreckt Samen - direkt vom Produzenten der Marke PremiumSeeds. Gro\u00dfhandel und Vertrieb von Samen Katzenminze, die M\u00fccken abschreckt. Samen mit Garantie der perfekten Keimung. Bestellen Sie direkt beim Hersteller.","og_url":"https:\/\/premiumseeds.eu\/de\/produkt\/katzenminze-die-muecken-abschreckt\/","og_site_name":"PremiumSeeds","article_modified_time":"2022-07-08T11:47:21+00:00","og_image":[{"width":945,"height":1770,"url":"https:\/\/premiumseeds.eu\/wp-content\/uploads\/2022\/06\/121_WORLD-N0916461_RGB_VS.jpg","type":"image\/jpeg"}],"twitter_card":"summary_large_image","schema":{"@context":"https:\/\/schema.org","@graph":[{"@type":"WebPage","@id":"https:\/\/premiumseeds.eu\/de\/produkt\/katzenminze-die-muecken-abschreckt\/","url":"https:\/\/premiumseeds.eu\/de\/produkt\/katzenminze-die-muecken-abschreckt\/","name":"Katzenminze, die M\u00fccken abschreckt - Produzent von Samen \u2013 PremiumSeeds","isPartOf":{"@id":"https:\/\/premiumseeds.eu\/de\/#website"},"datePublished":"2022-06-06T09:43:40+00:00","dateModified":"2022-07-08T11:47:21+00:00","description":"Katzenminze, die M\u00fccken abschreckt Samen - direkt vom Produzenten der Marke PremiumSeeds. Gro\u00dfhandel und Vertrieb von Samen Katzenminze, die M\u00fccken abschreckt. Samen mit Garantie der perfekten Keimung. Bestellen Sie direkt beim Hersteller.","breadcrumb":{"@id":"https:\/\/premiumseeds.eu\/de\/produkt\/katzenminze-die-muecken-abschreckt\/#breadcrumb"},"inLanguage":"de","potentialAction":[{"@type":"ReadAction","target":["https:\/\/premiumseeds.eu\/de\/produkt\/katzenminze-die-muecken-abschreckt\/"]}]},{"@type":"BreadcrumbList","@id":"https:\/\/premiumseeds.eu\/de\/produkt\/katzenminze-die-muecken-abschreckt\/#breadcrumb","itemListElement":[{"@type":"ListItem","position":1,"name":"Home","item":"https:\/\/premiumseeds.eu\/de\/"},{"@type":"ListItem","position":2,"name":"Samen","item":"https:\/\/premiumseeds.eu\/de\/samen\/"},{"@type":"ListItem","position":3,"name":"Katzenminze, die M\u00fccken abschreckt"}]},{"@type":"WebSite","@id":"https:\/\/premiumseeds.eu\/de\/#website","url":"https:\/\/premiumseeds.eu\/de\/","name":"PremiumSeeds","description":"Top seeds producer","potentialAction":[{"@type":"SearchAction","target":{"@type":"EntryPoint","urlTemplate":"https:\/\/premiumseeds.eu\/de\/?s={search_term_string}"},"query-input":"required name=search_term_string"}],"inLanguage":"de"}]}},"_links":{"self":[{"href":"https:\/\/premiumseeds.eu\/de\/wp-json\/wp\/v2\/product\/21677","targetHints":{"allow":["GET"]}}],"collection":[{"href":"https:\/\/premiumseeds.eu\/de\/wp-json\/wp\/v2\/product"}],"about":[{"href":"https:\/\/premiumseeds.eu\/de\/wp-json\/wp\/v2\/types\/product"}],"wp:featuredmedia":[{"embeddable":true,"href":"https:\/\/premiumseeds.eu\/de\/wp-json\/wp\/v2\/media\/21684"}],"wp:attachment":[{"href":"https:\/\/premiumseeds.eu\/de\/wp-json\/wp\/v2\/media?parent=21677"}],"wp:term":[{"taxonomy":"product_cat","embeddable":true,"href":"https:\/\/premiumseeds.eu\/de\/wp-json\/wp\/v2\/product_cat?post=21677"},{"taxonomy":"product_tag","embeddable":true,"href":"https:\/\/premiumseeds.eu\/de\/wp-json\/wp\/v2\/product_tag?post=21677"}],"curies":[{"name":"wp","href":"https:\/\/api.w.org\/{rel}","templated":true}]}}