{"id":23516,"date":"2022-06-09T13:21:01","date_gmt":"2022-06-09T11:21:01","guid":{"rendered":"https:\/\/premiumseeds.eu\/?post_type=product&#038;p=23516"},"modified":"2022-07-06T15:47:57","modified_gmt":"2022-07-06T13:47:57","slug":"mexikanisches-federgras-pony-tails","status":"publish","type":"product","link":"https:\/\/premiumseeds.eu\/de\/produkt\/mexikanisches-federgras-pony-tails\/","title":{"rendered":"Mexikanisches Federgras &#8211; Pony Tails"},"content":{"rendered":"","protected":false},"excerpt":{"rendered":"<p>B\u00fcschel-Gras, H\u00f6he: 50-60 cm. Mehrj\u00e4hrige Pflanzen, gew\u00f6hnlich als einj\u00e4hrige Pflanze angebaut. Fadenf\u00f6rmige, grellgr\u00fcne Bl\u00e4tter. Die zarten Bl\u00fctenst\u00e4nde bewegen sich beim leichtesten Wind malerisch wie in Wellen. Zum Pflanzen in Rabatten und in Blument\u00f6pfen.<br \/>\n<\/b><br \/>\n<strong>Mexikanisches Federgras &#8211; Pony Tails &#8211; Samen<\/strong><br \/>\n<\/b><br \/>\n<strong>Saattiefe:<\/strong> 0,5 cm<br \/>\n<strong>Aussaat unter Glas \/ Vorkultur:<\/strong> M\u00e4rz<br \/>\n<strong>Auspflanzung:<\/strong> Mai<br \/>\n<strong>Spread:<\/strong> 30 x 30 cm<br \/>\n<strong>Bl\u00fctezeit:<\/strong> Juli &#8211; September<br \/>\n<\/b><br \/>\nInhalt eines Pakets 0,05 g Samen.<\/p>\n","protected":false},"featured_media":23523,"template":"","meta":{"_monsterinsights_skip_tracking":false,"_monsterinsights_sitenote_active":false,"_monsterinsights_sitenote_note":"","_monsterinsights_sitenote_category":0},"product_cat":[862,863,979,980],"product_tag":[1326],"class_list":["post-23516","product","type-product","status-publish","has-post-thumbnail","hentry","product_cat-auffaellige-pflanzen-samen","product_cat-blumensamen","product_cat-topfblumensamen","product_cat-ziergrasersamen","product_tag-mexikanisches-federgras-pony-tails-samen"],"yoast_head":"<!-- This site is optimized with the Yoast SEO plugin v21.6 - https:\/\/yoast.com\/wordpress\/plugins\/seo\/ -->\n<title>Mexikanisches Federgras - Pony Tails - Produzent von Samen \u2013 PremiumSeeds<\/title>\n<meta name=\"description\" content=\"Mexikanisches Federgras - Pony Tails Samen - direkt vom Produzenten der Marke PremiumSeeds. Gro\u00dfhandel und Vertrieb von Samen Mexikanisches Federgras - Pony Tails. Samen mit Garantie der perfekten Keimung. Bestellen Sie direkt beim Hersteller.\" \/>\n<meta name=\"robots\" content=\"index, follow, max-snippet:-1, max-image-preview:large, max-video-preview:-1\" \/>\n<link rel=\"canonical\" href=\"https:\/\/premiumseeds.eu\/de\/produkt\/mexikanisches-federgras-pony-tails\/\" \/>\n<meta property=\"og:locale\" content=\"de_DE\" \/>\n<meta property=\"og:type\" content=\"article\" \/>\n<meta property=\"og:title\" content=\"Mexikanisches Federgras - Pony Tails - Produzent von Samen \u2013 PremiumSeeds\" \/>\n<meta property=\"og:description\" content=\"Mexikanisches Federgras - Pony Tails Samen - direkt vom Produzenten der Marke PremiumSeeds. Gro\u00dfhandel und Vertrieb von Samen Mexikanisches Federgras - Pony Tails. Samen mit Garantie der perfekten Keimung. Bestellen Sie direkt beim Hersteller.\" \/>\n<meta property=\"og:url\" content=\"https:\/\/premiumseeds.eu\/de\/produkt\/mexikanisches-federgras-pony-tails\/\" \/>\n<meta property=\"og:site_name\" content=\"PremiumSeeds\" \/>\n<meta property=\"article:modified_time\" content=\"2022-07-06T13:47:57+00:00\" \/>\n<meta property=\"og:image\" content=\"https:\/\/premiumseeds.eu\/wp-content\/uploads\/2022\/06\/WORLD-60007831PA_RGB_VS.jpg\" \/>\n\t<meta property=\"og:image:width\" content=\"945\" \/>\n\t<meta property=\"og:image:height\" content=\"1770\" \/>\n\t<meta property=\"og:image:type\" content=\"image\/jpeg\" \/>\n<meta name=\"twitter:card\" content=\"summary_large_image\" \/>\n<script type=\"application\/ld+json\" class=\"yoast-schema-graph\">{\"@context\":\"https:\/\/schema.org\",\"@graph\":[{\"@type\":\"WebPage\",\"@id\":\"https:\/\/premiumseeds.eu\/de\/produkt\/mexikanisches-federgras-pony-tails\/\",\"url\":\"https:\/\/premiumseeds.eu\/de\/produkt\/mexikanisches-federgras-pony-tails\/\",\"name\":\"Mexikanisches Federgras - Pony Tails - Produzent von Samen \u2013 PremiumSeeds\",\"isPartOf\":{\"@id\":\"https:\/\/premiumseeds.eu\/de\/#website\"},\"datePublished\":\"2022-06-09T11:21:01+00:00\",\"dateModified\":\"2022-07-06T13:47:57+00:00\",\"description\":\"Mexikanisches Federgras - Pony Tails Samen - direkt vom Produzenten der Marke PremiumSeeds. Gro\u00dfhandel und Vertrieb von Samen Mexikanisches Federgras - Pony Tails. Samen mit Garantie der perfekten Keimung. Bestellen Sie direkt beim Hersteller.\",\"breadcrumb\":{\"@id\":\"https:\/\/premiumseeds.eu\/de\/produkt\/mexikanisches-federgras-pony-tails\/#breadcrumb\"},\"inLanguage\":\"de\",\"potentialAction\":[{\"@type\":\"ReadAction\",\"target\":[\"https:\/\/premiumseeds.eu\/de\/produkt\/mexikanisches-federgras-pony-tails\/\"]}]},{\"@type\":\"BreadcrumbList\",\"@id\":\"https:\/\/premiumseeds.eu\/de\/produkt\/mexikanisches-federgras-pony-tails\/#breadcrumb\",\"itemListElement\":[{\"@type\":\"ListItem\",\"position\":1,\"name\":\"Home\",\"item\":\"https:\/\/premiumseeds.eu\/de\/\"},{\"@type\":\"ListItem\",\"position\":2,\"name\":\"Samen\",\"item\":\"https:\/\/premiumseeds.eu\/de\/samen\/\"},{\"@type\":\"ListItem\",\"position\":3,\"name\":\"Mexikanisches Federgras &#8211; Pony Tails\"}]},{\"@type\":\"WebSite\",\"@id\":\"https:\/\/premiumseeds.eu\/de\/#website\",\"url\":\"https:\/\/premiumseeds.eu\/de\/\",\"name\":\"PremiumSeeds\",\"description\":\"Top seeds producer\",\"potentialAction\":[{\"@type\":\"SearchAction\",\"target\":{\"@type\":\"EntryPoint\",\"urlTemplate\":\"https:\/\/premiumseeds.eu\/de\/?s={search_term_string}\"},\"query-input\":\"required name=search_term_string\"}],\"inLanguage\":\"de\"}]}<\/script>\n<!-- \/ Yoast SEO plugin. -->","yoast_head_json":{"title":"Mexikanisches Federgras - Pony Tails - Produzent von Samen \u2013 PremiumSeeds","description":"Mexikanisches Federgras - Pony Tails Samen - direkt vom Produzenten der Marke PremiumSeeds. Gro\u00dfhandel und Vertrieb von Samen Mexikanisches Federgras - Pony Tails. Samen mit Garantie der perfekten Keimung. Bestellen Sie direkt beim Hersteller.","robots":{"index":"index","follow":"follow","max-snippet":"max-snippet:-1","max-image-preview":"max-image-preview:large","max-video-preview":"max-video-preview:-1"},"canonical":"https:\/\/premiumseeds.eu\/de\/produkt\/mexikanisches-federgras-pony-tails\/","og_locale":"de_DE","og_type":"article","og_title":"Mexikanisches Federgras - Pony Tails - Produzent von Samen \u2013 PremiumSeeds","og_description":"Mexikanisches Federgras - Pony Tails Samen - direkt vom Produzenten der Marke PremiumSeeds. Gro\u00dfhandel und Vertrieb von Samen Mexikanisches Federgras - Pony Tails. Samen mit Garantie der perfekten Keimung. Bestellen Sie direkt beim Hersteller.","og_url":"https:\/\/premiumseeds.eu\/de\/produkt\/mexikanisches-federgras-pony-tails\/","og_site_name":"PremiumSeeds","article_modified_time":"2022-07-06T13:47:57+00:00","og_image":[{"width":945,"height":1770,"url":"https:\/\/premiumseeds.eu\/wp-content\/uploads\/2022\/06\/WORLD-60007831PA_RGB_VS.jpg","type":"image\/jpeg"}],"twitter_card":"summary_large_image","schema":{"@context":"https:\/\/schema.org","@graph":[{"@type":"WebPage","@id":"https:\/\/premiumseeds.eu\/de\/produkt\/mexikanisches-federgras-pony-tails\/","url":"https:\/\/premiumseeds.eu\/de\/produkt\/mexikanisches-federgras-pony-tails\/","name":"Mexikanisches Federgras - Pony Tails - Produzent von Samen \u2013 PremiumSeeds","isPartOf":{"@id":"https:\/\/premiumseeds.eu\/de\/#website"},"datePublished":"2022-06-09T11:21:01+00:00","dateModified":"2022-07-06T13:47:57+00:00","description":"Mexikanisches Federgras - Pony Tails Samen - direkt vom Produzenten der Marke PremiumSeeds. Gro\u00dfhandel und Vertrieb von Samen Mexikanisches Federgras - Pony Tails. Samen mit Garantie der perfekten Keimung. Bestellen Sie direkt beim Hersteller.","breadcrumb":{"@id":"https:\/\/premiumseeds.eu\/de\/produkt\/mexikanisches-federgras-pony-tails\/#breadcrumb"},"inLanguage":"de","potentialAction":[{"@type":"ReadAction","target":["https:\/\/premiumseeds.eu\/de\/produkt\/mexikanisches-federgras-pony-tails\/"]}]},{"@type":"BreadcrumbList","@id":"https:\/\/premiumseeds.eu\/de\/produkt\/mexikanisches-federgras-pony-tails\/#breadcrumb","itemListElement":[{"@type":"ListItem","position":1,"name":"Home","item":"https:\/\/premiumseeds.eu\/de\/"},{"@type":"ListItem","position":2,"name":"Samen","item":"https:\/\/premiumseeds.eu\/de\/samen\/"},{"@type":"ListItem","position":3,"name":"Mexikanisches Federgras &#8211; Pony Tails"}]},{"@type":"WebSite","@id":"https:\/\/premiumseeds.eu\/de\/#website","url":"https:\/\/premiumseeds.eu\/de\/","name":"PremiumSeeds","description":"Top seeds producer","potentialAction":[{"@type":"SearchAction","target":{"@type":"EntryPoint","urlTemplate":"https:\/\/premiumseeds.eu\/de\/?s={search_term_string}"},"query-input":"required name=search_term_string"}],"inLanguage":"de"}]}},"_links":{"self":[{"href":"https:\/\/premiumseeds.eu\/de\/wp-json\/wp\/v2\/product\/23516","targetHints":{"allow":["GET"]}}],"collection":[{"href":"https:\/\/premiumseeds.eu\/de\/wp-json\/wp\/v2\/product"}],"about":[{"href":"https:\/\/premiumseeds.eu\/de\/wp-json\/wp\/v2\/types\/product"}],"wp:featuredmedia":[{"embeddable":true,"href":"https:\/\/premiumseeds.eu\/de\/wp-json\/wp\/v2\/media\/23523"}],"wp:attachment":[{"href":"https:\/\/premiumseeds.eu\/de\/wp-json\/wp\/v2\/media?parent=23516"}],"wp:term":[{"taxonomy":"product_cat","embeddable":true,"href":"https:\/\/premiumseeds.eu\/de\/wp-json\/wp\/v2\/product_cat?post=23516"},{"taxonomy":"product_tag","embeddable":true,"href":"https:\/\/premiumseeds.eu\/de\/wp-json\/wp\/v2\/product_tag?post=23516"}],"curies":[{"name":"wp","href":"https:\/\/api.w.org\/{rel}","templated":true}]}}