{"id":23600,"date":"2022-06-09T13:47:37","date_gmt":"2022-06-09T11:47:37","guid":{"rendered":"https:\/\/premiumseeds.eu\/?post_type=product&#038;p=23600"},"modified":"2022-06-13T12:18:36","modified_gmt":"2022-06-13T10:18:36","slug":"radieschen-krakowianka-2-pelletierte-samen","status":"publish","type":"product","link":"https:\/\/premiumseeds.eu\/de\/produkt\/radieschen-krakowianka-2-pelletierte-samen\/","title":{"rendered":"Radieschen Krakowianka &#8211; PELLETIERTE SAMEN"},"content":{"rendered":"","protected":false},"excerpt":{"rendered":"<p>Fr\u00fche Sorte, zum Anbau auf dem Feld und unter Schutzabdeckung. Best\u00e4ndig gegen Welken und fr\u00fches Austreiben der Bl\u00fctenst\u00e4nde. Wurzelverdickungen mittlerer Gr\u00f6\u00dfe, rot mit wei\u00dfem Ende. Fruchtfleisch wei\u00df, straff, zart und aromatisch. Pillierte Samen. Zusammensetzung der Pillierung: Torf, Dolomit, Ton.<br \/>\n<\/b><br \/>\n<strong>Radieschen Krakowianka- PELLETIERTE SAMEN<\/strong><br \/>\n<\/b><br \/>\n<strong>Saattiefe:<\/strong> 1-2 cm<br \/>\n<strong>Aussaat unter Glas \/ Vorkultur:<\/strong> M\u00e4rz &#8211; April<br \/>\n<strong>Aussaat Freiland:<\/strong> M\u00e4rz &#8211; April, August &#8211; September<br \/>\n<strong>Spread:<\/strong> 10-20 x 2 cm<br \/>\n<strong>Erntezeit:<\/strong> April &#8211; Juni, September &#8211; November<br \/>\n<\/b><br \/>\nInhalt eines Pakets 300 Samen.<\/p>\n","protected":false},"featured_media":23613,"template":"","meta":{"_monsterinsights_skip_tracking":false,"_monsterinsights_sitenote_active":false,"_monsterinsights_sitenote_note":"","_monsterinsights_sitenote_category":0},"product_cat":[927,961,950],"product_tag":[1080,1334,1333],"class_list":["post-23600","product","type-product","status-publish","has-post-thumbnail","hentry","product_cat-gemusesamen","product_cat-pillensaat","product_cat-radieschen-und-rettichsamen","product_tag-pelletierte-samen","product_tag-radieschen-krakowianka","product_tag-radieschen-krakowianka-pelletierte-samen"],"yoast_head":"<!-- This site is optimized with the Yoast SEO plugin v21.6 - https:\/\/yoast.com\/wordpress\/plugins\/seo\/ -->\n<title>Radieschen Krakowianka - PELLETIERTE SAMEN - Produzent von Samen \u2013 PremiumSeeds<\/title>\n<meta name=\"description\" content=\"Radieschen Krakowianka - PELLETIERTE SAMEN Samen - direkt vom Produzenten der Marke PremiumSeeds. Gro\u00dfhandel und Vertrieb von Samen Radieschen Krakowianka - PELLETIERTE SAMEN. Samen mit Garantie der perfekten Keimung. Bestellen Sie direkt beim Hersteller.\" \/>\n<meta name=\"robots\" content=\"index, follow, max-snippet:-1, max-image-preview:large, max-video-preview:-1\" \/>\n<link rel=\"canonical\" href=\"https:\/\/premiumseeds.eu\/de\/produkt\/radieschen-krakowianka-2-pelletierte-samen\/\" \/>\n<meta property=\"og:locale\" content=\"de_DE\" \/>\n<meta property=\"og:type\" content=\"article\" \/>\n<meta property=\"og:title\" content=\"Radieschen Krakowianka - PELLETIERTE SAMEN - Produzent von Samen \u2013 PremiumSeeds\" \/>\n<meta property=\"og:description\" content=\"Radieschen Krakowianka - PELLETIERTE SAMEN Samen - direkt vom Produzenten der Marke PremiumSeeds. Gro\u00dfhandel und Vertrieb von Samen Radieschen Krakowianka - PELLETIERTE SAMEN. Samen mit Garantie der perfekten Keimung. Bestellen Sie direkt beim Hersteller.\" \/>\n<meta property=\"og:url\" content=\"https:\/\/premiumseeds.eu\/de\/produkt\/radieschen-krakowianka-2-pelletierte-samen\/\" \/>\n<meta property=\"og:site_name\" content=\"PremiumSeeds\" \/>\n<meta property=\"article:modified_time\" content=\"2022-06-13T10:18:36+00:00\" \/>\n<meta property=\"og:image\" content=\"https:\/\/premiumseeds.eu\/wp-content\/uploads\/2022\/06\/WORLD-N-70-85-14_PELLETED_RGB_VS.jpg\" \/>\n\t<meta property=\"og:image:width\" content=\"945\" \/>\n\t<meta property=\"og:image:height\" content=\"1770\" \/>\n\t<meta property=\"og:image:type\" content=\"image\/jpeg\" \/>\n<meta name=\"twitter:card\" content=\"summary_large_image\" \/>\n<script type=\"application\/ld+json\" class=\"yoast-schema-graph\">{\"@context\":\"https:\/\/schema.org\",\"@graph\":[{\"@type\":\"WebPage\",\"@id\":\"https:\/\/premiumseeds.eu\/de\/produkt\/radieschen-krakowianka-2-pelletierte-samen\/\",\"url\":\"https:\/\/premiumseeds.eu\/de\/produkt\/radieschen-krakowianka-2-pelletierte-samen\/\",\"name\":\"Radieschen Krakowianka - PELLETIERTE SAMEN - Produzent von Samen \u2013 PremiumSeeds\",\"isPartOf\":{\"@id\":\"https:\/\/premiumseeds.eu\/de\/#website\"},\"datePublished\":\"2022-06-09T11:47:37+00:00\",\"dateModified\":\"2022-06-13T10:18:36+00:00\",\"description\":\"Radieschen Krakowianka - PELLETIERTE SAMEN Samen - direkt vom Produzenten der Marke PremiumSeeds. Gro\u00dfhandel und Vertrieb von Samen Radieschen Krakowianka - PELLETIERTE SAMEN. Samen mit Garantie der perfekten Keimung. Bestellen Sie direkt beim Hersteller.\",\"breadcrumb\":{\"@id\":\"https:\/\/premiumseeds.eu\/de\/produkt\/radieschen-krakowianka-2-pelletierte-samen\/#breadcrumb\"},\"inLanguage\":\"de\",\"potentialAction\":[{\"@type\":\"ReadAction\",\"target\":[\"https:\/\/premiumseeds.eu\/de\/produkt\/radieschen-krakowianka-2-pelletierte-samen\/\"]}]},{\"@type\":\"BreadcrumbList\",\"@id\":\"https:\/\/premiumseeds.eu\/de\/produkt\/radieschen-krakowianka-2-pelletierte-samen\/#breadcrumb\",\"itemListElement\":[{\"@type\":\"ListItem\",\"position\":1,\"name\":\"Home\",\"item\":\"https:\/\/premiumseeds.eu\/de\/\"},{\"@type\":\"ListItem\",\"position\":2,\"name\":\"Samen\",\"item\":\"https:\/\/premiumseeds.eu\/de\/samen\/\"},{\"@type\":\"ListItem\",\"position\":3,\"name\":\"Radieschen Krakowianka &#8211; PELLETIERTE SAMEN\"}]},{\"@type\":\"WebSite\",\"@id\":\"https:\/\/premiumseeds.eu\/de\/#website\",\"url\":\"https:\/\/premiumseeds.eu\/de\/\",\"name\":\"PremiumSeeds\",\"description\":\"Top seeds producer\",\"potentialAction\":[{\"@type\":\"SearchAction\",\"target\":{\"@type\":\"EntryPoint\",\"urlTemplate\":\"https:\/\/premiumseeds.eu\/de\/?s={search_term_string}\"},\"query-input\":\"required name=search_term_string\"}],\"inLanguage\":\"de\"}]}<\/script>\n<!-- \/ Yoast SEO plugin. -->","yoast_head_json":{"title":"Radieschen Krakowianka - PELLETIERTE SAMEN - Produzent von Samen \u2013 PremiumSeeds","description":"Radieschen Krakowianka - PELLETIERTE SAMEN Samen - direkt vom Produzenten der Marke PremiumSeeds. Gro\u00dfhandel und Vertrieb von Samen Radieschen Krakowianka - PELLETIERTE SAMEN. Samen mit Garantie der perfekten Keimung. Bestellen Sie direkt beim Hersteller.","robots":{"index":"index","follow":"follow","max-snippet":"max-snippet:-1","max-image-preview":"max-image-preview:large","max-video-preview":"max-video-preview:-1"},"canonical":"https:\/\/premiumseeds.eu\/de\/produkt\/radieschen-krakowianka-2-pelletierte-samen\/","og_locale":"de_DE","og_type":"article","og_title":"Radieschen Krakowianka - PELLETIERTE SAMEN - Produzent von Samen \u2013 PremiumSeeds","og_description":"Radieschen Krakowianka - PELLETIERTE SAMEN Samen - direkt vom Produzenten der Marke PremiumSeeds. Gro\u00dfhandel und Vertrieb von Samen Radieschen Krakowianka - PELLETIERTE SAMEN. Samen mit Garantie der perfekten Keimung. Bestellen Sie direkt beim Hersteller.","og_url":"https:\/\/premiumseeds.eu\/de\/produkt\/radieschen-krakowianka-2-pelletierte-samen\/","og_site_name":"PremiumSeeds","article_modified_time":"2022-06-13T10:18:36+00:00","og_image":[{"width":945,"height":1770,"url":"https:\/\/premiumseeds.eu\/wp-content\/uploads\/2022\/06\/WORLD-N-70-85-14_PELLETED_RGB_VS.jpg","type":"image\/jpeg"}],"twitter_card":"summary_large_image","schema":{"@context":"https:\/\/schema.org","@graph":[{"@type":"WebPage","@id":"https:\/\/premiumseeds.eu\/de\/produkt\/radieschen-krakowianka-2-pelletierte-samen\/","url":"https:\/\/premiumseeds.eu\/de\/produkt\/radieschen-krakowianka-2-pelletierte-samen\/","name":"Radieschen Krakowianka - PELLETIERTE SAMEN - Produzent von Samen \u2013 PremiumSeeds","isPartOf":{"@id":"https:\/\/premiumseeds.eu\/de\/#website"},"datePublished":"2022-06-09T11:47:37+00:00","dateModified":"2022-06-13T10:18:36+00:00","description":"Radieschen Krakowianka - PELLETIERTE SAMEN Samen - direkt vom Produzenten der Marke PremiumSeeds. Gro\u00dfhandel und Vertrieb von Samen Radieschen Krakowianka - PELLETIERTE SAMEN. Samen mit Garantie der perfekten Keimung. Bestellen Sie direkt beim Hersteller.","breadcrumb":{"@id":"https:\/\/premiumseeds.eu\/de\/produkt\/radieschen-krakowianka-2-pelletierte-samen\/#breadcrumb"},"inLanguage":"de","potentialAction":[{"@type":"ReadAction","target":["https:\/\/premiumseeds.eu\/de\/produkt\/radieschen-krakowianka-2-pelletierte-samen\/"]}]},{"@type":"BreadcrumbList","@id":"https:\/\/premiumseeds.eu\/de\/produkt\/radieschen-krakowianka-2-pelletierte-samen\/#breadcrumb","itemListElement":[{"@type":"ListItem","position":1,"name":"Home","item":"https:\/\/premiumseeds.eu\/de\/"},{"@type":"ListItem","position":2,"name":"Samen","item":"https:\/\/premiumseeds.eu\/de\/samen\/"},{"@type":"ListItem","position":3,"name":"Radieschen Krakowianka &#8211; PELLETIERTE SAMEN"}]},{"@type":"WebSite","@id":"https:\/\/premiumseeds.eu\/de\/#website","url":"https:\/\/premiumseeds.eu\/de\/","name":"PremiumSeeds","description":"Top seeds producer","potentialAction":[{"@type":"SearchAction","target":{"@type":"EntryPoint","urlTemplate":"https:\/\/premiumseeds.eu\/de\/?s={search_term_string}"},"query-input":"required name=search_term_string"}],"inLanguage":"de"}]}},"_links":{"self":[{"href":"https:\/\/premiumseeds.eu\/de\/wp-json\/wp\/v2\/product\/23600","targetHints":{"allow":["GET"]}}],"collection":[{"href":"https:\/\/premiumseeds.eu\/de\/wp-json\/wp\/v2\/product"}],"about":[{"href":"https:\/\/premiumseeds.eu\/de\/wp-json\/wp\/v2\/types\/product"}],"wp:featuredmedia":[{"embeddable":true,"href":"https:\/\/premiumseeds.eu\/de\/wp-json\/wp\/v2\/media\/23613"}],"wp:attachment":[{"href":"https:\/\/premiumseeds.eu\/de\/wp-json\/wp\/v2\/media?parent=23600"}],"wp:term":[{"taxonomy":"product_cat","embeddable":true,"href":"https:\/\/premiumseeds.eu\/de\/wp-json\/wp\/v2\/product_cat?post=23600"},{"taxonomy":"product_tag","embeddable":true,"href":"https:\/\/premiumseeds.eu\/de\/wp-json\/wp\/v2\/product_tag?post=23600"}],"curies":[{"name":"wp","href":"https:\/\/api.w.org\/{rel}","templated":true}]}}