{"id":24908,"date":"2022-06-13T14:29:50","date_gmt":"2022-06-13T12:29:50","guid":{"rendered":"https:\/\/premiumseeds.eu\/?post_type=product&#038;p=24908"},"modified":"2025-12-23T13:53:01","modified_gmt":"2025-12-23T12:53:01","slug":"salat-michalina","status":"publish","type":"product","link":"https:\/\/premiumseeds.eu\/de\/produkt\/salat-michalina\/","title":{"rendered":"Salat Michalina"},"content":{"rendered":"","protected":false},"excerpt":{"rendered":"<p>Buttersorte, mittelfr\u00fchreifend. Zum Anbau im Sommer auf dem Feld und im fr\u00fchen Fr\u00fchjahr in unbeheizten Foliengew\u00e4chsh\u00e4usern und im Boden. Gro\u00dfe, kompakte Salatk\u00f6pfe, mit kugeliger, leicht abgeflachter Form. Hellgr\u00fcne Bl\u00e4tter, zart und sehr schmackhaft.<br \/>\n<\/b><br \/>\n<strong>Salat Michalina &#8211; Samen<\/strong><br \/>\n<\/b><br \/>\n<strong>Saattiefe:<\/strong> 0,5 &#8211; 1 cm<br \/>\n<strong>Aussaat unter Glas \/ Vorkultur:<\/strong> Februar &#8211; April<br \/>\n<strong>Aussaat Freiland:<\/strong> M\u00e4rz &#8211; April, August<br \/>\n<strong>Auspflanzung:<\/strong> April &#8211; Mai<br \/>\n<strong>Spread:<\/strong> 30 x 25-20 cm<br \/>\n<strong>Erntezeit:<\/strong> Mai &#8211; Juni, September<br \/>\n<\/b><br \/>\nInhalt eines Pakets 1 Gramm Samen.<\/p>\n","protected":false},"featured_media":70977,"template":"","meta":{"_monsterinsights_skip_tracking":false,"_monsterinsights_sitenote_active":false,"_monsterinsights_sitenote_note":"","_monsterinsights_sitenote_category":0},"product_cat":[927,952],"product_tag":[1440],"class_list":["post-24908","product","type-product","status-publish","has-post-thumbnail","hentry","product_cat-gemusesamen","product_cat-salatsamen","product_tag-salat-michalina-samen"],"yoast_head":"<!-- This site is optimized with the Yoast SEO plugin v21.6 - https:\/\/yoast.com\/wordpress\/plugins\/seo\/ -->\n<title>Salat Michalina - Produzent von Samen \u2013 PremiumSeeds<\/title>\n<meta name=\"description\" content=\"Salat Michalina Samen - direkt vom Produzenten der Marke PremiumSeeds. Gro\u00dfhandel und Vertrieb von Samen Salat Michalina. Samen mit Garantie der perfekten Keimung. Bestellen Sie direkt beim Hersteller.\" \/>\n<meta name=\"robots\" content=\"index, follow, max-snippet:-1, max-image-preview:large, max-video-preview:-1\" \/>\n<link rel=\"canonical\" href=\"https:\/\/premiumseeds.eu\/de\/produkt\/salat-michalina\/\" \/>\n<meta property=\"og:locale\" content=\"de_DE\" \/>\n<meta property=\"og:type\" content=\"article\" \/>\n<meta property=\"og:title\" content=\"Salat Michalina - Produzent von Samen \u2013 PremiumSeeds\" \/>\n<meta property=\"og:description\" content=\"Salat Michalina Samen - direkt vom Produzenten der Marke PremiumSeeds. Gro\u00dfhandel und Vertrieb von Samen Salat Michalina. Samen mit Garantie der perfekten Keimung. Bestellen Sie direkt beim Hersteller.\" \/>\n<meta property=\"og:url\" content=\"https:\/\/premiumseeds.eu\/de\/produkt\/salat-michalina\/\" \/>\n<meta property=\"og:site_name\" content=\"PremiumSeeds\" \/>\n<meta property=\"article:modified_time\" content=\"2025-12-23T12:53:01+00:00\" \/>\n<meta property=\"og:image\" content=\"https:\/\/premiumseeds.eu\/wp-content\/uploads\/2022\/06\/1SWIA-WO-GE-11248_VS.jpg?v=1766494339\" \/>\n\t<meta property=\"og:image:width\" content=\"945\" \/>\n\t<meta property=\"og:image:height\" content=\"1772\" \/>\n\t<meta property=\"og:image:type\" content=\"image\/jpeg\" \/>\n<meta name=\"twitter:card\" content=\"summary_large_image\" \/>\n<script type=\"application\/ld+json\" class=\"yoast-schema-graph\">{\"@context\":\"https:\/\/schema.org\",\"@graph\":[{\"@type\":\"WebPage\",\"@id\":\"https:\/\/premiumseeds.eu\/de\/produkt\/salat-michalina\/\",\"url\":\"https:\/\/premiumseeds.eu\/de\/produkt\/salat-michalina\/\",\"name\":\"Salat Michalina - Produzent von Samen \u2013 PremiumSeeds\",\"isPartOf\":{\"@id\":\"https:\/\/premiumseeds.eu\/de\/#website\"},\"datePublished\":\"2022-06-13T12:29:50+00:00\",\"dateModified\":\"2025-12-23T12:53:01+00:00\",\"description\":\"Salat Michalina Samen - direkt vom Produzenten der Marke PremiumSeeds. Gro\u00dfhandel und Vertrieb von Samen Salat Michalina. Samen mit Garantie der perfekten Keimung. Bestellen Sie direkt beim Hersteller.\",\"breadcrumb\":{\"@id\":\"https:\/\/premiumseeds.eu\/de\/produkt\/salat-michalina\/#breadcrumb\"},\"inLanguage\":\"de\",\"potentialAction\":[{\"@type\":\"ReadAction\",\"target\":[\"https:\/\/premiumseeds.eu\/de\/produkt\/salat-michalina\/\"]}]},{\"@type\":\"BreadcrumbList\",\"@id\":\"https:\/\/premiumseeds.eu\/de\/produkt\/salat-michalina\/#breadcrumb\",\"itemListElement\":[{\"@type\":\"ListItem\",\"position\":1,\"name\":\"Home\",\"item\":\"https:\/\/premiumseeds.eu\/de\/\"},{\"@type\":\"ListItem\",\"position\":2,\"name\":\"Samen\",\"item\":\"https:\/\/premiumseeds.eu\/de\/samen\/\"},{\"@type\":\"ListItem\",\"position\":3,\"name\":\"Salat Michalina\"}]},{\"@type\":\"WebSite\",\"@id\":\"https:\/\/premiumseeds.eu\/de\/#website\",\"url\":\"https:\/\/premiumseeds.eu\/de\/\",\"name\":\"PremiumSeeds\",\"description\":\"Top seeds producer\",\"potentialAction\":[{\"@type\":\"SearchAction\",\"target\":{\"@type\":\"EntryPoint\",\"urlTemplate\":\"https:\/\/premiumseeds.eu\/de\/?s={search_term_string}\"},\"query-input\":\"required name=search_term_string\"}],\"inLanguage\":\"de\"}]}<\/script>\n<!-- \/ Yoast SEO plugin. -->","yoast_head_json":{"title":"Salat Michalina - Produzent von Samen \u2013 PremiumSeeds","description":"Salat Michalina Samen - direkt vom Produzenten der Marke PremiumSeeds. Gro\u00dfhandel und Vertrieb von Samen Salat Michalina. Samen mit Garantie der perfekten Keimung. Bestellen Sie direkt beim Hersteller.","robots":{"index":"index","follow":"follow","max-snippet":"max-snippet:-1","max-image-preview":"max-image-preview:large","max-video-preview":"max-video-preview:-1"},"canonical":"https:\/\/premiumseeds.eu\/de\/produkt\/salat-michalina\/","og_locale":"de_DE","og_type":"article","og_title":"Salat Michalina - Produzent von Samen \u2013 PremiumSeeds","og_description":"Salat Michalina Samen - direkt vom Produzenten der Marke PremiumSeeds. Gro\u00dfhandel und Vertrieb von Samen Salat Michalina. Samen mit Garantie der perfekten Keimung. Bestellen Sie direkt beim Hersteller.","og_url":"https:\/\/premiumseeds.eu\/de\/produkt\/salat-michalina\/","og_site_name":"PremiumSeeds","article_modified_time":"2025-12-23T12:53:01+00:00","og_image":[{"width":945,"height":1772,"url":"https:\/\/premiumseeds.eu\/wp-content\/uploads\/2022\/06\/1SWIA-WO-GE-11248_VS.jpg?v=1766494339","type":"image\/jpeg"}],"twitter_card":"summary_large_image","schema":{"@context":"https:\/\/schema.org","@graph":[{"@type":"WebPage","@id":"https:\/\/premiumseeds.eu\/de\/produkt\/salat-michalina\/","url":"https:\/\/premiumseeds.eu\/de\/produkt\/salat-michalina\/","name":"Salat Michalina - Produzent von Samen \u2013 PremiumSeeds","isPartOf":{"@id":"https:\/\/premiumseeds.eu\/de\/#website"},"datePublished":"2022-06-13T12:29:50+00:00","dateModified":"2025-12-23T12:53:01+00:00","description":"Salat Michalina Samen - direkt vom Produzenten der Marke PremiumSeeds. Gro\u00dfhandel und Vertrieb von Samen Salat Michalina. Samen mit Garantie der perfekten Keimung. Bestellen Sie direkt beim Hersteller.","breadcrumb":{"@id":"https:\/\/premiumseeds.eu\/de\/produkt\/salat-michalina\/#breadcrumb"},"inLanguage":"de","potentialAction":[{"@type":"ReadAction","target":["https:\/\/premiumseeds.eu\/de\/produkt\/salat-michalina\/"]}]},{"@type":"BreadcrumbList","@id":"https:\/\/premiumseeds.eu\/de\/produkt\/salat-michalina\/#breadcrumb","itemListElement":[{"@type":"ListItem","position":1,"name":"Home","item":"https:\/\/premiumseeds.eu\/de\/"},{"@type":"ListItem","position":2,"name":"Samen","item":"https:\/\/premiumseeds.eu\/de\/samen\/"},{"@type":"ListItem","position":3,"name":"Salat Michalina"}]},{"@type":"WebSite","@id":"https:\/\/premiumseeds.eu\/de\/#website","url":"https:\/\/premiumseeds.eu\/de\/","name":"PremiumSeeds","description":"Top seeds producer","potentialAction":[{"@type":"SearchAction","target":{"@type":"EntryPoint","urlTemplate":"https:\/\/premiumseeds.eu\/de\/?s={search_term_string}"},"query-input":"required name=search_term_string"}],"inLanguage":"de"}]}},"_links":{"self":[{"href":"https:\/\/premiumseeds.eu\/de\/wp-json\/wp\/v2\/product\/24908","targetHints":{"allow":["GET"]}}],"collection":[{"href":"https:\/\/premiumseeds.eu\/de\/wp-json\/wp\/v2\/product"}],"about":[{"href":"https:\/\/premiumseeds.eu\/de\/wp-json\/wp\/v2\/types\/product"}],"wp:featuredmedia":[{"embeddable":true,"href":"https:\/\/premiumseeds.eu\/de\/wp-json\/wp\/v2\/media\/70977"}],"wp:attachment":[{"href":"https:\/\/premiumseeds.eu\/de\/wp-json\/wp\/v2\/media?parent=24908"}],"wp:term":[{"taxonomy":"product_cat","embeddable":true,"href":"https:\/\/premiumseeds.eu\/de\/wp-json\/wp\/v2\/product_cat?post=24908"},{"taxonomy":"product_tag","embeddable":true,"href":"https:\/\/premiumseeds.eu\/de\/wp-json\/wp\/v2\/product_tag?post=24908"}],"curies":[{"name":"wp","href":"https:\/\/api.w.org\/{rel}","templated":true}]}}