{"id":25067,"date":"2022-06-14T10:24:24","date_gmt":"2022-06-14T08:24:24","guid":{"rendered":"https:\/\/premiumseeds.eu\/?post_type=product&#038;p=25067"},"modified":"2022-10-21T13:07:32","modified_gmt":"2022-10-21T11:07:32","slug":"markerbse-telephone-telefon","status":"publish","type":"product","link":"https:\/\/premiumseeds.eu\/de\/produkt\/markerbse-telephone-telefon\/","title":{"rendered":"Markerbse TELEPHONE (&#8222;Telefon&#8220;)"},"content":{"rendered":"","protected":false},"excerpt":{"rendered":"<p>Sp\u00e4te Sorte, sehr ertragreich. 100-200 cm hohe Pflanzen, die gest\u00fctzt werden m\u00fcssen. Gro\u00dfe Samen, mit leicht schrumpeliger Haut, sehr s\u00fc\u00df. Zum Verzehr roh oder gekocht, auch zum Einfrieren geeignet.<br \/>\n<\/b><br \/>\n<strong>Markerbse TELEPHONE (&#8222;Telefon&#8220;) &#8211; Samen<\/strong><br \/>\n<\/b><br \/>\n<strong>Saattiefe:<\/strong> 3 &#8211; 4 cm<br \/>\n<strong>Aussaat:<\/strong> M\u00e4rz &#8211; April<br \/>\n<strong>Spread:<\/strong> 30-35 x 5 cm<br \/>\n<strong>Erntezeit:<\/strong> Juni &#8211; Juli<br \/>\n<\/b><br \/>\nInhalt eines Pakets 40 Gramm Samen.<\/p>\n","protected":false},"featured_media":38853,"template":"","meta":{"_monsterinsights_skip_tracking":false,"_monsterinsights_sitenote_active":false,"_monsterinsights_sitenote_note":"","_monsterinsights_sitenote_category":0},"product_cat":[934,927],"product_tag":[1452,2885],"class_list":["post-25067","product","type-product","status-publish","has-post-thumbnail","hentry","product_cat-erbsensamen","product_cat-gemusesamen","product_tag-markerbse-telefon-samen","product_tag-markerbse-telephone-telefon"],"yoast_head":"<!-- This site is optimized with the Yoast SEO plugin v21.6 - https:\/\/yoast.com\/wordpress\/plugins\/seo\/ -->\n<title>Markerbse TELEPHONE (&quot;Telefon&quot;) - Produzent von Samen \u2013 PremiumSeeds<\/title>\n<meta name=\"description\" content=\"Markerbse TELEPHONE (&quot;Telefon&quot;) Samen - direkt vom Produzenten der Marke PremiumSeeds. Gro\u00dfhandel und Vertrieb von Samen Markerbse TELEPHONE (&quot;Telefon&quot;). Samen mit Garantie der perfekten Keimung. Bestellen Sie direkt beim Hersteller.\" \/>\n<meta name=\"robots\" content=\"index, follow, max-snippet:-1, max-image-preview:large, max-video-preview:-1\" \/>\n<link rel=\"canonical\" href=\"https:\/\/premiumseeds.eu\/de\/produkt\/markerbse-telephone-telefon\/\" \/>\n<meta property=\"og:locale\" content=\"de_DE\" \/>\n<meta property=\"og:type\" content=\"article\" \/>\n<meta property=\"og:title\" content=\"Markerbse TELEPHONE (&quot;Telefon&quot;) - Produzent von Samen \u2013 PremiumSeeds\" \/>\n<meta property=\"og:description\" content=\"Markerbse TELEPHONE (&quot;Telefon&quot;) Samen - direkt vom Produzenten der Marke PremiumSeeds. Gro\u00dfhandel und Vertrieb von Samen Markerbse TELEPHONE (&quot;Telefon&quot;). Samen mit Garantie der perfekten Keimung. Bestellen Sie direkt beim Hersteller.\" \/>\n<meta property=\"og:url\" content=\"https:\/\/premiumseeds.eu\/de\/produkt\/markerbse-telephone-telefon\/\" \/>\n<meta property=\"og:site_name\" content=\"PremiumSeeds\" \/>\n<meta property=\"article:modified_time\" content=\"2022-10-21T11:07:32+00:00\" \/>\n<meta property=\"og:image\" content=\"https:\/\/premiumseeds.eu\/wp-content\/uploads\/2022\/06\/WORLD-N-70-17-62_VS-6-714x1024.jpg\" \/>\n\t<meta property=\"og:image:width\" content=\"714\" \/>\n\t<meta property=\"og:image:height\" content=\"1024\" \/>\n\t<meta property=\"og:image:type\" content=\"image\/jpeg\" \/>\n<meta name=\"twitter:card\" content=\"summary_large_image\" \/>\n<script type=\"application\/ld+json\" class=\"yoast-schema-graph\">{\"@context\":\"https:\/\/schema.org\",\"@graph\":[{\"@type\":\"WebPage\",\"@id\":\"https:\/\/premiumseeds.eu\/de\/produkt\/markerbse-telephone-telefon\/\",\"url\":\"https:\/\/premiumseeds.eu\/de\/produkt\/markerbse-telephone-telefon\/\",\"name\":\"Markerbse TELEPHONE (\\\"Telefon\\\") - Produzent von Samen \u2013 PremiumSeeds\",\"isPartOf\":{\"@id\":\"https:\/\/premiumseeds.eu\/de\/#website\"},\"datePublished\":\"2022-06-14T08:24:24+00:00\",\"dateModified\":\"2022-10-21T11:07:32+00:00\",\"description\":\"Markerbse TELEPHONE (\\\"Telefon\\\") Samen - direkt vom Produzenten der Marke PremiumSeeds. Gro\u00dfhandel und Vertrieb von Samen Markerbse TELEPHONE (\\\"Telefon\\\"). Samen mit Garantie der perfekten Keimung. Bestellen Sie direkt beim Hersteller.\",\"breadcrumb\":{\"@id\":\"https:\/\/premiumseeds.eu\/de\/produkt\/markerbse-telephone-telefon\/#breadcrumb\"},\"inLanguage\":\"de\",\"potentialAction\":[{\"@type\":\"ReadAction\",\"target\":[\"https:\/\/premiumseeds.eu\/de\/produkt\/markerbse-telephone-telefon\/\"]}]},{\"@type\":\"BreadcrumbList\",\"@id\":\"https:\/\/premiumseeds.eu\/de\/produkt\/markerbse-telephone-telefon\/#breadcrumb\",\"itemListElement\":[{\"@type\":\"ListItem\",\"position\":1,\"name\":\"Home\",\"item\":\"https:\/\/premiumseeds.eu\/de\/\"},{\"@type\":\"ListItem\",\"position\":2,\"name\":\"Samen\",\"item\":\"https:\/\/premiumseeds.eu\/de\/samen\/\"},{\"@type\":\"ListItem\",\"position\":3,\"name\":\"Markerbse TELEPHONE (&#8222;Telefon&#8221;)\"}]},{\"@type\":\"WebSite\",\"@id\":\"https:\/\/premiumseeds.eu\/de\/#website\",\"url\":\"https:\/\/premiumseeds.eu\/de\/\",\"name\":\"PremiumSeeds\",\"description\":\"Top seeds producer\",\"potentialAction\":[{\"@type\":\"SearchAction\",\"target\":{\"@type\":\"EntryPoint\",\"urlTemplate\":\"https:\/\/premiumseeds.eu\/de\/?s={search_term_string}\"},\"query-input\":\"required name=search_term_string\"}],\"inLanguage\":\"de\"}]}<\/script>\n<!-- \/ Yoast SEO plugin. -->","yoast_head_json":{"title":"Markerbse TELEPHONE (\"Telefon\") - Produzent von Samen \u2013 PremiumSeeds","description":"Markerbse TELEPHONE (\"Telefon\") Samen - direkt vom Produzenten der Marke PremiumSeeds. Gro\u00dfhandel und Vertrieb von Samen Markerbse TELEPHONE (\"Telefon\"). Samen mit Garantie der perfekten Keimung. Bestellen Sie direkt beim Hersteller.","robots":{"index":"index","follow":"follow","max-snippet":"max-snippet:-1","max-image-preview":"max-image-preview:large","max-video-preview":"max-video-preview:-1"},"canonical":"https:\/\/premiumseeds.eu\/de\/produkt\/markerbse-telephone-telefon\/","og_locale":"de_DE","og_type":"article","og_title":"Markerbse TELEPHONE (\"Telefon\") - Produzent von Samen \u2013 PremiumSeeds","og_description":"Markerbse TELEPHONE (\"Telefon\") Samen - direkt vom Produzenten der Marke PremiumSeeds. Gro\u00dfhandel und Vertrieb von Samen Markerbse TELEPHONE (\"Telefon\"). Samen mit Garantie der perfekten Keimung. Bestellen Sie direkt beim Hersteller.","og_url":"https:\/\/premiumseeds.eu\/de\/produkt\/markerbse-telephone-telefon\/","og_site_name":"PremiumSeeds","article_modified_time":"2022-10-21T11:07:32+00:00","og_image":[{"width":714,"height":1024,"url":"https:\/\/premiumseeds.eu\/wp-content\/uploads\/2022\/06\/WORLD-N-70-17-62_VS-6-714x1024.jpg","type":"image\/jpeg"}],"twitter_card":"summary_large_image","schema":{"@context":"https:\/\/schema.org","@graph":[{"@type":"WebPage","@id":"https:\/\/premiumseeds.eu\/de\/produkt\/markerbse-telephone-telefon\/","url":"https:\/\/premiumseeds.eu\/de\/produkt\/markerbse-telephone-telefon\/","name":"Markerbse TELEPHONE (\"Telefon\") - Produzent von Samen \u2013 PremiumSeeds","isPartOf":{"@id":"https:\/\/premiumseeds.eu\/de\/#website"},"datePublished":"2022-06-14T08:24:24+00:00","dateModified":"2022-10-21T11:07:32+00:00","description":"Markerbse TELEPHONE (\"Telefon\") Samen - direkt vom Produzenten der Marke PremiumSeeds. Gro\u00dfhandel und Vertrieb von Samen Markerbse TELEPHONE (\"Telefon\"). Samen mit Garantie der perfekten Keimung. Bestellen Sie direkt beim Hersteller.","breadcrumb":{"@id":"https:\/\/premiumseeds.eu\/de\/produkt\/markerbse-telephone-telefon\/#breadcrumb"},"inLanguage":"de","potentialAction":[{"@type":"ReadAction","target":["https:\/\/premiumseeds.eu\/de\/produkt\/markerbse-telephone-telefon\/"]}]},{"@type":"BreadcrumbList","@id":"https:\/\/premiumseeds.eu\/de\/produkt\/markerbse-telephone-telefon\/#breadcrumb","itemListElement":[{"@type":"ListItem","position":1,"name":"Home","item":"https:\/\/premiumseeds.eu\/de\/"},{"@type":"ListItem","position":2,"name":"Samen","item":"https:\/\/premiumseeds.eu\/de\/samen\/"},{"@type":"ListItem","position":3,"name":"Markerbse TELEPHONE (&#8222;Telefon&#8221;)"}]},{"@type":"WebSite","@id":"https:\/\/premiumseeds.eu\/de\/#website","url":"https:\/\/premiumseeds.eu\/de\/","name":"PremiumSeeds","description":"Top seeds producer","potentialAction":[{"@type":"SearchAction","target":{"@type":"EntryPoint","urlTemplate":"https:\/\/premiumseeds.eu\/de\/?s={search_term_string}"},"query-input":"required name=search_term_string"}],"inLanguage":"de"}]}},"_links":{"self":[{"href":"https:\/\/premiumseeds.eu\/de\/wp-json\/wp\/v2\/product\/25067","targetHints":{"allow":["GET"]}}],"collection":[{"href":"https:\/\/premiumseeds.eu\/de\/wp-json\/wp\/v2\/product"}],"about":[{"href":"https:\/\/premiumseeds.eu\/de\/wp-json\/wp\/v2\/types\/product"}],"wp:featuredmedia":[{"embeddable":true,"href":"https:\/\/premiumseeds.eu\/de\/wp-json\/wp\/v2\/media\/38853"}],"wp:attachment":[{"href":"https:\/\/premiumseeds.eu\/de\/wp-json\/wp\/v2\/media?parent=25067"}],"wp:term":[{"taxonomy":"product_cat","embeddable":true,"href":"https:\/\/premiumseeds.eu\/de\/wp-json\/wp\/v2\/product_cat?post=25067"},{"taxonomy":"product_tag","embeddable":true,"href":"https:\/\/premiumseeds.eu\/de\/wp-json\/wp\/v2\/product_tag?post=25067"}],"curies":[{"name":"wp","href":"https:\/\/api.w.org\/{rel}","templated":true}]}}