{"id":35380,"date":"2022-07-15T16:04:47","date_gmt":"2022-07-15T14:04:47","guid":{"rendered":"https:\/\/premiumseeds.eu\/?post_type=product&#038;p=35380"},"modified":"2022-07-15T16:04:48","modified_gmt":"2022-07-15T14:04:48","slug":"radieschen-pikante-mischung-keimsprossen","status":"publish","type":"product","link":"https:\/\/premiumseeds.eu\/de\/produkt\/radieschen-pikante-mischung-keimsprossen\/","title":{"rendered":"Radieschen &#8211; Pikante Mischung &#8211; Keimsprossen"},"content":{"rendered":"","protected":false},"excerpt":{"rendered":"<p>Die pikante Radieschensprossenmischung verleiht jedem Gericht W\u00fcrze und reichert dar\u00fcber hinaus noch die Ern\u00e4hrung mit Vitaminen, Mineralsalzen, Ballaststoffen und anderen wertvollen N\u00e4hrstoffen an. Im Haus k\u00f6nnen die Sprossen das ganze Jahr \u00fcber angebaut werden. Sehr schnell essfertig, bereits nach 3-5 Tagen ab Beginn der Anzucht.<br \/>\n<\/b><br \/>\n<strong>Radieschen &#8211; Pikante Mischung &#8211; Keimsprossen<\/strong><br \/>\n<\/b><br \/>\n<strong>Aussaat unter Glas \/ Vorkultur:<\/strong> Januar &#8211; Dezember<br \/>\n<strong>Erntezeit:<\/strong> Januar &#8211; Dezember<br \/>\n<\/b><br \/>\nInhalt eines Pakets 20 g Samen.<\/p>\n","protected":false},"featured_media":35381,"template":"","meta":{"_monsterinsights_skip_tracking":false,"_monsterinsights_sitenote_active":false,"_monsterinsights_sitenote_note":"","_monsterinsights_sitenote_category":0},"product_cat":[977],"product_tag":[2792],"class_list":["post-35380","product","type-product","status-publish","has-post-thumbnail","hentry","product_cat-sprossensamen","product_tag-radieschen-pikante-mischung-keimsprossen"],"yoast_head":"<!-- This site is optimized with the Yoast SEO plugin v21.6 - https:\/\/yoast.com\/wordpress\/plugins\/seo\/ -->\n<title>Radieschen - Pikante Mischung - Keimsprossen - Produzent von Samen \u2013 PremiumSeeds<\/title>\n<meta name=\"description\" content=\"Radieschen - Pikante Mischung - Keimsprossen Samen - direkt vom Produzenten der Marke PremiumSeeds. Gro\u00dfhandel und Vertrieb von Samen Radieschen - Pikante Mischung - Keimsprossen. Samen mit Garantie der perfekten Keimung. Bestellen Sie direkt beim Hersteller.\" \/>\n<meta name=\"robots\" content=\"index, follow, max-snippet:-1, max-image-preview:large, max-video-preview:-1\" \/>\n<link rel=\"canonical\" href=\"https:\/\/premiumseeds.eu\/de\/produkt\/radieschen-pikante-mischung-keimsprossen\/\" \/>\n<meta property=\"og:locale\" content=\"de_DE\" \/>\n<meta property=\"og:type\" content=\"article\" \/>\n<meta property=\"og:title\" content=\"Radieschen - Pikante Mischung - Keimsprossen - Produzent von Samen \u2013 PremiumSeeds\" \/>\n<meta property=\"og:description\" content=\"Radieschen - Pikante Mischung - Keimsprossen Samen - direkt vom Produzenten der Marke PremiumSeeds. Gro\u00dfhandel und Vertrieb von Samen Radieschen - Pikante Mischung - Keimsprossen. Samen mit Garantie der perfekten Keimung. Bestellen Sie direkt beim Hersteller.\" \/>\n<meta property=\"og:url\" content=\"https:\/\/premiumseeds.eu\/de\/produkt\/radieschen-pikante-mischung-keimsprossen\/\" \/>\n<meta property=\"og:site_name\" content=\"PremiumSeeds\" \/>\n<meta property=\"article:modified_time\" content=\"2022-07-15T14:04:48+00:00\" \/>\n<meta property=\"og:image\" content=\"https:\/\/premiumseeds.eu\/wp-content\/uploads\/2022\/07\/Radish-Spicy-Mix-SKW-6-22-140000_front-3.jpg\" \/>\n\t<meta property=\"og:image:width\" content=\"941\" \/>\n\t<meta property=\"og:image:height\" content=\"1768\" \/>\n\t<meta property=\"og:image:type\" content=\"image\/jpeg\" \/>\n<meta name=\"twitter:card\" content=\"summary_large_image\" \/>\n<script type=\"application\/ld+json\" class=\"yoast-schema-graph\">{\"@context\":\"https:\/\/schema.org\",\"@graph\":[{\"@type\":\"WebPage\",\"@id\":\"https:\/\/premiumseeds.eu\/de\/produkt\/radieschen-pikante-mischung-keimsprossen\/\",\"url\":\"https:\/\/premiumseeds.eu\/de\/produkt\/radieschen-pikante-mischung-keimsprossen\/\",\"name\":\"Radieschen - Pikante Mischung - Keimsprossen - Produzent von Samen \u2013 PremiumSeeds\",\"isPartOf\":{\"@id\":\"https:\/\/premiumseeds.eu\/de\/#website\"},\"datePublished\":\"2022-07-15T14:04:47+00:00\",\"dateModified\":\"2022-07-15T14:04:48+00:00\",\"description\":\"Radieschen - Pikante Mischung - Keimsprossen Samen - direkt vom Produzenten der Marke PremiumSeeds. Gro\u00dfhandel und Vertrieb von Samen Radieschen - Pikante Mischung - Keimsprossen. Samen mit Garantie der perfekten Keimung. Bestellen Sie direkt beim Hersteller.\",\"breadcrumb\":{\"@id\":\"https:\/\/premiumseeds.eu\/de\/produkt\/radieschen-pikante-mischung-keimsprossen\/#breadcrumb\"},\"inLanguage\":\"de\",\"potentialAction\":[{\"@type\":\"ReadAction\",\"target\":[\"https:\/\/premiumseeds.eu\/de\/produkt\/radieschen-pikante-mischung-keimsprossen\/\"]}]},{\"@type\":\"BreadcrumbList\",\"@id\":\"https:\/\/premiumseeds.eu\/de\/produkt\/radieschen-pikante-mischung-keimsprossen\/#breadcrumb\",\"itemListElement\":[{\"@type\":\"ListItem\",\"position\":1,\"name\":\"Home\",\"item\":\"https:\/\/premiumseeds.eu\/de\/\"},{\"@type\":\"ListItem\",\"position\":2,\"name\":\"Samen\",\"item\":\"https:\/\/premiumseeds.eu\/de\/samen\/\"},{\"@type\":\"ListItem\",\"position\":3,\"name\":\"Radieschen &#8211; Pikante Mischung &#8211; Keimsprossen\"}]},{\"@type\":\"WebSite\",\"@id\":\"https:\/\/premiumseeds.eu\/de\/#website\",\"url\":\"https:\/\/premiumseeds.eu\/de\/\",\"name\":\"PremiumSeeds\",\"description\":\"Top seeds producer\",\"potentialAction\":[{\"@type\":\"SearchAction\",\"target\":{\"@type\":\"EntryPoint\",\"urlTemplate\":\"https:\/\/premiumseeds.eu\/de\/?s={search_term_string}\"},\"query-input\":\"required name=search_term_string\"}],\"inLanguage\":\"de\"}]}<\/script>\n<!-- \/ Yoast SEO plugin. -->","yoast_head_json":{"title":"Radieschen - Pikante Mischung - Keimsprossen - Produzent von Samen \u2013 PremiumSeeds","description":"Radieschen - Pikante Mischung - Keimsprossen Samen - direkt vom Produzenten der Marke PremiumSeeds. Gro\u00dfhandel und Vertrieb von Samen Radieschen - Pikante Mischung - Keimsprossen. Samen mit Garantie der perfekten Keimung. Bestellen Sie direkt beim Hersteller.","robots":{"index":"index","follow":"follow","max-snippet":"max-snippet:-1","max-image-preview":"max-image-preview:large","max-video-preview":"max-video-preview:-1"},"canonical":"https:\/\/premiumseeds.eu\/de\/produkt\/radieschen-pikante-mischung-keimsprossen\/","og_locale":"de_DE","og_type":"article","og_title":"Radieschen - Pikante Mischung - Keimsprossen - Produzent von Samen \u2013 PremiumSeeds","og_description":"Radieschen - Pikante Mischung - Keimsprossen Samen - direkt vom Produzenten der Marke PremiumSeeds. Gro\u00dfhandel und Vertrieb von Samen Radieschen - Pikante Mischung - Keimsprossen. Samen mit Garantie der perfekten Keimung. Bestellen Sie direkt beim Hersteller.","og_url":"https:\/\/premiumseeds.eu\/de\/produkt\/radieschen-pikante-mischung-keimsprossen\/","og_site_name":"PremiumSeeds","article_modified_time":"2022-07-15T14:04:48+00:00","og_image":[{"width":941,"height":1768,"url":"https:\/\/premiumseeds.eu\/wp-content\/uploads\/2022\/07\/Radish-Spicy-Mix-SKW-6-22-140000_front-3.jpg","type":"image\/jpeg"}],"twitter_card":"summary_large_image","schema":{"@context":"https:\/\/schema.org","@graph":[{"@type":"WebPage","@id":"https:\/\/premiumseeds.eu\/de\/produkt\/radieschen-pikante-mischung-keimsprossen\/","url":"https:\/\/premiumseeds.eu\/de\/produkt\/radieschen-pikante-mischung-keimsprossen\/","name":"Radieschen - Pikante Mischung - Keimsprossen - Produzent von Samen \u2013 PremiumSeeds","isPartOf":{"@id":"https:\/\/premiumseeds.eu\/de\/#website"},"datePublished":"2022-07-15T14:04:47+00:00","dateModified":"2022-07-15T14:04:48+00:00","description":"Radieschen - Pikante Mischung - Keimsprossen Samen - direkt vom Produzenten der Marke PremiumSeeds. Gro\u00dfhandel und Vertrieb von Samen Radieschen - Pikante Mischung - Keimsprossen. Samen mit Garantie der perfekten Keimung. Bestellen Sie direkt beim Hersteller.","breadcrumb":{"@id":"https:\/\/premiumseeds.eu\/de\/produkt\/radieschen-pikante-mischung-keimsprossen\/#breadcrumb"},"inLanguage":"de","potentialAction":[{"@type":"ReadAction","target":["https:\/\/premiumseeds.eu\/de\/produkt\/radieschen-pikante-mischung-keimsprossen\/"]}]},{"@type":"BreadcrumbList","@id":"https:\/\/premiumseeds.eu\/de\/produkt\/radieschen-pikante-mischung-keimsprossen\/#breadcrumb","itemListElement":[{"@type":"ListItem","position":1,"name":"Home","item":"https:\/\/premiumseeds.eu\/de\/"},{"@type":"ListItem","position":2,"name":"Samen","item":"https:\/\/premiumseeds.eu\/de\/samen\/"},{"@type":"ListItem","position":3,"name":"Radieschen &#8211; Pikante Mischung &#8211; Keimsprossen"}]},{"@type":"WebSite","@id":"https:\/\/premiumseeds.eu\/de\/#website","url":"https:\/\/premiumseeds.eu\/de\/","name":"PremiumSeeds","description":"Top seeds producer","potentialAction":[{"@type":"SearchAction","target":{"@type":"EntryPoint","urlTemplate":"https:\/\/premiumseeds.eu\/de\/?s={search_term_string}"},"query-input":"required name=search_term_string"}],"inLanguage":"de"}]}},"_links":{"self":[{"href":"https:\/\/premiumseeds.eu\/de\/wp-json\/wp\/v2\/product\/35380","targetHints":{"allow":["GET"]}}],"collection":[{"href":"https:\/\/premiumseeds.eu\/de\/wp-json\/wp\/v2\/product"}],"about":[{"href":"https:\/\/premiumseeds.eu\/de\/wp-json\/wp\/v2\/types\/product"}],"wp:featuredmedia":[{"embeddable":true,"href":"https:\/\/premiumseeds.eu\/de\/wp-json\/wp\/v2\/media\/35381"}],"wp:attachment":[{"href":"https:\/\/premiumseeds.eu\/de\/wp-json\/wp\/v2\/media?parent=35380"}],"wp:term":[{"taxonomy":"product_cat","embeddable":true,"href":"https:\/\/premiumseeds.eu\/de\/wp-json\/wp\/v2\/product_cat?post=35380"},{"taxonomy":"product_tag","embeddable":true,"href":"https:\/\/premiumseeds.eu\/de\/wp-json\/wp\/v2\/product_tag?post=35380"}],"curies":[{"name":"wp","href":"https:\/\/api.w.org\/{rel}","templated":true}]}}