{"id":35461,"date":"2022-07-15T16:21:32","date_gmt":"2022-07-15T14:21:32","guid":{"rendered":"https:\/\/premiumseeds.eu\/?post_type=product&#038;p=35461"},"modified":"2022-07-15T16:32:35","modified_gmt":"2022-07-15T14:32:35","slug":"salatrauke-keimsprossen","status":"publish","type":"product","link":"https:\/\/premiumseeds.eu\/de\/produkt\/salatrauke-keimsprossen\/","title":{"rendered":"Salatrauke &#8211; Keimsprossen"},"content":{"rendered":"","protected":false},"excerpt":{"rendered":"<p>Rukkolasprossen haben einen hervorragenden, starken, recht scharfen Geschmack mit leicht nussiger Note. Sie verleihen Salaten und Rohkost jeglicher Art, aber auch Fleisch- und Fischgerichten W\u00fcrze. Im Haus k\u00f6nnen sie das ganze Jahr \u00fcber angebaut werden. Sie wachsen schnell und k\u00f6nnen bereits nach 4-5 Tagen ab dem Anfeuchten geerntet werden.<br \/>\n<\/b><br \/>\n<strong>Salatrauke &#8211; Keimsprossen<\/strong><br \/>\n<\/b><br \/>\n<strong>Aussaat unter Glas \/ Vorkultur:<\/strong> Januar &#8211; Dezember<br \/>\n<strong>Erntezeit:<\/strong> Januar &#8211; Dezember<br \/>\n<\/b><br \/>\nInhalt eines Pakets 10 g Samen.<\/p>\n","protected":false},"featured_media":35475,"template":"","meta":{"_monsterinsights_skip_tracking":false,"_monsterinsights_sitenote_active":false,"_monsterinsights_sitenote_note":"","_monsterinsights_sitenote_category":0},"product_cat":[977],"product_tag":[2798],"class_list":["post-35461","product","type-product","status-publish","has-post-thumbnail","hentry","product_cat-sprossensamen","product_tag-salatrauke-keimsprossen"],"yoast_head":"<!-- This site is optimized with the Yoast SEO plugin v21.6 - https:\/\/yoast.com\/wordpress\/plugins\/seo\/ -->\n<title>Salatrauke - Keimsprossen - Produzent von Samen \u2013 PremiumSeeds<\/title>\n<meta name=\"description\" content=\"Salatrauke - Keimsprossen Samen - direkt vom Produzenten der Marke PremiumSeeds. Gro\u00dfhandel und Vertrieb von Samen Salatrauke - Keimsprossen. Samen mit Garantie der perfekten Keimung. Bestellen Sie direkt beim Hersteller.\" \/>\n<meta name=\"robots\" content=\"index, follow, max-snippet:-1, max-image-preview:large, max-video-preview:-1\" \/>\n<link rel=\"canonical\" href=\"https:\/\/premiumseeds.eu\/de\/produkt\/salatrauke-keimsprossen\/\" \/>\n<meta property=\"og:locale\" content=\"de_DE\" \/>\n<meta property=\"og:type\" content=\"article\" \/>\n<meta property=\"og:title\" content=\"Salatrauke - Keimsprossen - Produzent von Samen \u2013 PremiumSeeds\" \/>\n<meta property=\"og:description\" content=\"Salatrauke - Keimsprossen Samen - direkt vom Produzenten der Marke PremiumSeeds. Gro\u00dfhandel und Vertrieb von Samen Salatrauke - Keimsprossen. Samen mit Garantie der perfekten Keimung. Bestellen Sie direkt beim Hersteller.\" \/>\n<meta property=\"og:url\" content=\"https:\/\/premiumseeds.eu\/de\/produkt\/salatrauke-keimsprossen\/\" \/>\n<meta property=\"og:site_name\" content=\"PremiumSeeds\" \/>\n<meta property=\"article:modified_time\" content=\"2022-07-15T14:32:35+00:00\" \/>\n<meta property=\"og:image\" content=\"https:\/\/premiumseeds.eu\/wp-content\/uploads\/2022\/07\/Rocket-SKW-9-22-140003_front-3.jpg\" \/>\n\t<meta property=\"og:image:width\" content=\"941\" \/>\n\t<meta property=\"og:image:height\" content=\"1768\" \/>\n\t<meta property=\"og:image:type\" content=\"image\/jpeg\" \/>\n<meta name=\"twitter:card\" content=\"summary_large_image\" \/>\n<script type=\"application\/ld+json\" class=\"yoast-schema-graph\">{\"@context\":\"https:\/\/schema.org\",\"@graph\":[{\"@type\":\"WebPage\",\"@id\":\"https:\/\/premiumseeds.eu\/de\/produkt\/salatrauke-keimsprossen\/\",\"url\":\"https:\/\/premiumseeds.eu\/de\/produkt\/salatrauke-keimsprossen\/\",\"name\":\"Salatrauke - Keimsprossen - Produzent von Samen \u2013 PremiumSeeds\",\"isPartOf\":{\"@id\":\"https:\/\/premiumseeds.eu\/de\/#website\"},\"datePublished\":\"2022-07-15T14:21:32+00:00\",\"dateModified\":\"2022-07-15T14:32:35+00:00\",\"description\":\"Salatrauke - Keimsprossen Samen - direkt vom Produzenten der Marke PremiumSeeds. Gro\u00dfhandel und Vertrieb von Samen Salatrauke - Keimsprossen. Samen mit Garantie der perfekten Keimung. Bestellen Sie direkt beim Hersteller.\",\"breadcrumb\":{\"@id\":\"https:\/\/premiumseeds.eu\/de\/produkt\/salatrauke-keimsprossen\/#breadcrumb\"},\"inLanguage\":\"de\",\"potentialAction\":[{\"@type\":\"ReadAction\",\"target\":[\"https:\/\/premiumseeds.eu\/de\/produkt\/salatrauke-keimsprossen\/\"]}]},{\"@type\":\"BreadcrumbList\",\"@id\":\"https:\/\/premiumseeds.eu\/de\/produkt\/salatrauke-keimsprossen\/#breadcrumb\",\"itemListElement\":[{\"@type\":\"ListItem\",\"position\":1,\"name\":\"Home\",\"item\":\"https:\/\/premiumseeds.eu\/de\/\"},{\"@type\":\"ListItem\",\"position\":2,\"name\":\"Samen\",\"item\":\"https:\/\/premiumseeds.eu\/de\/samen\/\"},{\"@type\":\"ListItem\",\"position\":3,\"name\":\"Salatrauke &#8211; Keimsprossen\"}]},{\"@type\":\"WebSite\",\"@id\":\"https:\/\/premiumseeds.eu\/de\/#website\",\"url\":\"https:\/\/premiumseeds.eu\/de\/\",\"name\":\"PremiumSeeds\",\"description\":\"Top seeds producer\",\"potentialAction\":[{\"@type\":\"SearchAction\",\"target\":{\"@type\":\"EntryPoint\",\"urlTemplate\":\"https:\/\/premiumseeds.eu\/de\/?s={search_term_string}\"},\"query-input\":\"required name=search_term_string\"}],\"inLanguage\":\"de\"}]}<\/script>\n<!-- \/ Yoast SEO plugin. -->","yoast_head_json":{"title":"Salatrauke - Keimsprossen - Produzent von Samen \u2013 PremiumSeeds","description":"Salatrauke - Keimsprossen Samen - direkt vom Produzenten der Marke PremiumSeeds. Gro\u00dfhandel und Vertrieb von Samen Salatrauke - Keimsprossen. Samen mit Garantie der perfekten Keimung. Bestellen Sie direkt beim Hersteller.","robots":{"index":"index","follow":"follow","max-snippet":"max-snippet:-1","max-image-preview":"max-image-preview:large","max-video-preview":"max-video-preview:-1"},"canonical":"https:\/\/premiumseeds.eu\/de\/produkt\/salatrauke-keimsprossen\/","og_locale":"de_DE","og_type":"article","og_title":"Salatrauke - Keimsprossen - Produzent von Samen \u2013 PremiumSeeds","og_description":"Salatrauke - Keimsprossen Samen - direkt vom Produzenten der Marke PremiumSeeds. Gro\u00dfhandel und Vertrieb von Samen Salatrauke - Keimsprossen. Samen mit Garantie der perfekten Keimung. Bestellen Sie direkt beim Hersteller.","og_url":"https:\/\/premiumseeds.eu\/de\/produkt\/salatrauke-keimsprossen\/","og_site_name":"PremiumSeeds","article_modified_time":"2022-07-15T14:32:35+00:00","og_image":[{"width":941,"height":1768,"url":"https:\/\/premiumseeds.eu\/wp-content\/uploads\/2022\/07\/Rocket-SKW-9-22-140003_front-3.jpg","type":"image\/jpeg"}],"twitter_card":"summary_large_image","schema":{"@context":"https:\/\/schema.org","@graph":[{"@type":"WebPage","@id":"https:\/\/premiumseeds.eu\/de\/produkt\/salatrauke-keimsprossen\/","url":"https:\/\/premiumseeds.eu\/de\/produkt\/salatrauke-keimsprossen\/","name":"Salatrauke - Keimsprossen - Produzent von Samen \u2013 PremiumSeeds","isPartOf":{"@id":"https:\/\/premiumseeds.eu\/de\/#website"},"datePublished":"2022-07-15T14:21:32+00:00","dateModified":"2022-07-15T14:32:35+00:00","description":"Salatrauke - Keimsprossen Samen - direkt vom Produzenten der Marke PremiumSeeds. Gro\u00dfhandel und Vertrieb von Samen Salatrauke - Keimsprossen. Samen mit Garantie der perfekten Keimung. Bestellen Sie direkt beim Hersteller.","breadcrumb":{"@id":"https:\/\/premiumseeds.eu\/de\/produkt\/salatrauke-keimsprossen\/#breadcrumb"},"inLanguage":"de","potentialAction":[{"@type":"ReadAction","target":["https:\/\/premiumseeds.eu\/de\/produkt\/salatrauke-keimsprossen\/"]}]},{"@type":"BreadcrumbList","@id":"https:\/\/premiumseeds.eu\/de\/produkt\/salatrauke-keimsprossen\/#breadcrumb","itemListElement":[{"@type":"ListItem","position":1,"name":"Home","item":"https:\/\/premiumseeds.eu\/de\/"},{"@type":"ListItem","position":2,"name":"Samen","item":"https:\/\/premiumseeds.eu\/de\/samen\/"},{"@type":"ListItem","position":3,"name":"Salatrauke &#8211; Keimsprossen"}]},{"@type":"WebSite","@id":"https:\/\/premiumseeds.eu\/de\/#website","url":"https:\/\/premiumseeds.eu\/de\/","name":"PremiumSeeds","description":"Top seeds producer","potentialAction":[{"@type":"SearchAction","target":{"@type":"EntryPoint","urlTemplate":"https:\/\/premiumseeds.eu\/de\/?s={search_term_string}"},"query-input":"required name=search_term_string"}],"inLanguage":"de"}]}},"_links":{"self":[{"href":"https:\/\/premiumseeds.eu\/de\/wp-json\/wp\/v2\/product\/35461","targetHints":{"allow":["GET"]}}],"collection":[{"href":"https:\/\/premiumseeds.eu\/de\/wp-json\/wp\/v2\/product"}],"about":[{"href":"https:\/\/premiumseeds.eu\/de\/wp-json\/wp\/v2\/types\/product"}],"wp:featuredmedia":[{"embeddable":true,"href":"https:\/\/premiumseeds.eu\/de\/wp-json\/wp\/v2\/media\/35475"}],"wp:attachment":[{"href":"https:\/\/premiumseeds.eu\/de\/wp-json\/wp\/v2\/media?parent=35461"}],"wp:term":[{"taxonomy":"product_cat","embeddable":true,"href":"https:\/\/premiumseeds.eu\/de\/wp-json\/wp\/v2\/product_cat?post=35461"},{"taxonomy":"product_tag","embeddable":true,"href":"https:\/\/premiumseeds.eu\/de\/wp-json\/wp\/v2\/product_tag?post=35461"}],"curies":[{"name":"wp","href":"https:\/\/api.w.org\/{rel}","templated":true}]}}