{"id":38193,"date":"2022-10-21T09:24:46","date_gmt":"2022-10-21T07:24:46","guid":{"rendered":"https:\/\/premiumseeds.eu\/?post_type=product&#038;p=38193"},"modified":"2022-12-19T11:46:58","modified_gmt":"2022-12-19T10:46:58","slug":"rote-ruebe-opolski","status":"publish","type":"product","link":"https:\/\/premiumseeds.eu\/de\/produkt\/rote-ruebe-opolski\/","title":{"rendered":"Rote R\u00fcbe Opolski"},"content":{"rendered":"","protected":false},"excerpt":{"rendered":"<p>Ertragreiche Sorte, sehr sp\u00e4t. L\u00e4ngliche Wurzeln mit einer L\u00e4nge von ca. 20 cm und einem Gewicht von 250 g. Das Fruchtfleisch ist karminrot, von zarter Konsistenz, perfekter Geschmack. Zum direkten Verzehr, zum Einmachen und zur langen Lagerung.<br \/>\n<\/b><br \/>\n<strong>Rote R\u00fcbe Opolski &#8211; Samen<\/strong><br \/>\n<\/b><br \/>\n<strong>Saattiefe:<\/strong> 1-3 cm<br \/>\n<strong>Aussaat:<\/strong> April &#8211; Juni<br \/>\n<strong>Spread:<\/strong> 30-50 x 3-6 cm<br \/>\n<strong>Erntezeit:<\/strong> Juli &#8211; Oktober<br \/>\n<\/b><br \/>\nInhalt eines Pakets 10 g Samen.<\/p>\n","protected":false},"featured_media":38212,"template":"","meta":{"_monsterinsights_skip_tracking":false,"_monsterinsights_sitenote_active":false,"_monsterinsights_sitenote_note":"","_monsterinsights_sitenote_category":0},"product_cat":[929,927],"product_tag":[2872],"class_list":["post-38193","product","type-product","status-publish","has-post-thumbnail","hentry","product_cat-bete-und-mangoldsamen","product_cat-gemusesamen","product_tag-rote-ruebe-opolski-samen"],"yoast_head":"<!-- This site is optimized with the Yoast SEO plugin v21.6 - https:\/\/yoast.com\/wordpress\/plugins\/seo\/ -->\n<title>Rote R\u00fcbe Opolski - Produzent von Samen \u2013 PremiumSeeds<\/title>\n<meta name=\"description\" content=\"Rote R\u00fcbe Opolski Samen - direkt vom Produzenten der Marke PremiumSeeds. Gro\u00dfhandel und Vertrieb von Samen Rote R\u00fcbe Opolski. Samen mit Garantie der perfekten Keimung. Bestellen Sie direkt beim Hersteller.\" \/>\n<meta name=\"robots\" content=\"index, follow, max-snippet:-1, max-image-preview:large, max-video-preview:-1\" \/>\n<link rel=\"canonical\" href=\"https:\/\/premiumseeds.eu\/de\/produkt\/rote-ruebe-opolski\/\" \/>\n<meta property=\"og:locale\" content=\"de_DE\" \/>\n<meta property=\"og:type\" content=\"article\" \/>\n<meta property=\"og:title\" content=\"Rote R\u00fcbe Opolski - Produzent von Samen \u2013 PremiumSeeds\" \/>\n<meta property=\"og:description\" content=\"Rote R\u00fcbe Opolski Samen - direkt vom Produzenten der Marke PremiumSeeds. Gro\u00dfhandel und Vertrieb von Samen Rote R\u00fcbe Opolski. Samen mit Garantie der perfekten Keimung. Bestellen Sie direkt beim Hersteller.\" \/>\n<meta property=\"og:url\" content=\"https:\/\/premiumseeds.eu\/de\/produkt\/rote-ruebe-opolski\/\" \/>\n<meta property=\"og:site_name\" content=\"PremiumSeeds\" \/>\n<meta property=\"article:modified_time\" content=\"2022-12-19T10:46:58+00:00\" \/>\n<meta property=\"og:image\" content=\"https:\/\/premiumseeds.eu\/wp-content\/uploads\/2022\/10\/WORLD-14103922PA_VS-3.jpg?v=1666336997\" \/>\n\t<meta property=\"og:image:width\" content=\"1358\" \/>\n\t<meta property=\"og:image:height\" content=\"1948\" \/>\n\t<meta property=\"og:image:type\" content=\"image\/jpeg\" \/>\n<meta name=\"twitter:card\" content=\"summary_large_image\" \/>\n<script type=\"application\/ld+json\" class=\"yoast-schema-graph\">{\"@context\":\"https:\/\/schema.org\",\"@graph\":[{\"@type\":\"WebPage\",\"@id\":\"https:\/\/premiumseeds.eu\/de\/produkt\/rote-ruebe-opolski\/\",\"url\":\"https:\/\/premiumseeds.eu\/de\/produkt\/rote-ruebe-opolski\/\",\"name\":\"Rote R\u00fcbe Opolski - Produzent von Samen \u2013 PremiumSeeds\",\"isPartOf\":{\"@id\":\"https:\/\/premiumseeds.eu\/de\/#website\"},\"datePublished\":\"2022-10-21T07:24:46+00:00\",\"dateModified\":\"2022-12-19T10:46:58+00:00\",\"description\":\"Rote R\u00fcbe Opolski Samen - direkt vom Produzenten der Marke PremiumSeeds. Gro\u00dfhandel und Vertrieb von Samen Rote R\u00fcbe Opolski. Samen mit Garantie der perfekten Keimung. Bestellen Sie direkt beim Hersteller.\",\"breadcrumb\":{\"@id\":\"https:\/\/premiumseeds.eu\/de\/produkt\/rote-ruebe-opolski\/#breadcrumb\"},\"inLanguage\":\"de\",\"potentialAction\":[{\"@type\":\"ReadAction\",\"target\":[\"https:\/\/premiumseeds.eu\/de\/produkt\/rote-ruebe-opolski\/\"]}]},{\"@type\":\"BreadcrumbList\",\"@id\":\"https:\/\/premiumseeds.eu\/de\/produkt\/rote-ruebe-opolski\/#breadcrumb\",\"itemListElement\":[{\"@type\":\"ListItem\",\"position\":1,\"name\":\"Home\",\"item\":\"https:\/\/premiumseeds.eu\/de\/\"},{\"@type\":\"ListItem\",\"position\":2,\"name\":\"Samen\",\"item\":\"https:\/\/premiumseeds.eu\/de\/samen\/\"},{\"@type\":\"ListItem\",\"position\":3,\"name\":\"Rote R\u00fcbe Opolski\"}]},{\"@type\":\"WebSite\",\"@id\":\"https:\/\/premiumseeds.eu\/de\/#website\",\"url\":\"https:\/\/premiumseeds.eu\/de\/\",\"name\":\"PremiumSeeds\",\"description\":\"Top seeds producer\",\"potentialAction\":[{\"@type\":\"SearchAction\",\"target\":{\"@type\":\"EntryPoint\",\"urlTemplate\":\"https:\/\/premiumseeds.eu\/de\/?s={search_term_string}\"},\"query-input\":\"required name=search_term_string\"}],\"inLanguage\":\"de\"}]}<\/script>\n<!-- \/ Yoast SEO plugin. -->","yoast_head_json":{"title":"Rote R\u00fcbe Opolski - Produzent von Samen \u2013 PremiumSeeds","description":"Rote R\u00fcbe Opolski Samen - direkt vom Produzenten der Marke PremiumSeeds. Gro\u00dfhandel und Vertrieb von Samen Rote R\u00fcbe Opolski. Samen mit Garantie der perfekten Keimung. Bestellen Sie direkt beim Hersteller.","robots":{"index":"index","follow":"follow","max-snippet":"max-snippet:-1","max-image-preview":"max-image-preview:large","max-video-preview":"max-video-preview:-1"},"canonical":"https:\/\/premiumseeds.eu\/de\/produkt\/rote-ruebe-opolski\/","og_locale":"de_DE","og_type":"article","og_title":"Rote R\u00fcbe Opolski - Produzent von Samen \u2013 PremiumSeeds","og_description":"Rote R\u00fcbe Opolski Samen - direkt vom Produzenten der Marke PremiumSeeds. Gro\u00dfhandel und Vertrieb von Samen Rote R\u00fcbe Opolski. Samen mit Garantie der perfekten Keimung. Bestellen Sie direkt beim Hersteller.","og_url":"https:\/\/premiumseeds.eu\/de\/produkt\/rote-ruebe-opolski\/","og_site_name":"PremiumSeeds","article_modified_time":"2022-12-19T10:46:58+00:00","og_image":[{"width":1358,"height":1948,"url":"https:\/\/premiumseeds.eu\/wp-content\/uploads\/2022\/10\/WORLD-14103922PA_VS-3.jpg?v=1666336997","type":"image\/jpeg"}],"twitter_card":"summary_large_image","schema":{"@context":"https:\/\/schema.org","@graph":[{"@type":"WebPage","@id":"https:\/\/premiumseeds.eu\/de\/produkt\/rote-ruebe-opolski\/","url":"https:\/\/premiumseeds.eu\/de\/produkt\/rote-ruebe-opolski\/","name":"Rote R\u00fcbe Opolski - Produzent von Samen \u2013 PremiumSeeds","isPartOf":{"@id":"https:\/\/premiumseeds.eu\/de\/#website"},"datePublished":"2022-10-21T07:24:46+00:00","dateModified":"2022-12-19T10:46:58+00:00","description":"Rote R\u00fcbe Opolski Samen - direkt vom Produzenten der Marke PremiumSeeds. Gro\u00dfhandel und Vertrieb von Samen Rote R\u00fcbe Opolski. Samen mit Garantie der perfekten Keimung. Bestellen Sie direkt beim Hersteller.","breadcrumb":{"@id":"https:\/\/premiumseeds.eu\/de\/produkt\/rote-ruebe-opolski\/#breadcrumb"},"inLanguage":"de","potentialAction":[{"@type":"ReadAction","target":["https:\/\/premiumseeds.eu\/de\/produkt\/rote-ruebe-opolski\/"]}]},{"@type":"BreadcrumbList","@id":"https:\/\/premiumseeds.eu\/de\/produkt\/rote-ruebe-opolski\/#breadcrumb","itemListElement":[{"@type":"ListItem","position":1,"name":"Home","item":"https:\/\/premiumseeds.eu\/de\/"},{"@type":"ListItem","position":2,"name":"Samen","item":"https:\/\/premiumseeds.eu\/de\/samen\/"},{"@type":"ListItem","position":3,"name":"Rote R\u00fcbe Opolski"}]},{"@type":"WebSite","@id":"https:\/\/premiumseeds.eu\/de\/#website","url":"https:\/\/premiumseeds.eu\/de\/","name":"PremiumSeeds","description":"Top seeds producer","potentialAction":[{"@type":"SearchAction","target":{"@type":"EntryPoint","urlTemplate":"https:\/\/premiumseeds.eu\/de\/?s={search_term_string}"},"query-input":"required name=search_term_string"}],"inLanguage":"de"}]}},"_links":{"self":[{"href":"https:\/\/premiumseeds.eu\/de\/wp-json\/wp\/v2\/product\/38193","targetHints":{"allow":["GET"]}}],"collection":[{"href":"https:\/\/premiumseeds.eu\/de\/wp-json\/wp\/v2\/product"}],"about":[{"href":"https:\/\/premiumseeds.eu\/de\/wp-json\/wp\/v2\/types\/product"}],"wp:featuredmedia":[{"embeddable":true,"href":"https:\/\/premiumseeds.eu\/de\/wp-json\/wp\/v2\/media\/38212"}],"wp:attachment":[{"href":"https:\/\/premiumseeds.eu\/de\/wp-json\/wp\/v2\/media?parent=38193"}],"wp:term":[{"taxonomy":"product_cat","embeddable":true,"href":"https:\/\/premiumseeds.eu\/de\/wp-json\/wp\/v2\/product_cat?post=38193"},{"taxonomy":"product_tag","embeddable":true,"href":"https:\/\/premiumseeds.eu\/de\/wp-json\/wp\/v2\/product_tag?post=38193"}],"curies":[{"name":"wp","href":"https:\/\/api.w.org\/{rel}","templated":true}]}}