{"id":42641,"date":"2022-11-24T08:39:57","date_gmt":"2022-11-24T07:39:57","guid":{"rendered":"https:\/\/premiumseeds.eu\/?post_type=product&#038;p=42641"},"modified":"2022-11-24T08:39:58","modified_gmt":"2022-11-24T07:39:58","slug":"tomate-dafne-f1","status":"publish","type":"product","link":"https:\/\/premiumseeds.eu\/de\/produkt\/tomate-dafne-f1\/","title":{"rendered":"Tomate Dafne F1"},"content":{"rendered":"","protected":false},"excerpt":{"rendered":"<p>Fr\u00fchreifende Sorte, hoch, zum Anbau in Glash\u00e4usern und in Foliengew\u00e4chsh\u00e4usern. Rote, mittelgro\u00dfe, leicht abgeflachte Fr\u00fcchte, mit geringer Rippung. Bleiben lange frisch und sind rissfest. Zum direkten Verzehr und zur Lagerung empfohlen.<br \/>\n<\/b><br \/>\n<strong>Tomate Dafne F1 &#8211; Samen<\/strong><br \/>\n<\/b><br \/>\n<strong>Saattiefe:<\/strong> 0,5 cm<br \/>\n<strong>Aussaat unter Glas \/ Vorkultur:<\/strong> Januar &#8211; April<br \/>\n<strong>Auspflanzung:<\/strong> 15 Mai<br \/>\n<strong>Spread:<\/strong> 30-40 x 60 cm<br \/>\n<strong>Erntezeit:<\/strong> April &#8211; September<br \/>\n<\/b><br \/>\nInhalt eines Pakets 0,1 g Samen.<\/p>\n","protected":false},"featured_media":42648,"template":"","meta":{"_monsterinsights_skip_tracking":false,"_monsterinsights_sitenote_active":false,"_monsterinsights_sitenote_note":"","_monsterinsights_sitenote_category":0},"product_cat":[927,957],"product_tag":[3121],"class_list":["post-42641","product","type-product","status-publish","has-post-thumbnail","hentry","product_cat-gemusesamen","product_cat-tomatensamen","product_tag-tomate-dafne-f1-samen"],"yoast_head":"<!-- This site is optimized with the Yoast SEO plugin v21.6 - https:\/\/yoast.com\/wordpress\/plugins\/seo\/ -->\n<title>Tomate Dafne F1 - Produzent von Samen \u2013 PremiumSeeds<\/title>\n<meta name=\"description\" content=\"Tomate Dafne F1 Samen - direkt vom Produzenten der Marke PremiumSeeds. Gro\u00dfhandel und Vertrieb von Samen Tomate Dafne F1. Samen mit Garantie der perfekten Keimung. Bestellen Sie direkt beim Hersteller.\" \/>\n<meta name=\"robots\" content=\"index, follow, max-snippet:-1, max-image-preview:large, max-video-preview:-1\" \/>\n<link rel=\"canonical\" href=\"https:\/\/premiumseeds.eu\/de\/produkt\/tomate-dafne-f1\/\" \/>\n<meta property=\"og:locale\" content=\"de_DE\" \/>\n<meta property=\"og:type\" content=\"article\" \/>\n<meta property=\"og:title\" content=\"Tomate Dafne F1 - Produzent von Samen \u2013 PremiumSeeds\" \/>\n<meta property=\"og:description\" content=\"Tomate Dafne F1 Samen - direkt vom Produzenten der Marke PremiumSeeds. Gro\u00dfhandel und Vertrieb von Samen Tomate Dafne F1. Samen mit Garantie der perfekten Keimung. Bestellen Sie direkt beim Hersteller.\" \/>\n<meta property=\"og:url\" content=\"https:\/\/premiumseeds.eu\/de\/produkt\/tomate-dafne-f1\/\" \/>\n<meta property=\"og:site_name\" content=\"PremiumSeeds\" \/>\n<meta property=\"article:modified_time\" content=\"2022-11-24T07:39:58+00:00\" \/>\n<meta property=\"og:image\" content=\"https:\/\/premiumseeds.eu\/wp-content\/uploads\/2022\/11\/WORLD-14251016PA_VS-2.jpg?v=1669275569\" \/>\n\t<meta property=\"og:image:width\" content=\"945\" \/>\n\t<meta property=\"og:image:height\" content=\"1772\" \/>\n\t<meta property=\"og:image:type\" content=\"image\/jpeg\" \/>\n<meta name=\"twitter:card\" content=\"summary_large_image\" \/>\n<script type=\"application\/ld+json\" class=\"yoast-schema-graph\">{\"@context\":\"https:\/\/schema.org\",\"@graph\":[{\"@type\":\"WebPage\",\"@id\":\"https:\/\/premiumseeds.eu\/de\/produkt\/tomate-dafne-f1\/\",\"url\":\"https:\/\/premiumseeds.eu\/de\/produkt\/tomate-dafne-f1\/\",\"name\":\"Tomate Dafne F1 - Produzent von Samen \u2013 PremiumSeeds\",\"isPartOf\":{\"@id\":\"https:\/\/premiumseeds.eu\/de\/#website\"},\"datePublished\":\"2022-11-24T07:39:57+00:00\",\"dateModified\":\"2022-11-24T07:39:58+00:00\",\"description\":\"Tomate Dafne F1 Samen - direkt vom Produzenten der Marke PremiumSeeds. Gro\u00dfhandel und Vertrieb von Samen Tomate Dafne F1. Samen mit Garantie der perfekten Keimung. Bestellen Sie direkt beim Hersteller.\",\"breadcrumb\":{\"@id\":\"https:\/\/premiumseeds.eu\/de\/produkt\/tomate-dafne-f1\/#breadcrumb\"},\"inLanguage\":\"de\",\"potentialAction\":[{\"@type\":\"ReadAction\",\"target\":[\"https:\/\/premiumseeds.eu\/de\/produkt\/tomate-dafne-f1\/\"]}]},{\"@type\":\"BreadcrumbList\",\"@id\":\"https:\/\/premiumseeds.eu\/de\/produkt\/tomate-dafne-f1\/#breadcrumb\",\"itemListElement\":[{\"@type\":\"ListItem\",\"position\":1,\"name\":\"Home\",\"item\":\"https:\/\/premiumseeds.eu\/de\/\"},{\"@type\":\"ListItem\",\"position\":2,\"name\":\"Samen\",\"item\":\"https:\/\/premiumseeds.eu\/de\/samen\/\"},{\"@type\":\"ListItem\",\"position\":3,\"name\":\"Tomate Dafne F1\"}]},{\"@type\":\"WebSite\",\"@id\":\"https:\/\/premiumseeds.eu\/de\/#website\",\"url\":\"https:\/\/premiumseeds.eu\/de\/\",\"name\":\"PremiumSeeds\",\"description\":\"Top seeds producer\",\"potentialAction\":[{\"@type\":\"SearchAction\",\"target\":{\"@type\":\"EntryPoint\",\"urlTemplate\":\"https:\/\/premiumseeds.eu\/de\/?s={search_term_string}\"},\"query-input\":\"required name=search_term_string\"}],\"inLanguage\":\"de\"}]}<\/script>\n<!-- \/ Yoast SEO plugin. -->","yoast_head_json":{"title":"Tomate Dafne F1 - Produzent von Samen \u2013 PremiumSeeds","description":"Tomate Dafne F1 Samen - direkt vom Produzenten der Marke PremiumSeeds. Gro\u00dfhandel und Vertrieb von Samen Tomate Dafne F1. Samen mit Garantie der perfekten Keimung. Bestellen Sie direkt beim Hersteller.","robots":{"index":"index","follow":"follow","max-snippet":"max-snippet:-1","max-image-preview":"max-image-preview:large","max-video-preview":"max-video-preview:-1"},"canonical":"https:\/\/premiumseeds.eu\/de\/produkt\/tomate-dafne-f1\/","og_locale":"de_DE","og_type":"article","og_title":"Tomate Dafne F1 - Produzent von Samen \u2013 PremiumSeeds","og_description":"Tomate Dafne F1 Samen - direkt vom Produzenten der Marke PremiumSeeds. Gro\u00dfhandel und Vertrieb von Samen Tomate Dafne F1. Samen mit Garantie der perfekten Keimung. Bestellen Sie direkt beim Hersteller.","og_url":"https:\/\/premiumseeds.eu\/de\/produkt\/tomate-dafne-f1\/","og_site_name":"PremiumSeeds","article_modified_time":"2022-11-24T07:39:58+00:00","og_image":[{"width":945,"height":1772,"url":"https:\/\/premiumseeds.eu\/wp-content\/uploads\/2022\/11\/WORLD-14251016PA_VS-2.jpg?v=1669275569","type":"image\/jpeg"}],"twitter_card":"summary_large_image","schema":{"@context":"https:\/\/schema.org","@graph":[{"@type":"WebPage","@id":"https:\/\/premiumseeds.eu\/de\/produkt\/tomate-dafne-f1\/","url":"https:\/\/premiumseeds.eu\/de\/produkt\/tomate-dafne-f1\/","name":"Tomate Dafne F1 - Produzent von Samen \u2013 PremiumSeeds","isPartOf":{"@id":"https:\/\/premiumseeds.eu\/de\/#website"},"datePublished":"2022-11-24T07:39:57+00:00","dateModified":"2022-11-24T07:39:58+00:00","description":"Tomate Dafne F1 Samen - direkt vom Produzenten der Marke PremiumSeeds. Gro\u00dfhandel und Vertrieb von Samen Tomate Dafne F1. Samen mit Garantie der perfekten Keimung. Bestellen Sie direkt beim Hersteller.","breadcrumb":{"@id":"https:\/\/premiumseeds.eu\/de\/produkt\/tomate-dafne-f1\/#breadcrumb"},"inLanguage":"de","potentialAction":[{"@type":"ReadAction","target":["https:\/\/premiumseeds.eu\/de\/produkt\/tomate-dafne-f1\/"]}]},{"@type":"BreadcrumbList","@id":"https:\/\/premiumseeds.eu\/de\/produkt\/tomate-dafne-f1\/#breadcrumb","itemListElement":[{"@type":"ListItem","position":1,"name":"Home","item":"https:\/\/premiumseeds.eu\/de\/"},{"@type":"ListItem","position":2,"name":"Samen","item":"https:\/\/premiumseeds.eu\/de\/samen\/"},{"@type":"ListItem","position":3,"name":"Tomate Dafne F1"}]},{"@type":"WebSite","@id":"https:\/\/premiumseeds.eu\/de\/#website","url":"https:\/\/premiumseeds.eu\/de\/","name":"PremiumSeeds","description":"Top seeds producer","potentialAction":[{"@type":"SearchAction","target":{"@type":"EntryPoint","urlTemplate":"https:\/\/premiumseeds.eu\/de\/?s={search_term_string}"},"query-input":"required name=search_term_string"}],"inLanguage":"de"}]}},"_links":{"self":[{"href":"https:\/\/premiumseeds.eu\/de\/wp-json\/wp\/v2\/product\/42641","targetHints":{"allow":["GET"]}}],"collection":[{"href":"https:\/\/premiumseeds.eu\/de\/wp-json\/wp\/v2\/product"}],"about":[{"href":"https:\/\/premiumseeds.eu\/de\/wp-json\/wp\/v2\/types\/product"}],"wp:featuredmedia":[{"embeddable":true,"href":"https:\/\/premiumseeds.eu\/de\/wp-json\/wp\/v2\/media\/42648"}],"wp:attachment":[{"href":"https:\/\/premiumseeds.eu\/de\/wp-json\/wp\/v2\/media?parent=42641"}],"wp:term":[{"taxonomy":"product_cat","embeddable":true,"href":"https:\/\/premiumseeds.eu\/de\/wp-json\/wp\/v2\/product_cat?post=42641"},{"taxonomy":"product_tag","embeddable":true,"href":"https:\/\/premiumseeds.eu\/de\/wp-json\/wp\/v2\/product_tag?post=42641"}],"curies":[{"name":"wp","href":"https:\/\/api.w.org\/{rel}","templated":true}]}}