{"id":42706,"date":"2022-11-24T09:11:21","date_gmt":"2022-11-24T08:11:21","guid":{"rendered":"https:\/\/premiumseeds.eu\/?post_type=product&#038;p=42706"},"modified":"2023-05-10T12:36:35","modified_gmt":"2023-05-10T10:36:35","slug":"kuerbis-mischung-verschiedener-sorten","status":"publish","type":"product","link":"https:\/\/premiumseeds.eu\/de\/produkt\/kuerbis-mischung-verschiedener-sorten\/","title":{"rendered":"K\u00fcrbis &#8211; Mischung verschiedener Sorten"},"content":{"rendered":"","protected":false},"excerpt":{"rendered":"<p>Mischung mehrerer Sorten K\u00fcrbis mit Fr\u00fcchten, die sich durch Form, Farbe und Gr\u00f6\u00dfe unterscheiden. Die Fr\u00fcchte mit schmackhaftem Fruchtfleisch eignen sich zur Zubereitung von Suppen, Marmeladen, Gelees und S\u00e4ften, auch als Zutat f\u00fcr Kuchen geeignet<br \/>\n<\/b><br \/>\n<strong>K\u00fcrbis &#8211; Mischung verschiedener Sorten &#8211; Samen<\/strong><br \/>\n<\/b><br \/>\n<strong>Saattiefe unter Glas \/ Vorkultur:<\/strong> 2 &#8211; 3 cm<br \/>\n<strong>Saattiefe Freiland:<\/strong> 2 &#8211; 3 cm<br \/>\n<strong>Aussaat unter Glas \/ Vorkultur:<\/strong> April &#8211; Mai<br \/>\n<strong>Aussaat Freiland:<\/strong> Mai &#8211; Juni<br \/>\n<strong>Auspflanzung:<\/strong> Mai &#8211; Juni<br \/>\n<strong>Spread:<\/strong> 100 x 100 cm<br \/>\n<strong>Erntezeit:<\/strong> September &#8211; Oktober<br \/>\n<\/b><br \/>\nInhalt eines Pakets 3 g Samen.<\/p>\n","protected":false},"featured_media":45322,"template":"","meta":{"_monsterinsights_skip_tracking":false,"_monsterinsights_sitenote_active":false,"_monsterinsights_sitenote_note":"","_monsterinsights_sitenote_category":0},"product_cat":[927,942],"product_tag":[3126],"class_list":["post-42706","product","type-product","status-publish","has-post-thumbnail","hentry","product_cat-gemusesamen","product_cat-kurbissamen","product_tag-kuerbis-mischung-verschiedener-sorten-samen"],"yoast_head":"<!-- This site is optimized with the Yoast SEO plugin v21.6 - https:\/\/yoast.com\/wordpress\/plugins\/seo\/ -->\n<title>K\u00fcrbis - Mischung verschiedener Sorten - Produzent von Samen \u2013 PremiumSeeds<\/title>\n<meta name=\"description\" content=\"K\u00fcrbis - Mischung verschiedener Sorten Samen - direkt vom Produzenten der Marke PremiumSeeds. Gro\u00dfhandel und Vertrieb von Samen K\u00fcrbis - Mischung verschiedener Sorten. Samen mit Garantie der perfekten Keimung. Bestellen Sie direkt beim Hersteller.\" \/>\n<meta name=\"robots\" content=\"index, follow, max-snippet:-1, max-image-preview:large, max-video-preview:-1\" \/>\n<link rel=\"canonical\" href=\"https:\/\/premiumseeds.eu\/de\/produkt\/kuerbis-mischung-verschiedener-sorten\/\" \/>\n<meta property=\"og:locale\" content=\"de_DE\" \/>\n<meta property=\"og:type\" content=\"article\" \/>\n<meta property=\"og:title\" content=\"K\u00fcrbis - Mischung verschiedener Sorten - Produzent von Samen \u2013 PremiumSeeds\" \/>\n<meta property=\"og:description\" content=\"K\u00fcrbis - Mischung verschiedener Sorten Samen - direkt vom Produzenten der Marke PremiumSeeds. Gro\u00dfhandel und Vertrieb von Samen K\u00fcrbis - Mischung verschiedener Sorten. Samen mit Garantie der perfekten Keimung. Bestellen Sie direkt beim Hersteller.\" \/>\n<meta property=\"og:url\" content=\"https:\/\/premiumseeds.eu\/de\/produkt\/kuerbis-mischung-verschiedener-sorten\/\" \/>\n<meta property=\"og:site_name\" content=\"PremiumSeeds\" \/>\n<meta property=\"article:modified_time\" content=\"2023-05-10T10:36:35+00:00\" \/>\n<meta property=\"og:image\" content=\"https:\/\/premiumseeds.eu\/wp-content\/uploads\/2022\/11\/WORLD-14105319PA_VS-1.jpg?v=1683714976\" \/>\n\t<meta property=\"og:image:width\" content=\"945\" \/>\n\t<meta property=\"og:image:height\" content=\"1772\" \/>\n\t<meta property=\"og:image:type\" content=\"image\/jpeg\" \/>\n<meta name=\"twitter:card\" content=\"summary_large_image\" \/>\n<script type=\"application\/ld+json\" class=\"yoast-schema-graph\">{\"@context\":\"https:\/\/schema.org\",\"@graph\":[{\"@type\":\"WebPage\",\"@id\":\"https:\/\/premiumseeds.eu\/de\/produkt\/kuerbis-mischung-verschiedener-sorten\/\",\"url\":\"https:\/\/premiumseeds.eu\/de\/produkt\/kuerbis-mischung-verschiedener-sorten\/\",\"name\":\"K\u00fcrbis - Mischung verschiedener Sorten - Produzent von Samen \u2013 PremiumSeeds\",\"isPartOf\":{\"@id\":\"https:\/\/premiumseeds.eu\/de\/#website\"},\"datePublished\":\"2022-11-24T08:11:21+00:00\",\"dateModified\":\"2023-05-10T10:36:35+00:00\",\"description\":\"K\u00fcrbis - Mischung verschiedener Sorten Samen - direkt vom Produzenten der Marke PremiumSeeds. Gro\u00dfhandel und Vertrieb von Samen K\u00fcrbis - Mischung verschiedener Sorten. Samen mit Garantie der perfekten Keimung. Bestellen Sie direkt beim Hersteller.\",\"breadcrumb\":{\"@id\":\"https:\/\/premiumseeds.eu\/de\/produkt\/kuerbis-mischung-verschiedener-sorten\/#breadcrumb\"},\"inLanguage\":\"de\",\"potentialAction\":[{\"@type\":\"ReadAction\",\"target\":[\"https:\/\/premiumseeds.eu\/de\/produkt\/kuerbis-mischung-verschiedener-sorten\/\"]}]},{\"@type\":\"BreadcrumbList\",\"@id\":\"https:\/\/premiumseeds.eu\/de\/produkt\/kuerbis-mischung-verschiedener-sorten\/#breadcrumb\",\"itemListElement\":[{\"@type\":\"ListItem\",\"position\":1,\"name\":\"Home\",\"item\":\"https:\/\/premiumseeds.eu\/de\/\"},{\"@type\":\"ListItem\",\"position\":2,\"name\":\"Samen\",\"item\":\"https:\/\/premiumseeds.eu\/de\/samen\/\"},{\"@type\":\"ListItem\",\"position\":3,\"name\":\"K\u00fcrbis &#8211; Mischung verschiedener Sorten\"}]},{\"@type\":\"WebSite\",\"@id\":\"https:\/\/premiumseeds.eu\/de\/#website\",\"url\":\"https:\/\/premiumseeds.eu\/de\/\",\"name\":\"PremiumSeeds\",\"description\":\"Top seeds producer\",\"potentialAction\":[{\"@type\":\"SearchAction\",\"target\":{\"@type\":\"EntryPoint\",\"urlTemplate\":\"https:\/\/premiumseeds.eu\/de\/?s={search_term_string}\"},\"query-input\":\"required name=search_term_string\"}],\"inLanguage\":\"de\"}]}<\/script>\n<!-- \/ Yoast SEO plugin. -->","yoast_head_json":{"title":"K\u00fcrbis - Mischung verschiedener Sorten - Produzent von Samen \u2013 PremiumSeeds","description":"K\u00fcrbis - Mischung verschiedener Sorten Samen - direkt vom Produzenten der Marke PremiumSeeds. Gro\u00dfhandel und Vertrieb von Samen K\u00fcrbis - Mischung verschiedener Sorten. Samen mit Garantie der perfekten Keimung. Bestellen Sie direkt beim Hersteller.","robots":{"index":"index","follow":"follow","max-snippet":"max-snippet:-1","max-image-preview":"max-image-preview:large","max-video-preview":"max-video-preview:-1"},"canonical":"https:\/\/premiumseeds.eu\/de\/produkt\/kuerbis-mischung-verschiedener-sorten\/","og_locale":"de_DE","og_type":"article","og_title":"K\u00fcrbis - Mischung verschiedener Sorten - Produzent von Samen \u2013 PremiumSeeds","og_description":"K\u00fcrbis - Mischung verschiedener Sorten Samen - direkt vom Produzenten der Marke PremiumSeeds. Gro\u00dfhandel und Vertrieb von Samen K\u00fcrbis - Mischung verschiedener Sorten. Samen mit Garantie der perfekten Keimung. Bestellen Sie direkt beim Hersteller.","og_url":"https:\/\/premiumseeds.eu\/de\/produkt\/kuerbis-mischung-verschiedener-sorten\/","og_site_name":"PremiumSeeds","article_modified_time":"2023-05-10T10:36:35+00:00","og_image":[{"width":945,"height":1772,"url":"https:\/\/premiumseeds.eu\/wp-content\/uploads\/2022\/11\/WORLD-14105319PA_VS-1.jpg?v=1683714976","type":"image\/jpeg"}],"twitter_card":"summary_large_image","schema":{"@context":"https:\/\/schema.org","@graph":[{"@type":"WebPage","@id":"https:\/\/premiumseeds.eu\/de\/produkt\/kuerbis-mischung-verschiedener-sorten\/","url":"https:\/\/premiumseeds.eu\/de\/produkt\/kuerbis-mischung-verschiedener-sorten\/","name":"K\u00fcrbis - Mischung verschiedener Sorten - Produzent von Samen \u2013 PremiumSeeds","isPartOf":{"@id":"https:\/\/premiumseeds.eu\/de\/#website"},"datePublished":"2022-11-24T08:11:21+00:00","dateModified":"2023-05-10T10:36:35+00:00","description":"K\u00fcrbis - Mischung verschiedener Sorten Samen - direkt vom Produzenten der Marke PremiumSeeds. Gro\u00dfhandel und Vertrieb von Samen K\u00fcrbis - Mischung verschiedener Sorten. Samen mit Garantie der perfekten Keimung. Bestellen Sie direkt beim Hersteller.","breadcrumb":{"@id":"https:\/\/premiumseeds.eu\/de\/produkt\/kuerbis-mischung-verschiedener-sorten\/#breadcrumb"},"inLanguage":"de","potentialAction":[{"@type":"ReadAction","target":["https:\/\/premiumseeds.eu\/de\/produkt\/kuerbis-mischung-verschiedener-sorten\/"]}]},{"@type":"BreadcrumbList","@id":"https:\/\/premiumseeds.eu\/de\/produkt\/kuerbis-mischung-verschiedener-sorten\/#breadcrumb","itemListElement":[{"@type":"ListItem","position":1,"name":"Home","item":"https:\/\/premiumseeds.eu\/de\/"},{"@type":"ListItem","position":2,"name":"Samen","item":"https:\/\/premiumseeds.eu\/de\/samen\/"},{"@type":"ListItem","position":3,"name":"K\u00fcrbis &#8211; Mischung verschiedener Sorten"}]},{"@type":"WebSite","@id":"https:\/\/premiumseeds.eu\/de\/#website","url":"https:\/\/premiumseeds.eu\/de\/","name":"PremiumSeeds","description":"Top seeds producer","potentialAction":[{"@type":"SearchAction","target":{"@type":"EntryPoint","urlTemplate":"https:\/\/premiumseeds.eu\/de\/?s={search_term_string}"},"query-input":"required name=search_term_string"}],"inLanguage":"de"}]}},"_links":{"self":[{"href":"https:\/\/premiumseeds.eu\/de\/wp-json\/wp\/v2\/product\/42706","targetHints":{"allow":["GET"]}}],"collection":[{"href":"https:\/\/premiumseeds.eu\/de\/wp-json\/wp\/v2\/product"}],"about":[{"href":"https:\/\/premiumseeds.eu\/de\/wp-json\/wp\/v2\/types\/product"}],"wp:featuredmedia":[{"embeddable":true,"href":"https:\/\/premiumseeds.eu\/de\/wp-json\/wp\/v2\/media\/45322"}],"wp:attachment":[{"href":"https:\/\/premiumseeds.eu\/de\/wp-json\/wp\/v2\/media?parent=42706"}],"wp:term":[{"taxonomy":"product_cat","embeddable":true,"href":"https:\/\/premiumseeds.eu\/de\/wp-json\/wp\/v2\/product_cat?post=42706"},{"taxonomy":"product_tag","embeddable":true,"href":"https:\/\/premiumseeds.eu\/de\/wp-json\/wp\/v2\/product_tag?post=42706"}],"curies":[{"name":"wp","href":"https:\/\/api.w.org\/{rel}","templated":true}]}}