{"id":42966,"date":"2022-11-24T11:22:35","date_gmt":"2022-11-24T10:22:35","guid":{"rendered":"https:\/\/premiumseeds.eu\/?post_type=product&#038;p=42966"},"modified":"2022-11-24T11:22:36","modified_gmt":"2022-11-24T10:22:36","slug":"eichblattsalat-dubacek","status":"publish","type":"product","link":"https:\/\/premiumseeds.eu\/de\/produkt\/eichblattsalat-dubacek\/","title":{"rendered":"Eichblattsalat Dubacek"},"content":{"rendered":"","protected":false},"excerpt":{"rendered":"<p>Eichenbl\u00e4ttrige, fr\u00fche Sorte. Best\u00e4ndig gegen Austreiben der Bl\u00fctenst\u00e4nde. Kann im Fr\u00fchjahr, im Sommer und im Herbst angebaut werden. L\u00e4ngliche, schmale, eingeschnittene Bl\u00e4tter, mit hellgr\u00fcner Farbe. Zart und schmackhaft, ideal f\u00fcr Salat, belegte Brote und zur Dekoration von Gerichten.<br \/>\n<\/b><br \/>\n<strong>Eichblattsalat Dubacek &#8211; Samen<\/strong><br \/>\n<\/b><br \/>\n<strong>Saattiefe:<\/strong> 0,5 cm<br \/>\n<strong>Aussaat unter Glas \/ Vorkultur:<\/strong> Februar &#8211; M\u00e4rz<br \/>\n<strong>Aussaat Freiland:<\/strong> M\u00e4rz &#8211; Juli<br \/>\n<strong>Auspflanzung:<\/strong> M\u00e4rz &#8211; Mai<br \/>\n<strong>Spread:<\/strong> 30 x 30 cm<br \/>\n<strong>Erntezeit:<\/strong> April &#8211; September<br \/>\n<\/b><br \/>\nInhalt eines Pakets 1 Gramm Samen.<\/p>\n","protected":false},"featured_media":42973,"template":"","meta":{"_monsterinsights_skip_tracking":false,"_monsterinsights_sitenote_active":false,"_monsterinsights_sitenote_note":"","_monsterinsights_sitenote_category":0},"product_cat":[927,952],"product_tag":[3146],"class_list":["post-42966","product","type-product","status-publish","has-post-thumbnail","hentry","product_cat-gemusesamen","product_cat-salatsamen","product_tag-eichblattsalat-dubacek-samen"],"yoast_head":"<!-- This site is optimized with the Yoast SEO plugin v21.6 - https:\/\/yoast.com\/wordpress\/plugins\/seo\/ -->\n<title>Eichblattsalat Dubacek - Produzent von Samen \u2013 PremiumSeeds<\/title>\n<meta name=\"description\" content=\"Eichblattsalat Dubacek Samen - direkt vom Produzenten der Marke PremiumSeeds. Gro\u00dfhandel und Vertrieb von Samen Eichblattsalat Dubacek. Samen mit Garantie der perfekten Keimung. Bestellen Sie direkt beim Hersteller.\" \/>\n<meta name=\"robots\" content=\"index, follow, max-snippet:-1, max-image-preview:large, max-video-preview:-1\" \/>\n<link rel=\"canonical\" href=\"https:\/\/premiumseeds.eu\/de\/produkt\/eichblattsalat-dubacek\/\" \/>\n<meta property=\"og:locale\" content=\"de_DE\" \/>\n<meta property=\"og:type\" content=\"article\" \/>\n<meta property=\"og:title\" content=\"Eichblattsalat Dubacek - Produzent von Samen \u2013 PremiumSeeds\" \/>\n<meta property=\"og:description\" content=\"Eichblattsalat Dubacek Samen - direkt vom Produzenten der Marke PremiumSeeds. Gro\u00dfhandel und Vertrieb von Samen Eichblattsalat Dubacek. Samen mit Garantie der perfekten Keimung. Bestellen Sie direkt beim Hersteller.\" \/>\n<meta property=\"og:url\" content=\"https:\/\/premiumseeds.eu\/de\/produkt\/eichblattsalat-dubacek\/\" \/>\n<meta property=\"og:site_name\" content=\"PremiumSeeds\" \/>\n<meta property=\"article:modified_time\" content=\"2022-11-24T10:22:36+00:00\" \/>\n<meta property=\"og:image\" content=\"https:\/\/premiumseeds.eu\/wp-content\/uploads\/2022\/11\/WORLD-N-170-7537_VS-3.jpg?v=1669285325\" \/>\n\t<meta property=\"og:image:width\" content=\"945\" \/>\n\t<meta property=\"og:image:height\" content=\"1772\" \/>\n\t<meta property=\"og:image:type\" content=\"image\/jpeg\" \/>\n<meta name=\"twitter:card\" content=\"summary_large_image\" \/>\n<script type=\"application\/ld+json\" class=\"yoast-schema-graph\">{\"@context\":\"https:\/\/schema.org\",\"@graph\":[{\"@type\":\"WebPage\",\"@id\":\"https:\/\/premiumseeds.eu\/de\/produkt\/eichblattsalat-dubacek\/\",\"url\":\"https:\/\/premiumseeds.eu\/de\/produkt\/eichblattsalat-dubacek\/\",\"name\":\"Eichblattsalat Dubacek - Produzent von Samen \u2013 PremiumSeeds\",\"isPartOf\":{\"@id\":\"https:\/\/premiumseeds.eu\/de\/#website\"},\"datePublished\":\"2022-11-24T10:22:35+00:00\",\"dateModified\":\"2022-11-24T10:22:36+00:00\",\"description\":\"Eichblattsalat Dubacek Samen - direkt vom Produzenten der Marke PremiumSeeds. Gro\u00dfhandel und Vertrieb von Samen Eichblattsalat Dubacek. Samen mit Garantie der perfekten Keimung. Bestellen Sie direkt beim Hersteller.\",\"breadcrumb\":{\"@id\":\"https:\/\/premiumseeds.eu\/de\/produkt\/eichblattsalat-dubacek\/#breadcrumb\"},\"inLanguage\":\"de\",\"potentialAction\":[{\"@type\":\"ReadAction\",\"target\":[\"https:\/\/premiumseeds.eu\/de\/produkt\/eichblattsalat-dubacek\/\"]}]},{\"@type\":\"BreadcrumbList\",\"@id\":\"https:\/\/premiumseeds.eu\/de\/produkt\/eichblattsalat-dubacek\/#breadcrumb\",\"itemListElement\":[{\"@type\":\"ListItem\",\"position\":1,\"name\":\"Home\",\"item\":\"https:\/\/premiumseeds.eu\/de\/\"},{\"@type\":\"ListItem\",\"position\":2,\"name\":\"Samen\",\"item\":\"https:\/\/premiumseeds.eu\/de\/samen\/\"},{\"@type\":\"ListItem\",\"position\":3,\"name\":\"Eichblattsalat Dubacek\"}]},{\"@type\":\"WebSite\",\"@id\":\"https:\/\/premiumseeds.eu\/de\/#website\",\"url\":\"https:\/\/premiumseeds.eu\/de\/\",\"name\":\"PremiumSeeds\",\"description\":\"Top seeds producer\",\"potentialAction\":[{\"@type\":\"SearchAction\",\"target\":{\"@type\":\"EntryPoint\",\"urlTemplate\":\"https:\/\/premiumseeds.eu\/de\/?s={search_term_string}\"},\"query-input\":\"required name=search_term_string\"}],\"inLanguage\":\"de\"}]}<\/script>\n<!-- \/ Yoast SEO plugin. -->","yoast_head_json":{"title":"Eichblattsalat Dubacek - Produzent von Samen \u2013 PremiumSeeds","description":"Eichblattsalat Dubacek Samen - direkt vom Produzenten der Marke PremiumSeeds. Gro\u00dfhandel und Vertrieb von Samen Eichblattsalat Dubacek. Samen mit Garantie der perfekten Keimung. Bestellen Sie direkt beim Hersteller.","robots":{"index":"index","follow":"follow","max-snippet":"max-snippet:-1","max-image-preview":"max-image-preview:large","max-video-preview":"max-video-preview:-1"},"canonical":"https:\/\/premiumseeds.eu\/de\/produkt\/eichblattsalat-dubacek\/","og_locale":"de_DE","og_type":"article","og_title":"Eichblattsalat Dubacek - Produzent von Samen \u2013 PremiumSeeds","og_description":"Eichblattsalat Dubacek Samen - direkt vom Produzenten der Marke PremiumSeeds. Gro\u00dfhandel und Vertrieb von Samen Eichblattsalat Dubacek. Samen mit Garantie der perfekten Keimung. Bestellen Sie direkt beim Hersteller.","og_url":"https:\/\/premiumseeds.eu\/de\/produkt\/eichblattsalat-dubacek\/","og_site_name":"PremiumSeeds","article_modified_time":"2022-11-24T10:22:36+00:00","og_image":[{"width":945,"height":1772,"url":"https:\/\/premiumseeds.eu\/wp-content\/uploads\/2022\/11\/WORLD-N-170-7537_VS-3.jpg?v=1669285325","type":"image\/jpeg"}],"twitter_card":"summary_large_image","schema":{"@context":"https:\/\/schema.org","@graph":[{"@type":"WebPage","@id":"https:\/\/premiumseeds.eu\/de\/produkt\/eichblattsalat-dubacek\/","url":"https:\/\/premiumseeds.eu\/de\/produkt\/eichblattsalat-dubacek\/","name":"Eichblattsalat Dubacek - Produzent von Samen \u2013 PremiumSeeds","isPartOf":{"@id":"https:\/\/premiumseeds.eu\/de\/#website"},"datePublished":"2022-11-24T10:22:35+00:00","dateModified":"2022-11-24T10:22:36+00:00","description":"Eichblattsalat Dubacek Samen - direkt vom Produzenten der Marke PremiumSeeds. Gro\u00dfhandel und Vertrieb von Samen Eichblattsalat Dubacek. Samen mit Garantie der perfekten Keimung. Bestellen Sie direkt beim Hersteller.","breadcrumb":{"@id":"https:\/\/premiumseeds.eu\/de\/produkt\/eichblattsalat-dubacek\/#breadcrumb"},"inLanguage":"de","potentialAction":[{"@type":"ReadAction","target":["https:\/\/premiumseeds.eu\/de\/produkt\/eichblattsalat-dubacek\/"]}]},{"@type":"BreadcrumbList","@id":"https:\/\/premiumseeds.eu\/de\/produkt\/eichblattsalat-dubacek\/#breadcrumb","itemListElement":[{"@type":"ListItem","position":1,"name":"Home","item":"https:\/\/premiumseeds.eu\/de\/"},{"@type":"ListItem","position":2,"name":"Samen","item":"https:\/\/premiumseeds.eu\/de\/samen\/"},{"@type":"ListItem","position":3,"name":"Eichblattsalat Dubacek"}]},{"@type":"WebSite","@id":"https:\/\/premiumseeds.eu\/de\/#website","url":"https:\/\/premiumseeds.eu\/de\/","name":"PremiumSeeds","description":"Top seeds producer","potentialAction":[{"@type":"SearchAction","target":{"@type":"EntryPoint","urlTemplate":"https:\/\/premiumseeds.eu\/de\/?s={search_term_string}"},"query-input":"required name=search_term_string"}],"inLanguage":"de"}]}},"_links":{"self":[{"href":"https:\/\/premiumseeds.eu\/de\/wp-json\/wp\/v2\/product\/42966","targetHints":{"allow":["GET"]}}],"collection":[{"href":"https:\/\/premiumseeds.eu\/de\/wp-json\/wp\/v2\/product"}],"about":[{"href":"https:\/\/premiumseeds.eu\/de\/wp-json\/wp\/v2\/types\/product"}],"wp:featuredmedia":[{"embeddable":true,"href":"https:\/\/premiumseeds.eu\/de\/wp-json\/wp\/v2\/media\/42973"}],"wp:attachment":[{"href":"https:\/\/premiumseeds.eu\/de\/wp-json\/wp\/v2\/media?parent=42966"}],"wp:term":[{"taxonomy":"product_cat","embeddable":true,"href":"https:\/\/premiumseeds.eu\/de\/wp-json\/wp\/v2\/product_cat?post=42966"},{"taxonomy":"product_tag","embeddable":true,"href":"https:\/\/premiumseeds.eu\/de\/wp-json\/wp\/v2\/product_tag?post=42966"}],"curies":[{"name":"wp","href":"https:\/\/api.w.org\/{rel}","templated":true}]}}