{"id":43018,"date":"2022-11-24T11:54:04","date_gmt":"2022-11-24T10:54:04","guid":{"rendered":"https:\/\/premiumseeds.eu\/?post_type=product&#038;p=43018"},"modified":"2023-06-30T14:48:31","modified_gmt":"2023-06-30T12:48:31","slug":"himbeertomate-mischung-verschiedener-sorten","status":"publish","type":"product","link":"https:\/\/premiumseeds.eu\/de\/produkt\/himbeertomate-mischung-verschiedener-sorten\/","title":{"rendered":"Himbeertomate &#8211; Mischung verschiedener Sorten"},"content":{"rendered":"","protected":false},"excerpt":{"rendered":"<p>Mischung mehrerer Sorte von Himbeer-Tomaten. Dazu geh\u00f6ren Sorten, die aufgrund ihrer sehr schmackhaften und aromatischen Fr\u00fcchte mit saftigem, fleischigem Fruchtfleisch gesch\u00e4tzt werden. Zum direkten Verzehr, f\u00fcr belegte Brote und Salate empfohlen.<br \/>\n<\/b><br \/>\n<strong>Himbeertomate &#8211; Mischung verschiedener Sorten &#8211; Samen<\/strong><br \/>\n<\/b><br \/>\n<strong>Saattiefe:<\/strong> 0,5 cm<br \/>\n<strong>Aussaat unter Glas \/ Vorkultur:<\/strong> M\u00e4rz &#8211; April<br \/>\n<strong>Auspflanzung:<\/strong> 15 Mai<br \/>\n<strong>Spread:<\/strong> 40-60 x 30-40 cm<br \/>\n<strong>Erntezeit:<\/strong> Juli &#8211; September<br \/>\n<\/b><br \/>\nInhalt eines Pakets 0,5 g Samen.<\/p>\n","protected":false},"featured_media":58564,"template":"","meta":{"_monsterinsights_skip_tracking":false,"_monsterinsights_sitenote_active":false,"_monsterinsights_sitenote_note":"","_monsterinsights_sitenote_category":0},"product_cat":[927,957],"product_tag":[3150],"class_list":["post-43018","product","type-product","status-publish","has-post-thumbnail","hentry","product_cat-gemusesamen","product_cat-tomatensamen","product_tag-himbeertomate-mischung-verschiedener-sorten-samen"],"yoast_head":"<!-- This site is optimized with the Yoast SEO plugin v21.6 - https:\/\/yoast.com\/wordpress\/plugins\/seo\/ -->\n<title>Himbeertomate - Mischung verschiedener Sorten - Produzent von Samen \u2013 PremiumSeeds<\/title>\n<meta name=\"description\" content=\"Himbeertomate - Mischung verschiedener Sorten Samen - direkt vom Produzenten der Marke PremiumSeeds. Gro\u00dfhandel und Vertrieb von Samen Himbeertomate - Mischung verschiedener Sorten. Samen mit Garantie der perfekten Keimung. Bestellen Sie direkt beim Hersteller.\" \/>\n<meta name=\"robots\" content=\"index, follow, max-snippet:-1, max-image-preview:large, max-video-preview:-1\" \/>\n<link rel=\"canonical\" href=\"https:\/\/premiumseeds.eu\/de\/produkt\/himbeertomate-mischung-verschiedener-sorten\/\" \/>\n<meta property=\"og:locale\" content=\"de_DE\" \/>\n<meta property=\"og:type\" content=\"article\" \/>\n<meta property=\"og:title\" content=\"Himbeertomate - Mischung verschiedener Sorten - Produzent von Samen \u2013 PremiumSeeds\" \/>\n<meta property=\"og:description\" content=\"Himbeertomate - Mischung verschiedener Sorten Samen - direkt vom Produzenten der Marke PremiumSeeds. Gro\u00dfhandel und Vertrieb von Samen Himbeertomate - Mischung verschiedener Sorten. Samen mit Garantie der perfekten Keimung. Bestellen Sie direkt beim Hersteller.\" \/>\n<meta property=\"og:url\" content=\"https:\/\/premiumseeds.eu\/de\/produkt\/himbeertomate-mischung-verschiedener-sorten\/\" \/>\n<meta property=\"og:site_name\" content=\"PremiumSeeds\" \/>\n<meta property=\"article:modified_time\" content=\"2023-06-30T12:48:31+00:00\" \/>\n<meta property=\"og:image\" content=\"https:\/\/premiumseeds.eu\/wp-content\/uploads\/2022\/11\/WORLD-N-171-7227-spez_VS.jpg?v=1688129297\" \/>\n\t<meta property=\"og:image:width\" content=\"945\" \/>\n\t<meta property=\"og:image:height\" content=\"1772\" \/>\n\t<meta property=\"og:image:type\" content=\"image\/jpeg\" \/>\n<meta name=\"twitter:card\" content=\"summary_large_image\" \/>\n<script type=\"application\/ld+json\" class=\"yoast-schema-graph\">{\"@context\":\"https:\/\/schema.org\",\"@graph\":[{\"@type\":\"WebPage\",\"@id\":\"https:\/\/premiumseeds.eu\/de\/produkt\/himbeertomate-mischung-verschiedener-sorten\/\",\"url\":\"https:\/\/premiumseeds.eu\/de\/produkt\/himbeertomate-mischung-verschiedener-sorten\/\",\"name\":\"Himbeertomate - Mischung verschiedener Sorten - Produzent von Samen \u2013 PremiumSeeds\",\"isPartOf\":{\"@id\":\"https:\/\/premiumseeds.eu\/de\/#website\"},\"datePublished\":\"2022-11-24T10:54:04+00:00\",\"dateModified\":\"2023-06-30T12:48:31+00:00\",\"description\":\"Himbeertomate - Mischung verschiedener Sorten Samen - direkt vom Produzenten der Marke PremiumSeeds. Gro\u00dfhandel und Vertrieb von Samen Himbeertomate - Mischung verschiedener Sorten. Samen mit Garantie der perfekten Keimung. Bestellen Sie direkt beim Hersteller.\",\"breadcrumb\":{\"@id\":\"https:\/\/premiumseeds.eu\/de\/produkt\/himbeertomate-mischung-verschiedener-sorten\/#breadcrumb\"},\"inLanguage\":\"de\",\"potentialAction\":[{\"@type\":\"ReadAction\",\"target\":[\"https:\/\/premiumseeds.eu\/de\/produkt\/himbeertomate-mischung-verschiedener-sorten\/\"]}]},{\"@type\":\"BreadcrumbList\",\"@id\":\"https:\/\/premiumseeds.eu\/de\/produkt\/himbeertomate-mischung-verschiedener-sorten\/#breadcrumb\",\"itemListElement\":[{\"@type\":\"ListItem\",\"position\":1,\"name\":\"Home\",\"item\":\"https:\/\/premiumseeds.eu\/de\/\"},{\"@type\":\"ListItem\",\"position\":2,\"name\":\"Samen\",\"item\":\"https:\/\/premiumseeds.eu\/de\/samen\/\"},{\"@type\":\"ListItem\",\"position\":3,\"name\":\"Himbeertomate &#8211; Mischung verschiedener Sorten\"}]},{\"@type\":\"WebSite\",\"@id\":\"https:\/\/premiumseeds.eu\/de\/#website\",\"url\":\"https:\/\/premiumseeds.eu\/de\/\",\"name\":\"PremiumSeeds\",\"description\":\"Top seeds producer\",\"potentialAction\":[{\"@type\":\"SearchAction\",\"target\":{\"@type\":\"EntryPoint\",\"urlTemplate\":\"https:\/\/premiumseeds.eu\/de\/?s={search_term_string}\"},\"query-input\":\"required name=search_term_string\"}],\"inLanguage\":\"de\"}]}<\/script>\n<!-- \/ Yoast SEO plugin. -->","yoast_head_json":{"title":"Himbeertomate - Mischung verschiedener Sorten - Produzent von Samen \u2013 PremiumSeeds","description":"Himbeertomate - Mischung verschiedener Sorten Samen - direkt vom Produzenten der Marke PremiumSeeds. Gro\u00dfhandel und Vertrieb von Samen Himbeertomate - Mischung verschiedener Sorten. Samen mit Garantie der perfekten Keimung. Bestellen Sie direkt beim Hersteller.","robots":{"index":"index","follow":"follow","max-snippet":"max-snippet:-1","max-image-preview":"max-image-preview:large","max-video-preview":"max-video-preview:-1"},"canonical":"https:\/\/premiumseeds.eu\/de\/produkt\/himbeertomate-mischung-verschiedener-sorten\/","og_locale":"de_DE","og_type":"article","og_title":"Himbeertomate - Mischung verschiedener Sorten - Produzent von Samen \u2013 PremiumSeeds","og_description":"Himbeertomate - Mischung verschiedener Sorten Samen - direkt vom Produzenten der Marke PremiumSeeds. Gro\u00dfhandel und Vertrieb von Samen Himbeertomate - Mischung verschiedener Sorten. Samen mit Garantie der perfekten Keimung. Bestellen Sie direkt beim Hersteller.","og_url":"https:\/\/premiumseeds.eu\/de\/produkt\/himbeertomate-mischung-verschiedener-sorten\/","og_site_name":"PremiumSeeds","article_modified_time":"2023-06-30T12:48:31+00:00","og_image":[{"width":945,"height":1772,"url":"https:\/\/premiumseeds.eu\/wp-content\/uploads\/2022\/11\/WORLD-N-171-7227-spez_VS.jpg?v=1688129297","type":"image\/jpeg"}],"twitter_card":"summary_large_image","schema":{"@context":"https:\/\/schema.org","@graph":[{"@type":"WebPage","@id":"https:\/\/premiumseeds.eu\/de\/produkt\/himbeertomate-mischung-verschiedener-sorten\/","url":"https:\/\/premiumseeds.eu\/de\/produkt\/himbeertomate-mischung-verschiedener-sorten\/","name":"Himbeertomate - Mischung verschiedener Sorten - Produzent von Samen \u2013 PremiumSeeds","isPartOf":{"@id":"https:\/\/premiumseeds.eu\/de\/#website"},"datePublished":"2022-11-24T10:54:04+00:00","dateModified":"2023-06-30T12:48:31+00:00","description":"Himbeertomate - Mischung verschiedener Sorten Samen - direkt vom Produzenten der Marke PremiumSeeds. Gro\u00dfhandel und Vertrieb von Samen Himbeertomate - Mischung verschiedener Sorten. Samen mit Garantie der perfekten Keimung. Bestellen Sie direkt beim Hersteller.","breadcrumb":{"@id":"https:\/\/premiumseeds.eu\/de\/produkt\/himbeertomate-mischung-verschiedener-sorten\/#breadcrumb"},"inLanguage":"de","potentialAction":[{"@type":"ReadAction","target":["https:\/\/premiumseeds.eu\/de\/produkt\/himbeertomate-mischung-verschiedener-sorten\/"]}]},{"@type":"BreadcrumbList","@id":"https:\/\/premiumseeds.eu\/de\/produkt\/himbeertomate-mischung-verschiedener-sorten\/#breadcrumb","itemListElement":[{"@type":"ListItem","position":1,"name":"Home","item":"https:\/\/premiumseeds.eu\/de\/"},{"@type":"ListItem","position":2,"name":"Samen","item":"https:\/\/premiumseeds.eu\/de\/samen\/"},{"@type":"ListItem","position":3,"name":"Himbeertomate &#8211; Mischung verschiedener Sorten"}]},{"@type":"WebSite","@id":"https:\/\/premiumseeds.eu\/de\/#website","url":"https:\/\/premiumseeds.eu\/de\/","name":"PremiumSeeds","description":"Top seeds producer","potentialAction":[{"@type":"SearchAction","target":{"@type":"EntryPoint","urlTemplate":"https:\/\/premiumseeds.eu\/de\/?s={search_term_string}"},"query-input":"required name=search_term_string"}],"inLanguage":"de"}]}},"_links":{"self":[{"href":"https:\/\/premiumseeds.eu\/de\/wp-json\/wp\/v2\/product\/43018","targetHints":{"allow":["GET"]}}],"collection":[{"href":"https:\/\/premiumseeds.eu\/de\/wp-json\/wp\/v2\/product"}],"about":[{"href":"https:\/\/premiumseeds.eu\/de\/wp-json\/wp\/v2\/types\/product"}],"wp:featuredmedia":[{"embeddable":true,"href":"https:\/\/premiumseeds.eu\/de\/wp-json\/wp\/v2\/media\/58564"}],"wp:attachment":[{"href":"https:\/\/premiumseeds.eu\/de\/wp-json\/wp\/v2\/media?parent=43018"}],"wp:term":[{"taxonomy":"product_cat","embeddable":true,"href":"https:\/\/premiumseeds.eu\/de\/wp-json\/wp\/v2\/product_cat?post=43018"},{"taxonomy":"product_tag","embeddable":true,"href":"https:\/\/premiumseeds.eu\/de\/wp-json\/wp\/v2\/product_tag?post=43018"}],"curies":[{"name":"wp","href":"https:\/\/api.w.org\/{rel}","templated":true}]}}