{"id":45993,"date":"2023-05-15T11:26:54","date_gmt":"2023-05-15T09:26:54","guid":{"rendered":"https:\/\/premiumseeds.eu\/?post_type=product&#038;p=45993"},"modified":"2023-05-15T11:26:55","modified_gmt":"2023-05-15T09:26:55","slug":"moehre-amsterdam-3","status":"publish","type":"product","link":"https:\/\/premiumseeds.eu\/de\/produkt\/moehre-amsterdam-3\/","title":{"rendered":"M\u00f6hre &#8211; Amsterdam 3"},"content":{"rendered":"","protected":false},"excerpt":{"rendered":"<p>Fr\u00fchreifende Sorte f\u00fcr Fr\u00fchjahrs- und Herbstaussaat. Wurzeln ca. 15 cm lang, dunkelorange, knackig und saftig. F\u00fcr S\u00e4fte, zum direkten Verzehr und zur kurzfristigen Lagerung empfohlen.<br \/>\n<\/b><br \/>\n<strong>M\u00f6hre &#8211; Amsterdam 3 &#8211; Samen<\/strong><br \/>\n<\/b><br \/>\n<strong>Saattiefe:<\/strong> 1 &#8211; 2 cm<br \/>\n<strong>Aussaat Freiland:<\/strong> M\u00e4rz &#8211; Mai; November &#8211; Dezember<br \/>\n<strong>Pflanzabstand:<\/strong> 25-35 x 5-6 cm<br \/>\n<strong>Erntezeit:<\/strong> August &#8211; September; Mai &#8211; April<br \/>\n<\/b><br \/>\nInhalt eines Pakets 5 g Samen.<\/p>\n","protected":false},"featured_media":46000,"template":"","meta":{"_monsterinsights_skip_tracking":false,"_monsterinsights_sitenote_active":false,"_monsterinsights_sitenote_note":"","_monsterinsights_sitenote_category":0},"product_cat":[927,945],"product_tag":[3296],"class_list":["post-45993","product","type-product","status-publish","has-post-thumbnail","hentry","product_cat-gemusesamen","product_cat-mohrensamen","product_tag-moehre-amsterdam-3-samen"],"yoast_head":"<!-- This site is optimized with the Yoast SEO plugin v21.6 - https:\/\/yoast.com\/wordpress\/plugins\/seo\/ -->\n<title>M\u00f6hre - Amsterdam 3 - Produzent von Samen \u2013 PremiumSeeds<\/title>\n<meta name=\"description\" content=\"M\u00f6hre - Amsterdam 3 Samen - direkt vom Produzenten der Marke PremiumSeeds. Gro\u00dfhandel und Vertrieb von Samen M\u00f6hre - Amsterdam 3. Samen mit Garantie der perfekten Keimung. Bestellen Sie direkt beim Hersteller.\" \/>\n<meta name=\"robots\" content=\"index, follow, max-snippet:-1, max-image-preview:large, max-video-preview:-1\" \/>\n<link rel=\"canonical\" href=\"https:\/\/premiumseeds.eu\/de\/produkt\/moehre-amsterdam-3\/\" \/>\n<meta property=\"og:locale\" content=\"de_DE\" \/>\n<meta property=\"og:type\" content=\"article\" \/>\n<meta property=\"og:title\" content=\"M\u00f6hre - Amsterdam 3 - Produzent von Samen \u2013 PremiumSeeds\" \/>\n<meta property=\"og:description\" content=\"M\u00f6hre - Amsterdam 3 Samen - direkt vom Produzenten der Marke PremiumSeeds. Gro\u00dfhandel und Vertrieb von Samen M\u00f6hre - Amsterdam 3. Samen mit Garantie der perfekten Keimung. Bestellen Sie direkt beim Hersteller.\" \/>\n<meta property=\"og:url\" content=\"https:\/\/premiumseeds.eu\/de\/produkt\/moehre-amsterdam-3\/\" \/>\n<meta property=\"og:site_name\" content=\"PremiumSeeds\" \/>\n<meta property=\"article:modified_time\" content=\"2023-05-15T09:26:55+00:00\" \/>\n<meta property=\"og:image\" content=\"https:\/\/premiumseeds.eu\/wp-content\/uploads\/2023\/05\/WORLD-10083963PA_VS.jpg?v=1684142645\" \/>\n\t<meta property=\"og:image:width\" content=\"945\" \/>\n\t<meta property=\"og:image:height\" content=\"1772\" \/>\n\t<meta property=\"og:image:type\" content=\"image\/jpeg\" \/>\n<meta name=\"twitter:card\" content=\"summary_large_image\" \/>\n<script type=\"application\/ld+json\" class=\"yoast-schema-graph\">{\"@context\":\"https:\/\/schema.org\",\"@graph\":[{\"@type\":\"WebPage\",\"@id\":\"https:\/\/premiumseeds.eu\/de\/produkt\/moehre-amsterdam-3\/\",\"url\":\"https:\/\/premiumseeds.eu\/de\/produkt\/moehre-amsterdam-3\/\",\"name\":\"M\u00f6hre - Amsterdam 3 - Produzent von Samen \u2013 PremiumSeeds\",\"isPartOf\":{\"@id\":\"https:\/\/premiumseeds.eu\/de\/#website\"},\"datePublished\":\"2023-05-15T09:26:54+00:00\",\"dateModified\":\"2023-05-15T09:26:55+00:00\",\"description\":\"M\u00f6hre - Amsterdam 3 Samen - direkt vom Produzenten der Marke PremiumSeeds. Gro\u00dfhandel und Vertrieb von Samen M\u00f6hre - Amsterdam 3. Samen mit Garantie der perfekten Keimung. Bestellen Sie direkt beim Hersteller.\",\"breadcrumb\":{\"@id\":\"https:\/\/premiumseeds.eu\/de\/produkt\/moehre-amsterdam-3\/#breadcrumb\"},\"inLanguage\":\"de\",\"potentialAction\":[{\"@type\":\"ReadAction\",\"target\":[\"https:\/\/premiumseeds.eu\/de\/produkt\/moehre-amsterdam-3\/\"]}]},{\"@type\":\"BreadcrumbList\",\"@id\":\"https:\/\/premiumseeds.eu\/de\/produkt\/moehre-amsterdam-3\/#breadcrumb\",\"itemListElement\":[{\"@type\":\"ListItem\",\"position\":1,\"name\":\"Home\",\"item\":\"https:\/\/premiumseeds.eu\/de\/\"},{\"@type\":\"ListItem\",\"position\":2,\"name\":\"Samen\",\"item\":\"https:\/\/premiumseeds.eu\/de\/samen\/\"},{\"@type\":\"ListItem\",\"position\":3,\"name\":\"M\u00f6hre &#8211; Amsterdam 3\"}]},{\"@type\":\"WebSite\",\"@id\":\"https:\/\/premiumseeds.eu\/de\/#website\",\"url\":\"https:\/\/premiumseeds.eu\/de\/\",\"name\":\"PremiumSeeds\",\"description\":\"Top seeds producer\",\"potentialAction\":[{\"@type\":\"SearchAction\",\"target\":{\"@type\":\"EntryPoint\",\"urlTemplate\":\"https:\/\/premiumseeds.eu\/de\/?s={search_term_string}\"},\"query-input\":\"required name=search_term_string\"}],\"inLanguage\":\"de\"}]}<\/script>\n<!-- \/ Yoast SEO plugin. -->","yoast_head_json":{"title":"M\u00f6hre - Amsterdam 3 - Produzent von Samen \u2013 PremiumSeeds","description":"M\u00f6hre - Amsterdam 3 Samen - direkt vom Produzenten der Marke PremiumSeeds. Gro\u00dfhandel und Vertrieb von Samen M\u00f6hre - Amsterdam 3. Samen mit Garantie der perfekten Keimung. Bestellen Sie direkt beim Hersteller.","robots":{"index":"index","follow":"follow","max-snippet":"max-snippet:-1","max-image-preview":"max-image-preview:large","max-video-preview":"max-video-preview:-1"},"canonical":"https:\/\/premiumseeds.eu\/de\/produkt\/moehre-amsterdam-3\/","og_locale":"de_DE","og_type":"article","og_title":"M\u00f6hre - Amsterdam 3 - Produzent von Samen \u2013 PremiumSeeds","og_description":"M\u00f6hre - Amsterdam 3 Samen - direkt vom Produzenten der Marke PremiumSeeds. Gro\u00dfhandel und Vertrieb von Samen M\u00f6hre - Amsterdam 3. Samen mit Garantie der perfekten Keimung. Bestellen Sie direkt beim Hersteller.","og_url":"https:\/\/premiumseeds.eu\/de\/produkt\/moehre-amsterdam-3\/","og_site_name":"PremiumSeeds","article_modified_time":"2023-05-15T09:26:55+00:00","og_image":[{"width":945,"height":1772,"url":"https:\/\/premiumseeds.eu\/wp-content\/uploads\/2023\/05\/WORLD-10083963PA_VS.jpg?v=1684142645","type":"image\/jpeg"}],"twitter_card":"summary_large_image","schema":{"@context":"https:\/\/schema.org","@graph":[{"@type":"WebPage","@id":"https:\/\/premiumseeds.eu\/de\/produkt\/moehre-amsterdam-3\/","url":"https:\/\/premiumseeds.eu\/de\/produkt\/moehre-amsterdam-3\/","name":"M\u00f6hre - Amsterdam 3 - Produzent von Samen \u2013 PremiumSeeds","isPartOf":{"@id":"https:\/\/premiumseeds.eu\/de\/#website"},"datePublished":"2023-05-15T09:26:54+00:00","dateModified":"2023-05-15T09:26:55+00:00","description":"M\u00f6hre - Amsterdam 3 Samen - direkt vom Produzenten der Marke PremiumSeeds. Gro\u00dfhandel und Vertrieb von Samen M\u00f6hre - Amsterdam 3. Samen mit Garantie der perfekten Keimung. Bestellen Sie direkt beim Hersteller.","breadcrumb":{"@id":"https:\/\/premiumseeds.eu\/de\/produkt\/moehre-amsterdam-3\/#breadcrumb"},"inLanguage":"de","potentialAction":[{"@type":"ReadAction","target":["https:\/\/premiumseeds.eu\/de\/produkt\/moehre-amsterdam-3\/"]}]},{"@type":"BreadcrumbList","@id":"https:\/\/premiumseeds.eu\/de\/produkt\/moehre-amsterdam-3\/#breadcrumb","itemListElement":[{"@type":"ListItem","position":1,"name":"Home","item":"https:\/\/premiumseeds.eu\/de\/"},{"@type":"ListItem","position":2,"name":"Samen","item":"https:\/\/premiumseeds.eu\/de\/samen\/"},{"@type":"ListItem","position":3,"name":"M\u00f6hre &#8211; Amsterdam 3"}]},{"@type":"WebSite","@id":"https:\/\/premiumseeds.eu\/de\/#website","url":"https:\/\/premiumseeds.eu\/de\/","name":"PremiumSeeds","description":"Top seeds producer","potentialAction":[{"@type":"SearchAction","target":{"@type":"EntryPoint","urlTemplate":"https:\/\/premiumseeds.eu\/de\/?s={search_term_string}"},"query-input":"required name=search_term_string"}],"inLanguage":"de"}]}},"_links":{"self":[{"href":"https:\/\/premiumseeds.eu\/de\/wp-json\/wp\/v2\/product\/45993","targetHints":{"allow":["GET"]}}],"collection":[{"href":"https:\/\/premiumseeds.eu\/de\/wp-json\/wp\/v2\/product"}],"about":[{"href":"https:\/\/premiumseeds.eu\/de\/wp-json\/wp\/v2\/types\/product"}],"wp:featuredmedia":[{"embeddable":true,"href":"https:\/\/premiumseeds.eu\/de\/wp-json\/wp\/v2\/media\/46000"}],"wp:attachment":[{"href":"https:\/\/premiumseeds.eu\/de\/wp-json\/wp\/v2\/media?parent=45993"}],"wp:term":[{"taxonomy":"product_cat","embeddable":true,"href":"https:\/\/premiumseeds.eu\/de\/wp-json\/wp\/v2\/product_cat?post=45993"},{"taxonomy":"product_tag","embeddable":true,"href":"https:\/\/premiumseeds.eu\/de\/wp-json\/wp\/v2\/product_tag?post=45993"}],"curies":[{"name":"wp","href":"https:\/\/api.w.org\/{rel}","templated":true}]}}