{"id":51145,"date":"2023-05-26T15:17:47","date_gmt":"2023-05-26T13:17:47","guid":{"rendered":"https:\/\/premiumseeds.eu\/?post_type=product&#038;p=51145"},"modified":"2023-05-26T15:17:49","modified_gmt":"2023-05-26T13:17:49","slug":"zierkuerbis-tuerken-turban","status":"publish","type":"product","link":"https:\/\/premiumseeds.eu\/de\/produkt\/zierkuerbis-tuerken-turban\/","title":{"rendered":"Zierk\u00fcrbis T\u00fcrken Turban"},"content":{"rendered":"","protected":false},"excerpt":{"rendered":"<p>Einj\u00e4hrige Pflanzen mit langen, kriechenden bzw. verschlungenen Trieben. Die Fr\u00fcchte haben unterschiedliche Farben, die Form erinnert an einen Turban. Empfohlen zur Bepflanzung von Umz\u00e4unungen und Gartenlauben. Die Fr\u00fcchte eignen sich zur herbstlichen Dekoration.<br \/>\n<\/b><br \/>\n<strong>Zierk\u00fcrbis T\u00fcrken Turban &#8211; Samen<\/strong><br \/>\n<\/b><br \/>\n<strong>Saattiefe unter Glas \/ Vorkultur:<\/strong> 2 &#8211; 3 cm<br \/>\n<strong>Aussaat unter Glas \/ Vorkultur:<\/strong> M\u00e4rz &#8211; April<br \/>\n<strong>Saattiefe Freiland:<\/strong> 2 &#8211; 3 cm<br \/>\n<strong>Aussaat Freiland:<\/strong> Mai<br \/>\n<strong>Auspflanzung:<\/strong> <\/strong>15 Mai<br \/>\n<strong>Pflanzabstand:<\/strong> 50 &#8211; 100 cm<br \/>\n<strong>Bl\u00fctezeit:<\/strong> September &#8211; Oktober<br \/>\n<\/b><br \/>\nInhalt eines Pakets 2 g Samen.<\/p>\n","protected":false},"featured_media":51152,"template":"","meta":{"_monsterinsights_skip_tracking":false,"_monsterinsights_sitenote_active":false,"_monsterinsights_sitenote_note":"","_monsterinsights_sitenote_category":0},"product_cat":[862,942,976],"product_tag":[3686],"class_list":["post-51145","product","type-product","status-publish","has-post-thumbnail","hentry","product_cat-auffaellige-pflanzen-samen","product_cat-kurbissamen","product_cat-schlingpflanzensamen","product_tag-zierkuerbis-tuerken-turban-samen"],"yoast_head":"<!-- This site is optimized with the Yoast SEO plugin v21.6 - https:\/\/yoast.com\/wordpress\/plugins\/seo\/ -->\n<title>Zierk\u00fcrbis T\u00fcrken Turban - Produzent von Samen \u2013 PremiumSeeds<\/title>\n<meta name=\"description\" content=\"Zierk\u00fcrbis T\u00fcrken Turban Samen - direkt vom Produzenten der Marke PremiumSeeds. Gro\u00dfhandel und Vertrieb von Samen Zierk\u00fcrbis T\u00fcrken Turban. Samen mit Garantie der perfekten Keimung. Bestellen Sie direkt beim Hersteller.\" \/>\n<meta name=\"robots\" content=\"index, follow, max-snippet:-1, max-image-preview:large, max-video-preview:-1\" \/>\n<link rel=\"canonical\" href=\"https:\/\/premiumseeds.eu\/de\/produkt\/zierkuerbis-tuerken-turban\/\" \/>\n<meta property=\"og:locale\" content=\"de_DE\" \/>\n<meta property=\"og:type\" content=\"article\" \/>\n<meta property=\"og:title\" content=\"Zierk\u00fcrbis T\u00fcrken Turban - Produzent von Samen \u2013 PremiumSeeds\" \/>\n<meta property=\"og:description\" content=\"Zierk\u00fcrbis T\u00fcrken Turban Samen - direkt vom Produzenten der Marke PremiumSeeds. Gro\u00dfhandel und Vertrieb von Samen Zierk\u00fcrbis T\u00fcrken Turban. Samen mit Garantie der perfekten Keimung. Bestellen Sie direkt beim Hersteller.\" \/>\n<meta property=\"og:url\" content=\"https:\/\/premiumseeds.eu\/de\/produkt\/zierkuerbis-tuerken-turban\/\" \/>\n<meta property=\"og:site_name\" content=\"PremiumSeeds\" \/>\n<meta property=\"article:modified_time\" content=\"2023-05-26T13:17:49+00:00\" \/>\n<meta property=\"og:image\" content=\"https:\/\/premiumseeds.eu\/wp-content\/uploads\/2023\/05\/WORLD-14001735PA_VS-1.jpg?v=1685106986\" \/>\n\t<meta property=\"og:image:width\" content=\"945\" \/>\n\t<meta property=\"og:image:height\" content=\"1772\" \/>\n\t<meta property=\"og:image:type\" content=\"image\/jpeg\" \/>\n<meta name=\"twitter:card\" content=\"summary_large_image\" \/>\n<script type=\"application\/ld+json\" class=\"yoast-schema-graph\">{\"@context\":\"https:\/\/schema.org\",\"@graph\":[{\"@type\":\"WebPage\",\"@id\":\"https:\/\/premiumseeds.eu\/de\/produkt\/zierkuerbis-tuerken-turban\/\",\"url\":\"https:\/\/premiumseeds.eu\/de\/produkt\/zierkuerbis-tuerken-turban\/\",\"name\":\"Zierk\u00fcrbis T\u00fcrken Turban - Produzent von Samen \u2013 PremiumSeeds\",\"isPartOf\":{\"@id\":\"https:\/\/premiumseeds.eu\/de\/#website\"},\"datePublished\":\"2023-05-26T13:17:47+00:00\",\"dateModified\":\"2023-05-26T13:17:49+00:00\",\"description\":\"Zierk\u00fcrbis T\u00fcrken Turban Samen - direkt vom Produzenten der Marke PremiumSeeds. Gro\u00dfhandel und Vertrieb von Samen Zierk\u00fcrbis T\u00fcrken Turban. Samen mit Garantie der perfekten Keimung. Bestellen Sie direkt beim Hersteller.\",\"breadcrumb\":{\"@id\":\"https:\/\/premiumseeds.eu\/de\/produkt\/zierkuerbis-tuerken-turban\/#breadcrumb\"},\"inLanguage\":\"de\",\"potentialAction\":[{\"@type\":\"ReadAction\",\"target\":[\"https:\/\/premiumseeds.eu\/de\/produkt\/zierkuerbis-tuerken-turban\/\"]}]},{\"@type\":\"BreadcrumbList\",\"@id\":\"https:\/\/premiumseeds.eu\/de\/produkt\/zierkuerbis-tuerken-turban\/#breadcrumb\",\"itemListElement\":[{\"@type\":\"ListItem\",\"position\":1,\"name\":\"Home\",\"item\":\"https:\/\/premiumseeds.eu\/de\/\"},{\"@type\":\"ListItem\",\"position\":2,\"name\":\"Samen\",\"item\":\"https:\/\/premiumseeds.eu\/de\/samen\/\"},{\"@type\":\"ListItem\",\"position\":3,\"name\":\"Zierk\u00fcrbis T\u00fcrken Turban\"}]},{\"@type\":\"WebSite\",\"@id\":\"https:\/\/premiumseeds.eu\/de\/#website\",\"url\":\"https:\/\/premiumseeds.eu\/de\/\",\"name\":\"PremiumSeeds\",\"description\":\"Top seeds producer\",\"potentialAction\":[{\"@type\":\"SearchAction\",\"target\":{\"@type\":\"EntryPoint\",\"urlTemplate\":\"https:\/\/premiumseeds.eu\/de\/?s={search_term_string}\"},\"query-input\":\"required name=search_term_string\"}],\"inLanguage\":\"de\"}]}<\/script>\n<!-- \/ Yoast SEO plugin. -->","yoast_head_json":{"title":"Zierk\u00fcrbis T\u00fcrken Turban - Produzent von Samen \u2013 PremiumSeeds","description":"Zierk\u00fcrbis T\u00fcrken Turban Samen - direkt vom Produzenten der Marke PremiumSeeds. Gro\u00dfhandel und Vertrieb von Samen Zierk\u00fcrbis T\u00fcrken Turban. Samen mit Garantie der perfekten Keimung. Bestellen Sie direkt beim Hersteller.","robots":{"index":"index","follow":"follow","max-snippet":"max-snippet:-1","max-image-preview":"max-image-preview:large","max-video-preview":"max-video-preview:-1"},"canonical":"https:\/\/premiumseeds.eu\/de\/produkt\/zierkuerbis-tuerken-turban\/","og_locale":"de_DE","og_type":"article","og_title":"Zierk\u00fcrbis T\u00fcrken Turban - Produzent von Samen \u2013 PremiumSeeds","og_description":"Zierk\u00fcrbis T\u00fcrken Turban Samen - direkt vom Produzenten der Marke PremiumSeeds. Gro\u00dfhandel und Vertrieb von Samen Zierk\u00fcrbis T\u00fcrken Turban. Samen mit Garantie der perfekten Keimung. Bestellen Sie direkt beim Hersteller.","og_url":"https:\/\/premiumseeds.eu\/de\/produkt\/zierkuerbis-tuerken-turban\/","og_site_name":"PremiumSeeds","article_modified_time":"2023-05-26T13:17:49+00:00","og_image":[{"width":945,"height":1772,"url":"https:\/\/premiumseeds.eu\/wp-content\/uploads\/2023\/05\/WORLD-14001735PA_VS-1.jpg?v=1685106986","type":"image\/jpeg"}],"twitter_card":"summary_large_image","schema":{"@context":"https:\/\/schema.org","@graph":[{"@type":"WebPage","@id":"https:\/\/premiumseeds.eu\/de\/produkt\/zierkuerbis-tuerken-turban\/","url":"https:\/\/premiumseeds.eu\/de\/produkt\/zierkuerbis-tuerken-turban\/","name":"Zierk\u00fcrbis T\u00fcrken Turban - Produzent von Samen \u2013 PremiumSeeds","isPartOf":{"@id":"https:\/\/premiumseeds.eu\/de\/#website"},"datePublished":"2023-05-26T13:17:47+00:00","dateModified":"2023-05-26T13:17:49+00:00","description":"Zierk\u00fcrbis T\u00fcrken Turban Samen - direkt vom Produzenten der Marke PremiumSeeds. Gro\u00dfhandel und Vertrieb von Samen Zierk\u00fcrbis T\u00fcrken Turban. Samen mit Garantie der perfekten Keimung. Bestellen Sie direkt beim Hersteller.","breadcrumb":{"@id":"https:\/\/premiumseeds.eu\/de\/produkt\/zierkuerbis-tuerken-turban\/#breadcrumb"},"inLanguage":"de","potentialAction":[{"@type":"ReadAction","target":["https:\/\/premiumseeds.eu\/de\/produkt\/zierkuerbis-tuerken-turban\/"]}]},{"@type":"BreadcrumbList","@id":"https:\/\/premiumseeds.eu\/de\/produkt\/zierkuerbis-tuerken-turban\/#breadcrumb","itemListElement":[{"@type":"ListItem","position":1,"name":"Home","item":"https:\/\/premiumseeds.eu\/de\/"},{"@type":"ListItem","position":2,"name":"Samen","item":"https:\/\/premiumseeds.eu\/de\/samen\/"},{"@type":"ListItem","position":3,"name":"Zierk\u00fcrbis T\u00fcrken Turban"}]},{"@type":"WebSite","@id":"https:\/\/premiumseeds.eu\/de\/#website","url":"https:\/\/premiumseeds.eu\/de\/","name":"PremiumSeeds","description":"Top seeds producer","potentialAction":[{"@type":"SearchAction","target":{"@type":"EntryPoint","urlTemplate":"https:\/\/premiumseeds.eu\/de\/?s={search_term_string}"},"query-input":"required name=search_term_string"}],"inLanguage":"de"}]}},"_links":{"self":[{"href":"https:\/\/premiumseeds.eu\/de\/wp-json\/wp\/v2\/product\/51145","targetHints":{"allow":["GET"]}}],"collection":[{"href":"https:\/\/premiumseeds.eu\/de\/wp-json\/wp\/v2\/product"}],"about":[{"href":"https:\/\/premiumseeds.eu\/de\/wp-json\/wp\/v2\/types\/product"}],"wp:featuredmedia":[{"embeddable":true,"href":"https:\/\/premiumseeds.eu\/de\/wp-json\/wp\/v2\/media\/51152"}],"wp:attachment":[{"href":"https:\/\/premiumseeds.eu\/de\/wp-json\/wp\/v2\/media?parent=51145"}],"wp:term":[{"taxonomy":"product_cat","embeddable":true,"href":"https:\/\/premiumseeds.eu\/de\/wp-json\/wp\/v2\/product_cat?post=51145"},{"taxonomy":"product_tag","embeddable":true,"href":"https:\/\/premiumseeds.eu\/de\/wp-json\/wp\/v2\/product_tag?post=51145"}],"curies":[{"name":"wp","href":"https:\/\/api.w.org\/{rel}","templated":true}]}}