{"id":51327,"date":"2023-05-29T10:56:45","date_gmt":"2023-05-29T08:56:45","guid":{"rendered":"https:\/\/premiumseeds.eu\/?post_type=product&#038;p=51327"},"modified":"2023-05-29T10:56:47","modified_gmt":"2023-05-29T08:56:47","slug":"marien-glockenblume-mischung","status":"publish","type":"product","link":"https:\/\/premiumseeds.eu\/de\/produkt\/marien-glockenblume-mischung\/","title":{"rendered":"Marien-Glockenblume Mischung"},"content":{"rendered":"","protected":false},"excerpt":{"rendered":"<p>Zweij\u00e4hrige Pflanze mit einer H\u00f6he von 60-80 cm. Glockenf\u00f6rmige Bl\u00fcten, in Schattierungen von Blau, Violett, Rosa und Wei\u00df. Empfohlen zum Bepflanzen von hohen Rabatten, zum Ausf\u00fcllen von L\u00fccken in Staudenrabatten und f\u00fcr Schnittblumen.<br \/>\n<\/b><br \/>\n<strong>Marien-Glockenblume Mischung &#8211; Samen<\/strong><br \/>\n<\/b><br \/>\n<strong>Saattiefe unter Glas \/ Vorkultur:<\/strong> 0,2 cm<br \/>\n<strong>Aussaat unter Glas \/ Vorkultur:<\/strong> Mai &#8211; Juni<br \/>\n<strong>Saattiefe Freiland:<\/strong> 0,2 cm<br \/>\n<strong>Aussaat Freiland:<\/strong> Mai &#8211; Juni<br \/>\n<strong>Auspflanzung:<\/strong> <\/strong> Juli &#8211; August<br \/>\n<strong>Pflanzabstand:<\/strong> 30 x 40 cm<br \/>\n<strong>Bl\u00fctezeit:<\/strong> Juni &#8211; August<br \/>\n<\/b><br \/>\nInhalt eines Pakets 0,5 g Samen.<\/p>\n","protected":false},"featured_media":51334,"template":"","meta":{"_monsterinsights_skip_tracking":false,"_monsterinsights_sitenote_active":false,"_monsterinsights_sitenote_note":"","_monsterinsights_sitenote_category":0},"product_cat":[863,868,881],"product_tag":[3700],"class_list":["post-51327","product","type-product","status-publish","has-post-thumbnail","hentry","product_cat-blumensamen","product_cat-blumensamen-mischungen","product_cat-glockenblumensamen","product_tag-marien-glockenblume-mischung-samen"],"yoast_head":"<!-- This site is optimized with the Yoast SEO plugin v21.6 - https:\/\/yoast.com\/wordpress\/plugins\/seo\/ -->\n<title>Marien-Glockenblume Mischung - Produzent von Samen \u2013 PremiumSeeds<\/title>\n<meta name=\"description\" content=\"Marien-Glockenblume Mischung Samen - direkt vom Produzenten der Marke PremiumSeeds. Gro\u00dfhandel und Vertrieb von Samen Marien-Glockenblume Mischung. Samen mit Garantie der perfekten Keimung. Bestellen Sie direkt beim Hersteller.\" \/>\n<meta name=\"robots\" content=\"index, follow, max-snippet:-1, max-image-preview:large, max-video-preview:-1\" \/>\n<link rel=\"canonical\" href=\"https:\/\/premiumseeds.eu\/de\/produkt\/marien-glockenblume-mischung\/\" \/>\n<meta property=\"og:locale\" content=\"de_DE\" \/>\n<meta property=\"og:type\" content=\"article\" \/>\n<meta property=\"og:title\" content=\"Marien-Glockenblume Mischung - Produzent von Samen \u2013 PremiumSeeds\" \/>\n<meta property=\"og:description\" content=\"Marien-Glockenblume Mischung Samen - direkt vom Produzenten der Marke PremiumSeeds. Gro\u00dfhandel und Vertrieb von Samen Marien-Glockenblume Mischung. Samen mit Garantie der perfekten Keimung. Bestellen Sie direkt beim Hersteller.\" \/>\n<meta property=\"og:url\" content=\"https:\/\/premiumseeds.eu\/de\/produkt\/marien-glockenblume-mischung\/\" \/>\n<meta property=\"og:site_name\" content=\"PremiumSeeds\" \/>\n<meta property=\"article:modified_time\" content=\"2023-05-29T08:56:47+00:00\" \/>\n<meta property=\"og:image\" content=\"https:\/\/premiumseeds.eu\/wp-content\/uploads\/2023\/05\/WORLD-14014920PA_VS-1.jpg?v=1685350574\" \/>\n\t<meta property=\"og:image:width\" content=\"945\" \/>\n\t<meta property=\"og:image:height\" content=\"1772\" \/>\n\t<meta property=\"og:image:type\" content=\"image\/jpeg\" \/>\n<meta name=\"twitter:card\" content=\"summary_large_image\" \/>\n<script type=\"application\/ld+json\" class=\"yoast-schema-graph\">{\"@context\":\"https:\/\/schema.org\",\"@graph\":[{\"@type\":\"WebPage\",\"@id\":\"https:\/\/premiumseeds.eu\/de\/produkt\/marien-glockenblume-mischung\/\",\"url\":\"https:\/\/premiumseeds.eu\/de\/produkt\/marien-glockenblume-mischung\/\",\"name\":\"Marien-Glockenblume Mischung - Produzent von Samen \u2013 PremiumSeeds\",\"isPartOf\":{\"@id\":\"https:\/\/premiumseeds.eu\/de\/#website\"},\"datePublished\":\"2023-05-29T08:56:45+00:00\",\"dateModified\":\"2023-05-29T08:56:47+00:00\",\"description\":\"Marien-Glockenblume Mischung Samen - direkt vom Produzenten der Marke PremiumSeeds. Gro\u00dfhandel und Vertrieb von Samen Marien-Glockenblume Mischung. Samen mit Garantie der perfekten Keimung. Bestellen Sie direkt beim Hersteller.\",\"breadcrumb\":{\"@id\":\"https:\/\/premiumseeds.eu\/de\/produkt\/marien-glockenblume-mischung\/#breadcrumb\"},\"inLanguage\":\"de\",\"potentialAction\":[{\"@type\":\"ReadAction\",\"target\":[\"https:\/\/premiumseeds.eu\/de\/produkt\/marien-glockenblume-mischung\/\"]}]},{\"@type\":\"BreadcrumbList\",\"@id\":\"https:\/\/premiumseeds.eu\/de\/produkt\/marien-glockenblume-mischung\/#breadcrumb\",\"itemListElement\":[{\"@type\":\"ListItem\",\"position\":1,\"name\":\"Home\",\"item\":\"https:\/\/premiumseeds.eu\/de\/\"},{\"@type\":\"ListItem\",\"position\":2,\"name\":\"Samen\",\"item\":\"https:\/\/premiumseeds.eu\/de\/samen\/\"},{\"@type\":\"ListItem\",\"position\":3,\"name\":\"Marien-Glockenblume Mischung\"}]},{\"@type\":\"WebSite\",\"@id\":\"https:\/\/premiumseeds.eu\/de\/#website\",\"url\":\"https:\/\/premiumseeds.eu\/de\/\",\"name\":\"PremiumSeeds\",\"description\":\"Top seeds producer\",\"potentialAction\":[{\"@type\":\"SearchAction\",\"target\":{\"@type\":\"EntryPoint\",\"urlTemplate\":\"https:\/\/premiumseeds.eu\/de\/?s={search_term_string}\"},\"query-input\":\"required name=search_term_string\"}],\"inLanguage\":\"de\"}]}<\/script>\n<!-- \/ Yoast SEO plugin. -->","yoast_head_json":{"title":"Marien-Glockenblume Mischung - Produzent von Samen \u2013 PremiumSeeds","description":"Marien-Glockenblume Mischung Samen - direkt vom Produzenten der Marke PremiumSeeds. Gro\u00dfhandel und Vertrieb von Samen Marien-Glockenblume Mischung. Samen mit Garantie der perfekten Keimung. Bestellen Sie direkt beim Hersteller.","robots":{"index":"index","follow":"follow","max-snippet":"max-snippet:-1","max-image-preview":"max-image-preview:large","max-video-preview":"max-video-preview:-1"},"canonical":"https:\/\/premiumseeds.eu\/de\/produkt\/marien-glockenblume-mischung\/","og_locale":"de_DE","og_type":"article","og_title":"Marien-Glockenblume Mischung - Produzent von Samen \u2013 PremiumSeeds","og_description":"Marien-Glockenblume Mischung Samen - direkt vom Produzenten der Marke PremiumSeeds. Gro\u00dfhandel und Vertrieb von Samen Marien-Glockenblume Mischung. Samen mit Garantie der perfekten Keimung. Bestellen Sie direkt beim Hersteller.","og_url":"https:\/\/premiumseeds.eu\/de\/produkt\/marien-glockenblume-mischung\/","og_site_name":"PremiumSeeds","article_modified_time":"2023-05-29T08:56:47+00:00","og_image":[{"width":945,"height":1772,"url":"https:\/\/premiumseeds.eu\/wp-content\/uploads\/2023\/05\/WORLD-14014920PA_VS-1.jpg?v=1685350574","type":"image\/jpeg"}],"twitter_card":"summary_large_image","schema":{"@context":"https:\/\/schema.org","@graph":[{"@type":"WebPage","@id":"https:\/\/premiumseeds.eu\/de\/produkt\/marien-glockenblume-mischung\/","url":"https:\/\/premiumseeds.eu\/de\/produkt\/marien-glockenblume-mischung\/","name":"Marien-Glockenblume Mischung - Produzent von Samen \u2013 PremiumSeeds","isPartOf":{"@id":"https:\/\/premiumseeds.eu\/de\/#website"},"datePublished":"2023-05-29T08:56:45+00:00","dateModified":"2023-05-29T08:56:47+00:00","description":"Marien-Glockenblume Mischung Samen - direkt vom Produzenten der Marke PremiumSeeds. Gro\u00dfhandel und Vertrieb von Samen Marien-Glockenblume Mischung. Samen mit Garantie der perfekten Keimung. Bestellen Sie direkt beim Hersteller.","breadcrumb":{"@id":"https:\/\/premiumseeds.eu\/de\/produkt\/marien-glockenblume-mischung\/#breadcrumb"},"inLanguage":"de","potentialAction":[{"@type":"ReadAction","target":["https:\/\/premiumseeds.eu\/de\/produkt\/marien-glockenblume-mischung\/"]}]},{"@type":"BreadcrumbList","@id":"https:\/\/premiumseeds.eu\/de\/produkt\/marien-glockenblume-mischung\/#breadcrumb","itemListElement":[{"@type":"ListItem","position":1,"name":"Home","item":"https:\/\/premiumseeds.eu\/de\/"},{"@type":"ListItem","position":2,"name":"Samen","item":"https:\/\/premiumseeds.eu\/de\/samen\/"},{"@type":"ListItem","position":3,"name":"Marien-Glockenblume Mischung"}]},{"@type":"WebSite","@id":"https:\/\/premiumseeds.eu\/de\/#website","url":"https:\/\/premiumseeds.eu\/de\/","name":"PremiumSeeds","description":"Top seeds producer","potentialAction":[{"@type":"SearchAction","target":{"@type":"EntryPoint","urlTemplate":"https:\/\/premiumseeds.eu\/de\/?s={search_term_string}"},"query-input":"required name=search_term_string"}],"inLanguage":"de"}]}},"_links":{"self":[{"href":"https:\/\/premiumseeds.eu\/de\/wp-json\/wp\/v2\/product\/51327","targetHints":{"allow":["GET"]}}],"collection":[{"href":"https:\/\/premiumseeds.eu\/de\/wp-json\/wp\/v2\/product"}],"about":[{"href":"https:\/\/premiumseeds.eu\/de\/wp-json\/wp\/v2\/types\/product"}],"wp:featuredmedia":[{"embeddable":true,"href":"https:\/\/premiumseeds.eu\/de\/wp-json\/wp\/v2\/media\/51334"}],"wp:attachment":[{"href":"https:\/\/premiumseeds.eu\/de\/wp-json\/wp\/v2\/media?parent=51327"}],"wp:term":[{"taxonomy":"product_cat","embeddable":true,"href":"https:\/\/premiumseeds.eu\/de\/wp-json\/wp\/v2\/product_cat?post=51327"},{"taxonomy":"product_tag","embeddable":true,"href":"https:\/\/premiumseeds.eu\/de\/wp-json\/wp\/v2\/product_tag?post=51327"}],"curies":[{"name":"wp","href":"https:\/\/api.w.org\/{rel}","templated":true}]}}