{"id":52280,"date":"2023-05-31T11:03:09","date_gmt":"2023-05-31T09:03:09","guid":{"rendered":"https:\/\/premiumseeds.eu\/?post_type=product&#038;p=52280"},"modified":"2023-05-31T11:05:12","modified_gmt":"2023-05-31T09:05:12","slug":"schlangenbohne-metro-black","status":"publish","type":"product","link":"https:\/\/premiumseeds.eu\/de\/produkt\/schlangenbohne-metro-black\/","title":{"rendered":"Schlangenbohne Metro Black"},"content":{"rendered":"","protected":false},"excerpt":{"rendered":"<p>Einj\u00e4hrige Pflanze, mit h\u00e4ngenden Trieben, die 200-300 cm L\u00e4nge erreichen k\u00f6nnen. Muss an St\u00fctzen angebaut werden. D\u00fcnne und au\u00dfergew\u00f6hnlich lange H\u00fclse, bis zu 30-50 cm lang. Zum direkten Verzehr, schmackhaft und zarter als Bohnenh\u00fclsen.<br \/>\n<\/b><br \/>\n<strong>Schlangenbohne Metro Black &#8211; Samen<\/strong><br \/>\n<\/b><br \/>\n<strong>Saattiefe unter Glas \/ Vorkultur:<\/strong> 1 &#8211; 2 cm<br \/>\n<strong>Aussaat unter Glas \/ Vorkultur:<\/strong> April &#8211; Juni<br \/>\n<strong>Saattiefe Freiland:<\/strong> 1 &#8211; 2 cm<br \/>\n<strong>Aussaat Freiland:<\/strong> 15 Mai<br \/>\n<strong>Pflanzabstand:<\/strong> 60-80 x 40 cm<br \/>\n<strong>Erntezeit:<\/strong> Juli &#8211; September<br \/>\n<\/b><br \/>\nInhalt eines Pakets 3 g Samen.<\/p>\n","protected":false},"featured_media":52287,"template":"","meta":{"_monsterinsights_skip_tracking":false,"_monsterinsights_sitenote_active":false,"_monsterinsights_sitenote_note":"","_monsterinsights_sitenote_category":0},"product_cat":[962,862,931,927],"product_tag":[3773],"class_list":["post-52280","product","type-product","status-publish","has-post-thumbnail","hentry","product_cat-andere-gemusesamen","product_cat-auffaellige-pflanzen-samen","product_cat-bohnensamen","product_cat-gemusesamen","product_tag-schlangenbohne-metro-black-samen"],"yoast_head":"<!-- This site is optimized with the Yoast SEO plugin v21.6 - https:\/\/yoast.com\/wordpress\/plugins\/seo\/ -->\n<title>Schlangenbohne Metro Black - Produzent von Samen \u2013 PremiumSeeds<\/title>\n<meta name=\"description\" content=\"Schlangenbohne Metro Black Samen - direkt vom Produzenten der Marke PremiumSeeds. Gro\u00dfhandel und Vertrieb von Samen Schlangenbohne Metro Black. Samen mit Garantie der perfekten Keimung. Bestellen Sie direkt beim Hersteller.\" \/>\n<meta name=\"robots\" content=\"index, follow, max-snippet:-1, max-image-preview:large, max-video-preview:-1\" \/>\n<link rel=\"canonical\" href=\"https:\/\/premiumseeds.eu\/de\/produkt\/schlangenbohne-metro-black\/\" \/>\n<meta property=\"og:locale\" content=\"de_DE\" \/>\n<meta property=\"og:type\" content=\"article\" \/>\n<meta property=\"og:title\" content=\"Schlangenbohne Metro Black - Produzent von Samen \u2013 PremiumSeeds\" \/>\n<meta property=\"og:description\" content=\"Schlangenbohne Metro Black Samen - direkt vom Produzenten der Marke PremiumSeeds. Gro\u00dfhandel und Vertrieb von Samen Schlangenbohne Metro Black. Samen mit Garantie der perfekten Keimung. Bestellen Sie direkt beim Hersteller.\" \/>\n<meta property=\"og:url\" content=\"https:\/\/premiumseeds.eu\/de\/produkt\/schlangenbohne-metro-black\/\" \/>\n<meta property=\"og:site_name\" content=\"PremiumSeeds\" \/>\n<meta property=\"article:modified_time\" content=\"2023-05-31T09:05:12+00:00\" \/>\n<meta property=\"og:image\" content=\"https:\/\/premiumseeds.eu\/wp-content\/uploads\/2023\/05\/WORLD-N-160-0621_VS-1.jpg?v=1685523845\" \/>\n\t<meta property=\"og:image:width\" content=\"945\" \/>\n\t<meta property=\"og:image:height\" content=\"1772\" \/>\n\t<meta property=\"og:image:type\" content=\"image\/jpeg\" \/>\n<meta name=\"twitter:card\" content=\"summary_large_image\" \/>\n<script type=\"application\/ld+json\" class=\"yoast-schema-graph\">{\"@context\":\"https:\/\/schema.org\",\"@graph\":[{\"@type\":\"WebPage\",\"@id\":\"https:\/\/premiumseeds.eu\/de\/produkt\/schlangenbohne-metro-black\/\",\"url\":\"https:\/\/premiumseeds.eu\/de\/produkt\/schlangenbohne-metro-black\/\",\"name\":\"Schlangenbohne Metro Black - Produzent von Samen \u2013 PremiumSeeds\",\"isPartOf\":{\"@id\":\"https:\/\/premiumseeds.eu\/de\/#website\"},\"datePublished\":\"2023-05-31T09:03:09+00:00\",\"dateModified\":\"2023-05-31T09:05:12+00:00\",\"description\":\"Schlangenbohne Metro Black Samen - direkt vom Produzenten der Marke PremiumSeeds. Gro\u00dfhandel und Vertrieb von Samen Schlangenbohne Metro Black. Samen mit Garantie der perfekten Keimung. Bestellen Sie direkt beim Hersteller.\",\"breadcrumb\":{\"@id\":\"https:\/\/premiumseeds.eu\/de\/produkt\/schlangenbohne-metro-black\/#breadcrumb\"},\"inLanguage\":\"de\",\"potentialAction\":[{\"@type\":\"ReadAction\",\"target\":[\"https:\/\/premiumseeds.eu\/de\/produkt\/schlangenbohne-metro-black\/\"]}]},{\"@type\":\"BreadcrumbList\",\"@id\":\"https:\/\/premiumseeds.eu\/de\/produkt\/schlangenbohne-metro-black\/#breadcrumb\",\"itemListElement\":[{\"@type\":\"ListItem\",\"position\":1,\"name\":\"Home\",\"item\":\"https:\/\/premiumseeds.eu\/de\/\"},{\"@type\":\"ListItem\",\"position\":2,\"name\":\"Samen\",\"item\":\"https:\/\/premiumseeds.eu\/de\/samen\/\"},{\"@type\":\"ListItem\",\"position\":3,\"name\":\"Schlangenbohne Metro Black\"}]},{\"@type\":\"WebSite\",\"@id\":\"https:\/\/premiumseeds.eu\/de\/#website\",\"url\":\"https:\/\/premiumseeds.eu\/de\/\",\"name\":\"PremiumSeeds\",\"description\":\"Top seeds producer\",\"potentialAction\":[{\"@type\":\"SearchAction\",\"target\":{\"@type\":\"EntryPoint\",\"urlTemplate\":\"https:\/\/premiumseeds.eu\/de\/?s={search_term_string}\"},\"query-input\":\"required name=search_term_string\"}],\"inLanguage\":\"de\"}]}<\/script>\n<!-- \/ Yoast SEO plugin. -->","yoast_head_json":{"title":"Schlangenbohne Metro Black - Produzent von Samen \u2013 PremiumSeeds","description":"Schlangenbohne Metro Black Samen - direkt vom Produzenten der Marke PremiumSeeds. Gro\u00dfhandel und Vertrieb von Samen Schlangenbohne Metro Black. Samen mit Garantie der perfekten Keimung. Bestellen Sie direkt beim Hersteller.","robots":{"index":"index","follow":"follow","max-snippet":"max-snippet:-1","max-image-preview":"max-image-preview:large","max-video-preview":"max-video-preview:-1"},"canonical":"https:\/\/premiumseeds.eu\/de\/produkt\/schlangenbohne-metro-black\/","og_locale":"de_DE","og_type":"article","og_title":"Schlangenbohne Metro Black - Produzent von Samen \u2013 PremiumSeeds","og_description":"Schlangenbohne Metro Black Samen - direkt vom Produzenten der Marke PremiumSeeds. Gro\u00dfhandel und Vertrieb von Samen Schlangenbohne Metro Black. Samen mit Garantie der perfekten Keimung. Bestellen Sie direkt beim Hersteller.","og_url":"https:\/\/premiumseeds.eu\/de\/produkt\/schlangenbohne-metro-black\/","og_site_name":"PremiumSeeds","article_modified_time":"2023-05-31T09:05:12+00:00","og_image":[{"width":945,"height":1772,"url":"https:\/\/premiumseeds.eu\/wp-content\/uploads\/2023\/05\/WORLD-N-160-0621_VS-1.jpg?v=1685523845","type":"image\/jpeg"}],"twitter_card":"summary_large_image","schema":{"@context":"https:\/\/schema.org","@graph":[{"@type":"WebPage","@id":"https:\/\/premiumseeds.eu\/de\/produkt\/schlangenbohne-metro-black\/","url":"https:\/\/premiumseeds.eu\/de\/produkt\/schlangenbohne-metro-black\/","name":"Schlangenbohne Metro Black - Produzent von Samen \u2013 PremiumSeeds","isPartOf":{"@id":"https:\/\/premiumseeds.eu\/de\/#website"},"datePublished":"2023-05-31T09:03:09+00:00","dateModified":"2023-05-31T09:05:12+00:00","description":"Schlangenbohne Metro Black Samen - direkt vom Produzenten der Marke PremiumSeeds. Gro\u00dfhandel und Vertrieb von Samen Schlangenbohne Metro Black. Samen mit Garantie der perfekten Keimung. Bestellen Sie direkt beim Hersteller.","breadcrumb":{"@id":"https:\/\/premiumseeds.eu\/de\/produkt\/schlangenbohne-metro-black\/#breadcrumb"},"inLanguage":"de","potentialAction":[{"@type":"ReadAction","target":["https:\/\/premiumseeds.eu\/de\/produkt\/schlangenbohne-metro-black\/"]}]},{"@type":"BreadcrumbList","@id":"https:\/\/premiumseeds.eu\/de\/produkt\/schlangenbohne-metro-black\/#breadcrumb","itemListElement":[{"@type":"ListItem","position":1,"name":"Home","item":"https:\/\/premiumseeds.eu\/de\/"},{"@type":"ListItem","position":2,"name":"Samen","item":"https:\/\/premiumseeds.eu\/de\/samen\/"},{"@type":"ListItem","position":3,"name":"Schlangenbohne Metro Black"}]},{"@type":"WebSite","@id":"https:\/\/premiumseeds.eu\/de\/#website","url":"https:\/\/premiumseeds.eu\/de\/","name":"PremiumSeeds","description":"Top seeds producer","potentialAction":[{"@type":"SearchAction","target":{"@type":"EntryPoint","urlTemplate":"https:\/\/premiumseeds.eu\/de\/?s={search_term_string}"},"query-input":"required name=search_term_string"}],"inLanguage":"de"}]}},"_links":{"self":[{"href":"https:\/\/premiumseeds.eu\/de\/wp-json\/wp\/v2\/product\/52280","targetHints":{"allow":["GET"]}}],"collection":[{"href":"https:\/\/premiumseeds.eu\/de\/wp-json\/wp\/v2\/product"}],"about":[{"href":"https:\/\/premiumseeds.eu\/de\/wp-json\/wp\/v2\/types\/product"}],"wp:featuredmedia":[{"embeddable":true,"href":"https:\/\/premiumseeds.eu\/de\/wp-json\/wp\/v2\/media\/52287"}],"wp:attachment":[{"href":"https:\/\/premiumseeds.eu\/de\/wp-json\/wp\/v2\/media?parent=52280"}],"wp:term":[{"taxonomy":"product_cat","embeddable":true,"href":"https:\/\/premiumseeds.eu\/de\/wp-json\/wp\/v2\/product_cat?post=52280"},{"taxonomy":"product_tag","embeddable":true,"href":"https:\/\/premiumseeds.eu\/de\/wp-json\/wp\/v2\/product_tag?post=52280"}],"curies":[{"name":"wp","href":"https:\/\/api.w.org\/{rel}","templated":true}]}}