{"id":60167,"date":"2023-07-10T15:21:10","date_gmt":"2023-07-10T13:21:10","guid":{"rendered":"https:\/\/premiumseeds.eu\/?post_type=product&#038;p=60167"},"modified":"2023-07-10T15:21:12","modified_gmt":"2023-07-10T13:21:12","slug":"zinnie-dahlienbluetige-scarlet-flame","status":"publish","type":"product","link":"https:\/\/premiumseeds.eu\/de\/produkt\/zinnie-dahlienbluetige-scarlet-flame\/","title":{"rendered":"Zinnie Dahlienbl\u00fctige Scarlet Flame"},"content":{"rendered":"","protected":false},"excerpt":{"rendered":"<p>Einj\u00e4hrige Pflanze mit einer H\u00f6he von 60-80 cm. Lange, steife Triebe, im oberen Teil verzweigt und dicht bebl\u00e4ttert. Volle, kugelf\u00f6rmige Bl\u00fcten, karminrot. Empfehlenswert f\u00fcr Rabatten und Schnittblumen.<br \/>\n<\/b><br \/>\n<strong>Zinnie Dahlienbl\u00fctige Scarlet Flame  &#8211; Samen<\/strong><br \/>\n<\/b><br \/>\n<strong>Saattiefe unter Glas \/ Vorkultur:<\/strong> 0,5 cm<br \/>\n<strong>Aussaat unter Glas \/ Vorkultur:<\/strong> M\u00e4rz &#8211; April<br \/>\n<strong>Saattiefe Freiland:<\/strong> 0,5 cm<br \/>\n<strong>Aussaat Freiland:<\/strong> April<br \/>\n<strong>Auspflanzung:<\/strong> 15 Mai<br \/>\n<strong>Pflanzabstand:<\/strong> 40 x 40 cm<br \/>\n<strong>Bl\u00fctezeit:<\/strong> Juni &#8211; Oktober<br \/>\n<\/b><br \/>\nInhalt eines Pakets 1 g Samen.<\/p>\n","protected":false},"featured_media":60174,"template":"","meta":{"_monsterinsights_skip_tracking":false,"_monsterinsights_sitenote_active":false,"_monsterinsights_sitenote_note":"","_monsterinsights_sitenote_category":0},"product_cat":[863,921],"product_tag":[4294],"class_list":["post-60167","product","type-product","status-publish","has-post-thumbnail","hentry","product_cat-blumensamen","product_cat-zinniensamen","product_tag-zinnie-dahlienbluetige-scarlet-flame-samen"],"yoast_head":"<!-- This site is optimized with the Yoast SEO plugin v21.6 - https:\/\/yoast.com\/wordpress\/plugins\/seo\/ -->\n<title>Zinnie Dahlienbl\u00fctige Scarlet Flame - Producent nasion - PremiumSeeds<\/title>\n<meta name=\"description\" content=\"Zinnie Dahlienbl\u00fctige Scarlet Flame nasiona - bezpo\u015brednio od producenta marki PremiumSeeds. Sprzeda\u017c hurtowa i dystrybucja nasion Zinnie Dahlienbl\u00fctige Scarlet Flame\" \/>\n<meta name=\"robots\" content=\"index, follow, max-snippet:-1, max-image-preview:large, max-video-preview:-1\" \/>\n<link rel=\"canonical\" href=\"https:\/\/premiumseeds.eu\/de\/produkt\/zinnie-dahlienbluetige-scarlet-flame\/\" \/>\n<meta property=\"og:locale\" content=\"de_DE\" \/>\n<meta property=\"og:type\" content=\"article\" \/>\n<meta property=\"og:title\" content=\"Zinnie Dahlienbl\u00fctige Scarlet Flame - Producent nasion - PremiumSeeds\" \/>\n<meta property=\"og:description\" content=\"Zinnie Dahlienbl\u00fctige Scarlet Flame nasiona - bezpo\u015brednio od producenta marki PremiumSeeds. Sprzeda\u017c hurtowa i dystrybucja nasion Zinnie Dahlienbl\u00fctige Scarlet Flame\" \/>\n<meta property=\"og:url\" content=\"https:\/\/premiumseeds.eu\/de\/produkt\/zinnie-dahlienbluetige-scarlet-flame\/\" \/>\n<meta property=\"og:site_name\" content=\"PremiumSeeds\" \/>\n<meta property=\"article:modified_time\" content=\"2023-07-10T13:21:12+00:00\" \/>\n<meta property=\"og:image\" content=\"https:\/\/premiumseeds.eu\/wp-content\/uploads\/2023\/07\/WORLD-14115425PA_VS-1.jpg?v=1688994789\" \/>\n\t<meta property=\"og:image:width\" content=\"945\" \/>\n\t<meta property=\"og:image:height\" content=\"1772\" \/>\n\t<meta property=\"og:image:type\" content=\"image\/jpeg\" \/>\n<meta name=\"twitter:card\" content=\"summary_large_image\" \/>\n<script type=\"application\/ld+json\" class=\"yoast-schema-graph\">{\"@context\":\"https:\/\/schema.org\",\"@graph\":[{\"@type\":\"WebPage\",\"@id\":\"https:\/\/premiumseeds.eu\/de\/produkt\/zinnie-dahlienbluetige-scarlet-flame\/\",\"url\":\"https:\/\/premiumseeds.eu\/de\/produkt\/zinnie-dahlienbluetige-scarlet-flame\/\",\"name\":\"Zinnie Dahlienbl\u00fctige Scarlet Flame - Producent nasion - PremiumSeeds\",\"isPartOf\":{\"@id\":\"https:\/\/premiumseeds.eu\/de\/#website\"},\"datePublished\":\"2023-07-10T13:21:10+00:00\",\"dateModified\":\"2023-07-10T13:21:12+00:00\",\"description\":\"Zinnie Dahlienbl\u00fctige Scarlet Flame nasiona - bezpo\u015brednio od producenta marki PremiumSeeds. Sprzeda\u017c hurtowa i dystrybucja nasion Zinnie Dahlienbl\u00fctige Scarlet Flame\",\"breadcrumb\":{\"@id\":\"https:\/\/premiumseeds.eu\/de\/produkt\/zinnie-dahlienbluetige-scarlet-flame\/#breadcrumb\"},\"inLanguage\":\"de\",\"potentialAction\":[{\"@type\":\"ReadAction\",\"target\":[\"https:\/\/premiumseeds.eu\/de\/produkt\/zinnie-dahlienbluetige-scarlet-flame\/\"]}]},{\"@type\":\"BreadcrumbList\",\"@id\":\"https:\/\/premiumseeds.eu\/de\/produkt\/zinnie-dahlienbluetige-scarlet-flame\/#breadcrumb\",\"itemListElement\":[{\"@type\":\"ListItem\",\"position\":1,\"name\":\"Home\",\"item\":\"https:\/\/premiumseeds.eu\/de\/\"},{\"@type\":\"ListItem\",\"position\":2,\"name\":\"Samen\",\"item\":\"https:\/\/premiumseeds.eu\/de\/samen\/\"},{\"@type\":\"ListItem\",\"position\":3,\"name\":\"Zinnie Dahlienbl\u00fctige Scarlet Flame\"}]},{\"@type\":\"WebSite\",\"@id\":\"https:\/\/premiumseeds.eu\/de\/#website\",\"url\":\"https:\/\/premiumseeds.eu\/de\/\",\"name\":\"PremiumSeeds\",\"description\":\"Top seeds producer\",\"potentialAction\":[{\"@type\":\"SearchAction\",\"target\":{\"@type\":\"EntryPoint\",\"urlTemplate\":\"https:\/\/premiumseeds.eu\/de\/?s={search_term_string}\"},\"query-input\":\"required name=search_term_string\"}],\"inLanguage\":\"de\"}]}<\/script>\n<!-- \/ Yoast SEO plugin. -->","yoast_head_json":{"title":"Zinnie Dahlienbl\u00fctige Scarlet Flame - Producent nasion - PremiumSeeds","description":"Zinnie Dahlienbl\u00fctige Scarlet Flame nasiona - bezpo\u015brednio od producenta marki PremiumSeeds. Sprzeda\u017c hurtowa i dystrybucja nasion Zinnie Dahlienbl\u00fctige Scarlet Flame","robots":{"index":"index","follow":"follow","max-snippet":"max-snippet:-1","max-image-preview":"max-image-preview:large","max-video-preview":"max-video-preview:-1"},"canonical":"https:\/\/premiumseeds.eu\/de\/produkt\/zinnie-dahlienbluetige-scarlet-flame\/","og_locale":"de_DE","og_type":"article","og_title":"Zinnie Dahlienbl\u00fctige Scarlet Flame - Producent nasion - PremiumSeeds","og_description":"Zinnie Dahlienbl\u00fctige Scarlet Flame nasiona - bezpo\u015brednio od producenta marki PremiumSeeds. Sprzeda\u017c hurtowa i dystrybucja nasion Zinnie Dahlienbl\u00fctige Scarlet Flame","og_url":"https:\/\/premiumseeds.eu\/de\/produkt\/zinnie-dahlienbluetige-scarlet-flame\/","og_site_name":"PremiumSeeds","article_modified_time":"2023-07-10T13:21:12+00:00","og_image":[{"width":945,"height":1772,"url":"https:\/\/premiumseeds.eu\/wp-content\/uploads\/2023\/07\/WORLD-14115425PA_VS-1.jpg?v=1688994789","type":"image\/jpeg"}],"twitter_card":"summary_large_image","schema":{"@context":"https:\/\/schema.org","@graph":[{"@type":"WebPage","@id":"https:\/\/premiumseeds.eu\/de\/produkt\/zinnie-dahlienbluetige-scarlet-flame\/","url":"https:\/\/premiumseeds.eu\/de\/produkt\/zinnie-dahlienbluetige-scarlet-flame\/","name":"Zinnie Dahlienbl\u00fctige Scarlet Flame - Producent nasion - PremiumSeeds","isPartOf":{"@id":"https:\/\/premiumseeds.eu\/de\/#website"},"datePublished":"2023-07-10T13:21:10+00:00","dateModified":"2023-07-10T13:21:12+00:00","description":"Zinnie Dahlienbl\u00fctige Scarlet Flame nasiona - bezpo\u015brednio od producenta marki PremiumSeeds. Sprzeda\u017c hurtowa i dystrybucja nasion Zinnie Dahlienbl\u00fctige Scarlet Flame","breadcrumb":{"@id":"https:\/\/premiumseeds.eu\/de\/produkt\/zinnie-dahlienbluetige-scarlet-flame\/#breadcrumb"},"inLanguage":"de","potentialAction":[{"@type":"ReadAction","target":["https:\/\/premiumseeds.eu\/de\/produkt\/zinnie-dahlienbluetige-scarlet-flame\/"]}]},{"@type":"BreadcrumbList","@id":"https:\/\/premiumseeds.eu\/de\/produkt\/zinnie-dahlienbluetige-scarlet-flame\/#breadcrumb","itemListElement":[{"@type":"ListItem","position":1,"name":"Home","item":"https:\/\/premiumseeds.eu\/de\/"},{"@type":"ListItem","position":2,"name":"Samen","item":"https:\/\/premiumseeds.eu\/de\/samen\/"},{"@type":"ListItem","position":3,"name":"Zinnie Dahlienbl\u00fctige Scarlet Flame"}]},{"@type":"WebSite","@id":"https:\/\/premiumseeds.eu\/de\/#website","url":"https:\/\/premiumseeds.eu\/de\/","name":"PremiumSeeds","description":"Top seeds producer","potentialAction":[{"@type":"SearchAction","target":{"@type":"EntryPoint","urlTemplate":"https:\/\/premiumseeds.eu\/de\/?s={search_term_string}"},"query-input":"required name=search_term_string"}],"inLanguage":"de"}]}},"_links":{"self":[{"href":"https:\/\/premiumseeds.eu\/de\/wp-json\/wp\/v2\/product\/60167","targetHints":{"allow":["GET"]}}],"collection":[{"href":"https:\/\/premiumseeds.eu\/de\/wp-json\/wp\/v2\/product"}],"about":[{"href":"https:\/\/premiumseeds.eu\/de\/wp-json\/wp\/v2\/types\/product"}],"wp:featuredmedia":[{"embeddable":true,"href":"https:\/\/premiumseeds.eu\/de\/wp-json\/wp\/v2\/media\/60174"}],"wp:attachment":[{"href":"https:\/\/premiumseeds.eu\/de\/wp-json\/wp\/v2\/media?parent=60167"}],"wp:term":[{"taxonomy":"product_cat","embeddable":true,"href":"https:\/\/premiumseeds.eu\/de\/wp-json\/wp\/v2\/product_cat?post=60167"},{"taxonomy":"product_tag","embeddable":true,"href":"https:\/\/premiumseeds.eu\/de\/wp-json\/wp\/v2\/product_tag?post=60167"}],"curies":[{"name":"wp","href":"https:\/\/api.w.org\/{rel}","templated":true}]}}