{"id":60207,"date":"2023-07-10T15:47:14","date_gmt":"2023-07-10T13:47:14","guid":{"rendered":"https:\/\/premiumseeds.eu\/?post_type=product&#038;p=60207"},"modified":"2023-07-10T15:47:16","modified_gmt":"2023-07-10T13:47:16","slug":"sommerzypresse","status":"publish","type":"product","link":"https:\/\/premiumseeds.eu\/de\/produkt\/sommerzypresse\/","title":{"rendered":"Sommerzypresse"},"content":{"rendered":"","protected":false},"excerpt":{"rendered":"<p>Einj\u00e4hrige Pflanze mit einer H\u00f6he von 80-120 cm. Wuchert stark, wodurch eine dichte Kugelform entsteht. Schmale Bl\u00e4tter, mit hellgr\u00fcner Farbe. \u00c4hnelt vom Aussehen her einer Zypresse. Wird h\u00e4ufig f\u00fcr niedrige Hecken oder als Solit\u00e4rpflanze verwendet.<br \/>\n<\/b><br \/>\n<strong>Sommerzypresse &#8211; Samen<\/strong><br \/>\n<\/b><br \/>\n<strong>Saattiefe Freiland:<\/strong> 1 cm<br \/>\n<strong>Aussaat Freiland:<\/strong> April &#8211; Mai<br \/>\n<strong>Pflanzabstand:<\/strong> 30 &#8211; 40 cm<br \/>\n<strong>Bl\u00fctezeit:<\/strong> Juli &#8211; Oktober<br \/>\n<\/b><br \/>\nInhalt eines Pakets 1 g Samen.<\/p>\n","protected":false},"featured_media":60214,"template":"","meta":{"_monsterinsights_skip_tracking":false,"_monsterinsights_sitenote_active":false,"_monsterinsights_sitenote_note":"","_monsterinsights_sitenote_category":0},"product_cat":[864,863,979],"product_tag":[4297],"class_list":["post-60207","product","type-product","status-publish","has-post-thumbnail","hentry","product_cat-balkonblumensamen","product_cat-blumensamen","product_cat-topfblumensamen","product_tag-sommerzypresse-samen"],"yoast_head":"<!-- This site is optimized with the Yoast SEO plugin v21.6 - https:\/\/yoast.com\/wordpress\/plugins\/seo\/ -->\n<title>Sommerzypresse - Produzent von Samen \u2013 PremiumSeeds<\/title>\n<meta name=\"description\" content=\"Sommerzypresse Samen - direkt vom Produzenten der Marke PremiumSeeds. Gro\u00dfhandel und Vertrieb von Samen Sommerzypresse. Samen mit Garantie der perfekten Keimung. Bestellen Sie direkt beim Hersteller.\" \/>\n<meta name=\"robots\" content=\"index, follow, max-snippet:-1, max-image-preview:large, max-video-preview:-1\" \/>\n<link rel=\"canonical\" href=\"https:\/\/premiumseeds.eu\/de\/produkt\/sommerzypresse\/\" \/>\n<meta property=\"og:locale\" content=\"de_DE\" \/>\n<meta property=\"og:type\" content=\"article\" \/>\n<meta property=\"og:title\" content=\"Sommerzypresse - Produzent von Samen \u2013 PremiumSeeds\" \/>\n<meta property=\"og:description\" content=\"Sommerzypresse Samen - direkt vom Produzenten der Marke PremiumSeeds. Gro\u00dfhandel und Vertrieb von Samen Sommerzypresse. Samen mit Garantie der perfekten Keimung. Bestellen Sie direkt beim Hersteller.\" \/>\n<meta property=\"og:url\" content=\"https:\/\/premiumseeds.eu\/de\/produkt\/sommerzypresse\/\" \/>\n<meta property=\"og:site_name\" content=\"PremiumSeeds\" \/>\n<meta property=\"article:modified_time\" content=\"2023-07-10T13:47:16+00:00\" \/>\n<meta property=\"og:image\" content=\"https:\/\/premiumseeds.eu\/wp-content\/uploads\/2023\/07\/WORLD-14169662PA_VS-1.jpg?v=1688996714\" \/>\n\t<meta property=\"og:image:width\" content=\"945\" \/>\n\t<meta property=\"og:image:height\" content=\"1772\" \/>\n\t<meta property=\"og:image:type\" content=\"image\/jpeg\" \/>\n<meta name=\"twitter:card\" content=\"summary_large_image\" \/>\n<script type=\"application\/ld+json\" class=\"yoast-schema-graph\">{\"@context\":\"https:\/\/schema.org\",\"@graph\":[{\"@type\":\"WebPage\",\"@id\":\"https:\/\/premiumseeds.eu\/de\/produkt\/sommerzypresse\/\",\"url\":\"https:\/\/premiumseeds.eu\/de\/produkt\/sommerzypresse\/\",\"name\":\"Sommerzypresse - Produzent von Samen \u2013 PremiumSeeds\",\"isPartOf\":{\"@id\":\"https:\/\/premiumseeds.eu\/de\/#website\"},\"datePublished\":\"2023-07-10T13:47:14+00:00\",\"dateModified\":\"2023-07-10T13:47:16+00:00\",\"description\":\"Sommerzypresse Samen - direkt vom Produzenten der Marke PremiumSeeds. Gro\u00dfhandel und Vertrieb von Samen Sommerzypresse. Samen mit Garantie der perfekten Keimung. Bestellen Sie direkt beim Hersteller.\",\"breadcrumb\":{\"@id\":\"https:\/\/premiumseeds.eu\/de\/produkt\/sommerzypresse\/#breadcrumb\"},\"inLanguage\":\"de\",\"potentialAction\":[{\"@type\":\"ReadAction\",\"target\":[\"https:\/\/premiumseeds.eu\/de\/produkt\/sommerzypresse\/\"]}]},{\"@type\":\"BreadcrumbList\",\"@id\":\"https:\/\/premiumseeds.eu\/de\/produkt\/sommerzypresse\/#breadcrumb\",\"itemListElement\":[{\"@type\":\"ListItem\",\"position\":1,\"name\":\"Home\",\"item\":\"https:\/\/premiumseeds.eu\/de\/\"},{\"@type\":\"ListItem\",\"position\":2,\"name\":\"Samen\",\"item\":\"https:\/\/premiumseeds.eu\/de\/samen\/\"},{\"@type\":\"ListItem\",\"position\":3,\"name\":\"Sommerzypresse\"}]},{\"@type\":\"WebSite\",\"@id\":\"https:\/\/premiumseeds.eu\/de\/#website\",\"url\":\"https:\/\/premiumseeds.eu\/de\/\",\"name\":\"PremiumSeeds\",\"description\":\"Top seeds producer\",\"potentialAction\":[{\"@type\":\"SearchAction\",\"target\":{\"@type\":\"EntryPoint\",\"urlTemplate\":\"https:\/\/premiumseeds.eu\/de\/?s={search_term_string}\"},\"query-input\":\"required name=search_term_string\"}],\"inLanguage\":\"de\"}]}<\/script>\n<!-- \/ Yoast SEO plugin. -->","yoast_head_json":{"title":"Sommerzypresse - Produzent von Samen \u2013 PremiumSeeds","description":"Sommerzypresse Samen - direkt vom Produzenten der Marke PremiumSeeds. Gro\u00dfhandel und Vertrieb von Samen Sommerzypresse. Samen mit Garantie der perfekten Keimung. Bestellen Sie direkt beim Hersteller.","robots":{"index":"index","follow":"follow","max-snippet":"max-snippet:-1","max-image-preview":"max-image-preview:large","max-video-preview":"max-video-preview:-1"},"canonical":"https:\/\/premiumseeds.eu\/de\/produkt\/sommerzypresse\/","og_locale":"de_DE","og_type":"article","og_title":"Sommerzypresse - Produzent von Samen \u2013 PremiumSeeds","og_description":"Sommerzypresse Samen - direkt vom Produzenten der Marke PremiumSeeds. Gro\u00dfhandel und Vertrieb von Samen Sommerzypresse. Samen mit Garantie der perfekten Keimung. Bestellen Sie direkt beim Hersteller.","og_url":"https:\/\/premiumseeds.eu\/de\/produkt\/sommerzypresse\/","og_site_name":"PremiumSeeds","article_modified_time":"2023-07-10T13:47:16+00:00","og_image":[{"width":945,"height":1772,"url":"https:\/\/premiumseeds.eu\/wp-content\/uploads\/2023\/07\/WORLD-14169662PA_VS-1.jpg?v=1688996714","type":"image\/jpeg"}],"twitter_card":"summary_large_image","schema":{"@context":"https:\/\/schema.org","@graph":[{"@type":"WebPage","@id":"https:\/\/premiumseeds.eu\/de\/produkt\/sommerzypresse\/","url":"https:\/\/premiumseeds.eu\/de\/produkt\/sommerzypresse\/","name":"Sommerzypresse - Produzent von Samen \u2013 PremiumSeeds","isPartOf":{"@id":"https:\/\/premiumseeds.eu\/de\/#website"},"datePublished":"2023-07-10T13:47:14+00:00","dateModified":"2023-07-10T13:47:16+00:00","description":"Sommerzypresse Samen - direkt vom Produzenten der Marke PremiumSeeds. Gro\u00dfhandel und Vertrieb von Samen Sommerzypresse. Samen mit Garantie der perfekten Keimung. Bestellen Sie direkt beim Hersteller.","breadcrumb":{"@id":"https:\/\/premiumseeds.eu\/de\/produkt\/sommerzypresse\/#breadcrumb"},"inLanguage":"de","potentialAction":[{"@type":"ReadAction","target":["https:\/\/premiumseeds.eu\/de\/produkt\/sommerzypresse\/"]}]},{"@type":"BreadcrumbList","@id":"https:\/\/premiumseeds.eu\/de\/produkt\/sommerzypresse\/#breadcrumb","itemListElement":[{"@type":"ListItem","position":1,"name":"Home","item":"https:\/\/premiumseeds.eu\/de\/"},{"@type":"ListItem","position":2,"name":"Samen","item":"https:\/\/premiumseeds.eu\/de\/samen\/"},{"@type":"ListItem","position":3,"name":"Sommerzypresse"}]},{"@type":"WebSite","@id":"https:\/\/premiumseeds.eu\/de\/#website","url":"https:\/\/premiumseeds.eu\/de\/","name":"PremiumSeeds","description":"Top seeds producer","potentialAction":[{"@type":"SearchAction","target":{"@type":"EntryPoint","urlTemplate":"https:\/\/premiumseeds.eu\/de\/?s={search_term_string}"},"query-input":"required name=search_term_string"}],"inLanguage":"de"}]}},"_links":{"self":[{"href":"https:\/\/premiumseeds.eu\/de\/wp-json\/wp\/v2\/product\/60207","targetHints":{"allow":["GET"]}}],"collection":[{"href":"https:\/\/premiumseeds.eu\/de\/wp-json\/wp\/v2\/product"}],"about":[{"href":"https:\/\/premiumseeds.eu\/de\/wp-json\/wp\/v2\/types\/product"}],"wp:featuredmedia":[{"embeddable":true,"href":"https:\/\/premiumseeds.eu\/de\/wp-json\/wp\/v2\/media\/60214"}],"wp:attachment":[{"href":"https:\/\/premiumseeds.eu\/de\/wp-json\/wp\/v2\/media?parent=60207"}],"wp:term":[{"taxonomy":"product_cat","embeddable":true,"href":"https:\/\/premiumseeds.eu\/de\/wp-json\/wp\/v2\/product_cat?post=60207"},{"taxonomy":"product_tag","embeddable":true,"href":"https:\/\/premiumseeds.eu\/de\/wp-json\/wp\/v2\/product_tag?post=60207"}],"curies":[{"name":"wp","href":"https:\/\/api.w.org\/{rel}","templated":true}]}}