{"id":60415,"date":"2023-07-11T10:49:57","date_gmt":"2023-07-11T08:49:57","guid":{"rendered":"https:\/\/premiumseeds.eu\/?post_type=product&#038;p=60415"},"modified":"2023-07-11T10:49:59","modified_gmt":"2023-07-11T08:49:59","slug":"sonnenhut-mischung-2","status":"publish","type":"product","link":"https:\/\/premiumseeds.eu\/de\/produkt\/sonnenhut-mischung-2\/","title":{"rendered":"Sonnenhut &#8211; Mischung"},"content":{"rendered":"","protected":false},"excerpt":{"rendered":"<p>Mehrj\u00e4hrige Pflanze mit einer H\u00f6he von 60-100 cm. Lange und aufrechte Triebe. Bl\u00fcten in unterschiedlichen Farben. Honigtragende Pflanze, die gerne von Bienen und Schmetterlingen besucht wird. Ideale Mischung f\u00fcr Rabatten und Schnittblumen.<br \/>\n<\/b><br \/>\n<strong>Sonnenhut &#8211; Mischung &#8211; Samen<\/strong><br \/>\n<\/b><br \/>\n<strong>Saattiefe:<\/strong> 1,5 cm<br \/>\n<strong>Aussaat Freiland:<\/strong> April &#8211; Mai<br \/>\n<strong>Auspflanzung<\/strong> August &#8211; September<br \/>\n<strong>Pflanzabstand:<\/strong> 50 x 50 cm<br \/>\n<strong>Bl\u00fctezeit:<\/strong> August &#8211; September<br \/>\n<\/b><br \/>\nInhalt eines Pakets 1 g Samen.<\/p>\n","protected":false},"featured_media":60422,"template":"","meta":{"_monsterinsights_skip_tracking":false,"_monsterinsights_sitenote_active":false,"_monsterinsights_sitenote_note":"","_monsterinsights_sitenote_category":0},"product_cat":[863,868,975,905],"product_tag":[3748],"class_list":["post-60415","product","type-product","status-publish","has-post-thumbnail","hentry","product_cat-blumensamen","product_cat-blumensamen-mischungen","product_cat-samen-von-honigpflanzen","product_cat-sonnenhutsamen","product_tag-sonnenhut-mischung-samen"],"yoast_head":"<!-- This site is optimized with the Yoast SEO plugin v21.6 - https:\/\/yoast.com\/wordpress\/plugins\/seo\/ -->\n<title>Sonnenhut - Mischung - Produzent von Samen \u2013 PremiumSeeds<\/title>\n<meta name=\"description\" content=\"Sonnenhut - Mischung Samen - direkt vom Produzenten der Marke PremiumSeeds. Gro\u00dfhandel und Vertrieb von Samen Sonnenhut - Mischung. Samen mit Garantie der perfekten Keimung. Bestellen Sie direkt beim Hersteller.\" \/>\n<meta name=\"robots\" content=\"index, follow, max-snippet:-1, max-image-preview:large, max-video-preview:-1\" \/>\n<link rel=\"canonical\" href=\"https:\/\/premiumseeds.eu\/de\/produkt\/sonnenhut-mischung-2\/\" \/>\n<meta property=\"og:locale\" content=\"de_DE\" \/>\n<meta property=\"og:type\" content=\"article\" \/>\n<meta property=\"og:title\" content=\"Sonnenhut - Mischung - Produzent von Samen \u2013 PremiumSeeds\" \/>\n<meta property=\"og:description\" content=\"Sonnenhut - Mischung Samen - direkt vom Produzenten der Marke PremiumSeeds. Gro\u00dfhandel und Vertrieb von Samen Sonnenhut - Mischung. Samen mit Garantie der perfekten Keimung. Bestellen Sie direkt beim Hersteller.\" \/>\n<meta property=\"og:url\" content=\"https:\/\/premiumseeds.eu\/de\/produkt\/sonnenhut-mischung-2\/\" \/>\n<meta property=\"og:site_name\" content=\"PremiumSeeds\" \/>\n<meta property=\"article:modified_time\" content=\"2023-07-11T08:49:59+00:00\" \/>\n<meta property=\"og:image\" content=\"https:\/\/premiumseeds.eu\/wp-content\/uploads\/2023\/07\/WORLD-N-092-0336_VS-1.jpg?v=1689065345\" \/>\n\t<meta property=\"og:image:width\" content=\"945\" \/>\n\t<meta property=\"og:image:height\" content=\"1772\" \/>\n\t<meta property=\"og:image:type\" content=\"image\/jpeg\" \/>\n<meta name=\"twitter:card\" content=\"summary_large_image\" \/>\n<script type=\"application\/ld+json\" class=\"yoast-schema-graph\">{\"@context\":\"https:\/\/schema.org\",\"@graph\":[{\"@type\":\"WebPage\",\"@id\":\"https:\/\/premiumseeds.eu\/de\/produkt\/sonnenhut-mischung-2\/\",\"url\":\"https:\/\/premiumseeds.eu\/de\/produkt\/sonnenhut-mischung-2\/\",\"name\":\"Sonnenhut - Mischung - Produzent von Samen \u2013 PremiumSeeds\",\"isPartOf\":{\"@id\":\"https:\/\/premiumseeds.eu\/de\/#website\"},\"datePublished\":\"2023-07-11T08:49:57+00:00\",\"dateModified\":\"2023-07-11T08:49:59+00:00\",\"description\":\"Sonnenhut - Mischung Samen - direkt vom Produzenten der Marke PremiumSeeds. Gro\u00dfhandel und Vertrieb von Samen Sonnenhut - Mischung. Samen mit Garantie der perfekten Keimung. Bestellen Sie direkt beim Hersteller.\",\"breadcrumb\":{\"@id\":\"https:\/\/premiumseeds.eu\/de\/produkt\/sonnenhut-mischung-2\/#breadcrumb\"},\"inLanguage\":\"de\",\"potentialAction\":[{\"@type\":\"ReadAction\",\"target\":[\"https:\/\/premiumseeds.eu\/de\/produkt\/sonnenhut-mischung-2\/\"]}]},{\"@type\":\"BreadcrumbList\",\"@id\":\"https:\/\/premiumseeds.eu\/de\/produkt\/sonnenhut-mischung-2\/#breadcrumb\",\"itemListElement\":[{\"@type\":\"ListItem\",\"position\":1,\"name\":\"Home\",\"item\":\"https:\/\/premiumseeds.eu\/de\/\"},{\"@type\":\"ListItem\",\"position\":2,\"name\":\"Samen\",\"item\":\"https:\/\/premiumseeds.eu\/de\/samen\/\"},{\"@type\":\"ListItem\",\"position\":3,\"name\":\"Sonnenhut &#8211; Mischung\"}]},{\"@type\":\"WebSite\",\"@id\":\"https:\/\/premiumseeds.eu\/de\/#website\",\"url\":\"https:\/\/premiumseeds.eu\/de\/\",\"name\":\"PremiumSeeds\",\"description\":\"Top seeds producer\",\"potentialAction\":[{\"@type\":\"SearchAction\",\"target\":{\"@type\":\"EntryPoint\",\"urlTemplate\":\"https:\/\/premiumseeds.eu\/de\/?s={search_term_string}\"},\"query-input\":\"required name=search_term_string\"}],\"inLanguage\":\"de\"}]}<\/script>\n<!-- \/ Yoast SEO plugin. -->","yoast_head_json":{"title":"Sonnenhut - Mischung - Produzent von Samen \u2013 PremiumSeeds","description":"Sonnenhut - Mischung Samen - direkt vom Produzenten der Marke PremiumSeeds. Gro\u00dfhandel und Vertrieb von Samen Sonnenhut - Mischung. Samen mit Garantie der perfekten Keimung. Bestellen Sie direkt beim Hersteller.","robots":{"index":"index","follow":"follow","max-snippet":"max-snippet:-1","max-image-preview":"max-image-preview:large","max-video-preview":"max-video-preview:-1"},"canonical":"https:\/\/premiumseeds.eu\/de\/produkt\/sonnenhut-mischung-2\/","og_locale":"de_DE","og_type":"article","og_title":"Sonnenhut - Mischung - Produzent von Samen \u2013 PremiumSeeds","og_description":"Sonnenhut - Mischung Samen - direkt vom Produzenten der Marke PremiumSeeds. Gro\u00dfhandel und Vertrieb von Samen Sonnenhut - Mischung. Samen mit Garantie der perfekten Keimung. Bestellen Sie direkt beim Hersteller.","og_url":"https:\/\/premiumseeds.eu\/de\/produkt\/sonnenhut-mischung-2\/","og_site_name":"PremiumSeeds","article_modified_time":"2023-07-11T08:49:59+00:00","og_image":[{"width":945,"height":1772,"url":"https:\/\/premiumseeds.eu\/wp-content\/uploads\/2023\/07\/WORLD-N-092-0336_VS-1.jpg?v=1689065345","type":"image\/jpeg"}],"twitter_card":"summary_large_image","schema":{"@context":"https:\/\/schema.org","@graph":[{"@type":"WebPage","@id":"https:\/\/premiumseeds.eu\/de\/produkt\/sonnenhut-mischung-2\/","url":"https:\/\/premiumseeds.eu\/de\/produkt\/sonnenhut-mischung-2\/","name":"Sonnenhut - Mischung - Produzent von Samen \u2013 PremiumSeeds","isPartOf":{"@id":"https:\/\/premiumseeds.eu\/de\/#website"},"datePublished":"2023-07-11T08:49:57+00:00","dateModified":"2023-07-11T08:49:59+00:00","description":"Sonnenhut - Mischung Samen - direkt vom Produzenten der Marke PremiumSeeds. Gro\u00dfhandel und Vertrieb von Samen Sonnenhut - Mischung. Samen mit Garantie der perfekten Keimung. Bestellen Sie direkt beim Hersteller.","breadcrumb":{"@id":"https:\/\/premiumseeds.eu\/de\/produkt\/sonnenhut-mischung-2\/#breadcrumb"},"inLanguage":"de","potentialAction":[{"@type":"ReadAction","target":["https:\/\/premiumseeds.eu\/de\/produkt\/sonnenhut-mischung-2\/"]}]},{"@type":"BreadcrumbList","@id":"https:\/\/premiumseeds.eu\/de\/produkt\/sonnenhut-mischung-2\/#breadcrumb","itemListElement":[{"@type":"ListItem","position":1,"name":"Home","item":"https:\/\/premiumseeds.eu\/de\/"},{"@type":"ListItem","position":2,"name":"Samen","item":"https:\/\/premiumseeds.eu\/de\/samen\/"},{"@type":"ListItem","position":3,"name":"Sonnenhut &#8211; Mischung"}]},{"@type":"WebSite","@id":"https:\/\/premiumseeds.eu\/de\/#website","url":"https:\/\/premiumseeds.eu\/de\/","name":"PremiumSeeds","description":"Top seeds producer","potentialAction":[{"@type":"SearchAction","target":{"@type":"EntryPoint","urlTemplate":"https:\/\/premiumseeds.eu\/de\/?s={search_term_string}"},"query-input":"required name=search_term_string"}],"inLanguage":"de"}]}},"_links":{"self":[{"href":"https:\/\/premiumseeds.eu\/de\/wp-json\/wp\/v2\/product\/60415","targetHints":{"allow":["GET"]}}],"collection":[{"href":"https:\/\/premiumseeds.eu\/de\/wp-json\/wp\/v2\/product"}],"about":[{"href":"https:\/\/premiumseeds.eu\/de\/wp-json\/wp\/v2\/types\/product"}],"wp:featuredmedia":[{"embeddable":true,"href":"https:\/\/premiumseeds.eu\/de\/wp-json\/wp\/v2\/media\/60422"}],"wp:attachment":[{"href":"https:\/\/premiumseeds.eu\/de\/wp-json\/wp\/v2\/media?parent=60415"}],"wp:term":[{"taxonomy":"product_cat","embeddable":true,"href":"https:\/\/premiumseeds.eu\/de\/wp-json\/wp\/v2\/product_cat?post=60415"},{"taxonomy":"product_tag","embeddable":true,"href":"https:\/\/premiumseeds.eu\/de\/wp-json\/wp\/v2\/product_tag?post=60415"}],"curies":[{"name":"wp","href":"https:\/\/api.w.org\/{rel}","templated":true}]}}