{"id":65687,"date":"2023-07-28T09:17:29","date_gmt":"2023-07-28T07:17:29","guid":{"rendered":"https:\/\/premiumseeds.eu\/?post_type=product&#038;p=65687"},"modified":"2023-07-28T09:17:30","modified_gmt":"2023-07-28T07:17:30","slug":"sonnenblume-italian-green-heart","status":"publish","type":"product","link":"https:\/\/premiumseeds.eu\/de\/produkt\/sonnenblume-italian-green-heart\/","title":{"rendered":"Sonnenblume Italian Green Heart"},"content":{"rendered":"","protected":false},"excerpt":{"rendered":"<p>Einj\u00e4hrige Pflanze mit einer H\u00f6he von 100-120 cm. Sie bildet verzweigte St\u00e4ngel und hat einen ausladenden Wuchs. Die Bl\u00fcten sind zahlreich und haben eine cremegelbe Farbe mit einer gr\u00fcnen Mitte. Diese Sorte eignet sich gut f\u00fcr das Pflanzen in Beeten, in gr\u00f6\u00dferen Gruppen und f\u00fcr den Schnittblumenanbau.<br \/>\n<\/b><br \/>\n<strong>Sonnenblume Italian Green Heart &#8211; Samen<\/strong><br \/>\n<\/b><br \/>\n<strong>Saattiefe:<\/strong> 1 &#8211; 2 cm<br \/>\n<strong>Aussaat Freiland:<\/strong> April &#8211; Juni<br \/>\n<strong>Spread:<\/strong> 30 x 40 cm<br \/>\n<strong>Bl\u00fctezeit:<\/strong> Juli &#8211; Oktober<br \/>\n<\/b><br \/>\nInhalt eines Pakets 0,5 g Samen.<\/p>\n","protected":false},"featured_media":65694,"template":"","meta":{"_monsterinsights_skip_tracking":false,"_monsterinsights_sitenote_active":false,"_monsterinsights_sitenote_note":"","_monsterinsights_sitenote_category":0},"product_cat":[863,904],"product_tag":[4711],"class_list":["post-65687","product","type-product","status-publish","has-post-thumbnail","hentry","product_cat-blumensamen","product_cat-sonnenblumensamen","product_tag-sonnenblume-italian-green-heart-samen"],"yoast_head":"<!-- This site is optimized with the Yoast SEO plugin v21.6 - https:\/\/yoast.com\/wordpress\/plugins\/seo\/ -->\n<title>Sonnenblume Italian Green Heart - Produzent von Samen \u2013 PremiumSeeds<\/title>\n<meta name=\"description\" content=\"Sonnenblume Italian Green Heart Samen - direkt vom Produzenten der Marke PremiumSeeds. Gro\u00dfhandel und Vertrieb von Samen Sonnenblume Italian Green Heart. Samen mit Garantie der perfekten Keimung. Bestellen Sie direkt beim Hersteller.\" \/>\n<meta name=\"robots\" content=\"index, follow, max-snippet:-1, max-image-preview:large, max-video-preview:-1\" \/>\n<link rel=\"canonical\" href=\"https:\/\/premiumseeds.eu\/de\/produkt\/sonnenblume-italian-green-heart\/\" \/>\n<meta property=\"og:locale\" content=\"de_DE\" \/>\n<meta property=\"og:type\" content=\"article\" \/>\n<meta property=\"og:title\" content=\"Sonnenblume Italian Green Heart - Produzent von Samen \u2013 PremiumSeeds\" \/>\n<meta property=\"og:description\" content=\"Sonnenblume Italian Green Heart Samen - direkt vom Produzenten der Marke PremiumSeeds. Gro\u00dfhandel und Vertrieb von Samen Sonnenblume Italian Green Heart. Samen mit Garantie der perfekten Keimung. Bestellen Sie direkt beim Hersteller.\" \/>\n<meta property=\"og:url\" content=\"https:\/\/premiumseeds.eu\/de\/produkt\/sonnenblume-italian-green-heart\/\" \/>\n<meta property=\"og:site_name\" content=\"PremiumSeeds\" \/>\n<meta property=\"article:modified_time\" content=\"2023-07-28T07:17:30+00:00\" \/>\n<meta property=\"og:image\" content=\"https:\/\/premiumseeds.eu\/wp-content\/uploads\/2023\/07\/WORLD-N-151-7784-spez_VS-2.jpg?v=1690528620\" \/>\n\t<meta property=\"og:image:width\" content=\"945\" \/>\n\t<meta property=\"og:image:height\" content=\"1772\" \/>\n\t<meta property=\"og:image:type\" content=\"image\/jpeg\" \/>\n<meta name=\"twitter:card\" content=\"summary_large_image\" \/>\n<script type=\"application\/ld+json\" class=\"yoast-schema-graph\">{\"@context\":\"https:\/\/schema.org\",\"@graph\":[{\"@type\":\"WebPage\",\"@id\":\"https:\/\/premiumseeds.eu\/de\/produkt\/sonnenblume-italian-green-heart\/\",\"url\":\"https:\/\/premiumseeds.eu\/de\/produkt\/sonnenblume-italian-green-heart\/\",\"name\":\"Sonnenblume Italian Green Heart - Produzent von Samen \u2013 PremiumSeeds\",\"isPartOf\":{\"@id\":\"https:\/\/premiumseeds.eu\/de\/#website\"},\"datePublished\":\"2023-07-28T07:17:29+00:00\",\"dateModified\":\"2023-07-28T07:17:30+00:00\",\"description\":\"Sonnenblume Italian Green Heart Samen - direkt vom Produzenten der Marke PremiumSeeds. Gro\u00dfhandel und Vertrieb von Samen Sonnenblume Italian Green Heart. Samen mit Garantie der perfekten Keimung. Bestellen Sie direkt beim Hersteller.\",\"breadcrumb\":{\"@id\":\"https:\/\/premiumseeds.eu\/de\/produkt\/sonnenblume-italian-green-heart\/#breadcrumb\"},\"inLanguage\":\"de\",\"potentialAction\":[{\"@type\":\"ReadAction\",\"target\":[\"https:\/\/premiumseeds.eu\/de\/produkt\/sonnenblume-italian-green-heart\/\"]}]},{\"@type\":\"BreadcrumbList\",\"@id\":\"https:\/\/premiumseeds.eu\/de\/produkt\/sonnenblume-italian-green-heart\/#breadcrumb\",\"itemListElement\":[{\"@type\":\"ListItem\",\"position\":1,\"name\":\"Home\",\"item\":\"https:\/\/premiumseeds.eu\/de\/\"},{\"@type\":\"ListItem\",\"position\":2,\"name\":\"Samen\",\"item\":\"https:\/\/premiumseeds.eu\/de\/samen\/\"},{\"@type\":\"ListItem\",\"position\":3,\"name\":\"Sonnenblume Italian Green Heart\"}]},{\"@type\":\"WebSite\",\"@id\":\"https:\/\/premiumseeds.eu\/de\/#website\",\"url\":\"https:\/\/premiumseeds.eu\/de\/\",\"name\":\"PremiumSeeds\",\"description\":\"Top seeds producer\",\"potentialAction\":[{\"@type\":\"SearchAction\",\"target\":{\"@type\":\"EntryPoint\",\"urlTemplate\":\"https:\/\/premiumseeds.eu\/de\/?s={search_term_string}\"},\"query-input\":\"required name=search_term_string\"}],\"inLanguage\":\"de\"}]}<\/script>\n<!-- \/ Yoast SEO plugin. -->","yoast_head_json":{"title":"Sonnenblume Italian Green Heart - Produzent von Samen \u2013 PremiumSeeds","description":"Sonnenblume Italian Green Heart Samen - direkt vom Produzenten der Marke PremiumSeeds. Gro\u00dfhandel und Vertrieb von Samen Sonnenblume Italian Green Heart. Samen mit Garantie der perfekten Keimung. Bestellen Sie direkt beim Hersteller.","robots":{"index":"index","follow":"follow","max-snippet":"max-snippet:-1","max-image-preview":"max-image-preview:large","max-video-preview":"max-video-preview:-1"},"canonical":"https:\/\/premiumseeds.eu\/de\/produkt\/sonnenblume-italian-green-heart\/","og_locale":"de_DE","og_type":"article","og_title":"Sonnenblume Italian Green Heart - Produzent von Samen \u2013 PremiumSeeds","og_description":"Sonnenblume Italian Green Heart Samen - direkt vom Produzenten der Marke PremiumSeeds. Gro\u00dfhandel und Vertrieb von Samen Sonnenblume Italian Green Heart. Samen mit Garantie der perfekten Keimung. Bestellen Sie direkt beim Hersteller.","og_url":"https:\/\/premiumseeds.eu\/de\/produkt\/sonnenblume-italian-green-heart\/","og_site_name":"PremiumSeeds","article_modified_time":"2023-07-28T07:17:30+00:00","og_image":[{"width":945,"height":1772,"url":"https:\/\/premiumseeds.eu\/wp-content\/uploads\/2023\/07\/WORLD-N-151-7784-spez_VS-2.jpg?v=1690528620","type":"image\/jpeg"}],"twitter_card":"summary_large_image","schema":{"@context":"https:\/\/schema.org","@graph":[{"@type":"WebPage","@id":"https:\/\/premiumseeds.eu\/de\/produkt\/sonnenblume-italian-green-heart\/","url":"https:\/\/premiumseeds.eu\/de\/produkt\/sonnenblume-italian-green-heart\/","name":"Sonnenblume Italian Green Heart - Produzent von Samen \u2013 PremiumSeeds","isPartOf":{"@id":"https:\/\/premiumseeds.eu\/de\/#website"},"datePublished":"2023-07-28T07:17:29+00:00","dateModified":"2023-07-28T07:17:30+00:00","description":"Sonnenblume Italian Green Heart Samen - direkt vom Produzenten der Marke PremiumSeeds. Gro\u00dfhandel und Vertrieb von Samen Sonnenblume Italian Green Heart. Samen mit Garantie der perfekten Keimung. Bestellen Sie direkt beim Hersteller.","breadcrumb":{"@id":"https:\/\/premiumseeds.eu\/de\/produkt\/sonnenblume-italian-green-heart\/#breadcrumb"},"inLanguage":"de","potentialAction":[{"@type":"ReadAction","target":["https:\/\/premiumseeds.eu\/de\/produkt\/sonnenblume-italian-green-heart\/"]}]},{"@type":"BreadcrumbList","@id":"https:\/\/premiumseeds.eu\/de\/produkt\/sonnenblume-italian-green-heart\/#breadcrumb","itemListElement":[{"@type":"ListItem","position":1,"name":"Home","item":"https:\/\/premiumseeds.eu\/de\/"},{"@type":"ListItem","position":2,"name":"Samen","item":"https:\/\/premiumseeds.eu\/de\/samen\/"},{"@type":"ListItem","position":3,"name":"Sonnenblume Italian Green Heart"}]},{"@type":"WebSite","@id":"https:\/\/premiumseeds.eu\/de\/#website","url":"https:\/\/premiumseeds.eu\/de\/","name":"PremiumSeeds","description":"Top seeds producer","potentialAction":[{"@type":"SearchAction","target":{"@type":"EntryPoint","urlTemplate":"https:\/\/premiumseeds.eu\/de\/?s={search_term_string}"},"query-input":"required name=search_term_string"}],"inLanguage":"de"}]}},"_links":{"self":[{"href":"https:\/\/premiumseeds.eu\/de\/wp-json\/wp\/v2\/product\/65687","targetHints":{"allow":["GET"]}}],"collection":[{"href":"https:\/\/premiumseeds.eu\/de\/wp-json\/wp\/v2\/product"}],"about":[{"href":"https:\/\/premiumseeds.eu\/de\/wp-json\/wp\/v2\/types\/product"}],"wp:featuredmedia":[{"embeddable":true,"href":"https:\/\/premiumseeds.eu\/de\/wp-json\/wp\/v2\/media\/65694"}],"wp:attachment":[{"href":"https:\/\/premiumseeds.eu\/de\/wp-json\/wp\/v2\/media?parent=65687"}],"wp:term":[{"taxonomy":"product_cat","embeddable":true,"href":"https:\/\/premiumseeds.eu\/de\/wp-json\/wp\/v2\/product_cat?post=65687"},{"taxonomy":"product_tag","embeddable":true,"href":"https:\/\/premiumseeds.eu\/de\/wp-json\/wp\/v2\/product_tag?post=65687"}],"curies":[{"name":"wp","href":"https:\/\/api.w.org\/{rel}","templated":true}]}}