{"id":65726,"date":"2023-07-28T12:51:14","date_gmt":"2023-07-28T10:51:14","guid":{"rendered":"https:\/\/premiumseeds.eu\/?post_type=product&#038;p=65726"},"modified":"2023-07-28T12:52:12","modified_gmt":"2023-07-28T10:52:12","slug":"kletterpflanzen-mischung","status":"publish","type":"product","link":"https:\/\/premiumseeds.eu\/de\/produkt\/kletterpflanzen-mischung\/","title":{"rendered":"Kletterpflanzen Mischung"},"content":{"rendered":"","protected":false},"excerpt":{"rendered":"<p>Eine Mischung aus einj\u00e4hrigen kletternden Pflanzen mit langen Trieben. Die Komposition aus verschiedenfarbigen Bl\u00fcten eignet sich gut f\u00fcr den Anbau im Boden und in Containern. Sie wird empfohlen, um Pergolen, Z\u00e4une, Lauben und Balkongel\u00e4nder zu bepflanzen.<br \/>\n<\/b><br \/>\n<Strong>Kletterpflanzen Mischung &#8211; Samen<\/strong><br \/>\n<\/b><br \/>\n<strong>Saattiefe:<\/strong> 1  cm<br \/>\n<strong>Aussaat unter Glas \/ Vorkultur:<\/strong> M\u00e4rz &#8211; April<br \/>\n<strong>Auspflanzung:<\/strong> 15 Mai<br \/>\n<strong>Spread:<\/strong> 30 &#8211; 40 cm<br \/>\n<strong>Bl\u00fctezeit:<\/strong> Juni &#8211; September<br \/>\n<\/b><br \/>\nInhalt eines Pakets 2 g Samen.<\/p>\n","protected":false},"featured_media":65773,"template":"","meta":{"_monsterinsights_skip_tracking":false,"_monsterinsights_sitenote_active":false,"_monsterinsights_sitenote_note":"","_monsterinsights_sitenote_category":0},"product_cat":[864,863,868,976,979],"product_tag":[4730],"class_list":["post-65726","product","type-product","status-publish","has-post-thumbnail","hentry","product_cat-balkonblumensamen","product_cat-blumensamen","product_cat-blumensamen-mischungen","product_cat-schlingpflanzensamen","product_cat-topfblumensamen","product_tag-kletterpflanzen-mischung-samen"],"yoast_head":"<!-- This site is optimized with the Yoast SEO plugin v21.6 - https:\/\/yoast.com\/wordpress\/plugins\/seo\/ -->\n<title>Kletterpflanzen Mischung - Producent nasion - PremiumSeeds<\/title>\n<meta name=\"description\" content=\"Kletterpflanzen Mischung nasiona - bezpo\u015brednio od producenta marki PremiumSeeds. Sprzeda\u017c hurtowa i dystrybucja nasion Kletterpflanzen Mischung\" \/>\n<meta name=\"robots\" content=\"index, follow, max-snippet:-1, max-image-preview:large, max-video-preview:-1\" \/>\n<link rel=\"canonical\" href=\"https:\/\/premiumseeds.eu\/de\/produkt\/kletterpflanzen-mischung\/\" \/>\n<meta property=\"og:locale\" content=\"de_DE\" \/>\n<meta property=\"og:type\" content=\"article\" \/>\n<meta property=\"og:title\" content=\"Kletterpflanzen Mischung - Producent nasion - PremiumSeeds\" \/>\n<meta property=\"og:description\" content=\"Kletterpflanzen Mischung nasiona - bezpo\u015brednio od producenta marki PremiumSeeds. Sprzeda\u017c hurtowa i dystrybucja nasion Kletterpflanzen Mischung\" \/>\n<meta property=\"og:url\" content=\"https:\/\/premiumseeds.eu\/de\/produkt\/kletterpflanzen-mischung\/\" \/>\n<meta property=\"og:site_name\" content=\"PremiumSeeds\" \/>\n<meta property=\"article:modified_time\" content=\"2023-07-28T10:52:12+00:00\" \/>\n<meta property=\"og:image\" content=\"https:\/\/premiumseeds.eu\/wp-content\/uploads\/2023\/07\/WORLD-N-152-0142_VS-2.jpg?v=1690533899\" \/>\n\t<meta property=\"og:image:width\" content=\"945\" \/>\n\t<meta property=\"og:image:height\" content=\"1772\" \/>\n\t<meta property=\"og:image:type\" content=\"image\/jpeg\" \/>\n<meta name=\"twitter:card\" content=\"summary_large_image\" \/>\n<script type=\"application\/ld+json\" class=\"yoast-schema-graph\">{\"@context\":\"https:\/\/schema.org\",\"@graph\":[{\"@type\":\"WebPage\",\"@id\":\"https:\/\/premiumseeds.eu\/de\/produkt\/kletterpflanzen-mischung\/\",\"url\":\"https:\/\/premiumseeds.eu\/de\/produkt\/kletterpflanzen-mischung\/\",\"name\":\"Kletterpflanzen Mischung - Producent nasion - PremiumSeeds\",\"isPartOf\":{\"@id\":\"https:\/\/premiumseeds.eu\/de\/#website\"},\"datePublished\":\"2023-07-28T10:51:14+00:00\",\"dateModified\":\"2023-07-28T10:52:12+00:00\",\"description\":\"Kletterpflanzen Mischung nasiona - bezpo\u015brednio od producenta marki PremiumSeeds. Sprzeda\u017c hurtowa i dystrybucja nasion Kletterpflanzen Mischung\",\"breadcrumb\":{\"@id\":\"https:\/\/premiumseeds.eu\/de\/produkt\/kletterpflanzen-mischung\/#breadcrumb\"},\"inLanguage\":\"de\",\"potentialAction\":[{\"@type\":\"ReadAction\",\"target\":[\"https:\/\/premiumseeds.eu\/de\/produkt\/kletterpflanzen-mischung\/\"]}]},{\"@type\":\"BreadcrumbList\",\"@id\":\"https:\/\/premiumseeds.eu\/de\/produkt\/kletterpflanzen-mischung\/#breadcrumb\",\"itemListElement\":[{\"@type\":\"ListItem\",\"position\":1,\"name\":\"Home\",\"item\":\"https:\/\/premiumseeds.eu\/de\/\"},{\"@type\":\"ListItem\",\"position\":2,\"name\":\"Samen\",\"item\":\"https:\/\/premiumseeds.eu\/de\/samen\/\"},{\"@type\":\"ListItem\",\"position\":3,\"name\":\"Kletterpflanzen Mischung\"}]},{\"@type\":\"WebSite\",\"@id\":\"https:\/\/premiumseeds.eu\/de\/#website\",\"url\":\"https:\/\/premiumseeds.eu\/de\/\",\"name\":\"PremiumSeeds\",\"description\":\"Top seeds producer\",\"potentialAction\":[{\"@type\":\"SearchAction\",\"target\":{\"@type\":\"EntryPoint\",\"urlTemplate\":\"https:\/\/premiumseeds.eu\/de\/?s={search_term_string}\"},\"query-input\":\"required name=search_term_string\"}],\"inLanguage\":\"de\"}]}<\/script>\n<!-- \/ Yoast SEO plugin. -->","yoast_head_json":{"title":"Kletterpflanzen Mischung - Producent nasion - PremiumSeeds","description":"Kletterpflanzen Mischung nasiona - bezpo\u015brednio od producenta marki PremiumSeeds. Sprzeda\u017c hurtowa i dystrybucja nasion Kletterpflanzen Mischung","robots":{"index":"index","follow":"follow","max-snippet":"max-snippet:-1","max-image-preview":"max-image-preview:large","max-video-preview":"max-video-preview:-1"},"canonical":"https:\/\/premiumseeds.eu\/de\/produkt\/kletterpflanzen-mischung\/","og_locale":"de_DE","og_type":"article","og_title":"Kletterpflanzen Mischung - Producent nasion - PremiumSeeds","og_description":"Kletterpflanzen Mischung nasiona - bezpo\u015brednio od producenta marki PremiumSeeds. Sprzeda\u017c hurtowa i dystrybucja nasion Kletterpflanzen Mischung","og_url":"https:\/\/premiumseeds.eu\/de\/produkt\/kletterpflanzen-mischung\/","og_site_name":"PremiumSeeds","article_modified_time":"2023-07-28T10:52:12+00:00","og_image":[{"width":945,"height":1772,"url":"https:\/\/premiumseeds.eu\/wp-content\/uploads\/2023\/07\/WORLD-N-152-0142_VS-2.jpg?v=1690533899","type":"image\/jpeg"}],"twitter_card":"summary_large_image","schema":{"@context":"https:\/\/schema.org","@graph":[{"@type":"WebPage","@id":"https:\/\/premiumseeds.eu\/de\/produkt\/kletterpflanzen-mischung\/","url":"https:\/\/premiumseeds.eu\/de\/produkt\/kletterpflanzen-mischung\/","name":"Kletterpflanzen Mischung - Producent nasion - PremiumSeeds","isPartOf":{"@id":"https:\/\/premiumseeds.eu\/de\/#website"},"datePublished":"2023-07-28T10:51:14+00:00","dateModified":"2023-07-28T10:52:12+00:00","description":"Kletterpflanzen Mischung nasiona - bezpo\u015brednio od producenta marki PremiumSeeds. Sprzeda\u017c hurtowa i dystrybucja nasion Kletterpflanzen Mischung","breadcrumb":{"@id":"https:\/\/premiumseeds.eu\/de\/produkt\/kletterpflanzen-mischung\/#breadcrumb"},"inLanguage":"de","potentialAction":[{"@type":"ReadAction","target":["https:\/\/premiumseeds.eu\/de\/produkt\/kletterpflanzen-mischung\/"]}]},{"@type":"BreadcrumbList","@id":"https:\/\/premiumseeds.eu\/de\/produkt\/kletterpflanzen-mischung\/#breadcrumb","itemListElement":[{"@type":"ListItem","position":1,"name":"Home","item":"https:\/\/premiumseeds.eu\/de\/"},{"@type":"ListItem","position":2,"name":"Samen","item":"https:\/\/premiumseeds.eu\/de\/samen\/"},{"@type":"ListItem","position":3,"name":"Kletterpflanzen Mischung"}]},{"@type":"WebSite","@id":"https:\/\/premiumseeds.eu\/de\/#website","url":"https:\/\/premiumseeds.eu\/de\/","name":"PremiumSeeds","description":"Top seeds producer","potentialAction":[{"@type":"SearchAction","target":{"@type":"EntryPoint","urlTemplate":"https:\/\/premiumseeds.eu\/de\/?s={search_term_string}"},"query-input":"required name=search_term_string"}],"inLanguage":"de"}]}},"_links":{"self":[{"href":"https:\/\/premiumseeds.eu\/de\/wp-json\/wp\/v2\/product\/65726","targetHints":{"allow":["GET"]}}],"collection":[{"href":"https:\/\/premiumseeds.eu\/de\/wp-json\/wp\/v2\/product"}],"about":[{"href":"https:\/\/premiumseeds.eu\/de\/wp-json\/wp\/v2\/types\/product"}],"wp:featuredmedia":[{"embeddable":true,"href":"https:\/\/premiumseeds.eu\/de\/wp-json\/wp\/v2\/media\/65773"}],"wp:attachment":[{"href":"https:\/\/premiumseeds.eu\/de\/wp-json\/wp\/v2\/media?parent=65726"}],"wp:term":[{"taxonomy":"product_cat","embeddable":true,"href":"https:\/\/premiumseeds.eu\/de\/wp-json\/wp\/v2\/product_cat?post=65726"},{"taxonomy":"product_tag","embeddable":true,"href":"https:\/\/premiumseeds.eu\/de\/wp-json\/wp\/v2\/product_tag?post=65726"}],"curies":[{"name":"wp","href":"https:\/\/api.w.org\/{rel}","templated":true}]}}