{"id":22624,"date":"2022-06-08T11:59:31","date_gmt":"2022-06-08T09:59:31","guid":{"rendered":"https:\/\/premiumseeds.eu\/?post_type=product&#038;p=22624"},"modified":"2022-11-29T12:39:35","modified_gmt":"2022-11-29T11:39:35","slug":"calabacin-astra-polka","status":"publish","type":"product","link":"https:\/\/premiumseeds.eu\/es\/produkt\/calabacin-astra-polka\/","title":{"rendered":"Calabac\u00edn Astra Polka"},"content":{"rendered":"","protected":false},"excerpt":{"rendered":"<p>Variedad prol\u00edfica, muy temprana, produce hasta las primeras heladas. Fruto en forma de maza, piel color verde oscuro. Pulpa color beige claro, delicada, arom\u00e1tica. El fruto se recoge cuando tiene unos 18-22 cm. Para consumo directo o conservas.<br \/>\n<\/b><br \/>\n<strong>Calabac\u00edn Astra Polka &#8211; semillas<\/strong><br \/>\n<\/b><br \/>\n<strong>Profundidad de siembra:<\/strong> 2-4 cm<br \/>\n<strong>\u00c9poca de siembra en invernaderos:<\/strong> abril<br \/>\n<strong>\u00c9poca de siembra en el exterior:<\/strong> mayo<br \/>\n<strong>\u00c9poca de siembra de las pl\u00e1ntulas en el exterior:<\/strong> 15 de mayo<br \/>\n<strong>Espaciado: <\/strong> 100 x 80-100 cm<br \/>\n<strong>Cosecha:<\/strong> junio &#8211; septiembre<br \/>\n<\/b><br \/>\nUn paquete contiene 3 g de semillas.<\/p>\n","protected":false},"featured_media":36154,"template":"","meta":{"_monsterinsights_skip_tracking":false,"_monsterinsights_sitenote_active":false,"_monsterinsights_sitenote_note":"","_monsterinsights_sitenote_category":0},"product_cat":[1102,1076],"product_tag":[1266],"class_list":["post-22624","product","type-product","status-publish","has-post-thumbnail","hentry","product_cat-semillas-de-calabacin","product_cat-semillas-de-hortalizas","product_tag-calabacin-astra-polka-semillas"],"yoast_head":"<!-- This site is optimized with the Yoast SEO plugin v21.6 - https:\/\/yoast.com\/wordpress\/plugins\/seo\/ -->\n<title>Calabac\u00edn Astra Polka - productor de semillas - PremiumSeeds<\/title>\n<meta name=\"description\" content=\"Calabac\u00edn Astra Polka semillas - directamente del productor de la marca Premium Seeds. Venta al por mayor y distribuci\u00f3n de semillas Calabac\u00edn Astra Polka\" \/>\n<meta name=\"robots\" content=\"index, follow, max-snippet:-1, max-image-preview:large, max-video-preview:-1\" \/>\n<link rel=\"canonical\" href=\"https:\/\/premiumseeds.eu\/es\/produkt\/calabacin-astra-polka\/\" \/>\n<meta property=\"og:locale\" content=\"es_ES\" \/>\n<meta property=\"og:type\" content=\"article\" \/>\n<meta property=\"og:title\" content=\"Calabac\u00edn Astra Polka - productor de semillas - PremiumSeeds\" \/>\n<meta property=\"og:description\" content=\"Calabac\u00edn Astra Polka semillas - directamente del productor de la marca Premium Seeds. Venta al por mayor y distribuci\u00f3n de semillas Calabac\u00edn Astra Polka\" \/>\n<meta property=\"og:url\" content=\"https:\/\/premiumseeds.eu\/es\/produkt\/calabacin-astra-polka\/\" \/>\n<meta property=\"og:site_name\" content=\"PremiumSeeds\" \/>\n<meta property=\"article:modified_time\" content=\"2022-11-29T11:39:35+00:00\" \/>\n<meta property=\"og:image\" content=\"https:\/\/premiumseeds.eu\/wp-content\/uploads\/2022\/06\/WORLD-14301811PA_VS-546x1024.jpg\" \/>\n\t<meta property=\"og:image:width\" content=\"546\" \/>\n\t<meta property=\"og:image:height\" content=\"1024\" \/>\n\t<meta property=\"og:image:type\" content=\"image\/jpeg\" \/>\n<meta name=\"twitter:card\" content=\"summary_large_image\" \/>\n<script type=\"application\/ld+json\" class=\"yoast-schema-graph\">{\"@context\":\"https:\/\/schema.org\",\"@graph\":[{\"@type\":\"WebPage\",\"@id\":\"https:\/\/premiumseeds.eu\/es\/produkt\/calabacin-astra-polka\/\",\"url\":\"https:\/\/premiumseeds.eu\/es\/produkt\/calabacin-astra-polka\/\",\"name\":\"Calabac\u00edn Astra Polka - productor de semillas - PremiumSeeds\",\"isPartOf\":{\"@id\":\"https:\/\/premiumseeds.eu\/es\/#website\"},\"datePublished\":\"2022-06-08T09:59:31+00:00\",\"dateModified\":\"2022-11-29T11:39:35+00:00\",\"description\":\"Calabac\u00edn Astra Polka semillas - directamente del productor de la marca Premium Seeds. Venta al por mayor y distribuci\u00f3n de semillas Calabac\u00edn Astra Polka\",\"breadcrumb\":{\"@id\":\"https:\/\/premiumseeds.eu\/es\/produkt\/calabacin-astra-polka\/#breadcrumb\"},\"inLanguage\":\"es\",\"potentialAction\":[{\"@type\":\"ReadAction\",\"target\":[\"https:\/\/premiumseeds.eu\/es\/produkt\/calabacin-astra-polka\/\"]}]},{\"@type\":\"BreadcrumbList\",\"@id\":\"https:\/\/premiumseeds.eu\/es\/produkt\/calabacin-astra-polka\/#breadcrumb\",\"itemListElement\":[{\"@type\":\"ListItem\",\"position\":1,\"name\":\"Home\",\"item\":\"https:\/\/premiumseeds.eu\/es\/\"},{\"@type\":\"ListItem\",\"position\":2,\"name\":\"Semillas\",\"item\":\"https:\/\/premiumseeds.eu\/es\/semillas\/\"},{\"@type\":\"ListItem\",\"position\":3,\"name\":\"Calabac\u00edn Astra Polka\"}]},{\"@type\":\"WebSite\",\"@id\":\"https:\/\/premiumseeds.eu\/es\/#website\",\"url\":\"https:\/\/premiumseeds.eu\/es\/\",\"name\":\"PremiumSeeds\",\"description\":\"Top seeds producer\",\"potentialAction\":[{\"@type\":\"SearchAction\",\"target\":{\"@type\":\"EntryPoint\",\"urlTemplate\":\"https:\/\/premiumseeds.eu\/es\/?s={search_term_string}\"},\"query-input\":\"required name=search_term_string\"}],\"inLanguage\":\"es\"}]}<\/script>\n<!-- \/ Yoast SEO plugin. -->","yoast_head_json":{"title":"Calabac\u00edn Astra Polka - productor de semillas - PremiumSeeds","description":"Calabac\u00edn Astra Polka semillas - directamente del productor de la marca Premium Seeds. Venta al por mayor y distribuci\u00f3n de semillas Calabac\u00edn Astra Polka","robots":{"index":"index","follow":"follow","max-snippet":"max-snippet:-1","max-image-preview":"max-image-preview:large","max-video-preview":"max-video-preview:-1"},"canonical":"https:\/\/premiumseeds.eu\/es\/produkt\/calabacin-astra-polka\/","og_locale":"es_ES","og_type":"article","og_title":"Calabac\u00edn Astra Polka - productor de semillas - PremiumSeeds","og_description":"Calabac\u00edn Astra Polka semillas - directamente del productor de la marca Premium Seeds. Venta al por mayor y distribuci\u00f3n de semillas Calabac\u00edn Astra Polka","og_url":"https:\/\/premiumseeds.eu\/es\/produkt\/calabacin-astra-polka\/","og_site_name":"PremiumSeeds","article_modified_time":"2022-11-29T11:39:35+00:00","og_image":[{"width":546,"height":1024,"url":"https:\/\/premiumseeds.eu\/wp-content\/uploads\/2022\/06\/WORLD-14301811PA_VS-546x1024.jpg","type":"image\/jpeg"}],"twitter_card":"summary_large_image","schema":{"@context":"https:\/\/schema.org","@graph":[{"@type":"WebPage","@id":"https:\/\/premiumseeds.eu\/es\/produkt\/calabacin-astra-polka\/","url":"https:\/\/premiumseeds.eu\/es\/produkt\/calabacin-astra-polka\/","name":"Calabac\u00edn Astra Polka - productor de semillas - PremiumSeeds","isPartOf":{"@id":"https:\/\/premiumseeds.eu\/es\/#website"},"datePublished":"2022-06-08T09:59:31+00:00","dateModified":"2022-11-29T11:39:35+00:00","description":"Calabac\u00edn Astra Polka semillas - directamente del productor de la marca Premium Seeds. Venta al por mayor y distribuci\u00f3n de semillas Calabac\u00edn Astra Polka","breadcrumb":{"@id":"https:\/\/premiumseeds.eu\/es\/produkt\/calabacin-astra-polka\/#breadcrumb"},"inLanguage":"es","potentialAction":[{"@type":"ReadAction","target":["https:\/\/premiumseeds.eu\/es\/produkt\/calabacin-astra-polka\/"]}]},{"@type":"BreadcrumbList","@id":"https:\/\/premiumseeds.eu\/es\/produkt\/calabacin-astra-polka\/#breadcrumb","itemListElement":[{"@type":"ListItem","position":1,"name":"Home","item":"https:\/\/premiumseeds.eu\/es\/"},{"@type":"ListItem","position":2,"name":"Semillas","item":"https:\/\/premiumseeds.eu\/es\/semillas\/"},{"@type":"ListItem","position":3,"name":"Calabac\u00edn Astra Polka"}]},{"@type":"WebSite","@id":"https:\/\/premiumseeds.eu\/es\/#website","url":"https:\/\/premiumseeds.eu\/es\/","name":"PremiumSeeds","description":"Top seeds producer","potentialAction":[{"@type":"SearchAction","target":{"@type":"EntryPoint","urlTemplate":"https:\/\/premiumseeds.eu\/es\/?s={search_term_string}"},"query-input":"required name=search_term_string"}],"inLanguage":"es"}]}},"_links":{"self":[{"href":"https:\/\/premiumseeds.eu\/es\/wp-json\/wp\/v2\/product\/22624","targetHints":{"allow":["GET"]}}],"collection":[{"href":"https:\/\/premiumseeds.eu\/es\/wp-json\/wp\/v2\/product"}],"about":[{"href":"https:\/\/premiumseeds.eu\/es\/wp-json\/wp\/v2\/types\/product"}],"wp:featuredmedia":[{"embeddable":true,"href":"https:\/\/premiumseeds.eu\/es\/wp-json\/wp\/v2\/media\/36154"}],"wp:attachment":[{"href":"https:\/\/premiumseeds.eu\/es\/wp-json\/wp\/v2\/media?parent=22624"}],"wp:term":[{"taxonomy":"product_cat","embeddable":true,"href":"https:\/\/premiumseeds.eu\/es\/wp-json\/wp\/v2\/product_cat?post=22624"},{"taxonomy":"product_tag","embeddable":true,"href":"https:\/\/premiumseeds.eu\/es\/wp-json\/wp\/v2\/product_tag?post=22624"}],"curies":[{"name":"wp","href":"https:\/\/api.w.org\/{rel}","templated":true}]}}