{"id":22638,"date":"2022-06-08T12:05:16","date_gmt":"2022-06-08T10:05:16","guid":{"rendered":"https:\/\/premiumseeds.eu\/?post_type=product&#038;p=22638"},"modified":"2022-11-29T12:38:55","modified_gmt":"2022-11-29T11:38:55","slug":"calabaza-big-max","status":"publish","type":"product","link":"https:\/\/premiumseeds.eu\/es\/produkt\/calabaza-big-max\/","title":{"rendered":"Calabaza Big Max"},"content":{"rendered":"","protected":false},"excerpt":{"rendered":"<p>Una variedad muy prol\u00edfica. Fruto redondo, ligeramente aplanado, de un peso de alrededor de 20 kg. De color amarillo anaranjado, jugoso, sabroso, con alto contenido de az\u00facares. Para consumo directo, congelaci\u00f3n, conservas caseras, decoraci\u00f3n para Halloween.<br \/>\n<\/b><br \/>\n<strong>Calabaza Big Max &#8211; semillas<\/strong><br \/>\n<\/b><br \/>\n<strong>Profundidad de siembra:<\/strong>  3 \u2013 4 cm<br \/>\n<strong>\u00c9poca de siembra en invernaderos:<\/strong> abril<br \/>\n<strong>\u00c9poca de siembra en el exterior:<\/strong> mayo &#8211; junio<br \/>\n<strong>\u00c9poca de siembra de las pl\u00e1ntulas en el exterior:<\/strong> 15 de mayo<br \/>\n<strong>Espaciado: <\/strong> 150 x 80-100 cm<br \/>\n<strong>Cosecha:<\/strong> septiembre &#8211; octubre<br \/>\n<\/b><br \/>\nUn paquete contiene 3 g de semillas. <\/p>\n","protected":false},"featured_media":22641,"template":"","meta":{"_monsterinsights_skip_tracking":false,"_monsterinsights_sitenote_active":false,"_monsterinsights_sitenote_note":"","_monsterinsights_sitenote_category":0},"product_cat":[1127,1076],"product_tag":[1267],"class_list":["post-22638","product","type-product","status-publish","has-post-thumbnail","hentry","product_cat-semillas-de-calabaza","product_cat-semillas-de-hortalizas","product_tag-calabaza-big-max-semillas"],"yoast_head":"<!-- This site is optimized with the Yoast SEO plugin v21.6 - https:\/\/yoast.com\/wordpress\/plugins\/seo\/ -->\n<title>Calabaza Big Max - productor de semillas - PremiumSeeds<\/title>\n<meta name=\"description\" content=\"Calabaza Big Max semillas - directamente del productor de la marca Premium Seeds. Venta al por mayor y distribuci\u00f3n de semillas Calabaza Big Max\" \/>\n<meta name=\"robots\" content=\"index, follow, max-snippet:-1, max-image-preview:large, max-video-preview:-1\" \/>\n<link rel=\"canonical\" href=\"https:\/\/premiumseeds.eu\/es\/produkt\/calabaza-big-max\/\" \/>\n<meta property=\"og:locale\" content=\"es_ES\" \/>\n<meta property=\"og:type\" content=\"article\" \/>\n<meta property=\"og:title\" content=\"Calabaza Big Max - productor de semillas - PremiumSeeds\" \/>\n<meta property=\"og:description\" content=\"Calabaza Big Max semillas - directamente del productor de la marca Premium Seeds. Venta al por mayor y distribuci\u00f3n de semillas Calabaza Big Max\" \/>\n<meta property=\"og:url\" content=\"https:\/\/premiumseeds.eu\/es\/produkt\/calabaza-big-max\/\" \/>\n<meta property=\"og:site_name\" content=\"PremiumSeeds\" \/>\n<meta property=\"article:modified_time\" content=\"2022-11-29T11:38:55+00:00\" \/>\n<meta property=\"og:image\" content=\"https:\/\/premiumseeds.eu\/wp-content\/uploads\/2022\/06\/6_WORLD-70-64-90_RGB_VS-1.jpg\" \/>\n\t<meta property=\"og:image:width\" content=\"945\" \/>\n\t<meta property=\"og:image:height\" content=\"1770\" \/>\n\t<meta property=\"og:image:type\" content=\"image\/jpeg\" \/>\n<meta name=\"twitter:card\" content=\"summary_large_image\" \/>\n<script type=\"application\/ld+json\" class=\"yoast-schema-graph\">{\"@context\":\"https:\/\/schema.org\",\"@graph\":[{\"@type\":\"WebPage\",\"@id\":\"https:\/\/premiumseeds.eu\/es\/produkt\/calabaza-big-max\/\",\"url\":\"https:\/\/premiumseeds.eu\/es\/produkt\/calabaza-big-max\/\",\"name\":\"Calabaza Big Max - productor de semillas - PremiumSeeds\",\"isPartOf\":{\"@id\":\"https:\/\/premiumseeds.eu\/es\/#website\"},\"datePublished\":\"2022-06-08T10:05:16+00:00\",\"dateModified\":\"2022-11-29T11:38:55+00:00\",\"description\":\"Calabaza Big Max semillas - directamente del productor de la marca Premium Seeds. Venta al por mayor y distribuci\u00f3n de semillas Calabaza Big Max\",\"breadcrumb\":{\"@id\":\"https:\/\/premiumseeds.eu\/es\/produkt\/calabaza-big-max\/#breadcrumb\"},\"inLanguage\":\"es\",\"potentialAction\":[{\"@type\":\"ReadAction\",\"target\":[\"https:\/\/premiumseeds.eu\/es\/produkt\/calabaza-big-max\/\"]}]},{\"@type\":\"BreadcrumbList\",\"@id\":\"https:\/\/premiumseeds.eu\/es\/produkt\/calabaza-big-max\/#breadcrumb\",\"itemListElement\":[{\"@type\":\"ListItem\",\"position\":1,\"name\":\"Home\",\"item\":\"https:\/\/premiumseeds.eu\/es\/\"},{\"@type\":\"ListItem\",\"position\":2,\"name\":\"Semillas\",\"item\":\"https:\/\/premiumseeds.eu\/es\/semillas\/\"},{\"@type\":\"ListItem\",\"position\":3,\"name\":\"Calabaza Big Max\"}]},{\"@type\":\"WebSite\",\"@id\":\"https:\/\/premiumseeds.eu\/es\/#website\",\"url\":\"https:\/\/premiumseeds.eu\/es\/\",\"name\":\"PremiumSeeds\",\"description\":\"Top seeds producer\",\"potentialAction\":[{\"@type\":\"SearchAction\",\"target\":{\"@type\":\"EntryPoint\",\"urlTemplate\":\"https:\/\/premiumseeds.eu\/es\/?s={search_term_string}\"},\"query-input\":\"required name=search_term_string\"}],\"inLanguage\":\"es\"}]}<\/script>\n<!-- \/ Yoast SEO plugin. -->","yoast_head_json":{"title":"Calabaza Big Max - productor de semillas - PremiumSeeds","description":"Calabaza Big Max semillas - directamente del productor de la marca Premium Seeds. Venta al por mayor y distribuci\u00f3n de semillas Calabaza Big Max","robots":{"index":"index","follow":"follow","max-snippet":"max-snippet:-1","max-image-preview":"max-image-preview:large","max-video-preview":"max-video-preview:-1"},"canonical":"https:\/\/premiumseeds.eu\/es\/produkt\/calabaza-big-max\/","og_locale":"es_ES","og_type":"article","og_title":"Calabaza Big Max - productor de semillas - PremiumSeeds","og_description":"Calabaza Big Max semillas - directamente del productor de la marca Premium Seeds. Venta al por mayor y distribuci\u00f3n de semillas Calabaza Big Max","og_url":"https:\/\/premiumseeds.eu\/es\/produkt\/calabaza-big-max\/","og_site_name":"PremiumSeeds","article_modified_time":"2022-11-29T11:38:55+00:00","og_image":[{"width":945,"height":1770,"url":"https:\/\/premiumseeds.eu\/wp-content\/uploads\/2022\/06\/6_WORLD-70-64-90_RGB_VS-1.jpg","type":"image\/jpeg"}],"twitter_card":"summary_large_image","schema":{"@context":"https:\/\/schema.org","@graph":[{"@type":"WebPage","@id":"https:\/\/premiumseeds.eu\/es\/produkt\/calabaza-big-max\/","url":"https:\/\/premiumseeds.eu\/es\/produkt\/calabaza-big-max\/","name":"Calabaza Big Max - productor de semillas - PremiumSeeds","isPartOf":{"@id":"https:\/\/premiumseeds.eu\/es\/#website"},"datePublished":"2022-06-08T10:05:16+00:00","dateModified":"2022-11-29T11:38:55+00:00","description":"Calabaza Big Max semillas - directamente del productor de la marca Premium Seeds. Venta al por mayor y distribuci\u00f3n de semillas Calabaza Big Max","breadcrumb":{"@id":"https:\/\/premiumseeds.eu\/es\/produkt\/calabaza-big-max\/#breadcrumb"},"inLanguage":"es","potentialAction":[{"@type":"ReadAction","target":["https:\/\/premiumseeds.eu\/es\/produkt\/calabaza-big-max\/"]}]},{"@type":"BreadcrumbList","@id":"https:\/\/premiumseeds.eu\/es\/produkt\/calabaza-big-max\/#breadcrumb","itemListElement":[{"@type":"ListItem","position":1,"name":"Home","item":"https:\/\/premiumseeds.eu\/es\/"},{"@type":"ListItem","position":2,"name":"Semillas","item":"https:\/\/premiumseeds.eu\/es\/semillas\/"},{"@type":"ListItem","position":3,"name":"Calabaza Big Max"}]},{"@type":"WebSite","@id":"https:\/\/premiumseeds.eu\/es\/#website","url":"https:\/\/premiumseeds.eu\/es\/","name":"PremiumSeeds","description":"Top seeds producer","potentialAction":[{"@type":"SearchAction","target":{"@type":"EntryPoint","urlTemplate":"https:\/\/premiumseeds.eu\/es\/?s={search_term_string}"},"query-input":"required name=search_term_string"}],"inLanguage":"es"}]}},"_links":{"self":[{"href":"https:\/\/premiumseeds.eu\/es\/wp-json\/wp\/v2\/product\/22638","targetHints":{"allow":["GET"]}}],"collection":[{"href":"https:\/\/premiumseeds.eu\/es\/wp-json\/wp\/v2\/product"}],"about":[{"href":"https:\/\/premiumseeds.eu\/es\/wp-json\/wp\/v2\/types\/product"}],"wp:featuredmedia":[{"embeddable":true,"href":"https:\/\/premiumseeds.eu\/es\/wp-json\/wp\/v2\/media\/22641"}],"wp:attachment":[{"href":"https:\/\/premiumseeds.eu\/es\/wp-json\/wp\/v2\/media?parent=22638"}],"wp:term":[{"taxonomy":"product_cat","embeddable":true,"href":"https:\/\/premiumseeds.eu\/es\/wp-json\/wp\/v2\/product_cat?post=22638"},{"taxonomy":"product_tag","embeddable":true,"href":"https:\/\/premiumseeds.eu\/es\/wp-json\/wp\/v2\/product_tag?post=22638"}],"curies":[{"name":"wp","href":"https:\/\/api.w.org\/{rel}","templated":true}]}}