{"id":22717,"date":"2022-06-08T12:53:55","date_gmt":"2022-06-08T10:53:55","guid":{"rendered":"https:\/\/premiumseeds.eu\/?post_type=product&#038;p=22717"},"modified":"2023-07-10T10:59:04","modified_gmt":"2023-07-10T08:59:04","slug":"eneldo-sprinter","status":"publish","type":"product","link":"https:\/\/premiumseeds.eu\/es\/produkt\/eneldo-sprinter\/","title":{"rendered":"Eneldo Sprinter"},"content":{"rendered":"","protected":false},"excerpt":{"rendered":"<p>Variedad temprana, muy prol\u00edfera. Largo per\u00edodo de cosecha verde, tard\u00edos brotes florales. Hoja de color verde oscuro, arom\u00e1tica. Para uso en estado fresco, seco o para congelar. Para ensaladas, platos calientes y fermentaci\u00f3n.<br \/>\n<\/b><br \/>\n<strong>Eneldo Sprinter &#8211; semillas<\/strong><br \/>\n<\/b><br \/>\n<strong>Profundidad de siembra:<\/strong>  1 \u2013 2 cm<br \/>\n<strong>\u00c9poca de siembra en el exterior:<\/strong> marzo &#8211; septiembre<br \/>\n<strong>Espaciado: <\/strong> 30 x 15 cm<br \/>\n<strong>Cosecha:<\/strong> mayo &#8211; octubre<br \/>\n<\/b><br \/>\nUn paquete contiene 3 g de semillas.<\/p>\n","protected":false},"featured_media":59937,"template":"","meta":{"_monsterinsights_skip_tracking":false,"_monsterinsights_sitenote_active":false,"_monsterinsights_sitenote_note":"","_monsterinsights_sitenote_category":0},"product_cat":[1107,1076],"product_tag":[1272],"class_list":["post-22717","product","type-product","status-publish","has-post-thumbnail","hentry","product_cat-semillas-de-eneldo","product_cat-semillas-de-hortalizas","product_tag-eneldo-sprinter-semillas"],"yoast_head":"<!-- This site is optimized with the Yoast SEO plugin v21.6 - https:\/\/yoast.com\/wordpress\/plugins\/seo\/ -->\n<title>Eneldo Sprinter - productor de semillas - PremiumSeeds<\/title>\n<meta name=\"description\" content=\"Eneldo Sprinter semillas - directamente del productor de la marca Premium Seeds. Venta al por mayor y distribuci\u00f3n de semillas Eneldo Sprinter\" \/>\n<meta name=\"robots\" content=\"index, follow, max-snippet:-1, max-image-preview:large, max-video-preview:-1\" \/>\n<link rel=\"canonical\" href=\"https:\/\/premiumseeds.eu\/es\/produkt\/eneldo-sprinter\/\" \/>\n<meta property=\"og:locale\" content=\"es_ES\" \/>\n<meta property=\"og:type\" content=\"article\" \/>\n<meta property=\"og:title\" content=\"Eneldo Sprinter - productor de semillas - PremiumSeeds\" \/>\n<meta property=\"og:description\" content=\"Eneldo Sprinter semillas - directamente del productor de la marca Premium Seeds. Venta al por mayor y distribuci\u00f3n de semillas Eneldo Sprinter\" \/>\n<meta property=\"og:url\" content=\"https:\/\/premiumseeds.eu\/es\/produkt\/eneldo-sprinter\/\" \/>\n<meta property=\"og:site_name\" content=\"PremiumSeeds\" \/>\n<meta property=\"article:modified_time\" content=\"2023-07-10T08:59:04+00:00\" \/>\n<meta property=\"og:image\" content=\"https:\/\/premiumseeds.eu\/wp-content\/uploads\/2022\/06\/WORLD-N-170-5420_VS-3.jpg?v=1688979522\" \/>\n\t<meta property=\"og:image:width\" content=\"945\" \/>\n\t<meta property=\"og:image:height\" content=\"1772\" \/>\n\t<meta property=\"og:image:type\" content=\"image\/jpeg\" \/>\n<meta name=\"twitter:card\" content=\"summary_large_image\" \/>\n<script type=\"application\/ld+json\" class=\"yoast-schema-graph\">{\"@context\":\"https:\/\/schema.org\",\"@graph\":[{\"@type\":\"WebPage\",\"@id\":\"https:\/\/premiumseeds.eu\/es\/produkt\/eneldo-sprinter\/\",\"url\":\"https:\/\/premiumseeds.eu\/es\/produkt\/eneldo-sprinter\/\",\"name\":\"Eneldo Sprinter - productor de semillas - PremiumSeeds\",\"isPartOf\":{\"@id\":\"https:\/\/premiumseeds.eu\/es\/#website\"},\"datePublished\":\"2022-06-08T10:53:55+00:00\",\"dateModified\":\"2023-07-10T08:59:04+00:00\",\"description\":\"Eneldo Sprinter semillas - directamente del productor de la marca Premium Seeds. Venta al por mayor y distribuci\u00f3n de semillas Eneldo Sprinter\",\"breadcrumb\":{\"@id\":\"https:\/\/premiumseeds.eu\/es\/produkt\/eneldo-sprinter\/#breadcrumb\"},\"inLanguage\":\"es\",\"potentialAction\":[{\"@type\":\"ReadAction\",\"target\":[\"https:\/\/premiumseeds.eu\/es\/produkt\/eneldo-sprinter\/\"]}]},{\"@type\":\"BreadcrumbList\",\"@id\":\"https:\/\/premiumseeds.eu\/es\/produkt\/eneldo-sprinter\/#breadcrumb\",\"itemListElement\":[{\"@type\":\"ListItem\",\"position\":1,\"name\":\"Home\",\"item\":\"https:\/\/premiumseeds.eu\/es\/\"},{\"@type\":\"ListItem\",\"position\":2,\"name\":\"Semillas\",\"item\":\"https:\/\/premiumseeds.eu\/es\/semillas\/\"},{\"@type\":\"ListItem\",\"position\":3,\"name\":\"Eneldo Sprinter\"}]},{\"@type\":\"WebSite\",\"@id\":\"https:\/\/premiumseeds.eu\/es\/#website\",\"url\":\"https:\/\/premiumseeds.eu\/es\/\",\"name\":\"PremiumSeeds\",\"description\":\"Top seeds producer\",\"potentialAction\":[{\"@type\":\"SearchAction\",\"target\":{\"@type\":\"EntryPoint\",\"urlTemplate\":\"https:\/\/premiumseeds.eu\/es\/?s={search_term_string}\"},\"query-input\":\"required name=search_term_string\"}],\"inLanguage\":\"es\"}]}<\/script>\n<!-- \/ Yoast SEO plugin. -->","yoast_head_json":{"title":"Eneldo Sprinter - productor de semillas - PremiumSeeds","description":"Eneldo Sprinter semillas - directamente del productor de la marca Premium Seeds. Venta al por mayor y distribuci\u00f3n de semillas Eneldo Sprinter","robots":{"index":"index","follow":"follow","max-snippet":"max-snippet:-1","max-image-preview":"max-image-preview:large","max-video-preview":"max-video-preview:-1"},"canonical":"https:\/\/premiumseeds.eu\/es\/produkt\/eneldo-sprinter\/","og_locale":"es_ES","og_type":"article","og_title":"Eneldo Sprinter - productor de semillas - PremiumSeeds","og_description":"Eneldo Sprinter semillas - directamente del productor de la marca Premium Seeds. Venta al por mayor y distribuci\u00f3n de semillas Eneldo Sprinter","og_url":"https:\/\/premiumseeds.eu\/es\/produkt\/eneldo-sprinter\/","og_site_name":"PremiumSeeds","article_modified_time":"2023-07-10T08:59:04+00:00","og_image":[{"width":945,"height":1772,"url":"https:\/\/premiumseeds.eu\/wp-content\/uploads\/2022\/06\/WORLD-N-170-5420_VS-3.jpg?v=1688979522","type":"image\/jpeg"}],"twitter_card":"summary_large_image","schema":{"@context":"https:\/\/schema.org","@graph":[{"@type":"WebPage","@id":"https:\/\/premiumseeds.eu\/es\/produkt\/eneldo-sprinter\/","url":"https:\/\/premiumseeds.eu\/es\/produkt\/eneldo-sprinter\/","name":"Eneldo Sprinter - productor de semillas - PremiumSeeds","isPartOf":{"@id":"https:\/\/premiumseeds.eu\/es\/#website"},"datePublished":"2022-06-08T10:53:55+00:00","dateModified":"2023-07-10T08:59:04+00:00","description":"Eneldo Sprinter semillas - directamente del productor de la marca Premium Seeds. Venta al por mayor y distribuci\u00f3n de semillas Eneldo Sprinter","breadcrumb":{"@id":"https:\/\/premiumseeds.eu\/es\/produkt\/eneldo-sprinter\/#breadcrumb"},"inLanguage":"es","potentialAction":[{"@type":"ReadAction","target":["https:\/\/premiumseeds.eu\/es\/produkt\/eneldo-sprinter\/"]}]},{"@type":"BreadcrumbList","@id":"https:\/\/premiumseeds.eu\/es\/produkt\/eneldo-sprinter\/#breadcrumb","itemListElement":[{"@type":"ListItem","position":1,"name":"Home","item":"https:\/\/premiumseeds.eu\/es\/"},{"@type":"ListItem","position":2,"name":"Semillas","item":"https:\/\/premiumseeds.eu\/es\/semillas\/"},{"@type":"ListItem","position":3,"name":"Eneldo Sprinter"}]},{"@type":"WebSite","@id":"https:\/\/premiumseeds.eu\/es\/#website","url":"https:\/\/premiumseeds.eu\/es\/","name":"PremiumSeeds","description":"Top seeds producer","potentialAction":[{"@type":"SearchAction","target":{"@type":"EntryPoint","urlTemplate":"https:\/\/premiumseeds.eu\/es\/?s={search_term_string}"},"query-input":"required name=search_term_string"}],"inLanguage":"es"}]}},"_links":{"self":[{"href":"https:\/\/premiumseeds.eu\/es\/wp-json\/wp\/v2\/product\/22717","targetHints":{"allow":["GET"]}}],"collection":[{"href":"https:\/\/premiumseeds.eu\/es\/wp-json\/wp\/v2\/product"}],"about":[{"href":"https:\/\/premiumseeds.eu\/es\/wp-json\/wp\/v2\/types\/product"}],"wp:featuredmedia":[{"embeddable":true,"href":"https:\/\/premiumseeds.eu\/es\/wp-json\/wp\/v2\/media\/59937"}],"wp:attachment":[{"href":"https:\/\/premiumseeds.eu\/es\/wp-json\/wp\/v2\/media?parent=22717"}],"wp:term":[{"taxonomy":"product_cat","embeddable":true,"href":"https:\/\/premiumseeds.eu\/es\/wp-json\/wp\/v2\/product_cat?post=22717"},{"taxonomy":"product_tag","embeddable":true,"href":"https:\/\/premiumseeds.eu\/es\/wp-json\/wp\/v2\/product_tag?post=22717"}],"curies":[{"name":"wp","href":"https:\/\/api.w.org\/{rel}","templated":true}]}}