{"id":22864,"date":"2022-06-08T13:54:38","date_gmt":"2022-06-08T11:54:38","guid":{"rendered":"https:\/\/premiumseeds.eu\/?post_type=product&#038;p=22864"},"modified":"2022-11-29T13:13:35","modified_gmt":"2022-11-29T12:13:35","slug":"perejil-olomuncka","status":"publish","type":"product","link":"https:\/\/premiumseeds.eu\/es\/produkt\/perejil-olomuncka\/","title":{"rendered":"Perejil O\u0142omu\u0144cka"},"content":{"rendered":"","protected":false},"excerpt":{"rendered":"<p>Variedad muy prol\u00edfica, tard\u00eda. Resistente a la sequ\u00eda y a condiciones clim\u00e1ticas severas. Ra\u00edces de buena calidad, cil\u00edndricas, de unos 22-24 cm. Pulpa de color beige blanco, arom\u00e1tica. Deliciosa en estado fresco y seco, duradera en la conservaci\u00f3n de invierno.<br \/>\n<\/b><br \/>\n<strong>Perejil O\u0142omu\u0144cka &#8211; semillas <\/strong><br \/>\n<\/b><br \/>\n<strong>Profundidad de siembra:<\/strong> 1 &#8211; 2 cm<br \/>\n<strong>\u00c9poca de siembra en el exterior:<\/strong> marzo &#8211; abril, septiembre &#8211; noviembre<br \/>\n<strong>Espaciado: <\/strong> 20-40 x 4-6 cm<br \/>\n<strong>Cosecha:<\/strong> agosto &#8211; octubre<br \/>\n<\/b><br \/>\nUn paquete contiene 5 g de semillas.<\/p>\n","protected":false},"featured_media":36746,"template":"","meta":{"_monsterinsights_skip_tracking":false,"_monsterinsights_sitenote_active":false,"_monsterinsights_sitenote_note":"","_monsterinsights_sitenote_category":0},"product_cat":[1123,1076],"product_tag":[1281],"class_list":["post-22864","product","type-product","status-publish","has-post-thumbnail","hentry","product_cat-semillas-de-perejil","product_cat-semillas-de-hortalizas","product_tag-perejil-olomuncka-semillas"],"yoast_head":"<!-- This site is optimized with the Yoast SEO plugin v21.6 - https:\/\/yoast.com\/wordpress\/plugins\/seo\/ -->\n<title>Perejil O\u0142omu\u0144cka - productor de semillas - PremiumSeeds<\/title>\n<meta name=\"description\" content=\"Perejil O\u0142omu\u0144cka semillas - directamente del productor de la marca Premium Seeds. Venta al por mayor y distribuci\u00f3n de semillas Perejil O\u0142omu\u0144cka\" \/>\n<meta name=\"robots\" content=\"index, follow, max-snippet:-1, max-image-preview:large, max-video-preview:-1\" \/>\n<link rel=\"canonical\" href=\"https:\/\/premiumseeds.eu\/es\/produkt\/perejil-olomuncka\/\" \/>\n<meta property=\"og:locale\" content=\"es_ES\" \/>\n<meta property=\"og:type\" content=\"article\" \/>\n<meta property=\"og:title\" content=\"Perejil O\u0142omu\u0144cka - productor de semillas - PremiumSeeds\" \/>\n<meta property=\"og:description\" content=\"Perejil O\u0142omu\u0144cka semillas - directamente del productor de la marca Premium Seeds. Venta al por mayor y distribuci\u00f3n de semillas Perejil O\u0142omu\u0144cka\" \/>\n<meta property=\"og:url\" content=\"https:\/\/premiumseeds.eu\/es\/produkt\/perejil-olomuncka\/\" \/>\n<meta property=\"og:site_name\" content=\"PremiumSeeds\" \/>\n<meta property=\"article:modified_time\" content=\"2022-11-29T12:13:35+00:00\" \/>\n<meta property=\"og:image\" content=\"https:\/\/premiumseeds.eu\/wp-content\/uploads\/2022\/06\/WORLD-N-170-9794_VS.jpg?v=1666178538\" \/>\n\t<meta property=\"og:image:width\" content=\"945\" \/>\n\t<meta property=\"og:image:height\" content=\"1772\" \/>\n\t<meta property=\"og:image:type\" content=\"image\/jpeg\" \/>\n<meta name=\"twitter:card\" content=\"summary_large_image\" \/>\n<script type=\"application\/ld+json\" class=\"yoast-schema-graph\">{\"@context\":\"https:\/\/schema.org\",\"@graph\":[{\"@type\":\"WebPage\",\"@id\":\"https:\/\/premiumseeds.eu\/es\/produkt\/perejil-olomuncka\/\",\"url\":\"https:\/\/premiumseeds.eu\/es\/produkt\/perejil-olomuncka\/\",\"name\":\"Perejil O\u0142omu\u0144cka - productor de semillas - PremiumSeeds\",\"isPartOf\":{\"@id\":\"https:\/\/premiumseeds.eu\/es\/#website\"},\"datePublished\":\"2022-06-08T11:54:38+00:00\",\"dateModified\":\"2022-11-29T12:13:35+00:00\",\"description\":\"Perejil O\u0142omu\u0144cka semillas - directamente del productor de la marca Premium Seeds. Venta al por mayor y distribuci\u00f3n de semillas Perejil O\u0142omu\u0144cka\",\"breadcrumb\":{\"@id\":\"https:\/\/premiumseeds.eu\/es\/produkt\/perejil-olomuncka\/#breadcrumb\"},\"inLanguage\":\"es\",\"potentialAction\":[{\"@type\":\"ReadAction\",\"target\":[\"https:\/\/premiumseeds.eu\/es\/produkt\/perejil-olomuncka\/\"]}]},{\"@type\":\"BreadcrumbList\",\"@id\":\"https:\/\/premiumseeds.eu\/es\/produkt\/perejil-olomuncka\/#breadcrumb\",\"itemListElement\":[{\"@type\":\"ListItem\",\"position\":1,\"name\":\"Home\",\"item\":\"https:\/\/premiumseeds.eu\/es\/\"},{\"@type\":\"ListItem\",\"position\":2,\"name\":\"Semillas\",\"item\":\"https:\/\/premiumseeds.eu\/es\/semillas\/\"},{\"@type\":\"ListItem\",\"position\":3,\"name\":\"Perejil O\u0142omu\u0144cka\"}]},{\"@type\":\"WebSite\",\"@id\":\"https:\/\/premiumseeds.eu\/es\/#website\",\"url\":\"https:\/\/premiumseeds.eu\/es\/\",\"name\":\"PremiumSeeds\",\"description\":\"Top seeds producer\",\"potentialAction\":[{\"@type\":\"SearchAction\",\"target\":{\"@type\":\"EntryPoint\",\"urlTemplate\":\"https:\/\/premiumseeds.eu\/es\/?s={search_term_string}\"},\"query-input\":\"required name=search_term_string\"}],\"inLanguage\":\"es\"}]}<\/script>\n<!-- \/ Yoast SEO plugin. -->","yoast_head_json":{"title":"Perejil O\u0142omu\u0144cka - productor de semillas - PremiumSeeds","description":"Perejil O\u0142omu\u0144cka semillas - directamente del productor de la marca Premium Seeds. Venta al por mayor y distribuci\u00f3n de semillas Perejil O\u0142omu\u0144cka","robots":{"index":"index","follow":"follow","max-snippet":"max-snippet:-1","max-image-preview":"max-image-preview:large","max-video-preview":"max-video-preview:-1"},"canonical":"https:\/\/premiumseeds.eu\/es\/produkt\/perejil-olomuncka\/","og_locale":"es_ES","og_type":"article","og_title":"Perejil O\u0142omu\u0144cka - productor de semillas - PremiumSeeds","og_description":"Perejil O\u0142omu\u0144cka semillas - directamente del productor de la marca Premium Seeds. Venta al por mayor y distribuci\u00f3n de semillas Perejil O\u0142omu\u0144cka","og_url":"https:\/\/premiumseeds.eu\/es\/produkt\/perejil-olomuncka\/","og_site_name":"PremiumSeeds","article_modified_time":"2022-11-29T12:13:35+00:00","og_image":[{"width":945,"height":1772,"url":"https:\/\/premiumseeds.eu\/wp-content\/uploads\/2022\/06\/WORLD-N-170-9794_VS.jpg?v=1666178538","type":"image\/jpeg"}],"twitter_card":"summary_large_image","schema":{"@context":"https:\/\/schema.org","@graph":[{"@type":"WebPage","@id":"https:\/\/premiumseeds.eu\/es\/produkt\/perejil-olomuncka\/","url":"https:\/\/premiumseeds.eu\/es\/produkt\/perejil-olomuncka\/","name":"Perejil O\u0142omu\u0144cka - productor de semillas - PremiumSeeds","isPartOf":{"@id":"https:\/\/premiumseeds.eu\/es\/#website"},"datePublished":"2022-06-08T11:54:38+00:00","dateModified":"2022-11-29T12:13:35+00:00","description":"Perejil O\u0142omu\u0144cka semillas - directamente del productor de la marca Premium Seeds. Venta al por mayor y distribuci\u00f3n de semillas Perejil O\u0142omu\u0144cka","breadcrumb":{"@id":"https:\/\/premiumseeds.eu\/es\/produkt\/perejil-olomuncka\/#breadcrumb"},"inLanguage":"es","potentialAction":[{"@type":"ReadAction","target":["https:\/\/premiumseeds.eu\/es\/produkt\/perejil-olomuncka\/"]}]},{"@type":"BreadcrumbList","@id":"https:\/\/premiumseeds.eu\/es\/produkt\/perejil-olomuncka\/#breadcrumb","itemListElement":[{"@type":"ListItem","position":1,"name":"Home","item":"https:\/\/premiumseeds.eu\/es\/"},{"@type":"ListItem","position":2,"name":"Semillas","item":"https:\/\/premiumseeds.eu\/es\/semillas\/"},{"@type":"ListItem","position":3,"name":"Perejil O\u0142omu\u0144cka"}]},{"@type":"WebSite","@id":"https:\/\/premiumseeds.eu\/es\/#website","url":"https:\/\/premiumseeds.eu\/es\/","name":"PremiumSeeds","description":"Top seeds producer","potentialAction":[{"@type":"SearchAction","target":{"@type":"EntryPoint","urlTemplate":"https:\/\/premiumseeds.eu\/es\/?s={search_term_string}"},"query-input":"required name=search_term_string"}],"inLanguage":"es"}]}},"_links":{"self":[{"href":"https:\/\/premiumseeds.eu\/es\/wp-json\/wp\/v2\/product\/22864","targetHints":{"allow":["GET"]}}],"collection":[{"href":"https:\/\/premiumseeds.eu\/es\/wp-json\/wp\/v2\/product"}],"about":[{"href":"https:\/\/premiumseeds.eu\/es\/wp-json\/wp\/v2\/types\/product"}],"wp:featuredmedia":[{"embeddable":true,"href":"https:\/\/premiumseeds.eu\/es\/wp-json\/wp\/v2\/media\/36746"}],"wp:attachment":[{"href":"https:\/\/premiumseeds.eu\/es\/wp-json\/wp\/v2\/media?parent=22864"}],"wp:term":[{"taxonomy":"product_cat","embeddable":true,"href":"https:\/\/premiumseeds.eu\/es\/wp-json\/wp\/v2\/product_cat?post=22864"},{"taxonomy":"product_tag","embeddable":true,"href":"https:\/\/premiumseeds.eu\/es\/wp-json\/wp\/v2\/product_tag?post=22864"}],"curies":[{"name":"wp","href":"https:\/\/api.w.org\/{rel}","templated":true}]}}