{"id":22970,"date":"2022-06-08T14:58:26","date_gmt":"2022-06-08T12:58:26","guid":{"rendered":"https:\/\/premiumseeds.eu\/?post_type=product&#038;p=22970"},"modified":"2025-12-19T15:09:45","modified_gmt":"2025-12-19T14:09:45","slug":"tomate-negro-de-crimea","status":"publish","type":"product","link":"https:\/\/premiumseeds.eu\/es\/produkt\/tomate-negro-de-crimea\/","title":{"rendered":"Tomate Negro de Crimea"},"content":{"rendered":"","protected":false},"excerpt":{"rendered":"<p>Variedad alta, requiere entutorado. Para cultivo al aire libre y en t\u00faneles de pl\u00e1stico. Fruto carnoso, grande, peso de unos 300-400 g. Se distingue por la piel marr\u00f3n y un sabor dulce y picante. Complemento interesante en bocadillos y ensaladas.<br \/>\n<\/b><br \/>\n<strong>Tomate Negro de Crimea &#8211; semillas <\/strong><br \/>\n<\/b><br \/>\n<strong>Profundidad de siembra:<\/strong>  0,5 cm<br \/>\n<strong>\u00c9poca de siembra en invernaderos:<\/strong> marzo &#8211; abril<br \/>\n<strong>\u00c9poca de siembra de las pl\u00e1ntulas en el exterior:<\/strong> mayo<br \/>\n<strong>Espaciado: <\/strong> 60-70 x 50-60 cm<br \/>\n<strong>Cosecha:<\/strong> agosto &#8211; septiembre<br \/>\n<\/b><br \/>\nUn paquete contiene 0,1 g de semillas.<\/p>\n","protected":false},"featured_media":70944,"template":"","meta":{"_monsterinsights_skip_tracking":false,"_monsterinsights_sitenote_active":false,"_monsterinsights_sitenote_note":"","_monsterinsights_sitenote_category":0},"product_cat":[1133,1076],"product_tag":[1287],"class_list":["post-22970","product","type-product","status-publish","has-post-thumbnail","hentry","product_cat-semillas-de-tomate","product_cat-semillas-de-hortalizas","product_tag-tomate-negro-de-crimea-semillas"],"yoast_head":"<!-- This site is optimized with the Yoast SEO plugin v21.6 - https:\/\/yoast.com\/wordpress\/plugins\/seo\/ -->\n<title>Tomate Negro de Crimea - productor de semillas - PremiumSeeds<\/title>\n<meta name=\"description\" content=\"Tomate Negro de Crimea semillas - directamente del productor de la marca Premium Seeds. Venta al por mayor y distribuci\u00f3n de semillas Tomate Negro de Crimea\" \/>\n<meta name=\"robots\" content=\"index, follow, max-snippet:-1, max-image-preview:large, max-video-preview:-1\" \/>\n<link rel=\"canonical\" href=\"https:\/\/premiumseeds.eu\/es\/produkt\/tomate-negro-de-crimea\/\" \/>\n<meta property=\"og:locale\" content=\"es_ES\" \/>\n<meta property=\"og:type\" content=\"article\" \/>\n<meta property=\"og:title\" content=\"Tomate Negro de Crimea - productor de semillas - PremiumSeeds\" \/>\n<meta property=\"og:description\" content=\"Tomate Negro de Crimea semillas - directamente del productor de la marca Premium Seeds. Venta al por mayor y distribuci\u00f3n de semillas Tomate Negro de Crimea\" \/>\n<meta property=\"og:url\" content=\"https:\/\/premiumseeds.eu\/es\/produkt\/tomate-negro-de-crimea\/\" \/>\n<meta property=\"og:site_name\" content=\"PremiumSeeds\" \/>\n<meta property=\"article:modified_time\" content=\"2025-12-19T14:09:45+00:00\" \/>\n<meta property=\"og:image\" content=\"https:\/\/premiumseeds.eu\/wp-content\/uploads\/2022\/05\/1SWIA-WO-GE-11084_VS.jpg\" \/>\n\t<meta property=\"og:image:width\" content=\"945\" \/>\n\t<meta property=\"og:image:height\" content=\"1772\" \/>\n\t<meta property=\"og:image:type\" content=\"image\/jpeg\" \/>\n<meta name=\"twitter:card\" content=\"summary_large_image\" \/>\n<script type=\"application\/ld+json\" class=\"yoast-schema-graph\">{\"@context\":\"https:\/\/schema.org\",\"@graph\":[{\"@type\":\"WebPage\",\"@id\":\"https:\/\/premiumseeds.eu\/es\/produkt\/tomate-negro-de-crimea\/\",\"url\":\"https:\/\/premiumseeds.eu\/es\/produkt\/tomate-negro-de-crimea\/\",\"name\":\"Tomate Negro de Crimea - productor de semillas - PremiumSeeds\",\"isPartOf\":{\"@id\":\"https:\/\/premiumseeds.eu\/es\/#website\"},\"datePublished\":\"2022-06-08T12:58:26+00:00\",\"dateModified\":\"2025-12-19T14:09:45+00:00\",\"description\":\"Tomate Negro de Crimea semillas - directamente del productor de la marca Premium Seeds. Venta al por mayor y distribuci\u00f3n de semillas Tomate Negro de Crimea\",\"breadcrumb\":{\"@id\":\"https:\/\/premiumseeds.eu\/es\/produkt\/tomate-negro-de-crimea\/#breadcrumb\"},\"inLanguage\":\"es\",\"potentialAction\":[{\"@type\":\"ReadAction\",\"target\":[\"https:\/\/premiumseeds.eu\/es\/produkt\/tomate-negro-de-crimea\/\"]}]},{\"@type\":\"BreadcrumbList\",\"@id\":\"https:\/\/premiumseeds.eu\/es\/produkt\/tomate-negro-de-crimea\/#breadcrumb\",\"itemListElement\":[{\"@type\":\"ListItem\",\"position\":1,\"name\":\"Home\",\"item\":\"https:\/\/premiumseeds.eu\/es\/\"},{\"@type\":\"ListItem\",\"position\":2,\"name\":\"Semillas\",\"item\":\"https:\/\/premiumseeds.eu\/es\/semillas\/\"},{\"@type\":\"ListItem\",\"position\":3,\"name\":\"Tomate Negro de Crimea\"}]},{\"@type\":\"WebSite\",\"@id\":\"https:\/\/premiumseeds.eu\/es\/#website\",\"url\":\"https:\/\/premiumseeds.eu\/es\/\",\"name\":\"PremiumSeeds\",\"description\":\"Top seeds producer\",\"potentialAction\":[{\"@type\":\"SearchAction\",\"target\":{\"@type\":\"EntryPoint\",\"urlTemplate\":\"https:\/\/premiumseeds.eu\/es\/?s={search_term_string}\"},\"query-input\":\"required name=search_term_string\"}],\"inLanguage\":\"es\"}]}<\/script>\n<!-- \/ Yoast SEO plugin. -->","yoast_head_json":{"title":"Tomate Negro de Crimea - productor de semillas - PremiumSeeds","description":"Tomate Negro de Crimea semillas - directamente del productor de la marca Premium Seeds. Venta al por mayor y distribuci\u00f3n de semillas Tomate Negro de Crimea","robots":{"index":"index","follow":"follow","max-snippet":"max-snippet:-1","max-image-preview":"max-image-preview:large","max-video-preview":"max-video-preview:-1"},"canonical":"https:\/\/premiumseeds.eu\/es\/produkt\/tomate-negro-de-crimea\/","og_locale":"es_ES","og_type":"article","og_title":"Tomate Negro de Crimea - productor de semillas - PremiumSeeds","og_description":"Tomate Negro de Crimea semillas - directamente del productor de la marca Premium Seeds. Venta al por mayor y distribuci\u00f3n de semillas Tomate Negro de Crimea","og_url":"https:\/\/premiumseeds.eu\/es\/produkt\/tomate-negro-de-crimea\/","og_site_name":"PremiumSeeds","article_modified_time":"2025-12-19T14:09:45+00:00","og_image":[{"width":945,"height":1772,"url":"https:\/\/premiumseeds.eu\/wp-content\/uploads\/2022\/05\/1SWIA-WO-GE-11084_VS.jpg","type":"image\/jpeg"}],"twitter_card":"summary_large_image","schema":{"@context":"https:\/\/schema.org","@graph":[{"@type":"WebPage","@id":"https:\/\/premiumseeds.eu\/es\/produkt\/tomate-negro-de-crimea\/","url":"https:\/\/premiumseeds.eu\/es\/produkt\/tomate-negro-de-crimea\/","name":"Tomate Negro de Crimea - productor de semillas - PremiumSeeds","isPartOf":{"@id":"https:\/\/premiumseeds.eu\/es\/#website"},"datePublished":"2022-06-08T12:58:26+00:00","dateModified":"2025-12-19T14:09:45+00:00","description":"Tomate Negro de Crimea semillas - directamente del productor de la marca Premium Seeds. Venta al por mayor y distribuci\u00f3n de semillas Tomate Negro de Crimea","breadcrumb":{"@id":"https:\/\/premiumseeds.eu\/es\/produkt\/tomate-negro-de-crimea\/#breadcrumb"},"inLanguage":"es","potentialAction":[{"@type":"ReadAction","target":["https:\/\/premiumseeds.eu\/es\/produkt\/tomate-negro-de-crimea\/"]}]},{"@type":"BreadcrumbList","@id":"https:\/\/premiumseeds.eu\/es\/produkt\/tomate-negro-de-crimea\/#breadcrumb","itemListElement":[{"@type":"ListItem","position":1,"name":"Home","item":"https:\/\/premiumseeds.eu\/es\/"},{"@type":"ListItem","position":2,"name":"Semillas","item":"https:\/\/premiumseeds.eu\/es\/semillas\/"},{"@type":"ListItem","position":3,"name":"Tomate Negro de Crimea"}]},{"@type":"WebSite","@id":"https:\/\/premiumseeds.eu\/es\/#website","url":"https:\/\/premiumseeds.eu\/es\/","name":"PremiumSeeds","description":"Top seeds producer","potentialAction":[{"@type":"SearchAction","target":{"@type":"EntryPoint","urlTemplate":"https:\/\/premiumseeds.eu\/es\/?s={search_term_string}"},"query-input":"required name=search_term_string"}],"inLanguage":"es"}]}},"_links":{"self":[{"href":"https:\/\/premiumseeds.eu\/es\/wp-json\/wp\/v2\/product\/22970","targetHints":{"allow":["GET"]}}],"collection":[{"href":"https:\/\/premiumseeds.eu\/es\/wp-json\/wp\/v2\/product"}],"about":[{"href":"https:\/\/premiumseeds.eu\/es\/wp-json\/wp\/v2\/types\/product"}],"wp:featuredmedia":[{"embeddable":true,"href":"https:\/\/premiumseeds.eu\/es\/wp-json\/wp\/v2\/media\/70944"}],"wp:attachment":[{"href":"https:\/\/premiumseeds.eu\/es\/wp-json\/wp\/v2\/media?parent=22970"}],"wp:term":[{"taxonomy":"product_cat","embeddable":true,"href":"https:\/\/premiumseeds.eu\/es\/wp-json\/wp\/v2\/product_cat?post=22970"},{"taxonomy":"product_tag","embeddable":true,"href":"https:\/\/premiumseeds.eu\/es\/wp-json\/wp\/v2\/product_tag?post=22970"}],"curies":[{"name":"wp","href":"https:\/\/api.w.org\/{rel}","templated":true}]}}