{"id":23055,"date":"2022-06-08T16:09:04","date_gmt":"2022-06-08T14:09:04","guid":{"rendered":"https:\/\/premiumseeds.eu\/?post_type=product&#038;p=23055"},"modified":"2022-11-29T14:36:13","modified_gmt":"2022-11-29T13:36:13","slug":"berro-de-jardin","status":"publish","type":"product","link":"https:\/\/premiumseeds.eu\/es\/produkt\/berro-de-jardin\/","title":{"rendered":"Berro de Jard\u00edn"},"content":{"rendered":"","protected":false},"excerpt":{"rendered":"<p>Planta anual con olor caracter\u00edstico y sabor picante. Rica fuente de vitaminas y minerales. En casa se puede sembrar todo el a\u00f1o, la recolecci\u00f3n posible a los pocos d\u00edas.<br \/>\n<\/b><br \/>\n<strong>Berro de Jard\u00edn  &#8211; semillas <\/strong><br \/>\n<\/b><br \/>\n<strong>\u00c9poca de siembra: <\/strong> enero &#8211; diciembre<br \/>\n<strong>Cosecha:<\/strong> enero &#8211; diciembre<br \/>\n<\/b><br \/>\nUn paquete contiene 10 g  de semillas.<\/p>\n","protected":false},"featured_media":23056,"template":"","meta":{"_monsterinsights_skip_tracking":false,"_monsterinsights_sitenote_active":false,"_monsterinsights_sitenote_note":"","_monsterinsights_sitenote_category":0},"product_cat":[1104,1254,1253,1076],"product_tag":[1292],"class_list":["post-23055","product","type-product","status-publish","has-post-thumbnail","hentry","product_cat-semillas-de-berro","product_cat-semillas-de-plantas-inusuales","product_cat-semillas-para-brotes","product_cat-semillas-de-hortalizas","product_tag-berro-de-jardin-semillas"],"yoast_head":"<!-- This site is optimized with the Yoast SEO plugin v21.6 - https:\/\/yoast.com\/wordpress\/plugins\/seo\/ -->\n<title>Berro de Jard\u00edn - productor de semillas - PremiumSeeds<\/title>\n<meta name=\"description\" content=\"Berro de Jard\u00edn semillas - directamente del productor de la marca Premium Seeds. Venta al por mayor y distribuci\u00f3n de semillas Berro de Jard\u00edn\" \/>\n<meta name=\"robots\" content=\"index, follow, max-snippet:-1, max-image-preview:large, max-video-preview:-1\" \/>\n<link rel=\"canonical\" href=\"https:\/\/premiumseeds.eu\/es\/produkt\/berro-de-jardin\/\" \/>\n<meta property=\"og:locale\" content=\"es_ES\" \/>\n<meta property=\"og:type\" content=\"article\" \/>\n<meta property=\"og:title\" content=\"Berro de Jard\u00edn - productor de semillas - PremiumSeeds\" \/>\n<meta property=\"og:description\" content=\"Berro de Jard\u00edn semillas - directamente del productor de la marca Premium Seeds. Venta al por mayor y distribuci\u00f3n de semillas Berro de Jard\u00edn\" \/>\n<meta property=\"og:url\" content=\"https:\/\/premiumseeds.eu\/es\/produkt\/berro-de-jardin\/\" \/>\n<meta property=\"og:site_name\" content=\"PremiumSeeds\" \/>\n<meta property=\"article:modified_time\" content=\"2022-11-29T13:36:13+00:00\" \/>\n<meta property=\"og:image\" content=\"https:\/\/premiumseeds.eu\/wp-content\/uploads\/2022\/06\/32_WORLD-G4700026_RGB_VS-1.jpg\" \/>\n\t<meta property=\"og:image:width\" content=\"945\" \/>\n\t<meta property=\"og:image:height\" content=\"1770\" \/>\n\t<meta property=\"og:image:type\" content=\"image\/jpeg\" \/>\n<meta name=\"twitter:card\" content=\"summary_large_image\" \/>\n<script type=\"application\/ld+json\" class=\"yoast-schema-graph\">{\"@context\":\"https:\/\/schema.org\",\"@graph\":[{\"@type\":\"WebPage\",\"@id\":\"https:\/\/premiumseeds.eu\/es\/produkt\/berro-de-jardin\/\",\"url\":\"https:\/\/premiumseeds.eu\/es\/produkt\/berro-de-jardin\/\",\"name\":\"Berro de Jard\u00edn - productor de semillas - PremiumSeeds\",\"isPartOf\":{\"@id\":\"https:\/\/premiumseeds.eu\/es\/#website\"},\"datePublished\":\"2022-06-08T14:09:04+00:00\",\"dateModified\":\"2022-11-29T13:36:13+00:00\",\"description\":\"Berro de Jard\u00edn semillas - directamente del productor de la marca Premium Seeds. Venta al por mayor y distribuci\u00f3n de semillas Berro de Jard\u00edn\",\"breadcrumb\":{\"@id\":\"https:\/\/premiumseeds.eu\/es\/produkt\/berro-de-jardin\/#breadcrumb\"},\"inLanguage\":\"es\",\"potentialAction\":[{\"@type\":\"ReadAction\",\"target\":[\"https:\/\/premiumseeds.eu\/es\/produkt\/berro-de-jardin\/\"]}]},{\"@type\":\"BreadcrumbList\",\"@id\":\"https:\/\/premiumseeds.eu\/es\/produkt\/berro-de-jardin\/#breadcrumb\",\"itemListElement\":[{\"@type\":\"ListItem\",\"position\":1,\"name\":\"Home\",\"item\":\"https:\/\/premiumseeds.eu\/es\/\"},{\"@type\":\"ListItem\",\"position\":2,\"name\":\"Semillas\",\"item\":\"https:\/\/premiumseeds.eu\/es\/semillas\/\"},{\"@type\":\"ListItem\",\"position\":3,\"name\":\"Berro de Jard\u00edn\"}]},{\"@type\":\"WebSite\",\"@id\":\"https:\/\/premiumseeds.eu\/es\/#website\",\"url\":\"https:\/\/premiumseeds.eu\/es\/\",\"name\":\"PremiumSeeds\",\"description\":\"Top seeds producer\",\"potentialAction\":[{\"@type\":\"SearchAction\",\"target\":{\"@type\":\"EntryPoint\",\"urlTemplate\":\"https:\/\/premiumseeds.eu\/es\/?s={search_term_string}\"},\"query-input\":\"required name=search_term_string\"}],\"inLanguage\":\"es\"}]}<\/script>\n<!-- \/ Yoast SEO plugin. -->","yoast_head_json":{"title":"Berro de Jard\u00edn - productor de semillas - PremiumSeeds","description":"Berro de Jard\u00edn semillas - directamente del productor de la marca Premium Seeds. Venta al por mayor y distribuci\u00f3n de semillas Berro de Jard\u00edn","robots":{"index":"index","follow":"follow","max-snippet":"max-snippet:-1","max-image-preview":"max-image-preview:large","max-video-preview":"max-video-preview:-1"},"canonical":"https:\/\/premiumseeds.eu\/es\/produkt\/berro-de-jardin\/","og_locale":"es_ES","og_type":"article","og_title":"Berro de Jard\u00edn - productor de semillas - PremiumSeeds","og_description":"Berro de Jard\u00edn semillas - directamente del productor de la marca Premium Seeds. Venta al por mayor y distribuci\u00f3n de semillas Berro de Jard\u00edn","og_url":"https:\/\/premiumseeds.eu\/es\/produkt\/berro-de-jardin\/","og_site_name":"PremiumSeeds","article_modified_time":"2022-11-29T13:36:13+00:00","og_image":[{"width":945,"height":1770,"url":"https:\/\/premiumseeds.eu\/wp-content\/uploads\/2022\/06\/32_WORLD-G4700026_RGB_VS-1.jpg","type":"image\/jpeg"}],"twitter_card":"summary_large_image","schema":{"@context":"https:\/\/schema.org","@graph":[{"@type":"WebPage","@id":"https:\/\/premiumseeds.eu\/es\/produkt\/berro-de-jardin\/","url":"https:\/\/premiumseeds.eu\/es\/produkt\/berro-de-jardin\/","name":"Berro de Jard\u00edn - productor de semillas - PremiumSeeds","isPartOf":{"@id":"https:\/\/premiumseeds.eu\/es\/#website"},"datePublished":"2022-06-08T14:09:04+00:00","dateModified":"2022-11-29T13:36:13+00:00","description":"Berro de Jard\u00edn semillas - directamente del productor de la marca Premium Seeds. Venta al por mayor y distribuci\u00f3n de semillas Berro de Jard\u00edn","breadcrumb":{"@id":"https:\/\/premiumseeds.eu\/es\/produkt\/berro-de-jardin\/#breadcrumb"},"inLanguage":"es","potentialAction":[{"@type":"ReadAction","target":["https:\/\/premiumseeds.eu\/es\/produkt\/berro-de-jardin\/"]}]},{"@type":"BreadcrumbList","@id":"https:\/\/premiumseeds.eu\/es\/produkt\/berro-de-jardin\/#breadcrumb","itemListElement":[{"@type":"ListItem","position":1,"name":"Home","item":"https:\/\/premiumseeds.eu\/es\/"},{"@type":"ListItem","position":2,"name":"Semillas","item":"https:\/\/premiumseeds.eu\/es\/semillas\/"},{"@type":"ListItem","position":3,"name":"Berro de Jard\u00edn"}]},{"@type":"WebSite","@id":"https:\/\/premiumseeds.eu\/es\/#website","url":"https:\/\/premiumseeds.eu\/es\/","name":"PremiumSeeds","description":"Top seeds producer","potentialAction":[{"@type":"SearchAction","target":{"@type":"EntryPoint","urlTemplate":"https:\/\/premiumseeds.eu\/es\/?s={search_term_string}"},"query-input":"required name=search_term_string"}],"inLanguage":"es"}]}},"_links":{"self":[{"href":"https:\/\/premiumseeds.eu\/es\/wp-json\/wp\/v2\/product\/23055","targetHints":{"allow":["GET"]}}],"collection":[{"href":"https:\/\/premiumseeds.eu\/es\/wp-json\/wp\/v2\/product"}],"about":[{"href":"https:\/\/premiumseeds.eu\/es\/wp-json\/wp\/v2\/types\/product"}],"wp:featuredmedia":[{"embeddable":true,"href":"https:\/\/premiumseeds.eu\/es\/wp-json\/wp\/v2\/media\/23056"}],"wp:attachment":[{"href":"https:\/\/premiumseeds.eu\/es\/wp-json\/wp\/v2\/media?parent=23055"}],"wp:term":[{"taxonomy":"product_cat","embeddable":true,"href":"https:\/\/premiumseeds.eu\/es\/wp-json\/wp\/v2\/product_cat?post=23055"},{"taxonomy":"product_tag","embeddable":true,"href":"https:\/\/premiumseeds.eu\/es\/wp-json\/wp\/v2\/product_tag?post=23055"}],"curies":[{"name":"wp","href":"https:\/\/api.w.org\/{rel}","templated":true}]}}