{"id":23673,"date":"2022-06-09T14:26:46","date_gmt":"2022-06-09T12:26:46","guid":{"rendered":"https:\/\/premiumseeds.eu\/?post_type=product&#038;p=23673"},"modified":"2025-12-23T15:09:59","modified_gmt":"2025-12-23T14:09:59","slug":"pepinillo-sremski-f1","status":"publish","type":"product","link":"https:\/\/premiumseeds.eu\/es\/produkt\/pepinillo-sremski-f1\/","title":{"rendered":"Pepinillo \u015aremski F1"},"content":{"rendered":"","protected":false},"excerpt":{"rendered":"<p>Variedad temprana, muy amplia, resistente a enfermedades. Fruto cil\u00edndrico, de forma interesante, muy sabroso, sin notas amargas. Piel intensamente verde y muy verrugosa. Muy universal, apta para fermentaci\u00f3n, conservaci\u00f3n y consumo directo.<br \/>\n<\/b><br \/>\n<strong> Pepinillo \u015aremski F1 &#8211; semillas <\/strong><br \/>\n<\/b><br \/>\n<strong>Profundidad de siembra:<\/strong> 2 &#8211; 3 cm<br \/>\n<strong>\u00c9poca de siembra en el exterior:<\/strong> mayo &#8211; junio<br \/>\n<strong>Espaciado: <\/strong> 90-100 x 20 cm<br \/>\n<strong>Cosecha:<\/strong> 15 de julio &#8211; septiembre<br \/>\n<\/b><br \/>\nUn paquete contiene 2 g de semillas.<\/p>\n","protected":false},"featured_media":71018,"template":"","meta":{"_monsterinsights_skip_tracking":false,"_monsterinsights_sitenote_active":false,"_monsterinsights_sitenote_note":"","_monsterinsights_sitenote_category":0},"product_cat":[1105,1076],"product_tag":[1340],"class_list":["post-23673","product","type-product","status-publish","has-post-thumbnail","hentry","product_cat-semillas-de-pepino","product_cat-semillas-de-hortalizas","product_tag-pepinillo-sremski-f1-semillas"],"yoast_head":"<!-- This site is optimized with the Yoast SEO plugin v21.6 - https:\/\/yoast.com\/wordpress\/plugins\/seo\/ -->\n<title>Pepinillo \u015aremski F1 - productor de semillas - PremiumSeeds<\/title>\n<meta name=\"description\" content=\"Pepinillo \u015aremski F1 semillas - directamente del productor de la marca Premium Seeds. Venta al por mayor y distribuci\u00f3n de semillas Pepinillo \u015aremski F1\" \/>\n<meta name=\"robots\" content=\"index, follow, max-snippet:-1, max-image-preview:large, max-video-preview:-1\" \/>\n<link rel=\"canonical\" href=\"https:\/\/premiumseeds.eu\/es\/produkt\/pepinillo-sremski-f1\/\" \/>\n<meta property=\"og:locale\" content=\"es_ES\" \/>\n<meta property=\"og:type\" content=\"article\" \/>\n<meta property=\"og:title\" content=\"Pepinillo \u015aremski F1 - productor de semillas - PremiumSeeds\" \/>\n<meta property=\"og:description\" content=\"Pepinillo \u015aremski F1 semillas - directamente del productor de la marca Premium Seeds. Venta al por mayor y distribuci\u00f3n de semillas Pepinillo \u015aremski F1\" \/>\n<meta property=\"og:url\" content=\"https:\/\/premiumseeds.eu\/es\/produkt\/pepinillo-sremski-f1\/\" \/>\n<meta property=\"og:site_name\" content=\"PremiumSeeds\" \/>\n<meta property=\"article:modified_time\" content=\"2025-12-23T14:09:59+00:00\" \/>\n<meta property=\"og:image\" content=\"https:\/\/premiumseeds.eu\/wp-content\/uploads\/2022\/06\/1SWIA-WO-GE-11244_VS.jpg\" \/>\n\t<meta property=\"og:image:width\" content=\"945\" \/>\n\t<meta property=\"og:image:height\" content=\"1772\" \/>\n\t<meta property=\"og:image:type\" content=\"image\/jpeg\" \/>\n<meta name=\"twitter:card\" content=\"summary_large_image\" \/>\n<script type=\"application\/ld+json\" class=\"yoast-schema-graph\">{\"@context\":\"https:\/\/schema.org\",\"@graph\":[{\"@type\":\"WebPage\",\"@id\":\"https:\/\/premiumseeds.eu\/es\/produkt\/pepinillo-sremski-f1\/\",\"url\":\"https:\/\/premiumseeds.eu\/es\/produkt\/pepinillo-sremski-f1\/\",\"name\":\"Pepinillo \u015aremski F1 - productor de semillas - PremiumSeeds\",\"isPartOf\":{\"@id\":\"https:\/\/premiumseeds.eu\/es\/#website\"},\"datePublished\":\"2022-06-09T12:26:46+00:00\",\"dateModified\":\"2025-12-23T14:09:59+00:00\",\"description\":\"Pepinillo \u015aremski F1 semillas - directamente del productor de la marca Premium Seeds. Venta al por mayor y distribuci\u00f3n de semillas Pepinillo \u015aremski F1\",\"breadcrumb\":{\"@id\":\"https:\/\/premiumseeds.eu\/es\/produkt\/pepinillo-sremski-f1\/#breadcrumb\"},\"inLanguage\":\"es\",\"potentialAction\":[{\"@type\":\"ReadAction\",\"target\":[\"https:\/\/premiumseeds.eu\/es\/produkt\/pepinillo-sremski-f1\/\"]}]},{\"@type\":\"BreadcrumbList\",\"@id\":\"https:\/\/premiumseeds.eu\/es\/produkt\/pepinillo-sremski-f1\/#breadcrumb\",\"itemListElement\":[{\"@type\":\"ListItem\",\"position\":1,\"name\":\"Home\",\"item\":\"https:\/\/premiumseeds.eu\/es\/\"},{\"@type\":\"ListItem\",\"position\":2,\"name\":\"Semillas\",\"item\":\"https:\/\/premiumseeds.eu\/es\/semillas\/\"},{\"@type\":\"ListItem\",\"position\":3,\"name\":\"Pepinillo \u015aremski F1\"}]},{\"@type\":\"WebSite\",\"@id\":\"https:\/\/premiumseeds.eu\/es\/#website\",\"url\":\"https:\/\/premiumseeds.eu\/es\/\",\"name\":\"PremiumSeeds\",\"description\":\"Top seeds producer\",\"potentialAction\":[{\"@type\":\"SearchAction\",\"target\":{\"@type\":\"EntryPoint\",\"urlTemplate\":\"https:\/\/premiumseeds.eu\/es\/?s={search_term_string}\"},\"query-input\":\"required name=search_term_string\"}],\"inLanguage\":\"es\"}]}<\/script>\n<!-- \/ Yoast SEO plugin. -->","yoast_head_json":{"title":"Pepinillo \u015aremski F1 - productor de semillas - PremiumSeeds","description":"Pepinillo \u015aremski F1 semillas - directamente del productor de la marca Premium Seeds. Venta al por mayor y distribuci\u00f3n de semillas Pepinillo \u015aremski F1","robots":{"index":"index","follow":"follow","max-snippet":"max-snippet:-1","max-image-preview":"max-image-preview:large","max-video-preview":"max-video-preview:-1"},"canonical":"https:\/\/premiumseeds.eu\/es\/produkt\/pepinillo-sremski-f1\/","og_locale":"es_ES","og_type":"article","og_title":"Pepinillo \u015aremski F1 - productor de semillas - PremiumSeeds","og_description":"Pepinillo \u015aremski F1 semillas - directamente del productor de la marca Premium Seeds. Venta al por mayor y distribuci\u00f3n de semillas Pepinillo \u015aremski F1","og_url":"https:\/\/premiumseeds.eu\/es\/produkt\/pepinillo-sremski-f1\/","og_site_name":"PremiumSeeds","article_modified_time":"2025-12-23T14:09:59+00:00","og_image":[{"width":945,"height":1772,"url":"https:\/\/premiumseeds.eu\/wp-content\/uploads\/2022\/06\/1SWIA-WO-GE-11244_VS.jpg","type":"image\/jpeg"}],"twitter_card":"summary_large_image","schema":{"@context":"https:\/\/schema.org","@graph":[{"@type":"WebPage","@id":"https:\/\/premiumseeds.eu\/es\/produkt\/pepinillo-sremski-f1\/","url":"https:\/\/premiumseeds.eu\/es\/produkt\/pepinillo-sremski-f1\/","name":"Pepinillo \u015aremski F1 - productor de semillas - PremiumSeeds","isPartOf":{"@id":"https:\/\/premiumseeds.eu\/es\/#website"},"datePublished":"2022-06-09T12:26:46+00:00","dateModified":"2025-12-23T14:09:59+00:00","description":"Pepinillo \u015aremski F1 semillas - directamente del productor de la marca Premium Seeds. Venta al por mayor y distribuci\u00f3n de semillas Pepinillo \u015aremski F1","breadcrumb":{"@id":"https:\/\/premiumseeds.eu\/es\/produkt\/pepinillo-sremski-f1\/#breadcrumb"},"inLanguage":"es","potentialAction":[{"@type":"ReadAction","target":["https:\/\/premiumseeds.eu\/es\/produkt\/pepinillo-sremski-f1\/"]}]},{"@type":"BreadcrumbList","@id":"https:\/\/premiumseeds.eu\/es\/produkt\/pepinillo-sremski-f1\/#breadcrumb","itemListElement":[{"@type":"ListItem","position":1,"name":"Home","item":"https:\/\/premiumseeds.eu\/es\/"},{"@type":"ListItem","position":2,"name":"Semillas","item":"https:\/\/premiumseeds.eu\/es\/semillas\/"},{"@type":"ListItem","position":3,"name":"Pepinillo \u015aremski F1"}]},{"@type":"WebSite","@id":"https:\/\/premiumseeds.eu\/es\/#website","url":"https:\/\/premiumseeds.eu\/es\/","name":"PremiumSeeds","description":"Top seeds producer","potentialAction":[{"@type":"SearchAction","target":{"@type":"EntryPoint","urlTemplate":"https:\/\/premiumseeds.eu\/es\/?s={search_term_string}"},"query-input":"required name=search_term_string"}],"inLanguage":"es"}]}},"_links":{"self":[{"href":"https:\/\/premiumseeds.eu\/es\/wp-json\/wp\/v2\/product\/23673","targetHints":{"allow":["GET"]}}],"collection":[{"href":"https:\/\/premiumseeds.eu\/es\/wp-json\/wp\/v2\/product"}],"about":[{"href":"https:\/\/premiumseeds.eu\/es\/wp-json\/wp\/v2\/types\/product"}],"wp:featuredmedia":[{"embeddable":true,"href":"https:\/\/premiumseeds.eu\/es\/wp-json\/wp\/v2\/media\/71018"}],"wp:attachment":[{"href":"https:\/\/premiumseeds.eu\/es\/wp-json\/wp\/v2\/media?parent=23673"}],"wp:term":[{"taxonomy":"product_cat","embeddable":true,"href":"https:\/\/premiumseeds.eu\/es\/wp-json\/wp\/v2\/product_cat?post=23673"},{"taxonomy":"product_tag","embeddable":true,"href":"https:\/\/premiumseeds.eu\/es\/wp-json\/wp\/v2\/product_tag?post=23673"}],"curies":[{"name":"wp","href":"https:\/\/api.w.org\/{rel}","templated":true}]}}