{"id":24289,"date":"2022-06-10T11:44:25","date_gmt":"2022-06-10T09:44:25","guid":{"rendered":"https:\/\/premiumseeds.eu\/?post_type=product&#038;p=24289"},"modified":"2022-11-29T14:38:43","modified_gmt":"2022-11-29T13:38:43","slug":"remolacha-cylindra-semillas-recubiertas","status":"publish","type":"product","link":"https:\/\/premiumseeds.eu\/es\/produkt\/remolacha-cylindra-semillas-recubiertas\/","title":{"rendered":"Remolacha Cylindra &#8211; SEMILLAS RECUBIERTAS"},"content":{"rendered":"","protected":false},"excerpt":{"rendered":"<p>Variedad temprana, prol\u00edfica. Ra\u00edces cil\u00edndricas de piel lisa, de unos 15-18 cm. Pulpa roja, intensamente coloreada, firme, jugosa y sabrosa. Para consumo directo y conservas. Muy buena para conservaci\u00f3n. Semillas recubiertas. Composici\u00f3n del recubrimiento: turba, dolomita, arcilla.<br \/>\n<\/b><br \/>\n<strong>Remolacha Cylindra &#8211; SEMILLAS RECUBIERTAS<\/strong><br \/>\n<\/b><br \/>\n<strong>Profundidad de siembra:<\/strong> 2-3 cm<br \/>\n<strong>\u00c9poca de siembra en el exterior:<\/strong> abril &#8211; junio<br \/>\n<strong>Espaciado: <\/strong> 30-40 x 5 cm<br \/>\n<strong>Cosecha:<\/strong> julio &#8211; octubre<br \/>\n<\/b><br \/>\nUn paquete contiene 100 semillas.<\/p>\n","protected":false},"featured_media":24309,"template":"","meta":{"_monsterinsights_skip_tracking":false,"_monsterinsights_sitenote_active":false,"_monsterinsights_sitenote_note":"","_monsterinsights_sitenote_category":0},"product_cat":[1076,1084,1097],"product_tag":[1399],"class_list":["post-24289","product","type-product","status-publish","has-post-thumbnail","hentry","product_cat-semillas-de-hortalizas","product_cat-semillas-de-remolacha","product_cat-semillas-recubiertas","product_tag-remolacha-cylindra-semillas-recubiertas-semillas"],"yoast_head":"<!-- This site is optimized with the Yoast SEO plugin v21.6 - https:\/\/yoast.com\/wordpress\/plugins\/seo\/ -->\n<title>Remolacha Cylindra - SEMILLAS RECUBIERTAS - productor de semillas - PremiumSeeds<\/title>\n<meta name=\"description\" content=\"Remolacha Cylindra - SEMILLAS RECUBIERTAS semillas - directamente del productor de la marca Premium Seeds. Venta al por mayor y distribuci\u00f3n de semillas Remolacha Cylindra - SEMILLAS RECUBIERTAS\" \/>\n<meta name=\"robots\" content=\"index, follow, max-snippet:-1, max-image-preview:large, max-video-preview:-1\" \/>\n<link rel=\"canonical\" href=\"https:\/\/premiumseeds.eu\/es\/produkt\/remolacha-cylindra-semillas-recubiertas\/\" \/>\n<meta property=\"og:locale\" content=\"es_ES\" \/>\n<meta property=\"og:type\" content=\"article\" \/>\n<meta property=\"og:title\" content=\"Remolacha Cylindra - SEMILLAS RECUBIERTAS - productor de semillas - PremiumSeeds\" \/>\n<meta property=\"og:description\" content=\"Remolacha Cylindra - SEMILLAS RECUBIERTAS semillas - directamente del productor de la marca Premium Seeds. Venta al por mayor y distribuci\u00f3n de semillas Remolacha Cylindra - SEMILLAS RECUBIERTAS\" \/>\n<meta property=\"og:url\" content=\"https:\/\/premiumseeds.eu\/es\/produkt\/remolacha-cylindra-semillas-recubiertas\/\" \/>\n<meta property=\"og:site_name\" content=\"PremiumSeeds\" \/>\n<meta property=\"article:modified_time\" content=\"2022-11-29T13:38:43+00:00\" \/>\n<meta property=\"og:image\" content=\"https:\/\/premiumseeds.eu\/wp-content\/uploads\/2022\/06\/76_WORLD-N1701035_RGB_VS-2.jpg\" \/>\n\t<meta property=\"og:image:width\" content=\"945\" \/>\n\t<meta property=\"og:image:height\" content=\"1770\" \/>\n\t<meta property=\"og:image:type\" content=\"image\/jpeg\" \/>\n<meta name=\"twitter:card\" content=\"summary_large_image\" \/>\n<script type=\"application\/ld+json\" class=\"yoast-schema-graph\">{\"@context\":\"https:\/\/schema.org\",\"@graph\":[{\"@type\":\"WebPage\",\"@id\":\"https:\/\/premiumseeds.eu\/es\/produkt\/remolacha-cylindra-semillas-recubiertas\/\",\"url\":\"https:\/\/premiumseeds.eu\/es\/produkt\/remolacha-cylindra-semillas-recubiertas\/\",\"name\":\"Remolacha Cylindra - SEMILLAS RECUBIERTAS - productor de semillas - PremiumSeeds\",\"isPartOf\":{\"@id\":\"https:\/\/premiumseeds.eu\/es\/#website\"},\"datePublished\":\"2022-06-10T09:44:25+00:00\",\"dateModified\":\"2022-11-29T13:38:43+00:00\",\"description\":\"Remolacha Cylindra - SEMILLAS RECUBIERTAS semillas - directamente del productor de la marca Premium Seeds. Venta al por mayor y distribuci\u00f3n de semillas Remolacha Cylindra - SEMILLAS RECUBIERTAS\",\"breadcrumb\":{\"@id\":\"https:\/\/premiumseeds.eu\/es\/produkt\/remolacha-cylindra-semillas-recubiertas\/#breadcrumb\"},\"inLanguage\":\"es\",\"potentialAction\":[{\"@type\":\"ReadAction\",\"target\":[\"https:\/\/premiumseeds.eu\/es\/produkt\/remolacha-cylindra-semillas-recubiertas\/\"]}]},{\"@type\":\"BreadcrumbList\",\"@id\":\"https:\/\/premiumseeds.eu\/es\/produkt\/remolacha-cylindra-semillas-recubiertas\/#breadcrumb\",\"itemListElement\":[{\"@type\":\"ListItem\",\"position\":1,\"name\":\"Home\",\"item\":\"https:\/\/premiumseeds.eu\/es\/\"},{\"@type\":\"ListItem\",\"position\":2,\"name\":\"Semillas\",\"item\":\"https:\/\/premiumseeds.eu\/es\/semillas\/\"},{\"@type\":\"ListItem\",\"position\":3,\"name\":\"Remolacha Cylindra &#8211; SEMILLAS RECUBIERTAS\"}]},{\"@type\":\"WebSite\",\"@id\":\"https:\/\/premiumseeds.eu\/es\/#website\",\"url\":\"https:\/\/premiumseeds.eu\/es\/\",\"name\":\"PremiumSeeds\",\"description\":\"Top seeds producer\",\"potentialAction\":[{\"@type\":\"SearchAction\",\"target\":{\"@type\":\"EntryPoint\",\"urlTemplate\":\"https:\/\/premiumseeds.eu\/es\/?s={search_term_string}\"},\"query-input\":\"required name=search_term_string\"}],\"inLanguage\":\"es\"}]}<\/script>\n<!-- \/ Yoast SEO plugin. -->","yoast_head_json":{"title":"Remolacha Cylindra - SEMILLAS RECUBIERTAS - productor de semillas - PremiumSeeds","description":"Remolacha Cylindra - SEMILLAS RECUBIERTAS semillas - directamente del productor de la marca Premium Seeds. Venta al por mayor y distribuci\u00f3n de semillas Remolacha Cylindra - SEMILLAS RECUBIERTAS","robots":{"index":"index","follow":"follow","max-snippet":"max-snippet:-1","max-image-preview":"max-image-preview:large","max-video-preview":"max-video-preview:-1"},"canonical":"https:\/\/premiumseeds.eu\/es\/produkt\/remolacha-cylindra-semillas-recubiertas\/","og_locale":"es_ES","og_type":"article","og_title":"Remolacha Cylindra - SEMILLAS RECUBIERTAS - productor de semillas - PremiumSeeds","og_description":"Remolacha Cylindra - SEMILLAS RECUBIERTAS semillas - directamente del productor de la marca Premium Seeds. Venta al por mayor y distribuci\u00f3n de semillas Remolacha Cylindra - SEMILLAS RECUBIERTAS","og_url":"https:\/\/premiumseeds.eu\/es\/produkt\/remolacha-cylindra-semillas-recubiertas\/","og_site_name":"PremiumSeeds","article_modified_time":"2022-11-29T13:38:43+00:00","og_image":[{"width":945,"height":1770,"url":"https:\/\/premiumseeds.eu\/wp-content\/uploads\/2022\/06\/76_WORLD-N1701035_RGB_VS-2.jpg","type":"image\/jpeg"}],"twitter_card":"summary_large_image","schema":{"@context":"https:\/\/schema.org","@graph":[{"@type":"WebPage","@id":"https:\/\/premiumseeds.eu\/es\/produkt\/remolacha-cylindra-semillas-recubiertas\/","url":"https:\/\/premiumseeds.eu\/es\/produkt\/remolacha-cylindra-semillas-recubiertas\/","name":"Remolacha Cylindra - SEMILLAS RECUBIERTAS - productor de semillas - PremiumSeeds","isPartOf":{"@id":"https:\/\/premiumseeds.eu\/es\/#website"},"datePublished":"2022-06-10T09:44:25+00:00","dateModified":"2022-11-29T13:38:43+00:00","description":"Remolacha Cylindra - SEMILLAS RECUBIERTAS semillas - directamente del productor de la marca Premium Seeds. Venta al por mayor y distribuci\u00f3n de semillas Remolacha Cylindra - SEMILLAS RECUBIERTAS","breadcrumb":{"@id":"https:\/\/premiumseeds.eu\/es\/produkt\/remolacha-cylindra-semillas-recubiertas\/#breadcrumb"},"inLanguage":"es","potentialAction":[{"@type":"ReadAction","target":["https:\/\/premiumseeds.eu\/es\/produkt\/remolacha-cylindra-semillas-recubiertas\/"]}]},{"@type":"BreadcrumbList","@id":"https:\/\/premiumseeds.eu\/es\/produkt\/remolacha-cylindra-semillas-recubiertas\/#breadcrumb","itemListElement":[{"@type":"ListItem","position":1,"name":"Home","item":"https:\/\/premiumseeds.eu\/es\/"},{"@type":"ListItem","position":2,"name":"Semillas","item":"https:\/\/premiumseeds.eu\/es\/semillas\/"},{"@type":"ListItem","position":3,"name":"Remolacha Cylindra &#8211; SEMILLAS RECUBIERTAS"}]},{"@type":"WebSite","@id":"https:\/\/premiumseeds.eu\/es\/#website","url":"https:\/\/premiumseeds.eu\/es\/","name":"PremiumSeeds","description":"Top seeds producer","potentialAction":[{"@type":"SearchAction","target":{"@type":"EntryPoint","urlTemplate":"https:\/\/premiumseeds.eu\/es\/?s={search_term_string}"},"query-input":"required name=search_term_string"}],"inLanguage":"es"}]}},"_links":{"self":[{"href":"https:\/\/premiumseeds.eu\/es\/wp-json\/wp\/v2\/product\/24289","targetHints":{"allow":["GET"]}}],"collection":[{"href":"https:\/\/premiumseeds.eu\/es\/wp-json\/wp\/v2\/product"}],"about":[{"href":"https:\/\/premiumseeds.eu\/es\/wp-json\/wp\/v2\/types\/product"}],"wp:featuredmedia":[{"embeddable":true,"href":"https:\/\/premiumseeds.eu\/es\/wp-json\/wp\/v2\/media\/24309"}],"wp:attachment":[{"href":"https:\/\/premiumseeds.eu\/es\/wp-json\/wp\/v2\/media?parent=24289"}],"wp:term":[{"taxonomy":"product_cat","embeddable":true,"href":"https:\/\/premiumseeds.eu\/es\/wp-json\/wp\/v2\/product_cat?post=24289"},{"taxonomy":"product_tag","embeddable":true,"href":"https:\/\/premiumseeds.eu\/es\/wp-json\/wp\/v2\/product_tag?post=24289"}],"curies":[{"name":"wp","href":"https:\/\/api.w.org\/{rel}","templated":true}]}}