{"id":24542,"date":"2022-06-10T13:44:28","date_gmt":"2022-06-10T11:44:28","guid":{"rendered":"https:\/\/premiumseeds.eu\/?post_type=product&#038;p=24542"},"modified":"2023-07-07T12:30:19","modified_gmt":"2023-07-07T10:30:19","slug":"tomate-mascot-maskotka","status":"publish","type":"product","link":"https:\/\/premiumseeds.eu\/es\/produkt\/tomate-mascot-maskotka\/","title":{"rendered":"Tomate MASCOT &#8211; (,Maskotka&#8217;)"},"content":{"rendered":"","protected":false},"excerpt":{"rendered":"<p>Variedad baja, apta para cultivo en macetas. Planta de gu\u00eda con brotes r\u00edgidos, fuerte ramificaci\u00f3n. Fruto de c\u00f3ctel, peque\u00f1o de 2-4 cm de di\u00e1metro, rojo, muy sabroso. Para consumo directo fresco.<br \/>\n<\/b><br \/>\n<strong>Tomate MASCOT &#8211; (,Maskotka&#8217;) &#8211; semillas <\/strong><br \/>\n<\/b><br \/>\n<strong>Profundidad de siembra:<\/strong> 0,5 cm<br \/>\n<strong>\u00c9poca de siembra en invernaderos:<\/strong>  marzo \u2013 15 de abril<br \/>\n<strong>\u00c9poca de siembra de las pl\u00e1ntulas en el exterior:<\/strong> mayo<br \/>\n<strong>Espaciado: <\/strong> 40-50 x 30-40 cm<br \/>\n<strong>Cosecha:<\/strong> julio &#8211; septiembre<br \/>\n<\/b><br \/>\nUn paquete contiene 0,5 g de semillas.<\/p>\n","protected":false},"featured_media":59773,"template":"","meta":{"_monsterinsights_skip_tracking":false,"_monsterinsights_sitenote_active":false,"_monsterinsights_sitenote_note":"","_monsterinsights_sitenote_category":0},"product_cat":[1133,1076],"product_tag":[1415,4276],"class_list":["post-24542","product","type-product","status-publish","has-post-thumbnail","hentry","product_cat-semillas-de-tomate","product_cat-semillas-de-hortalizas","product_tag-tomate-mascot-semillas","product_tag-tomate-maskotka-semillas"],"yoast_head":"<!-- This site is optimized with the Yoast SEO plugin v21.6 - https:\/\/yoast.com\/wordpress\/plugins\/seo\/ -->\n<title>Tomate MASCOT - (,Maskotka&#039;) - productor de semillas - PremiumSeeds<\/title>\n<meta name=\"description\" content=\"Tomate MASCOT - (,Maskotka&#039;) semillas - directamente del productor de la marca Premium Seeds. Venta al por mayor y distribuci\u00f3n de semillas Tomate MASCOT - (,Maskotka&#039;)\" \/>\n<meta name=\"robots\" content=\"index, follow, max-snippet:-1, max-image-preview:large, max-video-preview:-1\" \/>\n<link rel=\"canonical\" href=\"https:\/\/premiumseeds.eu\/es\/produkt\/tomate-mascot-maskotka\/\" \/>\n<meta property=\"og:locale\" content=\"es_ES\" \/>\n<meta property=\"og:type\" content=\"article\" \/>\n<meta property=\"og:title\" content=\"Tomate MASCOT - (,Maskotka&#039;) - productor de semillas - PremiumSeeds\" \/>\n<meta property=\"og:description\" content=\"Tomate MASCOT - (,Maskotka&#039;) semillas - directamente del productor de la marca Premium Seeds. Venta al por mayor y distribuci\u00f3n de semillas Tomate MASCOT - (,Maskotka&#039;)\" \/>\n<meta property=\"og:url\" content=\"https:\/\/premiumseeds.eu\/es\/produkt\/tomate-mascot-maskotka\/\" \/>\n<meta property=\"og:site_name\" content=\"PremiumSeeds\" \/>\n<meta property=\"article:modified_time\" content=\"2023-07-07T10:30:19+00:00\" \/>\n<meta property=\"og:image\" content=\"https:\/\/premiumseeds.eu\/wp-content\/uploads\/2022\/06\/WORLD-N-170-0594_VS-3.jpg?v=1688725780\" \/>\n\t<meta property=\"og:image:width\" content=\"945\" \/>\n\t<meta property=\"og:image:height\" content=\"1772\" \/>\n\t<meta property=\"og:image:type\" content=\"image\/jpeg\" \/>\n<meta name=\"twitter:card\" content=\"summary_large_image\" \/>\n<script type=\"application\/ld+json\" class=\"yoast-schema-graph\">{\"@context\":\"https:\/\/schema.org\",\"@graph\":[{\"@type\":\"WebPage\",\"@id\":\"https:\/\/premiumseeds.eu\/es\/produkt\/tomate-mascot-maskotka\/\",\"url\":\"https:\/\/premiumseeds.eu\/es\/produkt\/tomate-mascot-maskotka\/\",\"name\":\"Tomate MASCOT - (,Maskotka') - productor de semillas - PremiumSeeds\",\"isPartOf\":{\"@id\":\"https:\/\/premiumseeds.eu\/es\/#website\"},\"datePublished\":\"2022-06-10T11:44:28+00:00\",\"dateModified\":\"2023-07-07T10:30:19+00:00\",\"description\":\"Tomate MASCOT - (,Maskotka') semillas - directamente del productor de la marca Premium Seeds. Venta al por mayor y distribuci\u00f3n de semillas Tomate MASCOT - (,Maskotka')\",\"breadcrumb\":{\"@id\":\"https:\/\/premiumseeds.eu\/es\/produkt\/tomate-mascot-maskotka\/#breadcrumb\"},\"inLanguage\":\"es\",\"potentialAction\":[{\"@type\":\"ReadAction\",\"target\":[\"https:\/\/premiumseeds.eu\/es\/produkt\/tomate-mascot-maskotka\/\"]}]},{\"@type\":\"BreadcrumbList\",\"@id\":\"https:\/\/premiumseeds.eu\/es\/produkt\/tomate-mascot-maskotka\/#breadcrumb\",\"itemListElement\":[{\"@type\":\"ListItem\",\"position\":1,\"name\":\"Home\",\"item\":\"https:\/\/premiumseeds.eu\/es\/\"},{\"@type\":\"ListItem\",\"position\":2,\"name\":\"Semillas\",\"item\":\"https:\/\/premiumseeds.eu\/es\/semillas\/\"},{\"@type\":\"ListItem\",\"position\":3,\"name\":\"Tomate MASCOT &#8211; (,Maskotka&#8217;)\"}]},{\"@type\":\"WebSite\",\"@id\":\"https:\/\/premiumseeds.eu\/es\/#website\",\"url\":\"https:\/\/premiumseeds.eu\/es\/\",\"name\":\"PremiumSeeds\",\"description\":\"Top seeds producer\",\"potentialAction\":[{\"@type\":\"SearchAction\",\"target\":{\"@type\":\"EntryPoint\",\"urlTemplate\":\"https:\/\/premiumseeds.eu\/es\/?s={search_term_string}\"},\"query-input\":\"required name=search_term_string\"}],\"inLanguage\":\"es\"}]}<\/script>\n<!-- \/ Yoast SEO plugin. -->","yoast_head_json":{"title":"Tomate MASCOT - (,Maskotka') - productor de semillas - PremiumSeeds","description":"Tomate MASCOT - (,Maskotka') semillas - directamente del productor de la marca Premium Seeds. Venta al por mayor y distribuci\u00f3n de semillas Tomate MASCOT - (,Maskotka')","robots":{"index":"index","follow":"follow","max-snippet":"max-snippet:-1","max-image-preview":"max-image-preview:large","max-video-preview":"max-video-preview:-1"},"canonical":"https:\/\/premiumseeds.eu\/es\/produkt\/tomate-mascot-maskotka\/","og_locale":"es_ES","og_type":"article","og_title":"Tomate MASCOT - (,Maskotka') - productor de semillas - PremiumSeeds","og_description":"Tomate MASCOT - (,Maskotka') semillas - directamente del productor de la marca Premium Seeds. Venta al por mayor y distribuci\u00f3n de semillas Tomate MASCOT - (,Maskotka')","og_url":"https:\/\/premiumseeds.eu\/es\/produkt\/tomate-mascot-maskotka\/","og_site_name":"PremiumSeeds","article_modified_time":"2023-07-07T10:30:19+00:00","og_image":[{"width":945,"height":1772,"url":"https:\/\/premiumseeds.eu\/wp-content\/uploads\/2022\/06\/WORLD-N-170-0594_VS-3.jpg?v=1688725780","type":"image\/jpeg"}],"twitter_card":"summary_large_image","schema":{"@context":"https:\/\/schema.org","@graph":[{"@type":"WebPage","@id":"https:\/\/premiumseeds.eu\/es\/produkt\/tomate-mascot-maskotka\/","url":"https:\/\/premiumseeds.eu\/es\/produkt\/tomate-mascot-maskotka\/","name":"Tomate MASCOT - (,Maskotka') - productor de semillas - PremiumSeeds","isPartOf":{"@id":"https:\/\/premiumseeds.eu\/es\/#website"},"datePublished":"2022-06-10T11:44:28+00:00","dateModified":"2023-07-07T10:30:19+00:00","description":"Tomate MASCOT - (,Maskotka') semillas - directamente del productor de la marca Premium Seeds. Venta al por mayor y distribuci\u00f3n de semillas Tomate MASCOT - (,Maskotka')","breadcrumb":{"@id":"https:\/\/premiumseeds.eu\/es\/produkt\/tomate-mascot-maskotka\/#breadcrumb"},"inLanguage":"es","potentialAction":[{"@type":"ReadAction","target":["https:\/\/premiumseeds.eu\/es\/produkt\/tomate-mascot-maskotka\/"]}]},{"@type":"BreadcrumbList","@id":"https:\/\/premiumseeds.eu\/es\/produkt\/tomate-mascot-maskotka\/#breadcrumb","itemListElement":[{"@type":"ListItem","position":1,"name":"Home","item":"https:\/\/premiumseeds.eu\/es\/"},{"@type":"ListItem","position":2,"name":"Semillas","item":"https:\/\/premiumseeds.eu\/es\/semillas\/"},{"@type":"ListItem","position":3,"name":"Tomate MASCOT &#8211; (,Maskotka&#8217;)"}]},{"@type":"WebSite","@id":"https:\/\/premiumseeds.eu\/es\/#website","url":"https:\/\/premiumseeds.eu\/es\/","name":"PremiumSeeds","description":"Top seeds producer","potentialAction":[{"@type":"SearchAction","target":{"@type":"EntryPoint","urlTemplate":"https:\/\/premiumseeds.eu\/es\/?s={search_term_string}"},"query-input":"required name=search_term_string"}],"inLanguage":"es"}]}},"_links":{"self":[{"href":"https:\/\/premiumseeds.eu\/es\/wp-json\/wp\/v2\/product\/24542","targetHints":{"allow":["GET"]}}],"collection":[{"href":"https:\/\/premiumseeds.eu\/es\/wp-json\/wp\/v2\/product"}],"about":[{"href":"https:\/\/premiumseeds.eu\/es\/wp-json\/wp\/v2\/types\/product"}],"wp:featuredmedia":[{"embeddable":true,"href":"https:\/\/premiumseeds.eu\/es\/wp-json\/wp\/v2\/media\/59773"}],"wp:attachment":[{"href":"https:\/\/premiumseeds.eu\/es\/wp-json\/wp\/v2\/media?parent=24542"}],"wp:term":[{"taxonomy":"product_cat","embeddable":true,"href":"https:\/\/premiumseeds.eu\/es\/wp-json\/wp\/v2\/product_cat?post=24542"},{"taxonomy":"product_tag","embeddable":true,"href":"https:\/\/premiumseeds.eu\/es\/wp-json\/wp\/v2\/product_tag?post=24542"}],"curies":[{"name":"wp","href":"https:\/\/api.w.org\/{rel}","templated":true}]}}