{"id":25734,"date":"2022-06-14T14:04:22","date_gmt":"2022-06-14T12:04:22","guid":{"rendered":"https:\/\/premiumseeds.eu\/?post_type=product&#038;p=25734"},"modified":"2022-11-29T15:24:22","modified_gmt":"2022-11-29T14:24:22","slug":"lavandula-hidcote-blue","status":"publish","type":"product","link":"https:\/\/premiumseeds.eu\/es\/produkt\/lavandula-hidcote-blue\/","title":{"rendered":"Lav\u00e1ndula Hidcote Blue"},"content":{"rendered":"","protected":false},"excerpt":{"rendered":"<p>Planta perenne, de unos 50 cm. Hojas estrechas, perennes. Flores recogidas en inflorescencias en forma de espiga, color p\u00farpura. Variedad intensamente fragante. Apta para macizos, bordeados y plantaci\u00f3n en maceta.<br \/>\n<\/b><br \/>\n<strong>Lav\u00e1ndula Hidcote Blue  &#8211; semillas<\/strong><br \/>\n<\/b><br \/>\n<strong>Profundidad de siembra:<\/strong> 0,5 cm<br \/>\n<strong>\u00c9poca de siembra en invernaderos:<\/strong> marzo &#8211; abril<br \/>\n<strong>\u00c9poca de siembra en el exterior:<\/strong> septiembre &#8211; octubre<br \/>\n<strong>\u00c9poca de siembra de las pl\u00e1ntulas en el exterior:<\/strong> julio &#8211; septiembre<br \/>\n<strong>Espaciado: <\/strong> 40 x 60 cm<br \/>\n<strong>\u00c9poca  de floraci\u00f3n:<\/strong> junio &#8211; octubre<br \/>\n<\/b><br \/>\nUn paquete contiene  0,3 g de semillas.<\/p>\n","protected":false},"featured_media":25735,"template":"","meta":{"_monsterinsights_skip_tracking":false,"_monsterinsights_sitenote_active":false,"_monsterinsights_sitenote_note":"","_monsterinsights_sitenote_category":0},"product_cat":[1178,1250,1247,1051,1052,1057],"product_tag":[1544],"class_list":["post-25734","product","type-product","status-publish","has-post-thumbnail","hentry","product_cat-semillas-de-flores-para-jardin","product_cat-semillas-de-flores-para-macetas","product_cat-semillas-de-plantas-meliferas","product_cat-semillas-de-flores-para-balcones","product_cat-semillas-de-hierbas-aromaticas","product_cat-semillas-de-lavanda","product_tag-lavandula-hidcote-blue-semillas"],"yoast_head":"<!-- This site is optimized with the Yoast SEO plugin v21.6 - https:\/\/yoast.com\/wordpress\/plugins\/seo\/ -->\n<title>Lav\u00e1ndula Hidcote Blue - productor de semillas - PremiumSeeds<\/title>\n<meta name=\"description\" content=\"Lav\u00e1ndula Hidcote Blue semillas - directamente del productor de la marca Premium Seeds. Venta al por mayor y distribuci\u00f3n de semillas Lav\u00e1ndula Hidcote Blue\" \/>\n<meta name=\"robots\" content=\"index, follow, max-snippet:-1, max-image-preview:large, max-video-preview:-1\" \/>\n<link rel=\"canonical\" href=\"https:\/\/premiumseeds.eu\/es\/produkt\/lavandula-hidcote-blue\/\" \/>\n<meta property=\"og:locale\" content=\"es_ES\" \/>\n<meta property=\"og:type\" content=\"article\" \/>\n<meta property=\"og:title\" content=\"Lav\u00e1ndula Hidcote Blue - productor de semillas - PremiumSeeds\" \/>\n<meta property=\"og:description\" content=\"Lav\u00e1ndula Hidcote Blue semillas - directamente del productor de la marca Premium Seeds. Venta al por mayor y distribuci\u00f3n de semillas Lav\u00e1ndula Hidcote Blue\" \/>\n<meta property=\"og:url\" content=\"https:\/\/premiumseeds.eu\/es\/produkt\/lavandula-hidcote-blue\/\" \/>\n<meta property=\"og:site_name\" content=\"PremiumSeeds\" \/>\n<meta property=\"article:modified_time\" content=\"2022-11-29T14:24:22+00:00\" \/>\n<meta property=\"og:image\" content=\"https:\/\/premiumseeds.eu\/wp-content\/uploads\/2022\/06\/120_WORLD-N0902040_RGB_VS-1.jpg\" \/>\n\t<meta property=\"og:image:width\" content=\"945\" \/>\n\t<meta property=\"og:image:height\" content=\"1770\" \/>\n\t<meta property=\"og:image:type\" content=\"image\/jpeg\" \/>\n<meta name=\"twitter:card\" content=\"summary_large_image\" \/>\n<script type=\"application\/ld+json\" class=\"yoast-schema-graph\">{\"@context\":\"https:\/\/schema.org\",\"@graph\":[{\"@type\":\"WebPage\",\"@id\":\"https:\/\/premiumseeds.eu\/es\/produkt\/lavandula-hidcote-blue\/\",\"url\":\"https:\/\/premiumseeds.eu\/es\/produkt\/lavandula-hidcote-blue\/\",\"name\":\"Lav\u00e1ndula Hidcote Blue - productor de semillas - PremiumSeeds\",\"isPartOf\":{\"@id\":\"https:\/\/premiumseeds.eu\/es\/#website\"},\"datePublished\":\"2022-06-14T12:04:22+00:00\",\"dateModified\":\"2022-11-29T14:24:22+00:00\",\"description\":\"Lav\u00e1ndula Hidcote Blue semillas - directamente del productor de la marca Premium Seeds. Venta al por mayor y distribuci\u00f3n de semillas Lav\u00e1ndula Hidcote Blue\",\"breadcrumb\":{\"@id\":\"https:\/\/premiumseeds.eu\/es\/produkt\/lavandula-hidcote-blue\/#breadcrumb\"},\"inLanguage\":\"es\",\"potentialAction\":[{\"@type\":\"ReadAction\",\"target\":[\"https:\/\/premiumseeds.eu\/es\/produkt\/lavandula-hidcote-blue\/\"]}]},{\"@type\":\"BreadcrumbList\",\"@id\":\"https:\/\/premiumseeds.eu\/es\/produkt\/lavandula-hidcote-blue\/#breadcrumb\",\"itemListElement\":[{\"@type\":\"ListItem\",\"position\":1,\"name\":\"Home\",\"item\":\"https:\/\/premiumseeds.eu\/es\/\"},{\"@type\":\"ListItem\",\"position\":2,\"name\":\"Semillas\",\"item\":\"https:\/\/premiumseeds.eu\/es\/semillas\/\"},{\"@type\":\"ListItem\",\"position\":3,\"name\":\"Lav\u00e1ndula Hidcote Blue\"}]},{\"@type\":\"WebSite\",\"@id\":\"https:\/\/premiumseeds.eu\/es\/#website\",\"url\":\"https:\/\/premiumseeds.eu\/es\/\",\"name\":\"PremiumSeeds\",\"description\":\"Top seeds producer\",\"potentialAction\":[{\"@type\":\"SearchAction\",\"target\":{\"@type\":\"EntryPoint\",\"urlTemplate\":\"https:\/\/premiumseeds.eu\/es\/?s={search_term_string}\"},\"query-input\":\"required name=search_term_string\"}],\"inLanguage\":\"es\"}]}<\/script>\n<!-- \/ Yoast SEO plugin. -->","yoast_head_json":{"title":"Lav\u00e1ndula Hidcote Blue - productor de semillas - PremiumSeeds","description":"Lav\u00e1ndula Hidcote Blue semillas - directamente del productor de la marca Premium Seeds. Venta al por mayor y distribuci\u00f3n de semillas Lav\u00e1ndula Hidcote Blue","robots":{"index":"index","follow":"follow","max-snippet":"max-snippet:-1","max-image-preview":"max-image-preview:large","max-video-preview":"max-video-preview:-1"},"canonical":"https:\/\/premiumseeds.eu\/es\/produkt\/lavandula-hidcote-blue\/","og_locale":"es_ES","og_type":"article","og_title":"Lav\u00e1ndula Hidcote Blue - productor de semillas - PremiumSeeds","og_description":"Lav\u00e1ndula Hidcote Blue semillas - directamente del productor de la marca Premium Seeds. Venta al por mayor y distribuci\u00f3n de semillas Lav\u00e1ndula Hidcote Blue","og_url":"https:\/\/premiumseeds.eu\/es\/produkt\/lavandula-hidcote-blue\/","og_site_name":"PremiumSeeds","article_modified_time":"2022-11-29T14:24:22+00:00","og_image":[{"width":945,"height":1770,"url":"https:\/\/premiumseeds.eu\/wp-content\/uploads\/2022\/06\/120_WORLD-N0902040_RGB_VS-1.jpg","type":"image\/jpeg"}],"twitter_card":"summary_large_image","schema":{"@context":"https:\/\/schema.org","@graph":[{"@type":"WebPage","@id":"https:\/\/premiumseeds.eu\/es\/produkt\/lavandula-hidcote-blue\/","url":"https:\/\/premiumseeds.eu\/es\/produkt\/lavandula-hidcote-blue\/","name":"Lav\u00e1ndula Hidcote Blue - productor de semillas - PremiumSeeds","isPartOf":{"@id":"https:\/\/premiumseeds.eu\/es\/#website"},"datePublished":"2022-06-14T12:04:22+00:00","dateModified":"2022-11-29T14:24:22+00:00","description":"Lav\u00e1ndula Hidcote Blue semillas - directamente del productor de la marca Premium Seeds. Venta al por mayor y distribuci\u00f3n de semillas Lav\u00e1ndula Hidcote Blue","breadcrumb":{"@id":"https:\/\/premiumseeds.eu\/es\/produkt\/lavandula-hidcote-blue\/#breadcrumb"},"inLanguage":"es","potentialAction":[{"@type":"ReadAction","target":["https:\/\/premiumseeds.eu\/es\/produkt\/lavandula-hidcote-blue\/"]}]},{"@type":"BreadcrumbList","@id":"https:\/\/premiumseeds.eu\/es\/produkt\/lavandula-hidcote-blue\/#breadcrumb","itemListElement":[{"@type":"ListItem","position":1,"name":"Home","item":"https:\/\/premiumseeds.eu\/es\/"},{"@type":"ListItem","position":2,"name":"Semillas","item":"https:\/\/premiumseeds.eu\/es\/semillas\/"},{"@type":"ListItem","position":3,"name":"Lav\u00e1ndula Hidcote Blue"}]},{"@type":"WebSite","@id":"https:\/\/premiumseeds.eu\/es\/#website","url":"https:\/\/premiumseeds.eu\/es\/","name":"PremiumSeeds","description":"Top seeds producer","potentialAction":[{"@type":"SearchAction","target":{"@type":"EntryPoint","urlTemplate":"https:\/\/premiumseeds.eu\/es\/?s={search_term_string}"},"query-input":"required name=search_term_string"}],"inLanguage":"es"}]}},"_links":{"self":[{"href":"https:\/\/premiumseeds.eu\/es\/wp-json\/wp\/v2\/product\/25734","targetHints":{"allow":["GET"]}}],"collection":[{"href":"https:\/\/premiumseeds.eu\/es\/wp-json\/wp\/v2\/product"}],"about":[{"href":"https:\/\/premiumseeds.eu\/es\/wp-json\/wp\/v2\/types\/product"}],"wp:featuredmedia":[{"embeddable":true,"href":"https:\/\/premiumseeds.eu\/es\/wp-json\/wp\/v2\/media\/25735"}],"wp:attachment":[{"href":"https:\/\/premiumseeds.eu\/es\/wp-json\/wp\/v2\/media?parent=25734"}],"wp:term":[{"taxonomy":"product_cat","embeddable":true,"href":"https:\/\/premiumseeds.eu\/es\/wp-json\/wp\/v2\/product_cat?post=25734"},{"taxonomy":"product_tag","embeddable":true,"href":"https:\/\/premiumseeds.eu\/es\/wp-json\/wp\/v2\/product_tag?post=25734"}],"curies":[{"name":"wp","href":"https:\/\/api.w.org\/{rel}","templated":true}]}}