{"id":26035,"date":"2022-06-14T15:07:25","date_gmt":"2022-06-14T13:07:25","guid":{"rendered":"https:\/\/premiumseeds.eu\/?post_type=product&#038;p=26035"},"modified":"2022-11-29T13:53:39","modified_gmt":"2022-11-29T12:53:39","slug":"clavelon-de-la-india-crema","status":"publish","type":"product","link":"https:\/\/premiumseeds.eu\/es\/produkt\/clavelon-de-la-india-crema\/","title":{"rendered":"Clavel\u00f3n de la India &#8211; Crema"},"content":{"rendered":"","protected":false},"excerpt":{"rendered":"<p>Planta anual, crece unos 35 cent\u00edmetros de altura. Florece larga y abundantemente. Grandes flores esf\u00e9ricas de color crema a blanco. Para bordes y parterres, y macetas.<br \/>\n<\/b><br \/>\n<strong>Clavel\u00f3n de la India &#8211; Crema &#8211; semillas<\/strong><br \/>\n<\/b><br \/>\n<strong>Profundidad de siembra:<\/strong> 0,5 cm<br \/>\n<strong>\u00c9poca de siembra en invernaderos:<\/strong> abril<br \/>\n<strong>\u00c9poca de siembra en el exterior:<\/strong> mayo<br \/>\n<strong>\u00c9poca de siembra de las pl\u00e1ntulas en el exterior:<\/strong> mayo<br \/>\n<strong>Espaciado: <\/strong> 40 x 40 cm<br \/>\n<strong>\u00c9poca  de floraci\u00f3n:<\/strong>  junio \u2013 octubre<br \/>\n<\/b><br \/>\nUn paquete contiene 1 gramo de semillas.<\/p>\n","protected":false},"featured_media":26060,"template":"","meta":{"_monsterinsights_skip_tracking":false,"_monsterinsights_sitenote_active":false,"_monsterinsights_sitenote_note":"","_monsterinsights_sitenote_category":0},"product_cat":[1178,1592],"product_tag":[1590],"class_list":["post-26035","product","type-product","status-publish","has-post-thumbnail","hentry","product_cat-semillas-de-flores-para-jardin","product_cat-semillas-de-tagetes","product_tag-clavelon-de-la-india-crema-semillas"],"yoast_head":"<!-- This site is optimized with the Yoast SEO plugin v21.6 - https:\/\/yoast.com\/wordpress\/plugins\/seo\/ -->\n<title>Clavel\u00f3n de la India - Crema - productor de semillas - PremiumSeeds<\/title>\n<meta name=\"description\" content=\"Clavel\u00f3n de la India - Crema semillas - directamente del productor de la marca Premium Seeds. Venta al por mayor y distribuci\u00f3n de semillas Clavel\u00f3n de la India - Crema\" \/>\n<meta name=\"robots\" content=\"index, follow, max-snippet:-1, max-image-preview:large, max-video-preview:-1\" \/>\n<link rel=\"canonical\" href=\"https:\/\/premiumseeds.eu\/es\/produkt\/clavelon-de-la-india-crema\/\" \/>\n<meta property=\"og:locale\" content=\"es_ES\" \/>\n<meta property=\"og:type\" content=\"article\" \/>\n<meta property=\"og:title\" content=\"Clavel\u00f3n de la India - Crema - productor de semillas - PremiumSeeds\" \/>\n<meta property=\"og:description\" content=\"Clavel\u00f3n de la India - Crema semillas - directamente del productor de la marca Premium Seeds. Venta al por mayor y distribuci\u00f3n de semillas Clavel\u00f3n de la India - Crema\" \/>\n<meta property=\"og:url\" content=\"https:\/\/premiumseeds.eu\/es\/produkt\/clavelon-de-la-india-crema\/\" \/>\n<meta property=\"og:site_name\" content=\"PremiumSeeds\" \/>\n<meta property=\"article:modified_time\" content=\"2022-11-29T12:53:39+00:00\" \/>\n<meta property=\"og:image\" content=\"https:\/\/premiumseeds.eu\/wp-content\/uploads\/2022\/06\/WORLD-14006529PA_RGB_VS-1.jpg\" \/>\n\t<meta property=\"og:image:width\" content=\"945\" \/>\n\t<meta property=\"og:image:height\" content=\"1770\" \/>\n\t<meta property=\"og:image:type\" content=\"image\/jpeg\" \/>\n<meta name=\"twitter:card\" content=\"summary_large_image\" \/>\n<script type=\"application\/ld+json\" class=\"yoast-schema-graph\">{\"@context\":\"https:\/\/schema.org\",\"@graph\":[{\"@type\":\"WebPage\",\"@id\":\"https:\/\/premiumseeds.eu\/es\/produkt\/clavelon-de-la-india-crema\/\",\"url\":\"https:\/\/premiumseeds.eu\/es\/produkt\/clavelon-de-la-india-crema\/\",\"name\":\"Clavel\u00f3n de la India - Crema - productor de semillas - PremiumSeeds\",\"isPartOf\":{\"@id\":\"https:\/\/premiumseeds.eu\/es\/#website\"},\"datePublished\":\"2022-06-14T13:07:25+00:00\",\"dateModified\":\"2022-11-29T12:53:39+00:00\",\"description\":\"Clavel\u00f3n de la India - Crema semillas - directamente del productor de la marca Premium Seeds. Venta al por mayor y distribuci\u00f3n de semillas Clavel\u00f3n de la India - Crema\",\"breadcrumb\":{\"@id\":\"https:\/\/premiumseeds.eu\/es\/produkt\/clavelon-de-la-india-crema\/#breadcrumb\"},\"inLanguage\":\"es\",\"potentialAction\":[{\"@type\":\"ReadAction\",\"target\":[\"https:\/\/premiumseeds.eu\/es\/produkt\/clavelon-de-la-india-crema\/\"]}]},{\"@type\":\"BreadcrumbList\",\"@id\":\"https:\/\/premiumseeds.eu\/es\/produkt\/clavelon-de-la-india-crema\/#breadcrumb\",\"itemListElement\":[{\"@type\":\"ListItem\",\"position\":1,\"name\":\"Home\",\"item\":\"https:\/\/premiumseeds.eu\/es\/\"},{\"@type\":\"ListItem\",\"position\":2,\"name\":\"Semillas\",\"item\":\"https:\/\/premiumseeds.eu\/es\/semillas\/\"},{\"@type\":\"ListItem\",\"position\":3,\"name\":\"Clavel\u00f3n de la India &#8211; Crema\"}]},{\"@type\":\"WebSite\",\"@id\":\"https:\/\/premiumseeds.eu\/es\/#website\",\"url\":\"https:\/\/premiumseeds.eu\/es\/\",\"name\":\"PremiumSeeds\",\"description\":\"Top seeds producer\",\"potentialAction\":[{\"@type\":\"SearchAction\",\"target\":{\"@type\":\"EntryPoint\",\"urlTemplate\":\"https:\/\/premiumseeds.eu\/es\/?s={search_term_string}\"},\"query-input\":\"required name=search_term_string\"}],\"inLanguage\":\"es\"}]}<\/script>\n<!-- \/ Yoast SEO plugin. -->","yoast_head_json":{"title":"Clavel\u00f3n de la India - Crema - productor de semillas - PremiumSeeds","description":"Clavel\u00f3n de la India - Crema semillas - directamente del productor de la marca Premium Seeds. Venta al por mayor y distribuci\u00f3n de semillas Clavel\u00f3n de la India - Crema","robots":{"index":"index","follow":"follow","max-snippet":"max-snippet:-1","max-image-preview":"max-image-preview:large","max-video-preview":"max-video-preview:-1"},"canonical":"https:\/\/premiumseeds.eu\/es\/produkt\/clavelon-de-la-india-crema\/","og_locale":"es_ES","og_type":"article","og_title":"Clavel\u00f3n de la India - Crema - productor de semillas - PremiumSeeds","og_description":"Clavel\u00f3n de la India - Crema semillas - directamente del productor de la marca Premium Seeds. Venta al por mayor y distribuci\u00f3n de semillas Clavel\u00f3n de la India - Crema","og_url":"https:\/\/premiumseeds.eu\/es\/produkt\/clavelon-de-la-india-crema\/","og_site_name":"PremiumSeeds","article_modified_time":"2022-11-29T12:53:39+00:00","og_image":[{"width":945,"height":1770,"url":"https:\/\/premiumseeds.eu\/wp-content\/uploads\/2022\/06\/WORLD-14006529PA_RGB_VS-1.jpg","type":"image\/jpeg"}],"twitter_card":"summary_large_image","schema":{"@context":"https:\/\/schema.org","@graph":[{"@type":"WebPage","@id":"https:\/\/premiumseeds.eu\/es\/produkt\/clavelon-de-la-india-crema\/","url":"https:\/\/premiumseeds.eu\/es\/produkt\/clavelon-de-la-india-crema\/","name":"Clavel\u00f3n de la India - Crema - productor de semillas - PremiumSeeds","isPartOf":{"@id":"https:\/\/premiumseeds.eu\/es\/#website"},"datePublished":"2022-06-14T13:07:25+00:00","dateModified":"2022-11-29T12:53:39+00:00","description":"Clavel\u00f3n de la India - Crema semillas - directamente del productor de la marca Premium Seeds. Venta al por mayor y distribuci\u00f3n de semillas Clavel\u00f3n de la India - Crema","breadcrumb":{"@id":"https:\/\/premiumseeds.eu\/es\/produkt\/clavelon-de-la-india-crema\/#breadcrumb"},"inLanguage":"es","potentialAction":[{"@type":"ReadAction","target":["https:\/\/premiumseeds.eu\/es\/produkt\/clavelon-de-la-india-crema\/"]}]},{"@type":"BreadcrumbList","@id":"https:\/\/premiumseeds.eu\/es\/produkt\/clavelon-de-la-india-crema\/#breadcrumb","itemListElement":[{"@type":"ListItem","position":1,"name":"Home","item":"https:\/\/premiumseeds.eu\/es\/"},{"@type":"ListItem","position":2,"name":"Semillas","item":"https:\/\/premiumseeds.eu\/es\/semillas\/"},{"@type":"ListItem","position":3,"name":"Clavel\u00f3n de la India &#8211; Crema"}]},{"@type":"WebSite","@id":"https:\/\/premiumseeds.eu\/es\/#website","url":"https:\/\/premiumseeds.eu\/es\/","name":"PremiumSeeds","description":"Top seeds producer","potentialAction":[{"@type":"SearchAction","target":{"@type":"EntryPoint","urlTemplate":"https:\/\/premiumseeds.eu\/es\/?s={search_term_string}"},"query-input":"required name=search_term_string"}],"inLanguage":"es"}]}},"_links":{"self":[{"href":"https:\/\/premiumseeds.eu\/es\/wp-json\/wp\/v2\/product\/26035","targetHints":{"allow":["GET"]}}],"collection":[{"href":"https:\/\/premiumseeds.eu\/es\/wp-json\/wp\/v2\/product"}],"about":[{"href":"https:\/\/premiumseeds.eu\/es\/wp-json\/wp\/v2\/types\/product"}],"wp:featuredmedia":[{"embeddable":true,"href":"https:\/\/premiumseeds.eu\/es\/wp-json\/wp\/v2\/media\/26060"}],"wp:attachment":[{"href":"https:\/\/premiumseeds.eu\/es\/wp-json\/wp\/v2\/media?parent=26035"}],"wp:term":[{"taxonomy":"product_cat","embeddable":true,"href":"https:\/\/premiumseeds.eu\/es\/wp-json\/wp\/v2\/product_cat?post=26035"},{"taxonomy":"product_tag","embeddable":true,"href":"https:\/\/premiumseeds.eu\/es\/wp-json\/wp\/v2\/product_tag?post=26035"}],"curies":[{"name":"wp","href":"https:\/\/api.w.org\/{rel}","templated":true}]}}