{"id":26160,"date":"2022-06-14T15:21:39","date_gmt":"2022-06-14T13:21:39","guid":{"rendered":"https:\/\/premiumseeds.eu\/?post_type=product&#038;p=26160"},"modified":"2022-11-29T13:52:15","modified_gmt":"2022-11-29T12:52:15","slug":"cebolla-wolska-semillas-recubiertas","status":"publish","type":"product","link":"https:\/\/premiumseeds.eu\/es\/produkt\/cebolla-wolska-semillas-recubiertas\/","title":{"rendered":"Cebolla Wolska &#8211; SEMILLAS RECUBIERTAS"},"content":{"rendered":"","protected":false},"excerpt":{"rendered":"<p>Una variedad tard\u00eda y productiva. Extremadamente resistente; se puede almacenar durante el invierno. Cebollas grandes y esf\u00e9ricas cubiertas de escamas amarillas. Carne blanca, jugosa y de sabor intenso. Para consumir despu\u00e9s de la cosecha; se puede almacenar a largo plazo. Semillas recubiertas. Composici\u00f3n del recubrimiento: turba, dolomita, arcilla.<br \/>\n<\/b><br \/>\n<strong>Cebolla Wolska &#8211; SEMILLAS RECUBIERTAS<\/strong><br \/>\n<\/b><br \/>\n<strong>Profundidad de siembra:<\/strong> 1-2 cm<br \/>\n<strong>\u00c9poca de siembra en invernaderos:<\/strong> 15 de marzo &#8211; abril<br \/>\n<strong>Espaciado: <\/strong> 30-40 x 5-6 cm<br \/>\n<strong><strong>Cosecha:<\/strong>  julio \u2013 septiembre<br \/>\n<\/b><br \/>\nUn paquete contiene 200 semillas.<\/p>\n","protected":false},"featured_media":26161,"template":"","meta":{"_monsterinsights_skip_tracking":false,"_monsterinsights_sitenote_active":false,"_monsterinsights_sitenote_note":"","_monsterinsights_sitenote_category":0},"product_cat":[1120,1076,1097],"product_tag":[1599],"class_list":["post-26160","product","type-product","status-publish","has-post-thumbnail","hentry","product_cat-semillas-de-cebolla","product_cat-semillas-de-hortalizas","product_cat-semillas-recubiertas","product_tag-cebolla-wolska-semillas-recubiertas"],"yoast_head":"<!-- This site is optimized with the Yoast SEO plugin v21.6 - https:\/\/yoast.com\/wordpress\/plugins\/seo\/ -->\n<title>Cebolla Wolska - SEMILLAS RECUBIERTAS - productor de semillas - PremiumSeeds<\/title>\n<meta name=\"description\" content=\"Cebolla Wolska - SEMILLAS RECUBIERTAS semillas - directamente del productor de la marca Premium Seeds. Venta al por mayor y distribuci\u00f3n de semillas Cebolla Wolska - SEMILLAS RECUBIERTAS\" \/>\n<meta name=\"robots\" content=\"index, follow, max-snippet:-1, max-image-preview:large, max-video-preview:-1\" \/>\n<link rel=\"canonical\" href=\"https:\/\/premiumseeds.eu\/es\/produkt\/cebolla-wolska-semillas-recubiertas\/\" \/>\n<meta property=\"og:locale\" content=\"es_ES\" \/>\n<meta property=\"og:type\" content=\"article\" \/>\n<meta property=\"og:title\" content=\"Cebolla Wolska - SEMILLAS RECUBIERTAS - productor de semillas - PremiumSeeds\" \/>\n<meta property=\"og:description\" content=\"Cebolla Wolska - SEMILLAS RECUBIERTAS semillas - directamente del productor de la marca Premium Seeds. Venta al por mayor y distribuci\u00f3n de semillas Cebolla Wolska - SEMILLAS RECUBIERTAS\" \/>\n<meta property=\"og:url\" content=\"https:\/\/premiumseeds.eu\/es\/produkt\/cebolla-wolska-semillas-recubiertas\/\" \/>\n<meta property=\"og:site_name\" content=\"PremiumSeeds\" \/>\n<meta property=\"article:modified_time\" content=\"2022-11-29T12:52:15+00:00\" \/>\n<meta property=\"og:image\" content=\"https:\/\/premiumseeds.eu\/wp-content\/uploads\/2022\/06\/WORLD-14010556PA_PELLETED_RGB_VS-2.jpg\" \/>\n\t<meta property=\"og:image:width\" content=\"945\" \/>\n\t<meta property=\"og:image:height\" content=\"1770\" \/>\n\t<meta property=\"og:image:type\" content=\"image\/jpeg\" \/>\n<meta name=\"twitter:card\" content=\"summary_large_image\" \/>\n<script type=\"application\/ld+json\" class=\"yoast-schema-graph\">{\"@context\":\"https:\/\/schema.org\",\"@graph\":[{\"@type\":\"WebPage\",\"@id\":\"https:\/\/premiumseeds.eu\/es\/produkt\/cebolla-wolska-semillas-recubiertas\/\",\"url\":\"https:\/\/premiumseeds.eu\/es\/produkt\/cebolla-wolska-semillas-recubiertas\/\",\"name\":\"Cebolla Wolska - SEMILLAS RECUBIERTAS - productor de semillas - PremiumSeeds\",\"isPartOf\":{\"@id\":\"https:\/\/premiumseeds.eu\/es\/#website\"},\"datePublished\":\"2022-06-14T13:21:39+00:00\",\"dateModified\":\"2022-11-29T12:52:15+00:00\",\"description\":\"Cebolla Wolska - SEMILLAS RECUBIERTAS semillas - directamente del productor de la marca Premium Seeds. Venta al por mayor y distribuci\u00f3n de semillas Cebolla Wolska - SEMILLAS RECUBIERTAS\",\"breadcrumb\":{\"@id\":\"https:\/\/premiumseeds.eu\/es\/produkt\/cebolla-wolska-semillas-recubiertas\/#breadcrumb\"},\"inLanguage\":\"es\",\"potentialAction\":[{\"@type\":\"ReadAction\",\"target\":[\"https:\/\/premiumseeds.eu\/es\/produkt\/cebolla-wolska-semillas-recubiertas\/\"]}]},{\"@type\":\"BreadcrumbList\",\"@id\":\"https:\/\/premiumseeds.eu\/es\/produkt\/cebolla-wolska-semillas-recubiertas\/#breadcrumb\",\"itemListElement\":[{\"@type\":\"ListItem\",\"position\":1,\"name\":\"Home\",\"item\":\"https:\/\/premiumseeds.eu\/es\/\"},{\"@type\":\"ListItem\",\"position\":2,\"name\":\"Semillas\",\"item\":\"https:\/\/premiumseeds.eu\/es\/semillas\/\"},{\"@type\":\"ListItem\",\"position\":3,\"name\":\"Cebolla Wolska &#8211; SEMILLAS RECUBIERTAS\"}]},{\"@type\":\"WebSite\",\"@id\":\"https:\/\/premiumseeds.eu\/es\/#website\",\"url\":\"https:\/\/premiumseeds.eu\/es\/\",\"name\":\"PremiumSeeds\",\"description\":\"Top seeds producer\",\"potentialAction\":[{\"@type\":\"SearchAction\",\"target\":{\"@type\":\"EntryPoint\",\"urlTemplate\":\"https:\/\/premiumseeds.eu\/es\/?s={search_term_string}\"},\"query-input\":\"required name=search_term_string\"}],\"inLanguage\":\"es\"}]}<\/script>\n<!-- \/ Yoast SEO plugin. -->","yoast_head_json":{"title":"Cebolla Wolska - SEMILLAS RECUBIERTAS - productor de semillas - PremiumSeeds","description":"Cebolla Wolska - SEMILLAS RECUBIERTAS semillas - directamente del productor de la marca Premium Seeds. Venta al por mayor y distribuci\u00f3n de semillas Cebolla Wolska - SEMILLAS RECUBIERTAS","robots":{"index":"index","follow":"follow","max-snippet":"max-snippet:-1","max-image-preview":"max-image-preview:large","max-video-preview":"max-video-preview:-1"},"canonical":"https:\/\/premiumseeds.eu\/es\/produkt\/cebolla-wolska-semillas-recubiertas\/","og_locale":"es_ES","og_type":"article","og_title":"Cebolla Wolska - SEMILLAS RECUBIERTAS - productor de semillas - PremiumSeeds","og_description":"Cebolla Wolska - SEMILLAS RECUBIERTAS semillas - directamente del productor de la marca Premium Seeds. Venta al por mayor y distribuci\u00f3n de semillas Cebolla Wolska - SEMILLAS RECUBIERTAS","og_url":"https:\/\/premiumseeds.eu\/es\/produkt\/cebolla-wolska-semillas-recubiertas\/","og_site_name":"PremiumSeeds","article_modified_time":"2022-11-29T12:52:15+00:00","og_image":[{"width":945,"height":1770,"url":"https:\/\/premiumseeds.eu\/wp-content\/uploads\/2022\/06\/WORLD-14010556PA_PELLETED_RGB_VS-2.jpg","type":"image\/jpeg"}],"twitter_card":"summary_large_image","schema":{"@context":"https:\/\/schema.org","@graph":[{"@type":"WebPage","@id":"https:\/\/premiumseeds.eu\/es\/produkt\/cebolla-wolska-semillas-recubiertas\/","url":"https:\/\/premiumseeds.eu\/es\/produkt\/cebolla-wolska-semillas-recubiertas\/","name":"Cebolla Wolska - SEMILLAS RECUBIERTAS - productor de semillas - PremiumSeeds","isPartOf":{"@id":"https:\/\/premiumseeds.eu\/es\/#website"},"datePublished":"2022-06-14T13:21:39+00:00","dateModified":"2022-11-29T12:52:15+00:00","description":"Cebolla Wolska - SEMILLAS RECUBIERTAS semillas - directamente del productor de la marca Premium Seeds. Venta al por mayor y distribuci\u00f3n de semillas Cebolla Wolska - SEMILLAS RECUBIERTAS","breadcrumb":{"@id":"https:\/\/premiumseeds.eu\/es\/produkt\/cebolla-wolska-semillas-recubiertas\/#breadcrumb"},"inLanguage":"es","potentialAction":[{"@type":"ReadAction","target":["https:\/\/premiumseeds.eu\/es\/produkt\/cebolla-wolska-semillas-recubiertas\/"]}]},{"@type":"BreadcrumbList","@id":"https:\/\/premiumseeds.eu\/es\/produkt\/cebolla-wolska-semillas-recubiertas\/#breadcrumb","itemListElement":[{"@type":"ListItem","position":1,"name":"Home","item":"https:\/\/premiumseeds.eu\/es\/"},{"@type":"ListItem","position":2,"name":"Semillas","item":"https:\/\/premiumseeds.eu\/es\/semillas\/"},{"@type":"ListItem","position":3,"name":"Cebolla Wolska &#8211; SEMILLAS RECUBIERTAS"}]},{"@type":"WebSite","@id":"https:\/\/premiumseeds.eu\/es\/#website","url":"https:\/\/premiumseeds.eu\/es\/","name":"PremiumSeeds","description":"Top seeds producer","potentialAction":[{"@type":"SearchAction","target":{"@type":"EntryPoint","urlTemplate":"https:\/\/premiumseeds.eu\/es\/?s={search_term_string}"},"query-input":"required name=search_term_string"}],"inLanguage":"es"}]}},"_links":{"self":[{"href":"https:\/\/premiumseeds.eu\/es\/wp-json\/wp\/v2\/product\/26160","targetHints":{"allow":["GET"]}}],"collection":[{"href":"https:\/\/premiumseeds.eu\/es\/wp-json\/wp\/v2\/product"}],"about":[{"href":"https:\/\/premiumseeds.eu\/es\/wp-json\/wp\/v2\/types\/product"}],"wp:featuredmedia":[{"embeddable":true,"href":"https:\/\/premiumseeds.eu\/es\/wp-json\/wp\/v2\/media\/26161"}],"wp:attachment":[{"href":"https:\/\/premiumseeds.eu\/es\/wp-json\/wp\/v2\/media?parent=26160"}],"wp:term":[{"taxonomy":"product_cat","embeddable":true,"href":"https:\/\/premiumseeds.eu\/es\/wp-json\/wp\/v2\/product_cat?post=26160"},{"taxonomy":"product_tag","embeddable":true,"href":"https:\/\/premiumseeds.eu\/es\/wp-json\/wp\/v2\/product_tag?post=26160"}],"curies":[{"name":"wp","href":"https:\/\/api.w.org\/{rel}","templated":true}]}}