{"id":26266,"date":"2022-06-14T15:48:59","date_gmt":"2022-06-14T13:48:59","guid":{"rendered":"https:\/\/premiumseeds.eu\/?post_type=product&#038;p=26266"},"modified":"2023-07-04T15:10:38","modified_gmt":"2023-07-04T13:10:38","slug":"zanahoria-nantes-3-nantejska","status":"publish","type":"product","link":"https:\/\/premiumseeds.eu\/es\/produkt\/zanahoria-nantes-3-nantejska\/","title":{"rendered":"Zanahoria NANTES 3 (Nantejska)"},"content":{"rendered":"","protected":false},"excerpt":{"rendered":"<p>Variedad semitemprana, prol\u00edfica, para cosecha de verano y oto\u00f1o. Ra\u00edz cil\u00edndrica, a veces ligeramente c\u00f3nica, de 10-15 cm de largo. Pulpa naranja, de coloraci\u00f3n uniforme, tierna, dulce y sabrosa. Para consumo directo y corta conservaci\u00f3n.<br \/>\n<\/b><br \/>\n<strong>Zanahoria NANTES 3 (Nantejska) &#8211; semillas <\/strong><br \/>\n<\/b><br \/>\n<strong>Profundidad de siembra:<\/strong> 1-2 cm<br \/>\n<strong>\u00c9poca de siembra en el exterior:<\/strong> 15 march &#8211; 15 mayo<br \/>\n<strong>Espaciado: <\/strong> 25-40 x 5-8 cm cm<br \/>\n<strong>Cosecha:<\/strong> agosto &#8211; octubre<br \/>\n<\/b><br \/>\nUn paquete contiene 5 g de semillas.<\/p>\n","protected":false},"featured_media":58818,"template":"","meta":{"_monsterinsights_skip_tracking":false,"_monsterinsights_sitenote_active":false,"_monsterinsights_sitenote_note":"","_monsterinsights_sitenote_category":0},"product_cat":[1076,1089],"product_tag":[1607,4225],"class_list":["post-26266","product","type-product","status-publish","has-post-thumbnail","hentry","product_cat-semillas-de-hortalizas","product_cat-semillas-de-zanahoria","product_tag-zanahoria-nantes-3-semillas","product_tag-zanahoria-nantes-3-nantejska-semillas"],"yoast_head":"<!-- This site is optimized with the Yoast SEO plugin v21.6 - https:\/\/yoast.com\/wordpress\/plugins\/seo\/ -->\n<title>Zanahoria NANTES 3 (Nantejska) - productor de semillas - PremiumSeeds<\/title>\n<meta name=\"description\" content=\"Zanahoria NANTES 3 (Nantejska) semillas - directamente del productor de la marca Premium Seeds. Venta al por mayor y distribuci\u00f3n de semillas Zanahoria NANTES 3 (Nantejska)\" \/>\n<meta name=\"robots\" content=\"index, follow, max-snippet:-1, max-image-preview:large, max-video-preview:-1\" \/>\n<link rel=\"canonical\" href=\"https:\/\/premiumseeds.eu\/es\/produkt\/zanahoria-nantes-3-nantejska\/\" \/>\n<meta property=\"og:locale\" content=\"es_ES\" \/>\n<meta property=\"og:type\" content=\"article\" \/>\n<meta property=\"og:title\" content=\"Zanahoria NANTES 3 (Nantejska) - productor de semillas - PremiumSeeds\" \/>\n<meta property=\"og:description\" content=\"Zanahoria NANTES 3 (Nantejska) semillas - directamente del productor de la marca Premium Seeds. Venta al por mayor y distribuci\u00f3n de semillas Zanahoria NANTES 3 (Nantejska)\" \/>\n<meta property=\"og:url\" content=\"https:\/\/premiumseeds.eu\/es\/produkt\/zanahoria-nantes-3-nantejska\/\" \/>\n<meta property=\"og:site_name\" content=\"PremiumSeeds\" \/>\n<meta property=\"article:modified_time\" content=\"2023-07-04T13:10:38+00:00\" \/>\n<meta property=\"og:image\" content=\"https:\/\/premiumseeds.eu\/wp-content\/uploads\/2022\/06\/WORLD-14016254PA_VS-3.jpg?v=1688476209\" \/>\n\t<meta property=\"og:image:width\" content=\"945\" \/>\n\t<meta property=\"og:image:height\" content=\"1772\" \/>\n\t<meta property=\"og:image:type\" content=\"image\/jpeg\" \/>\n<meta name=\"twitter:card\" content=\"summary_large_image\" \/>\n<script type=\"application\/ld+json\" class=\"yoast-schema-graph\">{\"@context\":\"https:\/\/schema.org\",\"@graph\":[{\"@type\":\"WebPage\",\"@id\":\"https:\/\/premiumseeds.eu\/es\/produkt\/zanahoria-nantes-3-nantejska\/\",\"url\":\"https:\/\/premiumseeds.eu\/es\/produkt\/zanahoria-nantes-3-nantejska\/\",\"name\":\"Zanahoria NANTES 3 (Nantejska) - productor de semillas - PremiumSeeds\",\"isPartOf\":{\"@id\":\"https:\/\/premiumseeds.eu\/es\/#website\"},\"datePublished\":\"2022-06-14T13:48:59+00:00\",\"dateModified\":\"2023-07-04T13:10:38+00:00\",\"description\":\"Zanahoria NANTES 3 (Nantejska) semillas - directamente del productor de la marca Premium Seeds. Venta al por mayor y distribuci\u00f3n de semillas Zanahoria NANTES 3 (Nantejska)\",\"breadcrumb\":{\"@id\":\"https:\/\/premiumseeds.eu\/es\/produkt\/zanahoria-nantes-3-nantejska\/#breadcrumb\"},\"inLanguage\":\"es\",\"potentialAction\":[{\"@type\":\"ReadAction\",\"target\":[\"https:\/\/premiumseeds.eu\/es\/produkt\/zanahoria-nantes-3-nantejska\/\"]}]},{\"@type\":\"BreadcrumbList\",\"@id\":\"https:\/\/premiumseeds.eu\/es\/produkt\/zanahoria-nantes-3-nantejska\/#breadcrumb\",\"itemListElement\":[{\"@type\":\"ListItem\",\"position\":1,\"name\":\"Home\",\"item\":\"https:\/\/premiumseeds.eu\/es\/\"},{\"@type\":\"ListItem\",\"position\":2,\"name\":\"Semillas\",\"item\":\"https:\/\/premiumseeds.eu\/es\/semillas\/\"},{\"@type\":\"ListItem\",\"position\":3,\"name\":\"Zanahoria NANTES 3 (Nantejska)\"}]},{\"@type\":\"WebSite\",\"@id\":\"https:\/\/premiumseeds.eu\/es\/#website\",\"url\":\"https:\/\/premiumseeds.eu\/es\/\",\"name\":\"PremiumSeeds\",\"description\":\"Top seeds producer\",\"potentialAction\":[{\"@type\":\"SearchAction\",\"target\":{\"@type\":\"EntryPoint\",\"urlTemplate\":\"https:\/\/premiumseeds.eu\/es\/?s={search_term_string}\"},\"query-input\":\"required name=search_term_string\"}],\"inLanguage\":\"es\"}]}<\/script>\n<!-- \/ Yoast SEO plugin. -->","yoast_head_json":{"title":"Zanahoria NANTES 3 (Nantejska) - productor de semillas - PremiumSeeds","description":"Zanahoria NANTES 3 (Nantejska) semillas - directamente del productor de la marca Premium Seeds. Venta al por mayor y distribuci\u00f3n de semillas Zanahoria NANTES 3 (Nantejska)","robots":{"index":"index","follow":"follow","max-snippet":"max-snippet:-1","max-image-preview":"max-image-preview:large","max-video-preview":"max-video-preview:-1"},"canonical":"https:\/\/premiumseeds.eu\/es\/produkt\/zanahoria-nantes-3-nantejska\/","og_locale":"es_ES","og_type":"article","og_title":"Zanahoria NANTES 3 (Nantejska) - productor de semillas - PremiumSeeds","og_description":"Zanahoria NANTES 3 (Nantejska) semillas - directamente del productor de la marca Premium Seeds. Venta al por mayor y distribuci\u00f3n de semillas Zanahoria NANTES 3 (Nantejska)","og_url":"https:\/\/premiumseeds.eu\/es\/produkt\/zanahoria-nantes-3-nantejska\/","og_site_name":"PremiumSeeds","article_modified_time":"2023-07-04T13:10:38+00:00","og_image":[{"width":945,"height":1772,"url":"https:\/\/premiumseeds.eu\/wp-content\/uploads\/2022\/06\/WORLD-14016254PA_VS-3.jpg?v=1688476209","type":"image\/jpeg"}],"twitter_card":"summary_large_image","schema":{"@context":"https:\/\/schema.org","@graph":[{"@type":"WebPage","@id":"https:\/\/premiumseeds.eu\/es\/produkt\/zanahoria-nantes-3-nantejska\/","url":"https:\/\/premiumseeds.eu\/es\/produkt\/zanahoria-nantes-3-nantejska\/","name":"Zanahoria NANTES 3 (Nantejska) - productor de semillas - PremiumSeeds","isPartOf":{"@id":"https:\/\/premiumseeds.eu\/es\/#website"},"datePublished":"2022-06-14T13:48:59+00:00","dateModified":"2023-07-04T13:10:38+00:00","description":"Zanahoria NANTES 3 (Nantejska) semillas - directamente del productor de la marca Premium Seeds. Venta al por mayor y distribuci\u00f3n de semillas Zanahoria NANTES 3 (Nantejska)","breadcrumb":{"@id":"https:\/\/premiumseeds.eu\/es\/produkt\/zanahoria-nantes-3-nantejska\/#breadcrumb"},"inLanguage":"es","potentialAction":[{"@type":"ReadAction","target":["https:\/\/premiumseeds.eu\/es\/produkt\/zanahoria-nantes-3-nantejska\/"]}]},{"@type":"BreadcrumbList","@id":"https:\/\/premiumseeds.eu\/es\/produkt\/zanahoria-nantes-3-nantejska\/#breadcrumb","itemListElement":[{"@type":"ListItem","position":1,"name":"Home","item":"https:\/\/premiumseeds.eu\/es\/"},{"@type":"ListItem","position":2,"name":"Semillas","item":"https:\/\/premiumseeds.eu\/es\/semillas\/"},{"@type":"ListItem","position":3,"name":"Zanahoria NANTES 3 (Nantejska)"}]},{"@type":"WebSite","@id":"https:\/\/premiumseeds.eu\/es\/#website","url":"https:\/\/premiumseeds.eu\/es\/","name":"PremiumSeeds","description":"Top seeds producer","potentialAction":[{"@type":"SearchAction","target":{"@type":"EntryPoint","urlTemplate":"https:\/\/premiumseeds.eu\/es\/?s={search_term_string}"},"query-input":"required name=search_term_string"}],"inLanguage":"es"}]}},"_links":{"self":[{"href":"https:\/\/premiumseeds.eu\/es\/wp-json\/wp\/v2\/product\/26266","targetHints":{"allow":["GET"]}}],"collection":[{"href":"https:\/\/premiumseeds.eu\/es\/wp-json\/wp\/v2\/product"}],"about":[{"href":"https:\/\/premiumseeds.eu\/es\/wp-json\/wp\/v2\/types\/product"}],"wp:featuredmedia":[{"embeddable":true,"href":"https:\/\/premiumseeds.eu\/es\/wp-json\/wp\/v2\/media\/58818"}],"wp:attachment":[{"href":"https:\/\/premiumseeds.eu\/es\/wp-json\/wp\/v2\/media?parent=26266"}],"wp:term":[{"taxonomy":"product_cat","embeddable":true,"href":"https:\/\/premiumseeds.eu\/es\/wp-json\/wp\/v2\/product_cat?post=26266"},{"taxonomy":"product_tag","embeddable":true,"href":"https:\/\/premiumseeds.eu\/es\/wp-json\/wp\/v2\/product_tag?post=26266"}],"curies":[{"name":"wp","href":"https:\/\/api.w.org\/{rel}","templated":true}]}}