{"id":27772,"date":"2022-06-20T12:37:35","date_gmt":"2022-06-20T10:37:35","guid":{"rendered":"https:\/\/premiumseeds.eu\/?post_type=product&#038;p=27772"},"modified":"2023-06-28T10:41:18","modified_gmt":"2023-06-28T08:41:18","slug":"coleo-rococo","status":"publish","type":"product","link":"https:\/\/premiumseeds.eu\/es\/produkt\/coleo-rococo\/","title":{"rendered":"C\u00f3leo Rococo"},"content":{"rendered":"","protected":false},"excerpt":{"rendered":"<p>Planta anual que se extiende ampliamente y que crece de 25 a 35 cent\u00edmetros de altura. Desarrolla hojas coloridas, onduladas y muy ornamentales. Se puede cultivar en macetas, jardineras en el balc\u00f3n y en parterres.<br \/>\n<\/b><br \/>\n<strong>C\u00f3leo Rococo &#8211; semillas<\/strong><br \/>\n<\/b><br \/>\n<strong>Profundidad de siembra:<\/strong> 0,1 \u2013 0,3 cm<br \/>\n<strong>\u00c9poca de siembra en invernaderos:<\/strong> marzo<br \/>\n<strong>\u00c9poca de siembra de las pl\u00e1ntulas en el exterior:<\/strong> mayo<br \/>\n<strong>Espaciado: <\/strong> 25 x 25 cm<br \/>\n<strong>\u00c9poca  de floraci\u00f3n:<\/strong> junio &#8211; septiembre<br \/>\n<\/b><br \/>\nUn paquete contiene  0,02 g de semillas.<\/p>\n","protected":false},"featured_media":27785,"template":"","meta":{"_monsterinsights_skip_tracking":false,"_monsterinsights_sitenote_active":false,"_monsterinsights_sitenote_note":"","_monsterinsights_sitenote_category":0},"product_cat":[1198,1178,1250,1251,1051],"product_tag":[1727],"class_list":["post-27772","product","type-product","status-publish","has-post-thumbnail","hentry","product_cat-semillas-de-cretona","product_cat-semillas-de-flores-para-jardin","product_cat-semillas-de-flores-para-macetas","product_cat-semillas-de-plantas-para-jardin-de-rocas","product_cat-semillas-de-flores-para-balcones","product_tag-coleo-rococo-semillas"],"yoast_head":"<!-- This site is optimized with the Yoast SEO plugin v21.6 - https:\/\/yoast.com\/wordpress\/plugins\/seo\/ -->\n<title>C\u00f3leo Rococo - productor de semillas - PremiumSeeds<\/title>\n<meta name=\"description\" content=\"C\u00f3leo Rococo semillas - directamente del productor de la marca Premium Seeds. Venta al por mayor y distribuci\u00f3n de semillas C\u00f3leo Rococo\" \/>\n<meta name=\"robots\" content=\"index, follow, max-snippet:-1, max-image-preview:large, max-video-preview:-1\" \/>\n<link rel=\"canonical\" href=\"https:\/\/premiumseeds.eu\/es\/produkt\/coleo-rococo\/\" \/>\n<meta property=\"og:locale\" content=\"es_ES\" \/>\n<meta property=\"og:type\" content=\"article\" \/>\n<meta property=\"og:title\" content=\"C\u00f3leo Rococo - productor de semillas - PremiumSeeds\" \/>\n<meta property=\"og:description\" content=\"C\u00f3leo Rococo semillas - directamente del productor de la marca Premium Seeds. Venta al por mayor y distribuci\u00f3n de semillas C\u00f3leo Rococo\" \/>\n<meta property=\"og:url\" content=\"https:\/\/premiumseeds.eu\/es\/produkt\/coleo-rococo\/\" \/>\n<meta property=\"og:site_name\" content=\"PremiumSeeds\" \/>\n<meta property=\"article:modified_time\" content=\"2023-06-28T08:41:18+00:00\" \/>\n<meta property=\"og:image\" content=\"https:\/\/premiumseeds.eu\/wp-content\/uploads\/2022\/06\/WORLD-N-150-8887_RGB_VS-1.jpg\" \/>\n\t<meta property=\"og:image:width\" content=\"945\" \/>\n\t<meta property=\"og:image:height\" content=\"1770\" \/>\n\t<meta property=\"og:image:type\" content=\"image\/jpeg\" \/>\n<meta name=\"twitter:card\" content=\"summary_large_image\" \/>\n<script type=\"application\/ld+json\" class=\"yoast-schema-graph\">{\"@context\":\"https:\/\/schema.org\",\"@graph\":[{\"@type\":\"WebPage\",\"@id\":\"https:\/\/premiumseeds.eu\/es\/produkt\/coleo-rococo\/\",\"url\":\"https:\/\/premiumseeds.eu\/es\/produkt\/coleo-rococo\/\",\"name\":\"C\u00f3leo Rococo - productor de semillas - PremiumSeeds\",\"isPartOf\":{\"@id\":\"https:\/\/premiumseeds.eu\/es\/#website\"},\"datePublished\":\"2022-06-20T10:37:35+00:00\",\"dateModified\":\"2023-06-28T08:41:18+00:00\",\"description\":\"C\u00f3leo Rococo semillas - directamente del productor de la marca Premium Seeds. Venta al por mayor y distribuci\u00f3n de semillas C\u00f3leo Rococo\",\"breadcrumb\":{\"@id\":\"https:\/\/premiumseeds.eu\/es\/produkt\/coleo-rococo\/#breadcrumb\"},\"inLanguage\":\"es\",\"potentialAction\":[{\"@type\":\"ReadAction\",\"target\":[\"https:\/\/premiumseeds.eu\/es\/produkt\/coleo-rococo\/\"]}]},{\"@type\":\"BreadcrumbList\",\"@id\":\"https:\/\/premiumseeds.eu\/es\/produkt\/coleo-rococo\/#breadcrumb\",\"itemListElement\":[{\"@type\":\"ListItem\",\"position\":1,\"name\":\"Home\",\"item\":\"https:\/\/premiumseeds.eu\/es\/\"},{\"@type\":\"ListItem\",\"position\":2,\"name\":\"Semillas\",\"item\":\"https:\/\/premiumseeds.eu\/es\/semillas\/\"},{\"@type\":\"ListItem\",\"position\":3,\"name\":\"C\u00f3leo Rococo\"}]},{\"@type\":\"WebSite\",\"@id\":\"https:\/\/premiumseeds.eu\/es\/#website\",\"url\":\"https:\/\/premiumseeds.eu\/es\/\",\"name\":\"PremiumSeeds\",\"description\":\"Top seeds producer\",\"potentialAction\":[{\"@type\":\"SearchAction\",\"target\":{\"@type\":\"EntryPoint\",\"urlTemplate\":\"https:\/\/premiumseeds.eu\/es\/?s={search_term_string}\"},\"query-input\":\"required name=search_term_string\"}],\"inLanguage\":\"es\"}]}<\/script>\n<!-- \/ Yoast SEO plugin. -->","yoast_head_json":{"title":"C\u00f3leo Rococo - productor de semillas - PremiumSeeds","description":"C\u00f3leo Rococo semillas - directamente del productor de la marca Premium Seeds. Venta al por mayor y distribuci\u00f3n de semillas C\u00f3leo Rococo","robots":{"index":"index","follow":"follow","max-snippet":"max-snippet:-1","max-image-preview":"max-image-preview:large","max-video-preview":"max-video-preview:-1"},"canonical":"https:\/\/premiumseeds.eu\/es\/produkt\/coleo-rococo\/","og_locale":"es_ES","og_type":"article","og_title":"C\u00f3leo Rococo - productor de semillas - PremiumSeeds","og_description":"C\u00f3leo Rococo semillas - directamente del productor de la marca Premium Seeds. Venta al por mayor y distribuci\u00f3n de semillas C\u00f3leo Rococo","og_url":"https:\/\/premiumseeds.eu\/es\/produkt\/coleo-rococo\/","og_site_name":"PremiumSeeds","article_modified_time":"2023-06-28T08:41:18+00:00","og_image":[{"width":945,"height":1770,"url":"https:\/\/premiumseeds.eu\/wp-content\/uploads\/2022\/06\/WORLD-N-150-8887_RGB_VS-1.jpg","type":"image\/jpeg"}],"twitter_card":"summary_large_image","schema":{"@context":"https:\/\/schema.org","@graph":[{"@type":"WebPage","@id":"https:\/\/premiumseeds.eu\/es\/produkt\/coleo-rococo\/","url":"https:\/\/premiumseeds.eu\/es\/produkt\/coleo-rococo\/","name":"C\u00f3leo Rococo - productor de semillas - PremiumSeeds","isPartOf":{"@id":"https:\/\/premiumseeds.eu\/es\/#website"},"datePublished":"2022-06-20T10:37:35+00:00","dateModified":"2023-06-28T08:41:18+00:00","description":"C\u00f3leo Rococo semillas - directamente del productor de la marca Premium Seeds. Venta al por mayor y distribuci\u00f3n de semillas C\u00f3leo Rococo","breadcrumb":{"@id":"https:\/\/premiumseeds.eu\/es\/produkt\/coleo-rococo\/#breadcrumb"},"inLanguage":"es","potentialAction":[{"@type":"ReadAction","target":["https:\/\/premiumseeds.eu\/es\/produkt\/coleo-rococo\/"]}]},{"@type":"BreadcrumbList","@id":"https:\/\/premiumseeds.eu\/es\/produkt\/coleo-rococo\/#breadcrumb","itemListElement":[{"@type":"ListItem","position":1,"name":"Home","item":"https:\/\/premiumseeds.eu\/es\/"},{"@type":"ListItem","position":2,"name":"Semillas","item":"https:\/\/premiumseeds.eu\/es\/semillas\/"},{"@type":"ListItem","position":3,"name":"C\u00f3leo Rococo"}]},{"@type":"WebSite","@id":"https:\/\/premiumseeds.eu\/es\/#website","url":"https:\/\/premiumseeds.eu\/es\/","name":"PremiumSeeds","description":"Top seeds producer","potentialAction":[{"@type":"SearchAction","target":{"@type":"EntryPoint","urlTemplate":"https:\/\/premiumseeds.eu\/es\/?s={search_term_string}"},"query-input":"required name=search_term_string"}],"inLanguage":"es"}]}},"_links":{"self":[{"href":"https:\/\/premiumseeds.eu\/es\/wp-json\/wp\/v2\/product\/27772","targetHints":{"allow":["GET"]}}],"collection":[{"href":"https:\/\/premiumseeds.eu\/es\/wp-json\/wp\/v2\/product"}],"about":[{"href":"https:\/\/premiumseeds.eu\/es\/wp-json\/wp\/v2\/types\/product"}],"wp:featuredmedia":[{"embeddable":true,"href":"https:\/\/premiumseeds.eu\/es\/wp-json\/wp\/v2\/media\/27785"}],"wp:attachment":[{"href":"https:\/\/premiumseeds.eu\/es\/wp-json\/wp\/v2\/media?parent=27772"}],"wp:term":[{"taxonomy":"product_cat","embeddable":true,"href":"https:\/\/premiumseeds.eu\/es\/wp-json\/wp\/v2\/product_cat?post=27772"},{"taxonomy":"product_tag","embeddable":true,"href":"https:\/\/premiumseeds.eu\/es\/wp-json\/wp\/v2\/product_tag?post=27772"}],"curies":[{"name":"wp","href":"https:\/\/api.w.org\/{rel}","templated":true}]}}