{"id":29115,"date":"2022-06-21T13:16:33","date_gmt":"2022-06-21T11:16:33","guid":{"rendered":"https:\/\/premiumseeds.eu\/?post_type=product&#038;p=29115"},"modified":"2022-11-30T12:25:09","modified_gmt":"2022-11-30T11:25:09","slug":"guisante-telephone","status":"publish","type":"product","link":"https:\/\/premiumseeds.eu\/es\/produkt\/guisante-telephone\/","title":{"rendered":"Guisante Telephone"},"content":{"rendered":"","protected":false},"excerpt":{"rendered":"<p>Una variedad tard\u00eda y excepcionalmente productiva. La planta, de 100 a 200 cent\u00edmetros de altura, requiere entutorado con estacas. Produce semillas grandes, ligeramente arrugadas y dulces como el az\u00facar. Se pueden comer crudas o cocinadas; se pueden congelar.<br \/>\n<\/b><br \/>\n<strong>Guisante Telephone &#8211; semillas <\/strong><br \/>\n<\/b><br \/>\n<strong>Profundidad de siembra:<\/strong> 3-4 cm<br \/>\n<strong>\u00c9poca de siembra en el exterior:<\/strong> marzo &#8211; abril<br \/>\n<strong>Espaciado: <\/strong>  30-35 x 5 cm<br \/>\n<strong>Cosecha:<\/strong> junio &#8211; abril<br \/>\n<\/b><br \/>\nUn paquete contiene 40 g de semillas.<\/p>\n","protected":false},"featured_media":36312,"template":"","meta":{"_monsterinsights_skip_tracking":false,"_monsterinsights_sitenote_active":false,"_monsterinsights_sitenote_note":"","_monsterinsights_sitenote_category":0},"product_cat":[1125,1076],"product_tag":[2835],"class_list":["post-29115","product","type-product","status-publish","has-post-thumbnail","hentry","product_cat-semillas-de-guisante","product_cat-semillas-de-hortalizas","product_tag-guisante-telephone-semillas"],"yoast_head":"<!-- This site is optimized with the Yoast SEO plugin v21.6 - https:\/\/yoast.com\/wordpress\/plugins\/seo\/ -->\n<title>Guisante Telephone - productor de semillas - PremiumSeeds<\/title>\n<meta name=\"description\" content=\"Guisante Telephone semillas - directamente del productor de la marca Premium Seeds. Venta al por mayor y distribuci\u00f3n de semillas Guisante Telephone\" \/>\n<meta name=\"robots\" content=\"index, follow, max-snippet:-1, max-image-preview:large, max-video-preview:-1\" \/>\n<link rel=\"canonical\" href=\"https:\/\/premiumseeds.eu\/es\/produkt\/guisante-telephone\/\" \/>\n<meta property=\"og:locale\" content=\"es_ES\" \/>\n<meta property=\"og:type\" content=\"article\" \/>\n<meta property=\"og:title\" content=\"Guisante Telephone - productor de semillas - PremiumSeeds\" \/>\n<meta property=\"og:description\" content=\"Guisante Telephone semillas - directamente del productor de la marca Premium Seeds. Venta al por mayor y distribuci\u00f3n de semillas Guisante Telephone\" \/>\n<meta property=\"og:url\" content=\"https:\/\/premiumseeds.eu\/es\/produkt\/guisante-telephone\/\" \/>\n<meta property=\"og:site_name\" content=\"PremiumSeeds\" \/>\n<meta property=\"article:modified_time\" content=\"2022-11-30T11:25:09+00:00\" \/>\n<meta property=\"og:image\" content=\"https:\/\/premiumseeds.eu\/wp-content\/uploads\/2022\/06\/WORLD-N-70-17-62_VS-4-714x1024.jpg\" \/>\n\t<meta property=\"og:image:width\" content=\"714\" \/>\n\t<meta property=\"og:image:height\" content=\"1024\" \/>\n\t<meta property=\"og:image:type\" content=\"image\/jpeg\" \/>\n<meta name=\"twitter:card\" content=\"summary_large_image\" \/>\n<script type=\"application\/ld+json\" class=\"yoast-schema-graph\">{\"@context\":\"https:\/\/schema.org\",\"@graph\":[{\"@type\":\"WebPage\",\"@id\":\"https:\/\/premiumseeds.eu\/es\/produkt\/guisante-telephone\/\",\"url\":\"https:\/\/premiumseeds.eu\/es\/produkt\/guisante-telephone\/\",\"name\":\"Guisante Telephone - productor de semillas - PremiumSeeds\",\"isPartOf\":{\"@id\":\"https:\/\/premiumseeds.eu\/es\/#website\"},\"datePublished\":\"2022-06-21T11:16:33+00:00\",\"dateModified\":\"2022-11-30T11:25:09+00:00\",\"description\":\"Guisante Telephone semillas - directamente del productor de la marca Premium Seeds. Venta al por mayor y distribuci\u00f3n de semillas Guisante Telephone\",\"breadcrumb\":{\"@id\":\"https:\/\/premiumseeds.eu\/es\/produkt\/guisante-telephone\/#breadcrumb\"},\"inLanguage\":\"es\",\"potentialAction\":[{\"@type\":\"ReadAction\",\"target\":[\"https:\/\/premiumseeds.eu\/es\/produkt\/guisante-telephone\/\"]}]},{\"@type\":\"BreadcrumbList\",\"@id\":\"https:\/\/premiumseeds.eu\/es\/produkt\/guisante-telephone\/#breadcrumb\",\"itemListElement\":[{\"@type\":\"ListItem\",\"position\":1,\"name\":\"Home\",\"item\":\"https:\/\/premiumseeds.eu\/es\/\"},{\"@type\":\"ListItem\",\"position\":2,\"name\":\"Semillas\",\"item\":\"https:\/\/premiumseeds.eu\/es\/semillas\/\"},{\"@type\":\"ListItem\",\"position\":3,\"name\":\"Guisante Telephone\"}]},{\"@type\":\"WebSite\",\"@id\":\"https:\/\/premiumseeds.eu\/es\/#website\",\"url\":\"https:\/\/premiumseeds.eu\/es\/\",\"name\":\"PremiumSeeds\",\"description\":\"Top seeds producer\",\"potentialAction\":[{\"@type\":\"SearchAction\",\"target\":{\"@type\":\"EntryPoint\",\"urlTemplate\":\"https:\/\/premiumseeds.eu\/es\/?s={search_term_string}\"},\"query-input\":\"required name=search_term_string\"}],\"inLanguage\":\"es\"}]}<\/script>\n<!-- \/ Yoast SEO plugin. -->","yoast_head_json":{"title":"Guisante Telephone - productor de semillas - PremiumSeeds","description":"Guisante Telephone semillas - directamente del productor de la marca Premium Seeds. Venta al por mayor y distribuci\u00f3n de semillas Guisante Telephone","robots":{"index":"index","follow":"follow","max-snippet":"max-snippet:-1","max-image-preview":"max-image-preview:large","max-video-preview":"max-video-preview:-1"},"canonical":"https:\/\/premiumseeds.eu\/es\/produkt\/guisante-telephone\/","og_locale":"es_ES","og_type":"article","og_title":"Guisante Telephone - productor de semillas - PremiumSeeds","og_description":"Guisante Telephone semillas - directamente del productor de la marca Premium Seeds. Venta al por mayor y distribuci\u00f3n de semillas Guisante Telephone","og_url":"https:\/\/premiumseeds.eu\/es\/produkt\/guisante-telephone\/","og_site_name":"PremiumSeeds","article_modified_time":"2022-11-30T11:25:09+00:00","og_image":[{"width":714,"height":1024,"url":"https:\/\/premiumseeds.eu\/wp-content\/uploads\/2022\/06\/WORLD-N-70-17-62_VS-4-714x1024.jpg","type":"image\/jpeg"}],"twitter_card":"summary_large_image","schema":{"@context":"https:\/\/schema.org","@graph":[{"@type":"WebPage","@id":"https:\/\/premiumseeds.eu\/es\/produkt\/guisante-telephone\/","url":"https:\/\/premiumseeds.eu\/es\/produkt\/guisante-telephone\/","name":"Guisante Telephone - productor de semillas - PremiumSeeds","isPartOf":{"@id":"https:\/\/premiumseeds.eu\/es\/#website"},"datePublished":"2022-06-21T11:16:33+00:00","dateModified":"2022-11-30T11:25:09+00:00","description":"Guisante Telephone semillas - directamente del productor de la marca Premium Seeds. Venta al por mayor y distribuci\u00f3n de semillas Guisante Telephone","breadcrumb":{"@id":"https:\/\/premiumseeds.eu\/es\/produkt\/guisante-telephone\/#breadcrumb"},"inLanguage":"es","potentialAction":[{"@type":"ReadAction","target":["https:\/\/premiumseeds.eu\/es\/produkt\/guisante-telephone\/"]}]},{"@type":"BreadcrumbList","@id":"https:\/\/premiumseeds.eu\/es\/produkt\/guisante-telephone\/#breadcrumb","itemListElement":[{"@type":"ListItem","position":1,"name":"Home","item":"https:\/\/premiumseeds.eu\/es\/"},{"@type":"ListItem","position":2,"name":"Semillas","item":"https:\/\/premiumseeds.eu\/es\/semillas\/"},{"@type":"ListItem","position":3,"name":"Guisante Telephone"}]},{"@type":"WebSite","@id":"https:\/\/premiumseeds.eu\/es\/#website","url":"https:\/\/premiumseeds.eu\/es\/","name":"PremiumSeeds","description":"Top seeds producer","potentialAction":[{"@type":"SearchAction","target":{"@type":"EntryPoint","urlTemplate":"https:\/\/premiumseeds.eu\/es\/?s={search_term_string}"},"query-input":"required name=search_term_string"}],"inLanguage":"es"}]}},"_links":{"self":[{"href":"https:\/\/premiumseeds.eu\/es\/wp-json\/wp\/v2\/product\/29115","targetHints":{"allow":["GET"]}}],"collection":[{"href":"https:\/\/premiumseeds.eu\/es\/wp-json\/wp\/v2\/product"}],"about":[{"href":"https:\/\/premiumseeds.eu\/es\/wp-json\/wp\/v2\/types\/product"}],"wp:featuredmedia":[{"embeddable":true,"href":"https:\/\/premiumseeds.eu\/es\/wp-json\/wp\/v2\/media\/36312"}],"wp:attachment":[{"href":"https:\/\/premiumseeds.eu\/es\/wp-json\/wp\/v2\/media?parent=29115"}],"wp:term":[{"taxonomy":"product_cat","embeddable":true,"href":"https:\/\/premiumseeds.eu\/es\/wp-json\/wp\/v2\/product_cat?post=29115"},{"taxonomy":"product_tag","embeddable":true,"href":"https:\/\/premiumseeds.eu\/es\/wp-json\/wp\/v2\/product_tag?post=29115"}],"curies":[{"name":"wp","href":"https:\/\/api.w.org\/{rel}","templated":true}]}}