{"id":35710,"date":"2022-07-18T09:32:39","date_gmt":"2022-07-18T07:32:39","guid":{"rendered":"https:\/\/premiumseeds.eu\/?post_type=product&#038;p=35710"},"modified":"2023-06-19T08:44:53","modified_gmt":"2023-06-19T06:44:53","slug":"berro-de-jardin-semillas-para-brotes","status":"publish","type":"product","link":"https:\/\/premiumseeds.eu\/es\/produkt\/berro-de-jardin-semillas-para-brotes\/","title":{"rendered":"Berro de Jard\u00edn &#8211; Semillas para brotes"},"content":{"rendered":"","protected":false},"excerpt":{"rendered":"<p>Con su inconfundible aroma y su sabroso sabor, los germinados de berro no se pueden confundir con ning\u00fan otro germinado. Puede a\u00f1adirlos para enriquecer el sabor del reques\u00f3n, los s\u00e1ndwiches y las ensaladas. Los germinados de berro suelen cultivarse, al igual que el centeno, en platos poco profundos durante la Pascua. Sin embargo, tambi\u00e9n se pueden cultivar durante todo el a\u00f1o. Se pueden recoger cuatro o cinco d\u00edas despu\u00e9s de la siembra.<br \/>\n<\/b><br \/>\n<strong>Berro de Jard\u00edn &#8211; Semillas para brotes<\/strong><br \/>\n<\/b><br \/>\n<strong>\u00c9poca de siembra: <\/strong> enero &#8211; diciembre<br \/>\n<strong>Cosecha:<\/strong> enero &#8211; diciembre<br \/>\n<\/b><br \/>\nUn paquete contiene 15 g de semillas.<\/p>\n","protected":false},"featured_media":35711,"template":"","meta":{"_monsterinsights_skip_tracking":false,"_monsterinsights_sitenote_active":false,"_monsterinsights_sitenote_note":"","_monsterinsights_sitenote_category":0},"product_cat":[1104],"product_tag":[2816],"class_list":["post-35710","product","type-product","status-publish","has-post-thumbnail","hentry","product_cat-semillas-de-berro","product_tag-berro-de-jardin-semillas-para-brotes"],"yoast_head":"<!-- This site is optimized with the Yoast SEO plugin v21.6 - https:\/\/yoast.com\/wordpress\/plugins\/seo\/ -->\n<title>Berro de Jard\u00edn - Semillas para brotes - productor de semillas - PremiumSeeds<\/title>\n<meta name=\"description\" content=\"Berro de Jard\u00edn - Semillas para brotes semillas - directamente del productor de la marca Premium Seeds. Venta al por mayor y distribuci\u00f3n de semillas Berro de Jard\u00edn - Semillas para brotes\" \/>\n<meta name=\"robots\" content=\"index, follow, max-snippet:-1, max-image-preview:large, max-video-preview:-1\" \/>\n<link rel=\"canonical\" href=\"https:\/\/premiumseeds.eu\/es\/produkt\/berro-de-jardin-semillas-para-brotes\/\" \/>\n<meta property=\"og:locale\" content=\"es_ES\" \/>\n<meta property=\"og:type\" content=\"article\" \/>\n<meta property=\"og:title\" content=\"Berro de Jard\u00edn - Semillas para brotes - productor de semillas - PremiumSeeds\" \/>\n<meta property=\"og:description\" content=\"Berro de Jard\u00edn - Semillas para brotes semillas - directamente del productor de la marca Premium Seeds. Venta al por mayor y distribuci\u00f3n de semillas Berro de Jard\u00edn - Semillas para brotes\" \/>\n<meta property=\"og:url\" content=\"https:\/\/premiumseeds.eu\/es\/produkt\/berro-de-jardin-semillas-para-brotes\/\" \/>\n<meta property=\"og:site_name\" content=\"PremiumSeeds\" \/>\n<meta property=\"article:modified_time\" content=\"2023-06-19T06:44:53+00:00\" \/>\n<meta property=\"og:image\" content=\"https:\/\/premiumseeds.eu\/wp-content\/uploads\/2022\/07\/Cress-SKW-4-22-139998_front-6.jpg\" \/>\n\t<meta property=\"og:image:width\" content=\"941\" \/>\n\t<meta property=\"og:image:height\" content=\"1768\" \/>\n\t<meta property=\"og:image:type\" content=\"image\/jpeg\" \/>\n<meta name=\"twitter:card\" content=\"summary_large_image\" \/>\n<script type=\"application\/ld+json\" class=\"yoast-schema-graph\">{\"@context\":\"https:\/\/schema.org\",\"@graph\":[{\"@type\":\"WebPage\",\"@id\":\"https:\/\/premiumseeds.eu\/es\/produkt\/berro-de-jardin-semillas-para-brotes\/\",\"url\":\"https:\/\/premiumseeds.eu\/es\/produkt\/berro-de-jardin-semillas-para-brotes\/\",\"name\":\"Berro de Jard\u00edn - Semillas para brotes - productor de semillas - PremiumSeeds\",\"isPartOf\":{\"@id\":\"https:\/\/premiumseeds.eu\/es\/#website\"},\"datePublished\":\"2022-07-18T07:32:39+00:00\",\"dateModified\":\"2023-06-19T06:44:53+00:00\",\"description\":\"Berro de Jard\u00edn - Semillas para brotes semillas - directamente del productor de la marca Premium Seeds. Venta al por mayor y distribuci\u00f3n de semillas Berro de Jard\u00edn - Semillas para brotes\",\"breadcrumb\":{\"@id\":\"https:\/\/premiumseeds.eu\/es\/produkt\/berro-de-jardin-semillas-para-brotes\/#breadcrumb\"},\"inLanguage\":\"es\",\"potentialAction\":[{\"@type\":\"ReadAction\",\"target\":[\"https:\/\/premiumseeds.eu\/es\/produkt\/berro-de-jardin-semillas-para-brotes\/\"]}]},{\"@type\":\"BreadcrumbList\",\"@id\":\"https:\/\/premiumseeds.eu\/es\/produkt\/berro-de-jardin-semillas-para-brotes\/#breadcrumb\",\"itemListElement\":[{\"@type\":\"ListItem\",\"position\":1,\"name\":\"Home\",\"item\":\"https:\/\/premiumseeds.eu\/es\/\"},{\"@type\":\"ListItem\",\"position\":2,\"name\":\"Semillas\",\"item\":\"https:\/\/premiumseeds.eu\/es\/semillas\/\"},{\"@type\":\"ListItem\",\"position\":3,\"name\":\"Berro de Jard\u00edn &#8211; Semillas para brotes\"}]},{\"@type\":\"WebSite\",\"@id\":\"https:\/\/premiumseeds.eu\/es\/#website\",\"url\":\"https:\/\/premiumseeds.eu\/es\/\",\"name\":\"PremiumSeeds\",\"description\":\"Top seeds producer\",\"potentialAction\":[{\"@type\":\"SearchAction\",\"target\":{\"@type\":\"EntryPoint\",\"urlTemplate\":\"https:\/\/premiumseeds.eu\/es\/?s={search_term_string}\"},\"query-input\":\"required name=search_term_string\"}],\"inLanguage\":\"es\"}]}<\/script>\n<!-- \/ Yoast SEO plugin. -->","yoast_head_json":{"title":"Berro de Jard\u00edn - Semillas para brotes - productor de semillas - PremiumSeeds","description":"Berro de Jard\u00edn - Semillas para brotes semillas - directamente del productor de la marca Premium Seeds. Venta al por mayor y distribuci\u00f3n de semillas Berro de Jard\u00edn - Semillas para brotes","robots":{"index":"index","follow":"follow","max-snippet":"max-snippet:-1","max-image-preview":"max-image-preview:large","max-video-preview":"max-video-preview:-1"},"canonical":"https:\/\/premiumseeds.eu\/es\/produkt\/berro-de-jardin-semillas-para-brotes\/","og_locale":"es_ES","og_type":"article","og_title":"Berro de Jard\u00edn - Semillas para brotes - productor de semillas - PremiumSeeds","og_description":"Berro de Jard\u00edn - Semillas para brotes semillas - directamente del productor de la marca Premium Seeds. Venta al por mayor y distribuci\u00f3n de semillas Berro de Jard\u00edn - Semillas para brotes","og_url":"https:\/\/premiumseeds.eu\/es\/produkt\/berro-de-jardin-semillas-para-brotes\/","og_site_name":"PremiumSeeds","article_modified_time":"2023-06-19T06:44:53+00:00","og_image":[{"width":941,"height":1768,"url":"https:\/\/premiumseeds.eu\/wp-content\/uploads\/2022\/07\/Cress-SKW-4-22-139998_front-6.jpg","type":"image\/jpeg"}],"twitter_card":"summary_large_image","schema":{"@context":"https:\/\/schema.org","@graph":[{"@type":"WebPage","@id":"https:\/\/premiumseeds.eu\/es\/produkt\/berro-de-jardin-semillas-para-brotes\/","url":"https:\/\/premiumseeds.eu\/es\/produkt\/berro-de-jardin-semillas-para-brotes\/","name":"Berro de Jard\u00edn - Semillas para brotes - productor de semillas - PremiumSeeds","isPartOf":{"@id":"https:\/\/premiumseeds.eu\/es\/#website"},"datePublished":"2022-07-18T07:32:39+00:00","dateModified":"2023-06-19T06:44:53+00:00","description":"Berro de Jard\u00edn - Semillas para brotes semillas - directamente del productor de la marca Premium Seeds. Venta al por mayor y distribuci\u00f3n de semillas Berro de Jard\u00edn - Semillas para brotes","breadcrumb":{"@id":"https:\/\/premiumseeds.eu\/es\/produkt\/berro-de-jardin-semillas-para-brotes\/#breadcrumb"},"inLanguage":"es","potentialAction":[{"@type":"ReadAction","target":["https:\/\/premiumseeds.eu\/es\/produkt\/berro-de-jardin-semillas-para-brotes\/"]}]},{"@type":"BreadcrumbList","@id":"https:\/\/premiumseeds.eu\/es\/produkt\/berro-de-jardin-semillas-para-brotes\/#breadcrumb","itemListElement":[{"@type":"ListItem","position":1,"name":"Home","item":"https:\/\/premiumseeds.eu\/es\/"},{"@type":"ListItem","position":2,"name":"Semillas","item":"https:\/\/premiumseeds.eu\/es\/semillas\/"},{"@type":"ListItem","position":3,"name":"Berro de Jard\u00edn &#8211; Semillas para brotes"}]},{"@type":"WebSite","@id":"https:\/\/premiumseeds.eu\/es\/#website","url":"https:\/\/premiumseeds.eu\/es\/","name":"PremiumSeeds","description":"Top seeds producer","potentialAction":[{"@type":"SearchAction","target":{"@type":"EntryPoint","urlTemplate":"https:\/\/premiumseeds.eu\/es\/?s={search_term_string}"},"query-input":"required name=search_term_string"}],"inLanguage":"es"}]}},"_links":{"self":[{"href":"https:\/\/premiumseeds.eu\/es\/wp-json\/wp\/v2\/product\/35710","targetHints":{"allow":["GET"]}}],"collection":[{"href":"https:\/\/premiumseeds.eu\/es\/wp-json\/wp\/v2\/product"}],"about":[{"href":"https:\/\/premiumseeds.eu\/es\/wp-json\/wp\/v2\/types\/product"}],"wp:featuredmedia":[{"embeddable":true,"href":"https:\/\/premiumseeds.eu\/es\/wp-json\/wp\/v2\/media\/35711"}],"wp:attachment":[{"href":"https:\/\/premiumseeds.eu\/es\/wp-json\/wp\/v2\/media?parent=35710"}],"wp:term":[{"taxonomy":"product_cat","embeddable":true,"href":"https:\/\/premiumseeds.eu\/es\/wp-json\/wp\/v2\/product_cat?post=35710"},{"taxonomy":"product_tag","embeddable":true,"href":"https:\/\/premiumseeds.eu\/es\/wp-json\/wp\/v2\/product_tag?post=35710"}],"curies":[{"name":"wp","href":"https:\/\/api.w.org\/{rel}","templated":true}]}}