{"id":48452,"date":"2023-05-18T11:22:22","date_gmt":"2023-05-18T09:22:22","guid":{"rendered":"https:\/\/premiumseeds.eu\/?post_type=product&#038;p=48452"},"modified":"2023-05-18T11:22:23","modified_gmt":"2023-05-18T09:22:23","slug":"chirivia-medio-larga-blanca","status":"publish","type":"product","link":"https:\/\/premiumseeds.eu\/es\/produkt\/chirivia-medio-larga-blanca\/","title":{"rendered":"Chiriv\u00eda medio larga &#8211; Blanca"},"content":{"rendered":"","protected":false},"excerpt":{"rendered":"<p>Variedad tard\u00eda y productiva que produce ra\u00edces c\u00f3nicas de longitud media y carne blanca, arom\u00e1tica, suave y ligeramente dulce. A\u00f1\u00e1dala a ensaladas, sopas y pur\u00e9s. La chiriv\u00eda asada o al vapor complementa maravillosamente los platos.<br \/>\n<\/b><br \/>\n<strong>Chiriv\u00eda medio larga &#8211; Blanca &#8211; semillas <\/strong><br \/>\n<\/b><br \/>\n<strong>Profundidad de siembra:<\/strong> 2 cm<br \/>\n<strong>\u00c9poca de siembra en el exterior:<\/strong> abril &#8211; mayo<br \/>\n<strong>Espaciado: <\/strong> 25-40 x 5 cm<br \/>\n<strong>Cosecha:<\/strong> junio &#8211; noviembre<br \/>\n<\/b><br \/>\nUn paquete contiene 5 g de semillas.<\/p>\n","protected":false},"featured_media":48459,"template":"","meta":{"_monsterinsights_skip_tracking":false,"_monsterinsights_sitenote_active":false,"_monsterinsights_sitenote_note":"","_monsterinsights_sitenote_category":0},"product_cat":[1122,1123,1076],"product_tag":[3486],"class_list":["post-48452","product","type-product","status-publish","has-post-thumbnail","hentry","product_cat-semillas-de-otras-verduras","product_cat-semillas-de-perejil","product_cat-semillas-de-hortalizas","product_tag-chirivia-medio-larga-blanca-semillas"],"yoast_head":"<!-- This site is optimized with the Yoast SEO plugin v21.6 - https:\/\/yoast.com\/wordpress\/plugins\/seo\/ -->\n<title>Chiriv\u00eda medio larga - Blanca - productor de semillas - PremiumSeeds<\/title>\n<meta name=\"description\" content=\"Chiriv\u00eda medio larga - Blanca semillas - directamente del productor de la marca Premium Seeds. Venta al por mayor y distribuci\u00f3n de semillas Chiriv\u00eda medio larga - Blanca\" \/>\n<meta name=\"robots\" content=\"index, follow, max-snippet:-1, max-image-preview:large, max-video-preview:-1\" \/>\n<link rel=\"canonical\" href=\"https:\/\/premiumseeds.eu\/es\/produkt\/chirivia-medio-larga-blanca\/\" \/>\n<meta property=\"og:locale\" content=\"es_ES\" \/>\n<meta property=\"og:type\" content=\"article\" \/>\n<meta property=\"og:title\" content=\"Chiriv\u00eda medio larga - Blanca - productor de semillas - PremiumSeeds\" \/>\n<meta property=\"og:description\" content=\"Chiriv\u00eda medio larga - Blanca semillas - directamente del productor de la marca Premium Seeds. Venta al por mayor y distribuci\u00f3n de semillas Chiriv\u00eda medio larga - Blanca\" \/>\n<meta property=\"og:url\" content=\"https:\/\/premiumseeds.eu\/es\/produkt\/chirivia-medio-larga-blanca\/\" \/>\n<meta property=\"og:site_name\" content=\"PremiumSeeds\" \/>\n<meta property=\"article:modified_time\" content=\"2023-05-18T09:22:23+00:00\" \/>\n<meta property=\"og:image\" content=\"https:\/\/premiumseeds.eu\/wp-content\/uploads\/2023\/05\/WORLD-14014930PA_VS-4.jpg?v=1684401651\" \/>\n\t<meta property=\"og:image:width\" content=\"945\" \/>\n\t<meta property=\"og:image:height\" content=\"1772\" \/>\n\t<meta property=\"og:image:type\" content=\"image\/jpeg\" \/>\n<meta name=\"twitter:card\" content=\"summary_large_image\" \/>\n<script type=\"application\/ld+json\" class=\"yoast-schema-graph\">{\"@context\":\"https:\/\/schema.org\",\"@graph\":[{\"@type\":\"WebPage\",\"@id\":\"https:\/\/premiumseeds.eu\/es\/produkt\/chirivia-medio-larga-blanca\/\",\"url\":\"https:\/\/premiumseeds.eu\/es\/produkt\/chirivia-medio-larga-blanca\/\",\"name\":\"Chiriv\u00eda medio larga - Blanca - productor de semillas - PremiumSeeds\",\"isPartOf\":{\"@id\":\"https:\/\/premiumseeds.eu\/es\/#website\"},\"datePublished\":\"2023-05-18T09:22:22+00:00\",\"dateModified\":\"2023-05-18T09:22:23+00:00\",\"description\":\"Chiriv\u00eda medio larga - Blanca semillas - directamente del productor de la marca Premium Seeds. Venta al por mayor y distribuci\u00f3n de semillas Chiriv\u00eda medio larga - Blanca\",\"breadcrumb\":{\"@id\":\"https:\/\/premiumseeds.eu\/es\/produkt\/chirivia-medio-larga-blanca\/#breadcrumb\"},\"inLanguage\":\"es\",\"potentialAction\":[{\"@type\":\"ReadAction\",\"target\":[\"https:\/\/premiumseeds.eu\/es\/produkt\/chirivia-medio-larga-blanca\/\"]}]},{\"@type\":\"BreadcrumbList\",\"@id\":\"https:\/\/premiumseeds.eu\/es\/produkt\/chirivia-medio-larga-blanca\/#breadcrumb\",\"itemListElement\":[{\"@type\":\"ListItem\",\"position\":1,\"name\":\"Home\",\"item\":\"https:\/\/premiumseeds.eu\/es\/\"},{\"@type\":\"ListItem\",\"position\":2,\"name\":\"Semillas\",\"item\":\"https:\/\/premiumseeds.eu\/es\/semillas\/\"},{\"@type\":\"ListItem\",\"position\":3,\"name\":\"Chiriv\u00eda medio larga &#8211; Blanca\"}]},{\"@type\":\"WebSite\",\"@id\":\"https:\/\/premiumseeds.eu\/es\/#website\",\"url\":\"https:\/\/premiumseeds.eu\/es\/\",\"name\":\"PremiumSeeds\",\"description\":\"Top seeds producer\",\"potentialAction\":[{\"@type\":\"SearchAction\",\"target\":{\"@type\":\"EntryPoint\",\"urlTemplate\":\"https:\/\/premiumseeds.eu\/es\/?s={search_term_string}\"},\"query-input\":\"required name=search_term_string\"}],\"inLanguage\":\"es\"}]}<\/script>\n<!-- \/ Yoast SEO plugin. -->","yoast_head_json":{"title":"Chiriv\u00eda medio larga - Blanca - productor de semillas - PremiumSeeds","description":"Chiriv\u00eda medio larga - Blanca semillas - directamente del productor de la marca Premium Seeds. Venta al por mayor y distribuci\u00f3n de semillas Chiriv\u00eda medio larga - Blanca","robots":{"index":"index","follow":"follow","max-snippet":"max-snippet:-1","max-image-preview":"max-image-preview:large","max-video-preview":"max-video-preview:-1"},"canonical":"https:\/\/premiumseeds.eu\/es\/produkt\/chirivia-medio-larga-blanca\/","og_locale":"es_ES","og_type":"article","og_title":"Chiriv\u00eda medio larga - Blanca - productor de semillas - PremiumSeeds","og_description":"Chiriv\u00eda medio larga - Blanca semillas - directamente del productor de la marca Premium Seeds. Venta al por mayor y distribuci\u00f3n de semillas Chiriv\u00eda medio larga - Blanca","og_url":"https:\/\/premiumseeds.eu\/es\/produkt\/chirivia-medio-larga-blanca\/","og_site_name":"PremiumSeeds","article_modified_time":"2023-05-18T09:22:23+00:00","og_image":[{"width":945,"height":1772,"url":"https:\/\/premiumseeds.eu\/wp-content\/uploads\/2023\/05\/WORLD-14014930PA_VS-4.jpg?v=1684401651","type":"image\/jpeg"}],"twitter_card":"summary_large_image","schema":{"@context":"https:\/\/schema.org","@graph":[{"@type":"WebPage","@id":"https:\/\/premiumseeds.eu\/es\/produkt\/chirivia-medio-larga-blanca\/","url":"https:\/\/premiumseeds.eu\/es\/produkt\/chirivia-medio-larga-blanca\/","name":"Chiriv\u00eda medio larga - Blanca - productor de semillas - PremiumSeeds","isPartOf":{"@id":"https:\/\/premiumseeds.eu\/es\/#website"},"datePublished":"2023-05-18T09:22:22+00:00","dateModified":"2023-05-18T09:22:23+00:00","description":"Chiriv\u00eda medio larga - Blanca semillas - directamente del productor de la marca Premium Seeds. Venta al por mayor y distribuci\u00f3n de semillas Chiriv\u00eda medio larga - Blanca","breadcrumb":{"@id":"https:\/\/premiumseeds.eu\/es\/produkt\/chirivia-medio-larga-blanca\/#breadcrumb"},"inLanguage":"es","potentialAction":[{"@type":"ReadAction","target":["https:\/\/premiumseeds.eu\/es\/produkt\/chirivia-medio-larga-blanca\/"]}]},{"@type":"BreadcrumbList","@id":"https:\/\/premiumseeds.eu\/es\/produkt\/chirivia-medio-larga-blanca\/#breadcrumb","itemListElement":[{"@type":"ListItem","position":1,"name":"Home","item":"https:\/\/premiumseeds.eu\/es\/"},{"@type":"ListItem","position":2,"name":"Semillas","item":"https:\/\/premiumseeds.eu\/es\/semillas\/"},{"@type":"ListItem","position":3,"name":"Chiriv\u00eda medio larga &#8211; Blanca"}]},{"@type":"WebSite","@id":"https:\/\/premiumseeds.eu\/es\/#website","url":"https:\/\/premiumseeds.eu\/es\/","name":"PremiumSeeds","description":"Top seeds producer","potentialAction":[{"@type":"SearchAction","target":{"@type":"EntryPoint","urlTemplate":"https:\/\/premiumseeds.eu\/es\/?s={search_term_string}"},"query-input":"required name=search_term_string"}],"inLanguage":"es"}]}},"_links":{"self":[{"href":"https:\/\/premiumseeds.eu\/es\/wp-json\/wp\/v2\/product\/48452","targetHints":{"allow":["GET"]}}],"collection":[{"href":"https:\/\/premiumseeds.eu\/es\/wp-json\/wp\/v2\/product"}],"about":[{"href":"https:\/\/premiumseeds.eu\/es\/wp-json\/wp\/v2\/types\/product"}],"wp:featuredmedia":[{"embeddable":true,"href":"https:\/\/premiumseeds.eu\/es\/wp-json\/wp\/v2\/media\/48459"}],"wp:attachment":[{"href":"https:\/\/premiumseeds.eu\/es\/wp-json\/wp\/v2\/media?parent=48452"}],"wp:term":[{"taxonomy":"product_cat","embeddable":true,"href":"https:\/\/premiumseeds.eu\/es\/wp-json\/wp\/v2\/product_cat?post=48452"},{"taxonomy":"product_tag","embeddable":true,"href":"https:\/\/premiumseeds.eu\/es\/wp-json\/wp\/v2\/product_tag?post=48452"}],"curies":[{"name":"wp","href":"https:\/\/api.w.org\/{rel}","templated":true}]}}