{"id":48949,"date":"2023-05-18T15:11:20","date_gmt":"2023-05-18T13:11:20","guid":{"rendered":"https:\/\/premiumseeds.eu\/?post_type=product&#038;p=48949"},"modified":"2023-05-18T15:11:22","modified_gmt":"2023-05-18T13:11:22","slug":"zanahoria-lange-rote-stumpfe","status":"publish","type":"product","link":"https:\/\/premiumseeds.eu\/es\/produkt\/zanahoria-lange-rote-stumpfe\/","title":{"rendered":"Zanahoria &#8211; Lange rote stumpfe"},"content":{"rendered":"","protected":false},"excerpt":{"rendered":"<p>Variedad tard\u00eda y productiva que puede almacenarse durante el invierno. Produce ra\u00edces gruesas de hasta 24 cm de longitud. Pulpa naranja oscura, crujiente y dulce. Util\u00edcela para hacer zumos, ensaladas, sopas y en platos principales.<br \/>\n<\/b><br \/>\n<strong>Zanahoria &#8211; Lange rote stumpfe &#8211; semillas <\/strong><br \/>\n<\/b><br \/>\n<strong>Profundidad de siembra:<\/strong> 1 &#8211; 2 cm<br \/>\n<strong>\u00c9poca de siembra en el exterior:<\/strong> marzo &#8211; mayo<br \/>\n<strong>Espaciado: <\/strong> 20-30 x 2-3 cm<br \/>\n<strong>Cosecha:<\/strong> agosto &#8211; septiembre<br \/>\n<\/b><br \/>\nUn paquete contiene 5 g de semillas.<\/p>\n","protected":false},"featured_media":48956,"template":"","meta":{"_monsterinsights_skip_tracking":false,"_monsterinsights_sitenote_active":false,"_monsterinsights_sitenote_note":"","_monsterinsights_sitenote_category":0},"product_cat":[1076,1089],"product_tag":[3524],"class_list":["post-48949","product","type-product","status-publish","has-post-thumbnail","hentry","product_cat-semillas-de-hortalizas","product_cat-semillas-de-zanahoria","product_tag-zanahoria-lange-rote-stumpfe-semillas"],"yoast_head":"<!-- This site is optimized with the Yoast SEO plugin v21.6 - https:\/\/yoast.com\/wordpress\/plugins\/seo\/ -->\n<title>Zanahoria - Lange rote stumpfe - productor de semillas - PremiumSeeds<\/title>\n<meta name=\"description\" content=\"Zanahoria - Lange rote stumpfe semillas - directamente del productor de la marca Premium Seeds. Venta al por mayor y distribuci\u00f3n de semillas Zanahoria - Lange rote stumpfe\" \/>\n<meta name=\"robots\" content=\"index, follow, max-snippet:-1, max-image-preview:large, max-video-preview:-1\" \/>\n<link rel=\"canonical\" href=\"https:\/\/premiumseeds.eu\/es\/produkt\/zanahoria-lange-rote-stumpfe\/\" \/>\n<meta property=\"og:locale\" content=\"es_ES\" \/>\n<meta property=\"og:type\" content=\"article\" \/>\n<meta property=\"og:title\" content=\"Zanahoria - Lange rote stumpfe - productor de semillas - PremiumSeeds\" \/>\n<meta property=\"og:description\" content=\"Zanahoria - Lange rote stumpfe semillas - directamente del productor de la marca Premium Seeds. Venta al por mayor y distribuci\u00f3n de semillas Zanahoria - Lange rote stumpfe\" \/>\n<meta property=\"og:url\" content=\"https:\/\/premiumseeds.eu\/es\/produkt\/zanahoria-lange-rote-stumpfe\/\" \/>\n<meta property=\"og:site_name\" content=\"PremiumSeeds\" \/>\n<meta property=\"article:modified_time\" content=\"2023-05-18T13:11:22+00:00\" \/>\n<meta property=\"og:image\" content=\"https:\/\/premiumseeds.eu\/wp-content\/uploads\/2023\/05\/WORLD-N-171-0026_VS-4.jpg?v=1684415438\" \/>\n\t<meta property=\"og:image:width\" content=\"945\" \/>\n\t<meta property=\"og:image:height\" content=\"1772\" \/>\n\t<meta property=\"og:image:type\" content=\"image\/jpeg\" \/>\n<meta name=\"twitter:card\" content=\"summary_large_image\" \/>\n<script type=\"application\/ld+json\" class=\"yoast-schema-graph\">{\"@context\":\"https:\/\/schema.org\",\"@graph\":[{\"@type\":\"WebPage\",\"@id\":\"https:\/\/premiumseeds.eu\/es\/produkt\/zanahoria-lange-rote-stumpfe\/\",\"url\":\"https:\/\/premiumseeds.eu\/es\/produkt\/zanahoria-lange-rote-stumpfe\/\",\"name\":\"Zanahoria - Lange rote stumpfe - productor de semillas - PremiumSeeds\",\"isPartOf\":{\"@id\":\"https:\/\/premiumseeds.eu\/es\/#website\"},\"datePublished\":\"2023-05-18T13:11:20+00:00\",\"dateModified\":\"2023-05-18T13:11:22+00:00\",\"description\":\"Zanahoria - Lange rote stumpfe semillas - directamente del productor de la marca Premium Seeds. Venta al por mayor y distribuci\u00f3n de semillas Zanahoria - Lange rote stumpfe\",\"breadcrumb\":{\"@id\":\"https:\/\/premiumseeds.eu\/es\/produkt\/zanahoria-lange-rote-stumpfe\/#breadcrumb\"},\"inLanguage\":\"es\",\"potentialAction\":[{\"@type\":\"ReadAction\",\"target\":[\"https:\/\/premiumseeds.eu\/es\/produkt\/zanahoria-lange-rote-stumpfe\/\"]}]},{\"@type\":\"BreadcrumbList\",\"@id\":\"https:\/\/premiumseeds.eu\/es\/produkt\/zanahoria-lange-rote-stumpfe\/#breadcrumb\",\"itemListElement\":[{\"@type\":\"ListItem\",\"position\":1,\"name\":\"Home\",\"item\":\"https:\/\/premiumseeds.eu\/es\/\"},{\"@type\":\"ListItem\",\"position\":2,\"name\":\"Semillas\",\"item\":\"https:\/\/premiumseeds.eu\/es\/semillas\/\"},{\"@type\":\"ListItem\",\"position\":3,\"name\":\"Zanahoria &#8211; Lange rote stumpfe\"}]},{\"@type\":\"WebSite\",\"@id\":\"https:\/\/premiumseeds.eu\/es\/#website\",\"url\":\"https:\/\/premiumseeds.eu\/es\/\",\"name\":\"PremiumSeeds\",\"description\":\"Top seeds producer\",\"potentialAction\":[{\"@type\":\"SearchAction\",\"target\":{\"@type\":\"EntryPoint\",\"urlTemplate\":\"https:\/\/premiumseeds.eu\/es\/?s={search_term_string}\"},\"query-input\":\"required name=search_term_string\"}],\"inLanguage\":\"es\"}]}<\/script>\n<!-- \/ Yoast SEO plugin. -->","yoast_head_json":{"title":"Zanahoria - Lange rote stumpfe - productor de semillas - PremiumSeeds","description":"Zanahoria - Lange rote stumpfe semillas - directamente del productor de la marca Premium Seeds. Venta al por mayor y distribuci\u00f3n de semillas Zanahoria - Lange rote stumpfe","robots":{"index":"index","follow":"follow","max-snippet":"max-snippet:-1","max-image-preview":"max-image-preview:large","max-video-preview":"max-video-preview:-1"},"canonical":"https:\/\/premiumseeds.eu\/es\/produkt\/zanahoria-lange-rote-stumpfe\/","og_locale":"es_ES","og_type":"article","og_title":"Zanahoria - Lange rote stumpfe - productor de semillas - PremiumSeeds","og_description":"Zanahoria - Lange rote stumpfe semillas - directamente del productor de la marca Premium Seeds. Venta al por mayor y distribuci\u00f3n de semillas Zanahoria - Lange rote stumpfe","og_url":"https:\/\/premiumseeds.eu\/es\/produkt\/zanahoria-lange-rote-stumpfe\/","og_site_name":"PremiumSeeds","article_modified_time":"2023-05-18T13:11:22+00:00","og_image":[{"width":945,"height":1772,"url":"https:\/\/premiumseeds.eu\/wp-content\/uploads\/2023\/05\/WORLD-N-171-0026_VS-4.jpg?v=1684415438","type":"image\/jpeg"}],"twitter_card":"summary_large_image","schema":{"@context":"https:\/\/schema.org","@graph":[{"@type":"WebPage","@id":"https:\/\/premiumseeds.eu\/es\/produkt\/zanahoria-lange-rote-stumpfe\/","url":"https:\/\/premiumseeds.eu\/es\/produkt\/zanahoria-lange-rote-stumpfe\/","name":"Zanahoria - Lange rote stumpfe - productor de semillas - PremiumSeeds","isPartOf":{"@id":"https:\/\/premiumseeds.eu\/es\/#website"},"datePublished":"2023-05-18T13:11:20+00:00","dateModified":"2023-05-18T13:11:22+00:00","description":"Zanahoria - Lange rote stumpfe semillas - directamente del productor de la marca Premium Seeds. Venta al por mayor y distribuci\u00f3n de semillas Zanahoria - Lange rote stumpfe","breadcrumb":{"@id":"https:\/\/premiumseeds.eu\/es\/produkt\/zanahoria-lange-rote-stumpfe\/#breadcrumb"},"inLanguage":"es","potentialAction":[{"@type":"ReadAction","target":["https:\/\/premiumseeds.eu\/es\/produkt\/zanahoria-lange-rote-stumpfe\/"]}]},{"@type":"BreadcrumbList","@id":"https:\/\/premiumseeds.eu\/es\/produkt\/zanahoria-lange-rote-stumpfe\/#breadcrumb","itemListElement":[{"@type":"ListItem","position":1,"name":"Home","item":"https:\/\/premiumseeds.eu\/es\/"},{"@type":"ListItem","position":2,"name":"Semillas","item":"https:\/\/premiumseeds.eu\/es\/semillas\/"},{"@type":"ListItem","position":3,"name":"Zanahoria &#8211; Lange rote stumpfe"}]},{"@type":"WebSite","@id":"https:\/\/premiumseeds.eu\/es\/#website","url":"https:\/\/premiumseeds.eu\/es\/","name":"PremiumSeeds","description":"Top seeds producer","potentialAction":[{"@type":"SearchAction","target":{"@type":"EntryPoint","urlTemplate":"https:\/\/premiumseeds.eu\/es\/?s={search_term_string}"},"query-input":"required name=search_term_string"}],"inLanguage":"es"}]}},"_links":{"self":[{"href":"https:\/\/premiumseeds.eu\/es\/wp-json\/wp\/v2\/product\/48949","targetHints":{"allow":["GET"]}}],"collection":[{"href":"https:\/\/premiumseeds.eu\/es\/wp-json\/wp\/v2\/product"}],"about":[{"href":"https:\/\/premiumseeds.eu\/es\/wp-json\/wp\/v2\/types\/product"}],"wp:featuredmedia":[{"embeddable":true,"href":"https:\/\/premiumseeds.eu\/es\/wp-json\/wp\/v2\/media\/48956"}],"wp:attachment":[{"href":"https:\/\/premiumseeds.eu\/es\/wp-json\/wp\/v2\/media?parent=48949"}],"wp:term":[{"taxonomy":"product_cat","embeddable":true,"href":"https:\/\/premiumseeds.eu\/es\/wp-json\/wp\/v2\/product_cat?post=48949"},{"taxonomy":"product_tag","embeddable":true,"href":"https:\/\/premiumseeds.eu\/es\/wp-json\/wp\/v2\/product_tag?post=48949"}],"curies":[{"name":"wp","href":"https:\/\/api.w.org\/{rel}","templated":true}]}}