{"id":48962,"date":"2023-05-18T15:15:48","date_gmt":"2023-05-18T13:15:48","guid":{"rendered":"https:\/\/premiumseeds.eu\/?post_type=product&#038;p=48962"},"modified":"2023-05-18T15:15:50","modified_gmt":"2023-05-18T13:15:50","slug":"seleccion-de-hierbas-hierbas-italianas","status":"publish","type":"product","link":"https:\/\/premiumseeds.eu\/es\/produkt\/seleccion-de-hierbas-hierbas-italianas\/","title":{"rendered":"Selecci\u00f3n de hierbas &#8211; Hierbas Italianas"},"content":{"rendered":"","protected":false},"excerpt":{"rendered":"<p>Selecci\u00f3n de hierbas t\u00edpicas de la cocina italiana. Util\u00edcela fresca o seca. Esta mezcla de hierbas arom\u00e1ticas permite sazonar sopas, carnes y verduras.<br \/>\n<\/b><br \/>\n<strong>Selecci\u00f3n de hierbas &#8211; Hierbas Italianas &#8211; semillas <\/strong><br \/>\n<\/b><br \/>\n<strong>Profundidad de siembra:<\/strong> 0,5 &#8211; 1 cm<br \/>\n<strong>\u00c9poca de siembra en invernaderos:<\/strong> marzo<br \/>\n<strong>\u00c9poca de siembra en el exterior:<\/strong> abril &#8211; mayo<br \/>\n<strong>\u00c9poca de siembra de las pl\u00e1ntulas en el exterior:<\/strong> mayo<br \/>\n<strong>Espaciado: <\/strong> 30 x 20 cm<br \/>\n<strong>Cosecha:<\/strong> julio &#8211; septiembre<br \/>\n<\/b><br \/>\nUn paquete contiene 1 g de semillas.<\/p>\n","protected":false},"featured_media":48969,"template":"","meta":{"_monsterinsights_skip_tracking":false,"_monsterinsights_sitenote_active":false,"_monsterinsights_sitenote_note":"","_monsterinsights_sitenote_category":0},"product_cat":[1052,1066,1068,1073,1054],"product_tag":[3525],"class_list":["post-48962","product","type-product","status-publish","has-post-thumbnail","hentry","product_cat-semillas-de-hierbas-aromaticas","product_cat-semillas-de-oregano","product_cat-semillas-de-otras-hierbas","product_cat-semillas-de-tomillo","product_cat-semillas-de-albahaca","product_tag-seleccion-de-hierbas-hierbas-italianas-semillas"],"yoast_head":"<!-- This site is optimized with the Yoast SEO plugin v21.6 - https:\/\/yoast.com\/wordpress\/plugins\/seo\/ -->\n<title>Selecci\u00f3n de hierbas - Hierbas Italianas - productor de semillas - PremiumSeeds<\/title>\n<meta name=\"description\" content=\"Selecci\u00f3n de hierbas - Hierbas Italianas semillas - directamente del productor de la marca Premium Seeds. Venta al por mayor y distribuci\u00f3n de semillas Selecci\u00f3n de hierbas - Hierbas Italianas\" \/>\n<meta name=\"robots\" content=\"index, follow, max-snippet:-1, max-image-preview:large, max-video-preview:-1\" \/>\n<link rel=\"canonical\" href=\"https:\/\/premiumseeds.eu\/es\/produkt\/seleccion-de-hierbas-hierbas-italianas\/\" \/>\n<meta property=\"og:locale\" content=\"es_ES\" \/>\n<meta property=\"og:type\" content=\"article\" \/>\n<meta property=\"og:title\" content=\"Selecci\u00f3n de hierbas - Hierbas Italianas - productor de semillas - PremiumSeeds\" \/>\n<meta property=\"og:description\" content=\"Selecci\u00f3n de hierbas - Hierbas Italianas semillas - directamente del productor de la marca Premium Seeds. Venta al por mayor y distribuci\u00f3n de semillas Selecci\u00f3n de hierbas - Hierbas Italianas\" \/>\n<meta property=\"og:url\" content=\"https:\/\/premiumseeds.eu\/es\/produkt\/seleccion-de-hierbas-hierbas-italianas\/\" \/>\n<meta property=\"og:site_name\" content=\"PremiumSeeds\" \/>\n<meta property=\"article:modified_time\" content=\"2023-05-18T13:15:50+00:00\" \/>\n<meta property=\"og:image\" content=\"https:\/\/premiumseeds.eu\/wp-content\/uploads\/2023\/05\/WORLD-N-171-3089_VS-4.jpg?v=1684415703\" \/>\n\t<meta property=\"og:image:width\" content=\"945\" \/>\n\t<meta property=\"og:image:height\" content=\"1772\" \/>\n\t<meta property=\"og:image:type\" content=\"image\/jpeg\" \/>\n<meta name=\"twitter:card\" content=\"summary_large_image\" \/>\n<script type=\"application\/ld+json\" class=\"yoast-schema-graph\">{\"@context\":\"https:\/\/schema.org\",\"@graph\":[{\"@type\":\"WebPage\",\"@id\":\"https:\/\/premiumseeds.eu\/es\/produkt\/seleccion-de-hierbas-hierbas-italianas\/\",\"url\":\"https:\/\/premiumseeds.eu\/es\/produkt\/seleccion-de-hierbas-hierbas-italianas\/\",\"name\":\"Selecci\u00f3n de hierbas - Hierbas Italianas - productor de semillas - PremiumSeeds\",\"isPartOf\":{\"@id\":\"https:\/\/premiumseeds.eu\/es\/#website\"},\"datePublished\":\"2023-05-18T13:15:48+00:00\",\"dateModified\":\"2023-05-18T13:15:50+00:00\",\"description\":\"Selecci\u00f3n de hierbas - Hierbas Italianas semillas - directamente del productor de la marca Premium Seeds. Venta al por mayor y distribuci\u00f3n de semillas Selecci\u00f3n de hierbas - Hierbas Italianas\",\"breadcrumb\":{\"@id\":\"https:\/\/premiumseeds.eu\/es\/produkt\/seleccion-de-hierbas-hierbas-italianas\/#breadcrumb\"},\"inLanguage\":\"es\",\"potentialAction\":[{\"@type\":\"ReadAction\",\"target\":[\"https:\/\/premiumseeds.eu\/es\/produkt\/seleccion-de-hierbas-hierbas-italianas\/\"]}]},{\"@type\":\"BreadcrumbList\",\"@id\":\"https:\/\/premiumseeds.eu\/es\/produkt\/seleccion-de-hierbas-hierbas-italianas\/#breadcrumb\",\"itemListElement\":[{\"@type\":\"ListItem\",\"position\":1,\"name\":\"Home\",\"item\":\"https:\/\/premiumseeds.eu\/es\/\"},{\"@type\":\"ListItem\",\"position\":2,\"name\":\"Semillas\",\"item\":\"https:\/\/premiumseeds.eu\/es\/semillas\/\"},{\"@type\":\"ListItem\",\"position\":3,\"name\":\"Selecci\u00f3n de hierbas &#8211; Hierbas Italianas\"}]},{\"@type\":\"WebSite\",\"@id\":\"https:\/\/premiumseeds.eu\/es\/#website\",\"url\":\"https:\/\/premiumseeds.eu\/es\/\",\"name\":\"PremiumSeeds\",\"description\":\"Top seeds producer\",\"potentialAction\":[{\"@type\":\"SearchAction\",\"target\":{\"@type\":\"EntryPoint\",\"urlTemplate\":\"https:\/\/premiumseeds.eu\/es\/?s={search_term_string}\"},\"query-input\":\"required name=search_term_string\"}],\"inLanguage\":\"es\"}]}<\/script>\n<!-- \/ Yoast SEO plugin. -->","yoast_head_json":{"title":"Selecci\u00f3n de hierbas - Hierbas Italianas - productor de semillas - PremiumSeeds","description":"Selecci\u00f3n de hierbas - Hierbas Italianas semillas - directamente del productor de la marca Premium Seeds. Venta al por mayor y distribuci\u00f3n de semillas Selecci\u00f3n de hierbas - Hierbas Italianas","robots":{"index":"index","follow":"follow","max-snippet":"max-snippet:-1","max-image-preview":"max-image-preview:large","max-video-preview":"max-video-preview:-1"},"canonical":"https:\/\/premiumseeds.eu\/es\/produkt\/seleccion-de-hierbas-hierbas-italianas\/","og_locale":"es_ES","og_type":"article","og_title":"Selecci\u00f3n de hierbas - Hierbas Italianas - productor de semillas - PremiumSeeds","og_description":"Selecci\u00f3n de hierbas - Hierbas Italianas semillas - directamente del productor de la marca Premium Seeds. Venta al por mayor y distribuci\u00f3n de semillas Selecci\u00f3n de hierbas - Hierbas Italianas","og_url":"https:\/\/premiumseeds.eu\/es\/produkt\/seleccion-de-hierbas-hierbas-italianas\/","og_site_name":"PremiumSeeds","article_modified_time":"2023-05-18T13:15:50+00:00","og_image":[{"width":945,"height":1772,"url":"https:\/\/premiumseeds.eu\/wp-content\/uploads\/2023\/05\/WORLD-N-171-3089_VS-4.jpg?v=1684415703","type":"image\/jpeg"}],"twitter_card":"summary_large_image","schema":{"@context":"https:\/\/schema.org","@graph":[{"@type":"WebPage","@id":"https:\/\/premiumseeds.eu\/es\/produkt\/seleccion-de-hierbas-hierbas-italianas\/","url":"https:\/\/premiumseeds.eu\/es\/produkt\/seleccion-de-hierbas-hierbas-italianas\/","name":"Selecci\u00f3n de hierbas - Hierbas Italianas - productor de semillas - PremiumSeeds","isPartOf":{"@id":"https:\/\/premiumseeds.eu\/es\/#website"},"datePublished":"2023-05-18T13:15:48+00:00","dateModified":"2023-05-18T13:15:50+00:00","description":"Selecci\u00f3n de hierbas - Hierbas Italianas semillas - directamente del productor de la marca Premium Seeds. Venta al por mayor y distribuci\u00f3n de semillas Selecci\u00f3n de hierbas - Hierbas Italianas","breadcrumb":{"@id":"https:\/\/premiumseeds.eu\/es\/produkt\/seleccion-de-hierbas-hierbas-italianas\/#breadcrumb"},"inLanguage":"es","potentialAction":[{"@type":"ReadAction","target":["https:\/\/premiumseeds.eu\/es\/produkt\/seleccion-de-hierbas-hierbas-italianas\/"]}]},{"@type":"BreadcrumbList","@id":"https:\/\/premiumseeds.eu\/es\/produkt\/seleccion-de-hierbas-hierbas-italianas\/#breadcrumb","itemListElement":[{"@type":"ListItem","position":1,"name":"Home","item":"https:\/\/premiumseeds.eu\/es\/"},{"@type":"ListItem","position":2,"name":"Semillas","item":"https:\/\/premiumseeds.eu\/es\/semillas\/"},{"@type":"ListItem","position":3,"name":"Selecci\u00f3n de hierbas &#8211; Hierbas Italianas"}]},{"@type":"WebSite","@id":"https:\/\/premiumseeds.eu\/es\/#website","url":"https:\/\/premiumseeds.eu\/es\/","name":"PremiumSeeds","description":"Top seeds producer","potentialAction":[{"@type":"SearchAction","target":{"@type":"EntryPoint","urlTemplate":"https:\/\/premiumseeds.eu\/es\/?s={search_term_string}"},"query-input":"required name=search_term_string"}],"inLanguage":"es"}]}},"_links":{"self":[{"href":"https:\/\/premiumseeds.eu\/es\/wp-json\/wp\/v2\/product\/48962","targetHints":{"allow":["GET"]}}],"collection":[{"href":"https:\/\/premiumseeds.eu\/es\/wp-json\/wp\/v2\/product"}],"about":[{"href":"https:\/\/premiumseeds.eu\/es\/wp-json\/wp\/v2\/types\/product"}],"wp:featuredmedia":[{"embeddable":true,"href":"https:\/\/premiumseeds.eu\/es\/wp-json\/wp\/v2\/media\/48969"}],"wp:attachment":[{"href":"https:\/\/premiumseeds.eu\/es\/wp-json\/wp\/v2\/media?parent=48962"}],"wp:term":[{"taxonomy":"product_cat","embeddable":true,"href":"https:\/\/premiumseeds.eu\/es\/wp-json\/wp\/v2\/product_cat?post=48962"},{"taxonomy":"product_tag","embeddable":true,"href":"https:\/\/premiumseeds.eu\/es\/wp-json\/wp\/v2\/product_tag?post=48962"}],"curies":[{"name":"wp","href":"https:\/\/api.w.org\/{rel}","templated":true}]}}