{"id":56121,"date":"2023-06-23T09:26:49","date_gmt":"2023-06-23T07:26:49","guid":{"rendered":"https:\/\/premiumseeds.eu\/?post_type=product&#038;p=56121"},"modified":"2023-06-23T12:35:51","modified_gmt":"2023-06-23T10:35:51","slug":"verdolaga-variada","status":"publish","type":"product","link":"https:\/\/premiumseeds.eu\/es\/produkt\/verdolaga-variada\/","title":{"rendered":"Verdolaga Variada"},"content":{"rendered":"","protected":false},"excerpt":{"rendered":"<p>Planta anual y rastrera que no supera los 10 o 20 cm de altura. Produce hojas peque\u00f1as, cil\u00edndricas y carnosas. Las flores, grandes y sencillas, pueden adoptar una gran variedad de colores. Para bordes, c\u00e9spedes, jardines de rocas, macetas y jardineras en un balc\u00f3n.<br \/>\n<\/b><br \/>\n<strong>Verdolaga Variada &#8211; semillas <\/strong><br \/>\n<\/b><br \/>\n<strong>Profundidad de siembra:<\/strong> 0,3 cm<br \/>\n<strong>\u00c9poca de siembra en invernaderos:<\/strong> marzo &#8211; abril<br \/>\n<strong>\u00c9poca de siembra en el exterior:<\/strong> abril &#8211; mayo<br \/>\n<strong>\u00c9poca de siembra de las pl\u00e1ntulas en el exterior:<\/strong> mayo<br \/>\n<strong>Espaciado: <\/strong> 15 x 20 cm<br \/>\n<strong>\u00c9poca de floraci\u00f3n:<\/strong> julio &#8211; septiembre<br \/>\n<\/b><br \/>\nUn paquete contiene 0,5 g de semillas.<\/p>\n","protected":false},"featured_media":56128,"template":"","meta":{"_monsterinsights_skip_tracking":false,"_monsterinsights_sitenote_active":false,"_monsterinsights_sitenote_note":"","_monsterinsights_sitenote_category":0},"product_cat":[2360,1178,1250,1251],"product_tag":[4066],"class_list":["post-56121","product","type-product","status-publish","has-post-thumbnail","hentry","product_cat-mezclas-de-semillas-de-flores","product_cat-semillas-de-flores-para-jardin","product_cat-semillas-de-flores-para-macetas","product_cat-semillas-de-plantas-para-jardin-de-rocas","product_tag-verdolaga-variada-semillas"],"yoast_head":"<!-- This site is optimized with the Yoast SEO plugin v21.6 - https:\/\/yoast.com\/wordpress\/plugins\/seo\/ -->\n<title>Verdolaga Variada - productor de semillas - PremiumSeeds<\/title>\n<meta name=\"description\" content=\"Verdolaga Variada semillas - directamente del productor de la marca Premium Seeds. Venta al por mayor y distribuci\u00f3n de semillas Verdolaga Variada\" \/>\n<meta name=\"robots\" content=\"index, follow, max-snippet:-1, max-image-preview:large, max-video-preview:-1\" \/>\n<link rel=\"canonical\" href=\"https:\/\/premiumseeds.eu\/es\/produkt\/verdolaga-variada\/\" \/>\n<meta property=\"og:locale\" content=\"es_ES\" \/>\n<meta property=\"og:type\" content=\"article\" \/>\n<meta property=\"og:title\" content=\"Verdolaga Variada - productor de semillas - PremiumSeeds\" \/>\n<meta property=\"og:description\" content=\"Verdolaga Variada semillas - directamente del productor de la marca Premium Seeds. Venta al por mayor y distribuci\u00f3n de semillas Verdolaga Variada\" \/>\n<meta property=\"og:url\" content=\"https:\/\/premiumseeds.eu\/es\/produkt\/verdolaga-variada\/\" \/>\n<meta property=\"og:site_name\" content=\"PremiumSeeds\" \/>\n<meta property=\"article:modified_time\" content=\"2023-06-23T10:35:51+00:00\" \/>\n<meta property=\"og:image\" content=\"https:\/\/premiumseeds.eu\/wp-content\/uploads\/2023\/06\/WORLD-13014252FM_VS-2-546x1024.jpg\" \/>\n\t<meta property=\"og:image:width\" content=\"546\" \/>\n\t<meta property=\"og:image:height\" content=\"1024\" \/>\n\t<meta property=\"og:image:type\" content=\"image\/jpeg\" \/>\n<meta name=\"twitter:card\" content=\"summary_large_image\" \/>\n<script type=\"application\/ld+json\" class=\"yoast-schema-graph\">{\"@context\":\"https:\/\/schema.org\",\"@graph\":[{\"@type\":\"WebPage\",\"@id\":\"https:\/\/premiumseeds.eu\/es\/produkt\/verdolaga-variada\/\",\"url\":\"https:\/\/premiumseeds.eu\/es\/produkt\/verdolaga-variada\/\",\"name\":\"Verdolaga Variada - productor de semillas - PremiumSeeds\",\"isPartOf\":{\"@id\":\"https:\/\/premiumseeds.eu\/es\/#website\"},\"datePublished\":\"2023-06-23T07:26:49+00:00\",\"dateModified\":\"2023-06-23T10:35:51+00:00\",\"description\":\"Verdolaga Variada semillas - directamente del productor de la marca Premium Seeds. Venta al por mayor y distribuci\u00f3n de semillas Verdolaga Variada\",\"breadcrumb\":{\"@id\":\"https:\/\/premiumseeds.eu\/es\/produkt\/verdolaga-variada\/#breadcrumb\"},\"inLanguage\":\"es\",\"potentialAction\":[{\"@type\":\"ReadAction\",\"target\":[\"https:\/\/premiumseeds.eu\/es\/produkt\/verdolaga-variada\/\"]}]},{\"@type\":\"BreadcrumbList\",\"@id\":\"https:\/\/premiumseeds.eu\/es\/produkt\/verdolaga-variada\/#breadcrumb\",\"itemListElement\":[{\"@type\":\"ListItem\",\"position\":1,\"name\":\"Home\",\"item\":\"https:\/\/premiumseeds.eu\/es\/\"},{\"@type\":\"ListItem\",\"position\":2,\"name\":\"Semillas\",\"item\":\"https:\/\/premiumseeds.eu\/es\/semillas\/\"},{\"@type\":\"ListItem\",\"position\":3,\"name\":\"Verdolaga Variada\"}]},{\"@type\":\"WebSite\",\"@id\":\"https:\/\/premiumseeds.eu\/es\/#website\",\"url\":\"https:\/\/premiumseeds.eu\/es\/\",\"name\":\"PremiumSeeds\",\"description\":\"Top seeds producer\",\"potentialAction\":[{\"@type\":\"SearchAction\",\"target\":{\"@type\":\"EntryPoint\",\"urlTemplate\":\"https:\/\/premiumseeds.eu\/es\/?s={search_term_string}\"},\"query-input\":\"required name=search_term_string\"}],\"inLanguage\":\"es\"}]}<\/script>\n<!-- \/ Yoast SEO plugin. -->","yoast_head_json":{"title":"Verdolaga Variada - productor de semillas - PremiumSeeds","description":"Verdolaga Variada semillas - directamente del productor de la marca Premium Seeds. Venta al por mayor y distribuci\u00f3n de semillas Verdolaga Variada","robots":{"index":"index","follow":"follow","max-snippet":"max-snippet:-1","max-image-preview":"max-image-preview:large","max-video-preview":"max-video-preview:-1"},"canonical":"https:\/\/premiumseeds.eu\/es\/produkt\/verdolaga-variada\/","og_locale":"es_ES","og_type":"article","og_title":"Verdolaga Variada - productor de semillas - PremiumSeeds","og_description":"Verdolaga Variada semillas - directamente del productor de la marca Premium Seeds. Venta al por mayor y distribuci\u00f3n de semillas Verdolaga Variada","og_url":"https:\/\/premiumseeds.eu\/es\/produkt\/verdolaga-variada\/","og_site_name":"PremiumSeeds","article_modified_time":"2023-06-23T10:35:51+00:00","og_image":[{"width":546,"height":1024,"url":"https:\/\/premiumseeds.eu\/wp-content\/uploads\/2023\/06\/WORLD-13014252FM_VS-2-546x1024.jpg","type":"image\/jpeg"}],"twitter_card":"summary_large_image","schema":{"@context":"https:\/\/schema.org","@graph":[{"@type":"WebPage","@id":"https:\/\/premiumseeds.eu\/es\/produkt\/verdolaga-variada\/","url":"https:\/\/premiumseeds.eu\/es\/produkt\/verdolaga-variada\/","name":"Verdolaga Variada - productor de semillas - PremiumSeeds","isPartOf":{"@id":"https:\/\/premiumseeds.eu\/es\/#website"},"datePublished":"2023-06-23T07:26:49+00:00","dateModified":"2023-06-23T10:35:51+00:00","description":"Verdolaga Variada semillas - directamente del productor de la marca Premium Seeds. Venta al por mayor y distribuci\u00f3n de semillas Verdolaga Variada","breadcrumb":{"@id":"https:\/\/premiumseeds.eu\/es\/produkt\/verdolaga-variada\/#breadcrumb"},"inLanguage":"es","potentialAction":[{"@type":"ReadAction","target":["https:\/\/premiumseeds.eu\/es\/produkt\/verdolaga-variada\/"]}]},{"@type":"BreadcrumbList","@id":"https:\/\/premiumseeds.eu\/es\/produkt\/verdolaga-variada\/#breadcrumb","itemListElement":[{"@type":"ListItem","position":1,"name":"Home","item":"https:\/\/premiumseeds.eu\/es\/"},{"@type":"ListItem","position":2,"name":"Semillas","item":"https:\/\/premiumseeds.eu\/es\/semillas\/"},{"@type":"ListItem","position":3,"name":"Verdolaga Variada"}]},{"@type":"WebSite","@id":"https:\/\/premiumseeds.eu\/es\/#website","url":"https:\/\/premiumseeds.eu\/es\/","name":"PremiumSeeds","description":"Top seeds producer","potentialAction":[{"@type":"SearchAction","target":{"@type":"EntryPoint","urlTemplate":"https:\/\/premiumseeds.eu\/es\/?s={search_term_string}"},"query-input":"required name=search_term_string"}],"inLanguage":"es"}]}},"_links":{"self":[{"href":"https:\/\/premiumseeds.eu\/es\/wp-json\/wp\/v2\/product\/56121","targetHints":{"allow":["GET"]}}],"collection":[{"href":"https:\/\/premiumseeds.eu\/es\/wp-json\/wp\/v2\/product"}],"about":[{"href":"https:\/\/premiumseeds.eu\/es\/wp-json\/wp\/v2\/types\/product"}],"wp:featuredmedia":[{"embeddable":true,"href":"https:\/\/premiumseeds.eu\/es\/wp-json\/wp\/v2\/media\/56128"}],"wp:attachment":[{"href":"https:\/\/premiumseeds.eu\/es\/wp-json\/wp\/v2\/media?parent=56121"}],"wp:term":[{"taxonomy":"product_cat","embeddable":true,"href":"https:\/\/premiumseeds.eu\/es\/wp-json\/wp\/v2\/product_cat?post=56121"},{"taxonomy":"product_tag","embeddable":true,"href":"https:\/\/premiumseeds.eu\/es\/wp-json\/wp\/v2\/product_tag?post=56121"}],"curies":[{"name":"wp","href":"https:\/\/api.w.org\/{rel}","templated":true}]}}