{"id":56485,"date":"2023-06-27T09:40:33","date_gmt":"2023-06-27T07:40:33","guid":{"rendered":"https:\/\/premiumseeds.eu\/?post_type=product&#038;p=56485"},"modified":"2023-06-27T09:40:34","modified_gmt":"2023-06-27T07:40:34","slug":"mijo-violeta","status":"publish","type":"product","link":"https:\/\/premiumseeds.eu\/es\/produkt\/mijo-violeta\/","title":{"rendered":"Mijo Violeta"},"content":{"rendered":"","protected":false},"excerpt":{"rendered":"<p>Hierba anual que crece de 70 a 100 cm de altura. Forma grandes matas que se transforman r\u00e1pidamente en praderas. Pan\u00edculas sueltas de color verde claro al principio, que se vuelven lentamente p\u00farpura, decoran la planta. Para parterres y ramos secos.<br \/>\n<\/b><br \/>\n<strong>Mijo Violeta &#8211; semillas<\/strong><br \/>\n<\/b><br \/>\n<strong>Profundidad de siembra:<\/strong> 0,5 cm<br \/>\n<strong>\u00c9poca de siembra en el exterior:<\/strong> abril &#8211; mayo<br \/>\n<strong>Espaciado: <\/strong> 20 x 30 cm<br \/>\n<strong>\u00c9poca  de floraci\u00f3n:<\/strong> junio &#8211; octubre<br \/>\n<\/b><br \/>\nUn paquete contiene 4 g de semillas.<\/p>\n","protected":false},"featured_media":56492,"template":"","meta":{"_monsterinsights_skip_tracking":false,"_monsterinsights_sitenote_active":false,"_monsterinsights_sitenote_note":"","_monsterinsights_sitenote_category":0},"product_cat":[1178,1248],"product_tag":[4094],"class_list":["post-56485","product","type-product","status-publish","has-post-thumbnail","hentry","product_cat-semillas-de-flores-para-jardin","product_cat-semillas-de-gramineas-ornamentales","product_tag-mijo-violeta-semillas"],"yoast_head":"<!-- This site is optimized with the Yoast SEO plugin v21.6 - https:\/\/yoast.com\/wordpress\/plugins\/seo\/ -->\n<title>Mijo Violeta - productor de semillas - PremiumSeeds<\/title>\n<meta name=\"description\" content=\"Mijo Violeta semillas - directamente del productor de la marca Premium Seeds. Venta al por mayor y distribuci\u00f3n de semillas Mijo Violeta\" \/>\n<meta name=\"robots\" content=\"index, follow, max-snippet:-1, max-image-preview:large, max-video-preview:-1\" \/>\n<link rel=\"canonical\" href=\"https:\/\/premiumseeds.eu\/es\/produkt\/mijo-violeta\/\" \/>\n<meta property=\"og:locale\" content=\"es_ES\" \/>\n<meta property=\"og:type\" content=\"article\" \/>\n<meta property=\"og:title\" content=\"Mijo Violeta - productor de semillas - PremiumSeeds\" \/>\n<meta property=\"og:description\" content=\"Mijo Violeta semillas - directamente del productor de la marca Premium Seeds. Venta al por mayor y distribuci\u00f3n de semillas Mijo Violeta\" \/>\n<meta property=\"og:url\" content=\"https:\/\/premiumseeds.eu\/es\/produkt\/mijo-violeta\/\" \/>\n<meta property=\"og:site_name\" content=\"PremiumSeeds\" \/>\n<meta property=\"article:modified_time\" content=\"2023-06-27T07:40:34+00:00\" \/>\n<meta property=\"og:image\" content=\"https:\/\/premiumseeds.eu\/wp-content\/uploads\/2023\/06\/WORLD-14112990PA_VS-2-546x1024.jpg\" \/>\n\t<meta property=\"og:image:width\" content=\"546\" \/>\n\t<meta property=\"og:image:height\" content=\"1024\" \/>\n\t<meta property=\"og:image:type\" content=\"image\/jpeg\" \/>\n<meta name=\"twitter:card\" content=\"summary_large_image\" \/>\n<script type=\"application\/ld+json\" class=\"yoast-schema-graph\">{\"@context\":\"https:\/\/schema.org\",\"@graph\":[{\"@type\":\"WebPage\",\"@id\":\"https:\/\/premiumseeds.eu\/es\/produkt\/mijo-violeta\/\",\"url\":\"https:\/\/premiumseeds.eu\/es\/produkt\/mijo-violeta\/\",\"name\":\"Mijo Violeta - productor de semillas - PremiumSeeds\",\"isPartOf\":{\"@id\":\"https:\/\/premiumseeds.eu\/es\/#website\"},\"datePublished\":\"2023-06-27T07:40:33+00:00\",\"dateModified\":\"2023-06-27T07:40:34+00:00\",\"description\":\"Mijo Violeta semillas - directamente del productor de la marca Premium Seeds. Venta al por mayor y distribuci\u00f3n de semillas Mijo Violeta\",\"breadcrumb\":{\"@id\":\"https:\/\/premiumseeds.eu\/es\/produkt\/mijo-violeta\/#breadcrumb\"},\"inLanguage\":\"es\",\"potentialAction\":[{\"@type\":\"ReadAction\",\"target\":[\"https:\/\/premiumseeds.eu\/es\/produkt\/mijo-violeta\/\"]}]},{\"@type\":\"BreadcrumbList\",\"@id\":\"https:\/\/premiumseeds.eu\/es\/produkt\/mijo-violeta\/#breadcrumb\",\"itemListElement\":[{\"@type\":\"ListItem\",\"position\":1,\"name\":\"Home\",\"item\":\"https:\/\/premiumseeds.eu\/es\/\"},{\"@type\":\"ListItem\",\"position\":2,\"name\":\"Semillas\",\"item\":\"https:\/\/premiumseeds.eu\/es\/semillas\/\"},{\"@type\":\"ListItem\",\"position\":3,\"name\":\"Mijo Violeta\"}]},{\"@type\":\"WebSite\",\"@id\":\"https:\/\/premiumseeds.eu\/es\/#website\",\"url\":\"https:\/\/premiumseeds.eu\/es\/\",\"name\":\"PremiumSeeds\",\"description\":\"Top seeds producer\",\"potentialAction\":[{\"@type\":\"SearchAction\",\"target\":{\"@type\":\"EntryPoint\",\"urlTemplate\":\"https:\/\/premiumseeds.eu\/es\/?s={search_term_string}\"},\"query-input\":\"required name=search_term_string\"}],\"inLanguage\":\"es\"}]}<\/script>\n<!-- \/ Yoast SEO plugin. -->","yoast_head_json":{"title":"Mijo Violeta - productor de semillas - PremiumSeeds","description":"Mijo Violeta semillas - directamente del productor de la marca Premium Seeds. Venta al por mayor y distribuci\u00f3n de semillas Mijo Violeta","robots":{"index":"index","follow":"follow","max-snippet":"max-snippet:-1","max-image-preview":"max-image-preview:large","max-video-preview":"max-video-preview:-1"},"canonical":"https:\/\/premiumseeds.eu\/es\/produkt\/mijo-violeta\/","og_locale":"es_ES","og_type":"article","og_title":"Mijo Violeta - productor de semillas - PremiumSeeds","og_description":"Mijo Violeta semillas - directamente del productor de la marca Premium Seeds. Venta al por mayor y distribuci\u00f3n de semillas Mijo Violeta","og_url":"https:\/\/premiumseeds.eu\/es\/produkt\/mijo-violeta\/","og_site_name":"PremiumSeeds","article_modified_time":"2023-06-27T07:40:34+00:00","og_image":[{"width":546,"height":1024,"url":"https:\/\/premiumseeds.eu\/wp-content\/uploads\/2023\/06\/WORLD-14112990PA_VS-2-546x1024.jpg","type":"image\/jpeg"}],"twitter_card":"summary_large_image","schema":{"@context":"https:\/\/schema.org","@graph":[{"@type":"WebPage","@id":"https:\/\/premiumseeds.eu\/es\/produkt\/mijo-violeta\/","url":"https:\/\/premiumseeds.eu\/es\/produkt\/mijo-violeta\/","name":"Mijo Violeta - productor de semillas - PremiumSeeds","isPartOf":{"@id":"https:\/\/premiumseeds.eu\/es\/#website"},"datePublished":"2023-06-27T07:40:33+00:00","dateModified":"2023-06-27T07:40:34+00:00","description":"Mijo Violeta semillas - directamente del productor de la marca Premium Seeds. Venta al por mayor y distribuci\u00f3n de semillas Mijo Violeta","breadcrumb":{"@id":"https:\/\/premiumseeds.eu\/es\/produkt\/mijo-violeta\/#breadcrumb"},"inLanguage":"es","potentialAction":[{"@type":"ReadAction","target":["https:\/\/premiumseeds.eu\/es\/produkt\/mijo-violeta\/"]}]},{"@type":"BreadcrumbList","@id":"https:\/\/premiumseeds.eu\/es\/produkt\/mijo-violeta\/#breadcrumb","itemListElement":[{"@type":"ListItem","position":1,"name":"Home","item":"https:\/\/premiumseeds.eu\/es\/"},{"@type":"ListItem","position":2,"name":"Semillas","item":"https:\/\/premiumseeds.eu\/es\/semillas\/"},{"@type":"ListItem","position":3,"name":"Mijo Violeta"}]},{"@type":"WebSite","@id":"https:\/\/premiumseeds.eu\/es\/#website","url":"https:\/\/premiumseeds.eu\/es\/","name":"PremiumSeeds","description":"Top seeds producer","potentialAction":[{"@type":"SearchAction","target":{"@type":"EntryPoint","urlTemplate":"https:\/\/premiumseeds.eu\/es\/?s={search_term_string}"},"query-input":"required name=search_term_string"}],"inLanguage":"es"}]}},"_links":{"self":[{"href":"https:\/\/premiumseeds.eu\/es\/wp-json\/wp\/v2\/product\/56485","targetHints":{"allow":["GET"]}}],"collection":[{"href":"https:\/\/premiumseeds.eu\/es\/wp-json\/wp\/v2\/product"}],"about":[{"href":"https:\/\/premiumseeds.eu\/es\/wp-json\/wp\/v2\/types\/product"}],"wp:featuredmedia":[{"embeddable":true,"href":"https:\/\/premiumseeds.eu\/es\/wp-json\/wp\/v2\/media\/56492"}],"wp:attachment":[{"href":"https:\/\/premiumseeds.eu\/es\/wp-json\/wp\/v2\/media?parent=56485"}],"wp:term":[{"taxonomy":"product_cat","embeddable":true,"href":"https:\/\/premiumseeds.eu\/es\/wp-json\/wp\/v2\/product_cat?post=56485"},{"taxonomy":"product_tag","embeddable":true,"href":"https:\/\/premiumseeds.eu\/es\/wp-json\/wp\/v2\/product_tag?post=56485"}],"curies":[{"name":"wp","href":"https:\/\/api.w.org\/{rel}","templated":true}]}}